{"id":96537,"date":"2026-03-20T08:17:59","date_gmt":"2026-03-20T08:17:59","guid":{"rendered":"https:\/\/soydeaqui.ddns.net\/pachuca\/index.php\/producto\/switch-unifi-pro-8-poe-administrable-capa-3-8-puertos-gbe-6-puertos-poe-af-at-y-2-puertos-poe-802-3bt-2-puertos-sfp-10g-120w-de-presupuesto-poe\/"},"modified":"2026-03-20T08:18:10","modified_gmt":"2026-03-20T08:18:10","slug":"switch-unifi-pro-8-poe-administrable-capa-3-8-puertos-gbe-6-puertos-poe-af-at-y-2-puertos-poe-802-3bt-2-puertos-sfp-10g-120w-de-presupuesto-poe","status":"publish","type":"product","link":"https:\/\/soydeaqui.ddns.net\/pachuca\/index.php\/producto\/switch-unifi-pro-8-poe-administrable-capa-3-8-puertos-gbe-6-puertos-poe-af-at-y-2-puertos-poe-802-3bt-2-puertos-sfp-10g-120w-de-presupuesto-poe\/","title":{"rendered":"Switch UniFi Pro 8 PoE Administrable Capa 3, 8 puertos GbE \/ (6) puertos POE+ af\/at y (2) puertos POE++ 802.3bt \/ (2) puertos SFP+ 10G \/ 120W de presupuesto POE"},"content":{"rendered":"<div style='width: 100%; max-width: 1200px; margin: 0 auto; font-family: sans-serif; line-height: 1.6; color: inherit; background-color: transparent;'> <!-- Imagen principal y caracter\u00edsticas b\u00e1sicas --> <\/p>\n<div style='display: flex; flex-wrap: wrap; gap: 30px; margin-bottom: 30px;'>\n<div style='flex: 1 1 300px; min-width: 280px;'>\n<div style='width: 100%; height: auto; border: 1px solid rgba(150&comma;150&comma;150&comma;0.3); border-radius: 8px;'> <img style='width: 100%; height: auto; border-radius: 8px;' src='https:\/\/images.svc.ui.com\/?u=https%3A%2F%2Fcdn.ecomm.ui.com%2Fproducts%2F37c8c814-f786-4f8a-ac58-96525f22e029%2Fefd44a70-707b-41d6-956b-7a56d16b18f0.png&#038;q=75&#038;w=3840' alt='Switch UniFi Pro 8 PoE'> <\/div>\n<\/p><\/div>\n<div style='flex: 1 1 300px; min-width: 280px;'>\n<h3 style='font-size: 22px; border-bottom: 2px solid currentColor; padding-bottom: 5px; margin-top: 0; color: inherit; opacity: 0.8;'>Caracter\u00edsticas principales<\/h3>\n<ul style='padding-left: 20px; font-size: 15px; color: inherit;'>\n<li style='margin-bottom: 5px;'>Switch UniFi Pro 8 PoE<\/li>\n<li style='margin-bottom: 5px;'>Modelo: USW-Pro-8-PoE (120 W)<\/li>\n<li style='margin-bottom: 5px;'>Switch capa 3 de 8 puertos con salida PoE+ y PoE++<\/li>\n<li style='margin-bottom: 5px;'>(6) puertos GbE PoE+<\/li>\n<li style='margin-bottom: 5px;'>(2) puertos GbE PoE++<\/li>\n<li style='margin-bottom: 5px;'>(2) puertos SFP+ de 10 G<\/li>\n<li style='margin-bottom: 5px;'>Disponibilidad total de PoE de 120 W<\/li>\n<\/ul>\n<p style='font-size: 14px; color: inherit; opacity: 0.7; margin-top: 20px;'>Nota: Administrado con la aplicaci\u00f3n de red UniFi versi\u00f3n 7.5.176 y posteriores.<\/p>\n<\/p><\/div>\n<\/p><\/div>\n<p> <!-- Especificaciones t\u00e9cnicas --> <\/p>\n<div style='display: flex; flex-wrap: wrap; gap: 20px; margin-bottom: 30px;'>\n<div style='flex: 1 1 300px; border: 1px solid rgba(150&comma; 150&comma; 150&comma; 0.4); border-radius: 8px; overflow: hidden; display: flex; flex-direction: column;'>\n<div style='padding: 15px; border-bottom: 1px solid rgba(150&comma; 150&comma; 150&comma; 0.2); font-weight: bold; font-size: 18px; color: inherit;'>Mec\u00e1nico<\/div>\n<div style='padding: 15px; color: inherit;'>\n<ul style='padding-left: 20px; margin: 0; font-size: 14px; list-style-type: disc;'>\n<li style='margin-bottom: 5px;'><strong>Dimensiones:<\/strong> 200 x 248 x 44 mm (7&comma;9 x 9&comma;8 x 1&comma;7&#8242;)<\/li>\n<li style='margin-bottom: 5px;'><strong>Peso:<\/strong> 2&comma;1 kg (4&comma;6 libras)<\/li>\n<li style='margin-bottom: 5px;'><strong>Materiales de cerramiento:<\/strong> Polycarbonato&comma; metal<\/li>\n<li style='margin-bottom: 5px;'><strong>Material de montaje:<\/strong> Polycarbonato<\/li>\n<\/ul><\/div>\n<\/p><\/div>\n<div style='flex: 1 1 300px; border: 1px solid rgba(150&comma; 150&comma; 150&comma; 0.4); border-radius: 8px; overflow: hidden; display: flex; flex-direction: column;'>\n<div style='padding: 15px; border-bottom: 1px solid rgba(150&comma; 150&comma; 150&comma; 0.2); font-weight: bold; font-size: 18px; color: inherit;'>Hardware<\/div>\n<div style='padding: 15px; color: inherit;'>\n<ul style='padding-left: 20px; margin: 0; font-size: 14px; list-style-type: disc;'>\n<li style='margin-bottom: 5px;'><strong>Interfaz de gesti\u00f3n:<\/strong> Ethernet en banda<\/li>\n<li style='margin-bottom: 5px;'><strong>Interfaz de red:<\/strong> (8) puertos GbE RJ45&comma; (2) puertos 10G SFP+<\/li>\n<li style='margin-bottom: 5px;'><strong>Interfaz PoE:<\/strong> (6) PoE\/PoE+ (pines 1&comma; 2+; 3&comma; 6-)&comma; (2) 60 W PoE++ (par A 1&comma; 2+; 3&comma; 6-) (par B 4&comma; 5+; 7&comma; \ud83d\ude0e<\/li>\n<li style='margin-bottom: 5px;'><strong>Rendimiento total sin bloqueo:<\/strong> 28 Gbps<\/li>\n<li style='margin-bottom: 5px;'><strong>Capacidad de switcheo:<\/strong> 56 Gbps<\/li>\n<li style='margin-bottom: 15px;'><strong>Tasa de reenv\u00edo:<\/strong> 41&comma;664 Gbps<\/li>\n<li style='margin-bottom: 5px;'><strong>M\u00e9todo de alimentaci\u00f3n:<\/strong> Entrada universal&comma; 100\u2014240 V CA&comma; 2 A m\u00e1x.<\/li>\n<li style='margin-bottom: 5px;'><strong>Fuente de alimentaci\u00f3n:<\/strong> CA\/CC&comma; interna<\/li>\n<li style='margin-bottom: 5px;'><strong>Rango de voltaje admitido:<\/strong> 100-240 V CA<\/li>\n<li style='margin-bottom: 5px;'><strong>Consumo m\u00e1ximo de energ\u00eda:<\/strong> 30 W (excluyendo salida PoE)<\/li>\n<li style='margin-bottom: 5px;'><strong>PoE total disponible:<\/strong> 120 W<\/li>\n<li style='margin-bottom: 5px;'><strong>Potencia m\u00e1xima de PoE por puerto por PSE:<\/strong> PoE: 15 W&comma; PoE+: 30 W&comma; PoE++: 60 W<\/li>\n<li style='margin-bottom: 5px;'><strong>Rango de voltaje Modo PoE:<\/strong> PoE: 44\u201457 V&comma; PoE+: 50\u201457 V&comma; PoE++: 50\u201457 V<\/li>\n<\/ul><\/div>\n<\/p><\/div>\n<div style='flex: 1 1 300px; border: 1px solid rgba(150&comma; 150&comma; 150&comma; 0.4); border-radius: 8px; overflow: hidden; display: flex; flex-direction: column;'>\n<div style='padding: 15px; border-bottom: 1px solid rgba(150&comma; 150&comma; 150&comma; 0.2); font-weight: bold; font-size: 18px; color: inherit;'>Caracter\u00edsticas adicionales<\/div>\n<div style='padding: 15px; color: inherit;'>\n<ul style='padding-left: 20px; margin: 0; font-size: 14px; list-style-type: disc;'>\n<li style='margin-bottom: 5px;'><strong>Pantalla LCM:<\/strong> (1) Pantalla t\u00e1ctil de 1&comma;3&#8242;<\/li>\n<li style='margin-bottom: 5px;'><strong>LED:<\/strong> Puertos RJ45: enlace\/actividad<\/li>\n<li style='margin-bottom: 5px;'><strong>Bot\u00f3n:<\/strong> Restablecimiento de f\u00e1brica<\/li>\n<li style='margin-bottom: 5px;'><strong>Temperatura ambiente de funcionamiento:<\/strong> -5 a 45\u00b0 C (23 a 113\u00b0 F)<\/li>\n<li style='margin-bottom: 5px;'><strong>Humedad ambiente de funcionamiento:<\/strong> 10 a 90% sin condensaci\u00f3n<\/li>\n<li style='margin-bottom: 5px;'><strong>Certificaciones:<\/strong> CE&comma; FCC&comma; IC<\/li>\n<\/ul><\/div>\n<\/p><\/div>\n<div style='flex: 1 1 300px; border: 1px solid rgba(150&comma; 150&comma; 150&comma; 0.4); border-radius: 8px; overflow: hidden; display: flex; flex-direction: column;'>\n<div style='padding: 15px; border-bottom: 1px solid rgba(150&comma; 150&comma; 150&comma; 0.2); font-weight: bold; font-size: 18px; color: inherit;'>Caracter\u00edsticas de switcheo<\/div>\n<div style='padding: 15px; color: inherit;'>\n<ul style='padding-left: 20px; margin: 0; font-size: 14px; list-style-type: disc;'>\n<li style='margin-bottom: 5px;'><strong>Caracter\u00edsticas de la capa 2:<\/strong> Inspecci\u00f3n IGMP&comma; STP\/RSTP con prioridades y desactivaci\u00f3n a nivel de puerto&comma; Aislamiento de puertos&comma; Control de tormentas&comma; VLAN de voz&comma; Duplicaci\u00f3n de puertos&comma; Agregaci\u00f3n de puertos LACP&comma; Limitaci\u00f3n de velocidad de multidifusi\u00f3n\/difusi\u00f3n&comma; Bloqueo de direcciones MAC&comma; Control de flujo&comma; Control 802.1X&comma; Tramas gigantes&comma; Protecci\u00f3n de bucles patentada&comma; Inspecci\u00f3n\/protecci\u00f3n DHCP&comma; L\u00edmite de velocidad de salida&comma; LLDP-MED&comma; Puerto restringido por MAC&comma; Aislamiento de dispositivos con ACL<\/li>\n<li style='margin-bottom: 5px;'><strong>Caracter\u00edsticas de la capa 3:<\/strong> DHCP para redes administradas localmente&comma; Retransmisi\u00f3n DHCP&comma; Enrutamiento entre VLAN entre redes en el mismo conmutador&comma; Enrutamiento est\u00e1tico entre redes locales<\/li>\n<\/ul><\/div>\n<\/p><\/div>\n<div style='flex: 1 1 300px; border: 1px solid rgba(150&comma; 150&comma; 150&comma; 0.4); border-radius: 8px; overflow: hidden; display: flex; flex-direction: column;'>\n<div style='padding: 15px; border-bottom: 1px solid rgba(150&comma; 150&comma; 150&comma; 0.2); font-weight: bold; font-size: 18px; color: inherit;'>Requisitos de la aplicaci\u00f3n<\/div>\n<div style='padding: 15px; color: inherit;'>\n<ul style='padding-left: 20px; margin: 0; font-size: 14px; list-style-type: disc;'>\n<li style='margin-bottom: 5px;'><strong>Aplicaci\u00f3n UniFi Network:<\/strong> Versi\u00f3n 7.5.176 y posteriores<\/li>\n<\/ul><\/div>\n<\/p><\/div>\n<\/p><\/div>\n<p> <!-- Im\u00e1genes adicionales --> <\/p>\n<div style='display: flex; flex-wrap: wrap; gap: 20px; margin-bottom: 30px;'>\n<div style='flex: 1 1 300px; min-width: 280px;'>\n<div style='width: 100%; height: auto; border: 1px solid rgba(150&comma;150&comma;150&comma;0.3); border-radius: 8px;'> <img style='width: 100%; height: auto; border-radius: 8px;' src='https:\/\/images.svc.ui.com\/?u=https%3A%2F%2Fcdn.ecomm.ui.com%2Fproducts%2F37c8c814-f786-4f8a-ac58-96525f22e029%2F26117928-c1d6-4d57-9c35-027de81df7bc.png&#038;q=75&#038;w=1920' alt=''> <\/div>\n<\/p><\/div>\n<div style='flex: 1 1 300px; min-width: 280px;'>\n<div style='width: 100%; height: auto; border: 1px solid rgba(150&comma;150&comma;150&comma;0.3); border-radius: 8px;'> <img style='width: 100%; height: auto; border-radius: 8px;' src='https:\/\/images.svc.ui.com\/?u=https%3A%2F%2Fcdn.ecomm.ui.com%2Fproducts%2F37c8c814-f786-4f8a-ac58-96525f22e029%2Fecc136d1-483f-4515-80dc-b3b0a70fa9b0.png&#038;q=75&#038;w=1920' alt=''> <\/div>\n<\/p><\/div>\n<div style='flex: 1 1 300px; min-width: 280px;'>\n<div style='width: 100%; height: auto; border: 1px solid rgba(150&comma;150&comma;150&comma;0.3); border-radius: 8px;'> <img style='width: 100%; height: auto; border-radius: 8px;' src='https:\/\/images.svc.ui.com\/?u=https%3A%2F%2Fcdn.ecomm.ui.com%2Fproducts%2F37c8c814-f786-4f8a-ac58-96525f22e029%2Fc1ed32f6-279e-43b3-947c-78820df2a2b3.png&#038;q=75&#038;w=1920' alt=''> <\/div>\n<\/p><\/div>\n<div style='flex: 1 1 300px; min-width: 280px;'>\n<div style='width: 100%; height: auto; border: 1px solid rgba(150&comma;150&comma;150&comma;0.3); border-radius: 8px;'> <img style='width: 100%; height: auto; border-radius: 8px;' src='https:\/\/images.svc.ui.com\/?u=https%3A%2F%2Fcdn.ecomm.ui.com%2Fproducts%2F37c8c814-f786-4f8a-ac58-96525f22e029%2Fffd2243e-9805-49e5-b68b-d037fa08df2d.png&#038;q=75&#038;w=3840' alt=''> <\/div>\n<\/p><\/div>\n<\/p><\/div>\n<p> <!-- Contenido del paquete --> <\/p>\n<div style='display: flex; flex-wrap: wrap; gap: 30px; margin-bottom: 30px;'>\n<div style='flex: 1 1 300px; min-width: 280px;'>\n<h3 style='font-size: 22px; border-bottom: 2px solid currentColor; padding-bottom: 5px; margin-top: 0; color: inherit; opacity: 0.8;'>Contenido del paquete<\/h3>\n<ul style='padding-left: 20px; font-size: 15px; color: inherit;'>\n<li style='margin-bottom: 5px;'>Switch UniFi Pro 8 PoE<\/li>\n<li style='margin-bottom: 5px;'>Kit de montaje en pared<\/li>\n<li style='margin-bottom: 5px;'>Kit de montaje en rack<\/li>\n<li style='margin-bottom: 5px;'>Fuente de alimentaci\u00f3n<\/li>\n<li style='margin-bottom: 5px;'>Gu\u00eda de instalaci\u00f3n r\u00e1pida<\/li>\n<\/ul><\/div>\n<\/p><\/div>\n<p> <!-- Separador --> <\/p>\n<hr style='border: 0; border-top: 1px solid rgba(150&comma; 150&comma; 150&comma; 0.3); margin: 30px 0;'> <\/div>\n","protected":false},"excerpt":{"rendered":"<p>Switch UniFi Pro 8 PoE Administrable Capa 3, 8 puertos GbE \/ (6) puertos POE+ af\/at y (2) puertos POE++ 802.3bt \/ (2) puertos SFP+ 10G \/ 120W de presupuesto POE<\/p>\n","protected":false},"featured_media":96536,"comment_status":"open","ping_status":"closed","template":"","meta":[],"product_brand":[],"product_cat":[1986],"product_tag":[664,1987,166],"class_list":{"0":"post-96537","1":"product","2":"type-product","3":"status-publish","4":"has-post-thumbnail","6":"product_cat-switches-poe","7":"product_tag-networking","8":"product_tag-switches-poe","9":"product_tag-ubiquiti","11":"first","12":"instock","13":"sale","14":"shipping-taxable","15":"purchasable","16":"product-type-simple"},"_links":{"self":[{"href":"https:\/\/soydeaqui.ddns.net\/pachuca\/index.php\/wp-json\/wp\/v2\/product\/96537","targetHints":{"allow":["GET"]}}],"collection":[{"href":"https:\/\/soydeaqui.ddns.net\/pachuca\/index.php\/wp-json\/wp\/v2\/product"}],"about":[{"href":"https:\/\/soydeaqui.ddns.net\/pachuca\/index.php\/wp-json\/wp\/v2\/types\/product"}],"replies":[{"embeddable":true,"href":"https:\/\/soydeaqui.ddns.net\/pachuca\/index.php\/wp-json\/wp\/v2\/comments?post=96537"}],"wp:featuredmedia":[{"embeddable":true,"href":"https:\/\/soydeaqui.ddns.net\/pachuca\/index.php\/wp-json\/wp\/v2\/media\/96536"}],"wp:attachment":[{"href":"https:\/\/soydeaqui.ddns.net\/pachuca\/index.php\/wp-json\/wp\/v2\/media?parent=96537"}],"wp:term":[{"taxonomy":"product_brand","embeddable":true,"href":"https:\/\/soydeaqui.ddns.net\/pachuca\/index.php\/wp-json\/wp\/v2\/product_brand?post=96537"},{"taxonomy":"product_cat","embeddable":true,"href":"https:\/\/soydeaqui.ddns.net\/pachuca\/index.php\/wp-json\/wp\/v2\/product_cat?post=96537"},{"taxonomy":"product_tag","embeddable":true,"href":"https:\/\/soydeaqui.ddns.net\/pachuca\/index.php\/wp-json\/wp\/v2\/product_tag?post=96537"}],"curies":[{"name":"wp","href":"https:\/\/api.w.org\/{rel}","templated":true}]}}