{"id":96534,"date":"2026-03-20T08:17:51","date_gmt":"2026-03-20T08:17:51","guid":{"rendered":"https:\/\/soydeaqui.ddns.net\/pachuca\/index.php\/producto\/iluminador-led-de-alta-potencia-luz-blanca-10-metros-de-iluminacion-cobertura-120-ip66-bajo-consumo-de-energia-fotocelula-incorporada-soporte-en-u-carcasa-de-al\/"},"modified":"2026-03-20T08:17:54","modified_gmt":"2026-03-20T08:17:54","slug":"iluminador-led-de-alta-potencia-luz-blanca-10-metros-de-iluminacion-cobertura-120-ip66-bajo-consumo-de-energia-fotocelula-incorporada-soporte-en-u-carcasa-de-al","status":"publish","type":"product","link":"https:\/\/soydeaqui.ddns.net\/pachuca\/index.php\/producto\/iluminador-led-de-alta-potencia-luz-blanca-10-metros-de-iluminacion-cobertura-120-ip66-bajo-consumo-de-energia-fotocelula-incorporada-soporte-en-u-carcasa-de-al\/","title":{"rendered":"Iluminador LED de Alta Potencia | Luz Blanca | 10 Metros de Iluminaci\u00f3n | Cobertura 120\u00b0 | IP66 | Bajo Consumo de Energ\u00eda | Fotoc\u00e9lula Incorporada | Soporte en \u201cU\u201d | Carcasa de Aluminio | Alta Transmitancia de Luz. | C"},"content":{"rendered":"<div style='width: 100%; max-width: 1200px; margin: 0 auto; font-family: sans-serif; line-height: 1.6; color: inherit; background-color: transparent;'>\n<div style='display: flex; flex-wrap: wrap; gap: 30px; margin-bottom: 30px;'>\n<div style='flex: 1 1 300px; min-width: 280px;'>\n<h3 style='font-size: 22px; border-bottom: 2px solid currentColor; padding-bottom: 5px; margin-top: 0; color: inherit; opacity: 0.8;'>Caracter\u00edsticas<\/h3>\n<ul style='padding-left: 20px; font-size: 15px; color: inherit;'>\n<li style='margin-bottom: 5px;'><strong>\u00c1ngulo de iluminaci\u00f3n:<\/strong> 120\u00b0<\/li>\n<li style='margin-bottom: 5px;'><strong>Rango m\u00e1ximo de iluminaci\u00f3n:<\/strong> 10 m<\/li>\n<li style='margin-bottom: 5px;'><strong>Luz:<\/strong> Blanca<\/li>\n<\/ul><\/div>\n<div style='flex: 1 1 300px; min-width: 280px;'>\n<h3 style='font-size: 22px; border-bottom: 2px solid currentColor; padding-bottom: 5px; margin-top: 0; color: inherit; opacity: 0.8;'>Caracter\u00edsticas F\u00edsicas y El\u00e9ctricas<\/h3>\n<ul style='padding-left: 20px; font-size: 15px; color: inherit;'>\n<li style='margin-bottom: 5px;'><strong>Alimentaci\u00f3n:<\/strong> 12 Vcc @ 1A \/ 24VCA @ 500 mA<\/li>\n<li style='margin-bottom: 5px;'><strong>Protecci\u00f3n:<\/strong> IP66<\/li>\n<li style='margin-bottom: 5px;'><strong>Housing:<\/strong> de Aluminio<\/li>\n<li style='margin-bottom: 5px;'><strong>Dimensiones:<\/strong> 84 x 84 x 80 mm<\/li>\n<li style='margin-bottom: 5px;'><strong>Temperatura de operaci\u00f3n:<\/strong> -40 a 50 \u00b0C<\/li>\n<li style='margin-bottom: 5px;'><strong>Peso:<\/strong> 0.450 Kg<\/li>\n<\/ul><\/div>\n<div style='flex: 1 1 300px; min-width: 280px;'>\n<h3 style='font-size: 22px; border-bottom: 2px solid currentColor; padding-bottom: 5px; margin-top: 0; color: inherit; opacity: 0.8;'>Recomendaciones<\/h3>\n<ul style='padding-left: 20px; font-size: 15px; color: inherit;'>\n<li style='margin-bottom: 5px;'><strong>Cable recomendado:<\/strong> Cal. 18 \u00f3 16 (Mod. 11181101)<\/li>\n<li style='margin-bottom: 5px;'><strong>Fuente de alimentaci\u00f3n:<\/strong> RT2450L. 24VCA@2A<\/li>\n<\/ul><\/div>\n<\/p><\/div>\n<p> <!-- Secci\u00f3n de im\u00e1genes --> <\/p>\n<div style='display: flex; flex-wrap: wrap; gap: 20px; margin-bottom: 30px;'> <img style='width: 100%; height: auto; border: 1px solid rgba(150&comma;150&comma;150&comma;0.3); border-radius: 8px;' src='https:\/\/ftp3.syscom.mx\/usuarios\/anavarrete\/Iluminadores\/Hyperluxbanner.jpg' alt=''> <img style='width: 100%; height: auto; border: 1px solid rgba(150&comma;150&comma;150&comma;0.3); border-radius: 8px;' src='https:\/\/ftp3.syscom.mx\/usuarios\/anavarrete\/Iluminadores\/Banner%20Hyperlux-2.jpg' alt=''> <\/div>\n<p> <!-- Secci\u00f3n de videos --> <\/p>\n<div style='display: flex; flex-wrap: wrap; gap: 20px; margin-bottom: 30px;'>\n<div style='position: relative; padding-bottom: 56.25%; height: 0; overflow: hidden; flex: 1 1 48%;'>   <\/div>\n<div style='position: relative; padding-bottom: 56.25%; height: 0; overflow: hidden; flex: 1 1 48%;'>   <\/div>\n<\/p><\/div>\n<\/p><\/div>\n","protected":false},"excerpt":{"rendered":"<p>Iluminador LED de Alta Potencia | Luz Blanca | 10 Metros de Iluminaci\u00f3n | Cobertura 120\u00b0 | IP66 | Bajo Consumo de Energ\u00eda | Fotoc\u00e9lula Incorporada | Soporte en \u201cU\u201d | Carcasa de Aluminio | Alta Transmitancia de Luz. | C<\/p>\n","protected":false},"featured_media":96533,"comment_status":"open","ping_status":"closed","template":"","meta":[],"product_brand":[],"product_cat":[2318],"product_tag":[417,2320,2319],"class_list":{"0":"post-96534","1":"product","2":"type-product","3":"status-publish","4":"has-post-thumbnail","6":"product_cat-iluminadores-ir-y-de-luz-blanca","7":"product_tag-accesorios-generales","8":"product_tag-hyperlux","9":"product_tag-iluminadores-ir-y-de-luz-blanca","11":"first","12":"instock","13":"sale","14":"shipping-taxable","15":"purchasable","16":"product-type-simple"},"_links":{"self":[{"href":"https:\/\/soydeaqui.ddns.net\/pachuca\/index.php\/wp-json\/wp\/v2\/product\/96534","targetHints":{"allow":["GET"]}}],"collection":[{"href":"https:\/\/soydeaqui.ddns.net\/pachuca\/index.php\/wp-json\/wp\/v2\/product"}],"about":[{"href":"https:\/\/soydeaqui.ddns.net\/pachuca\/index.php\/wp-json\/wp\/v2\/types\/product"}],"replies":[{"embeddable":true,"href":"https:\/\/soydeaqui.ddns.net\/pachuca\/index.php\/wp-json\/wp\/v2\/comments?post=96534"}],"wp:featuredmedia":[{"embeddable":true,"href":"https:\/\/soydeaqui.ddns.net\/pachuca\/index.php\/wp-json\/wp\/v2\/media\/96533"}],"wp:attachment":[{"href":"https:\/\/soydeaqui.ddns.net\/pachuca\/index.php\/wp-json\/wp\/v2\/media?parent=96534"}],"wp:term":[{"taxonomy":"product_brand","embeddable":true,"href":"https:\/\/soydeaqui.ddns.net\/pachuca\/index.php\/wp-json\/wp\/v2\/product_brand?post=96534"},{"taxonomy":"product_cat","embeddable":true,"href":"https:\/\/soydeaqui.ddns.net\/pachuca\/index.php\/wp-json\/wp\/v2\/product_cat?post=96534"},{"taxonomy":"product_tag","embeddable":true,"href":"https:\/\/soydeaqui.ddns.net\/pachuca\/index.php\/wp-json\/wp\/v2\/product_tag?post=96534"}],"curies":[{"name":"wp","href":"https:\/\/api.w.org\/{rel}","templated":true}]}}