{"id":96528,"date":"2026-03-20T08:17:38","date_gmt":"2026-03-20T08:17:38","guid":{"rendered":"https:\/\/soydeaqui.ddns.net\/pachuca\/index.php\/producto\/mini-domo-pt-ip-2-megapixel-lente-4-mm-10-mts-ir-wifi-control-total-desde-la-app-acusense-lite-deteccion-de-humanos-uso-residencial-audio-de-bidireccional-memoria-micro-sd-h-265\/"},"modified":"2026-03-20T08:17:44","modified_gmt":"2026-03-20T08:17:44","slug":"mini-domo-pt-ip-2-megapixel-lente-4-mm-10-mts-ir-wifi-control-total-desde-la-app-acusense-lite-deteccion-de-humanos-uso-residencial-audio-de-bidireccional-memoria-micro-sd-h-265","status":"publish","type":"product","link":"https:\/\/soydeaqui.ddns.net\/pachuca\/index.php\/producto\/mini-domo-pt-ip-2-megapixel-lente-4-mm-10-mts-ir-wifi-control-total-desde-la-app-acusense-lite-deteccion-de-humanos-uso-residencial-audio-de-bidireccional-memoria-micro-sd-h-265\/","title":{"rendered":"Mini Domo PT IP 2 Megapixel \/ Lente 4 mm \/ 10 mts IR \/ WiFi \/Control total desde la app\/ ACUSENSE Lite (Detecci\u00f3n de Humanos) \/ Uso Residencial \/ Audio de Bidireccional \/ Memoria Micro SD \/ H.265+"},"content":{"rendered":"<div style='width: 100%; max-width: 1200px; margin: 0 auto; font-family: sans-serif; line-height: 1.6; color: inherit; background-color: transparent;'> <!-- Imagen principal --> <\/p>\n<div style='text-align: center; margin-bottom: 30px;'> <img style='width: 100%; height: auto; border: 1px solid rgba(150&comma;150&comma;150&comma;0.3); border-radius: 8px;' src='https:\/\/ftp3.syscom.mx\/usuarios\/fotos\/IPCB120\/143291-hilook.png' alt=''> <\/div>\n<p> <!-- Secci\u00f3n de videos --> <\/p>\n<div style='display: grid; grid-template-columns: repeat(auto-fit&comma; minmax(300px&comma; 1fr)); gap: 20px; margin-bottom: 30px;'>\n<div style='position: relative; padding-bottom: 56.25%; height: 0; overflow: hidden;'>   <\/div>\n<div style='position: relative; padding-bottom: 56.25%; height: 0; overflow: hidden;'>   <\/div>\n<div style='position: relative; padding-bottom: 56.25%; height: 0; overflow: hidden;'>   <\/div>\n<div style='position: relative; padding-bottom: 56.25%; height: 0; overflow: hidden;'>   <\/div>\n<\/p><\/div>\n<p> <!-- Secci\u00f3n de especificaciones --> <\/p>\n<div style='display: flex; flex-wrap: wrap; gap: 20px; margin-bottom: 30px;'>\n<div style='flex: 1 1 400px; border: 1px solid rgba(150&comma; 150&comma; 150&comma; 0.4); border-radius: 8px; overflow: hidden; display: flex; flex-direction: column;'>\n<div style='padding: 15px; border-bottom: 1px solid rgba(150&comma; 150&comma; 150&comma; 0.2); font-weight: bold; font-size: 18px; color: inherit; background-color: rgba(38&comma; 108&comma; 169&comma; 0.8);'>Caracter\u00edsticas Principales<\/div>\n<div style='padding: 15px; color: inherit; flex-grow: 1;'>\n<ul style='padding-left: 20px; margin: 0; font-size: 14px; list-style-type: disc;'>\n<li style='margin-bottom: 5px;'><strong>Resoluci\u00f3n m\u00e1xima:<\/strong> 2 Megap\u00edxeles (1920 x 1080)<\/li>\n<li style='margin-bottom: 5px;'><strong>Lente fijo:<\/strong> 4.0 mm (\u00e1ngulo de visi\u00f3n 85\u00b0)<\/li>\n<li style='margin-bottom: 5px;'><strong>Infrarrojo inteligente:<\/strong> 10 metros<\/li>\n<li style='margin-bottom: 5px;'><strong>WDR&comma; 3D-DNR:<\/strong> Reducci\u00f3n de ruido digital<\/li>\n<li style='margin-bottom: 5px;'><strong>Micr\u00f3fono y bocina integrado:<\/strong> Captura audio en \u00e1rea de 5 m\u00b2<\/li>\n<li style='margin-bottom: 5px;'><strong>Detecci\u00f3n de movimiento:<\/strong> Soporta Wi-Fi (2.4 GHz)&comma; compatible con HiLook App<\/li>\n<li style='margin-bottom: 5px;'><strong>Memoria:<\/strong> Soporta micro SD de hasta 512 GB<\/li>\n<li style='margin-bottom: 5px;'><strong>ACUSENSE Lite:<\/strong> Detecci\u00f3n de humanos&comma; evita falsas alarmas<\/li>\n<li style='margin-bottom: 5px;'><strong>Alerta visual:<\/strong> Luz parpadeante azul y roja<\/li>\n<\/ul><\/div>\n<div style='padding: 15px; border-top: 1px solid rgba(150&comma; 150&comma; 150&comma; 0.2); font-weight: bold; font-size: 18px; color: inherit; background-color: rgba(38&comma; 108&comma; 169&comma; 0.8);'>Caracter\u00edsticas Destacadas<\/div>\n<div style='padding: 15px; color: inherit; flex-grow: 1;'>\n<ul style='padding-left: 20px; margin: 0; font-size: 14px; list-style-type: disc;'>\n<li style='margin-bottom: 5px;'><strong>Conectividad:<\/strong> Wi-Fi 2.4 GHz<\/li>\n<li style='margin-bottom: 5px;'><strong>Resoluci\u00f3n:<\/strong> Main Stream 30fps @ 1920 x 1080<\/li>\n<li style='margin-bottom: 5px;'><strong>Substream:<\/strong> 30fps @ 640 x 360<\/li>\n<li style='margin-bottom: 5px;'><strong>Usuarios:<\/strong> Hasta 6 usuarios simult\u00e1neos<\/li>\n<li style='margin-bottom: 5px;'><strong>Audio:<\/strong> Micr\u00f3fono y bocina integrados<\/li>\n<\/ul><\/div>\n<\/p><\/div>\n<div style='flex: 1 1 400px; border: 1px solid rgba(150&comma; 150&comma; 150&comma; 0.4); border-radius: 8px; overflow: hidden; display: flex; flex-direction: column;'>\n<div style='padding: 15px; border-bottom: 1px solid rgba(150&comma; 150&comma; 150&comma; 0.2); font-weight: bold; font-size: 18px; color: inherit; background-color: rgba(38&comma; 108&comma; 169&comma; 0.8);'>Caracter\u00edsticas F\u00edsicas y El\u00e9ctricas<\/div>\n<div style='padding: 15px; color: inherit; flex-grow: 1;'>\n<ul style='padding-left: 20px; margin: 0; font-size: 14px; list-style-type: disc;'>\n<li style='margin-bottom: 5px;'><strong>Alimentaci\u00f3n:<\/strong> 5 VCC \/ 5 Watts (Incluye fuente de poder y cable micro USB para conexi\u00f3n)<\/li>\n<li style='margin-bottom: 5px;'><strong>Temperatura de operaci\u00f3n:<\/strong> -10\u00b0C a 45\u00b0C \/ Humedad al 95%<\/li>\n<li style='margin-bottom: 5px;'><strong>Uso:<\/strong> Solo en interior<\/li>\n<li style='margin-bottom: 5px;'><strong>Material:<\/strong> Policarbonato<\/li>\n<li style='margin-bottom: 5px;'><strong>Peso:<\/strong> 216 gramos<\/li>\n<li style='margin-bottom: 5px;'><strong>Dimensiones:<\/strong> 80 x 122 mm<\/li>\n<\/ul><\/div>\n<div style='padding: 15px; border-top: 1px solid rgba(150&comma; 150&comma; 150&comma; 0.2); font-weight: bold; font-size: 18px; color: inherit; background-color: rgba(38&comma; 108&comma; 169&comma; 0.8);'>Datos adicionales<\/div>\n<div style='padding: 15px; color: inherit; flex-grow: 1;'>\n<ul style='padding-left: 20px; margin: 0; font-size: 14px; list-style-type: disc;'>\n<li style='margin-bottom: 5px;'><strong>Nota:<\/strong> La c\u00e1mara viene activa con usuario &#8216;admin&#8217; y contrase\u00f1a &#8216;admin+c\u00f3digo de verificaci\u00f3n&#8217;&comma; el c\u00f3digo viene en la etiqueta de la c\u00e1mara. (ejemplo: adminQAZWSX)<\/li>\n<\/ul><\/div>\n<\/p><\/div>\n<\/p><\/div>\n<p> <!-- Tabla DORI --> <\/p>\n<div style='border: 1px solid rgba(150&comma; 150&comma; 150&comma; 0.4); border-radius: 8px; overflow: hidden; margin-bottom: 30px;'>\n<div style='padding: 15px; font-weight: bold; font-size: 18px; color: inherit; background-color: rgba(38&comma; 108&comma; 169&comma; 0.8);'>Distancias DORI<\/div>\n<div style='padding: 15px; color: inherit;'>\n<p style='margin-bottom: 15px;'>DORI es un est\u00e1ndar utilizado para definir la distancia a la cual se puede detectar&comma; observar&comma; reconocer e identificar personas y objetos con claridad utilizando una c\u00e1mara de vigilancia&comma; este tipo de c\u00e1mara es de uso en interior no para distancias grandes<\/p>\n<table style='width: 100%; border-collapse: collapse;'>\n<thead>\n<tr>\n<th style='text-align: center; border: 1px solid rgba(150&comma;150&comma;150&comma;0.3); padding: 8px; color: inherit;'>Distancia Focal<\/th>\n<th style='text-align: center; border: 1px solid rgba(150&comma;150&comma;150&comma;0.3); padding: 8px; color: inherit;'>Detectar<\/th>\n<th style='text-align: center; border: 1px solid rgba(150&comma;150&comma;150&comma;0.3); padding: 8px; color: inherit;'>Observar<\/th>\n<th style='text-align: center; border: 1px solid rgba(150&comma;150&comma;150&comma;0.3); padding: 8px; color: inherit;'>Reconocer<\/th>\n<th style='text-align: center; border: 1px solid rgba(150&comma;150&comma;150&comma;0.3); padding: 8px; color: inherit;'>Identificar<\/th>\n<\/tr>\n<\/thead>\n<tbody>\n<tr>\n<td style='text-align: center; border: 1px solid rgba(150&comma;150&comma;150&comma;0.3); padding: 8px; color: inherit;'>NA<\/td>\n<td style='text-align: center; border: 1px solid rgba(150&comma;150&comma;150&comma;0.3); padding: 8px; color: inherit;'>NA<\/td>\n<td style='text-align: center; border: 1px solid rgba(150&comma;150&comma;150&comma;0.3); padding: 8px; color: inherit;'>NA<\/td>\n<td style='text-align: center; border: 1px solid rgba(150&comma;150&comma;150&comma;0.3); padding: 8px; color: inherit;'>NA<\/td>\n<td style='text-align: center; border: 1px solid rgba(150&comma;150&comma;150&comma;0.3); padding: 8px; color: inherit;'>NA<\/td>\n<\/tr>\n<\/tbody>\n<\/table><\/div>\n<\/p><\/div>\n<p> <!-- Banner final --> <\/p>\n<div style='text-align: center; margin-top: 30px;'> <img style='width: 100%; height: auto; border: 1px solid rgba(150&comma;150&comma;150&comma;0.3); border-radius: 8px;' src='https:\/\/ftp3.syscom.mx\/usuarios\/yvalenzuela\/Hilook\/hiklook.jpg' alt='Banner final'> <\/div>\n<\/p><\/div>\n","protected":false},"excerpt":{"rendered":"<p>Mini Domo PT IP 2 Megapixel \/ Lente 4 mm \/ 10 mts IR \/ WiFi \/Control total desde la app\/ ACUSENSE Lite (Detecci\u00f3n de Humanos) \/ Uso Residencial \/ Audio de Bidireccional \/ Memoria Micro SD \/ H.265+<\/p>\n","protected":false},"featured_media":96527,"comment_status":"open","ping_status":"closed","template":"","meta":[],"product_brand":[],"product_cat":[1224],"product_tag":[122,715,1225],"class_list":{"0":"post-96528","1":"product","2":"type-product","3":"status-publish","4":"has-post-thumbnail","6":"product_cat-ptz","7":"product_tag-camaras-ip-y-nvrs","8":"product_tag-hilook-by-hikvision","9":"product_tag-ptz","11":"first","12":"instock","13":"sale","14":"shipping-taxable","15":"purchasable","16":"product-type-simple"},"_links":{"self":[{"href":"https:\/\/soydeaqui.ddns.net\/pachuca\/index.php\/wp-json\/wp\/v2\/product\/96528","targetHints":{"allow":["GET"]}}],"collection":[{"href":"https:\/\/soydeaqui.ddns.net\/pachuca\/index.php\/wp-json\/wp\/v2\/product"}],"about":[{"href":"https:\/\/soydeaqui.ddns.net\/pachuca\/index.php\/wp-json\/wp\/v2\/types\/product"}],"replies":[{"embeddable":true,"href":"https:\/\/soydeaqui.ddns.net\/pachuca\/index.php\/wp-json\/wp\/v2\/comments?post=96528"}],"wp:featuredmedia":[{"embeddable":true,"href":"https:\/\/soydeaqui.ddns.net\/pachuca\/index.php\/wp-json\/wp\/v2\/media\/96527"}],"wp:attachment":[{"href":"https:\/\/soydeaqui.ddns.net\/pachuca\/index.php\/wp-json\/wp\/v2\/media?parent=96528"}],"wp:term":[{"taxonomy":"product_brand","embeddable":true,"href":"https:\/\/soydeaqui.ddns.net\/pachuca\/index.php\/wp-json\/wp\/v2\/product_brand?post=96528"},{"taxonomy":"product_cat","embeddable":true,"href":"https:\/\/soydeaqui.ddns.net\/pachuca\/index.php\/wp-json\/wp\/v2\/product_cat?post=96528"},{"taxonomy":"product_tag","embeddable":true,"href":"https:\/\/soydeaqui.ddns.net\/pachuca\/index.php\/wp-json\/wp\/v2\/product_tag?post=96528"}],"curies":[{"name":"wp","href":"https:\/\/api.w.org\/{rel}","templated":true}]}}