{"id":96510,"date":"2026-03-20T08:16:48","date_gmt":"2026-03-20T08:16:48","guid":{"rendered":"https:\/\/soydeaqui.ddns.net\/pachuca\/index.php\/producto\/switch-poe-administracion-en-la-nube-con-8-puertos-10-100-mbps-poe-af-at-2-puertos-uplink-10-100-mbps-presupuesto-60-w-poe-hasta-250-metros-soporta-protocolo-onvif\/"},"modified":"2026-03-20T08:16:55","modified_gmt":"2026-03-20T08:16:55","slug":"switch-poe-administracion-en-la-nube-con-8-puertos-10-100-mbps-poe-af-at-2-puertos-uplink-10-100-mbps-presupuesto-60-w-poe-hasta-250-metros-soporta-protocolo-onvif","status":"publish","type":"product","link":"https:\/\/soydeaqui.ddns.net\/pachuca\/index.php\/producto\/switch-poe-administracion-en-la-nube-con-8-puertos-10-100-mbps-poe-af-at-2-puertos-uplink-10-100-mbps-presupuesto-60-w-poe-hasta-250-metros-soporta-protocolo-onvif\/","title":{"rendered":"Switch PoE \/ Administraci\u00f3n en la nube \/ Con 8 puertos 10\/100 Mbps PoE af\/at \/ 2 Puertos Uplink 10\/100 MBPS \/  Presupuesto 60 W \/ PoE hasta 250 metros \/ Soporta protocolo ONVIF"},"content":{"rendered":"<div style='width: 100%; max-width: 1200px; margin: 0 auto; font-family: sans-serif; line-height: 1.6; color: inherit; background-color: transparent;'> <!-- Secci\u00f3n de contenido con flex\/grid --> <\/p>\n<div style='display: flex; flex-wrap: wrap; gap: 30px; margin-bottom: 30px;'>\n<div style='flex: 1 1 300px; min-width: 280px;'>\n<h3 style='font-size: 22px; border-bottom: 2px solid currentColor; padding-bottom: 5px; margin-top: 0; color: inherit; opacity: 0.8;'>Descripci\u00f3n<\/h3>\n<p style='font-size: 15px; color: inherit; margin-bottom: 15px;'> El switch WI-PCES210G-O est\u00e1 dise\u00f1ado para afrontar los retos espec\u00edficos de los entornos con clima variable. El switch PoE para exteriores Wi-Tek&comma; una soluci\u00f3n integral y rentable para sus sistemas de CCTV en exteriores&comma; cuenta con 8 puertos PoE de salida. La c\u00e1mara IP y otros dispositivos alimentados por PoE pueden alimentarse y transmitir datos mediante un solo cable Ethernet&comma; lo que reduce el tiempo y el costo de construcci\u00f3n. Esta serie de switches admite la gesti\u00f3n en la nube&comma; lo que permite gestionar remotamente sus dispositivos desde la plataforma en la nube o la aplicaci\u00f3n m\u00f3vil&comma; lo que proporciona medidas de gesti\u00f3n inteligentes&comma; sencillas y de f\u00e1cil mantenimiento. Los usuarios pueden ver el estado de la red&comma; modificar la configuraci\u00f3n y solucionar problemas en casa en cualquier momento. <\/p>\n<\/p><\/div>\n<div style='flex: 1 1 300px; min-width: 280px;'> <img style='width: 100%; height: auto; border: 1px solid rgba(150&comma;150&comma;150&comma;0.3); border-radius: 8px;' src='https:\/\/ftp3.syscom.mx\/usuarios\/fotos\/WIPCES210GO\/234799-wi-pces210g-o_imagen_final.jpg' alt=''> <\/div>\n<\/p><\/div>\n<p> <!-- Secci\u00f3n de especificaciones --> <\/p>\n<div style='margin-bottom: 30px;'>\n<h2 style='font-size: 24px; text-align: center; margin-bottom: 25px; color: inherit; opacity: 0.85;'>Especificaciones<\/h2>\n<div style='display: flex; flex-wrap: wrap; gap: 20px;'> <!-- Caracter\u00edsticas Principales --> <\/p>\n<div style='flex: 1 1 250px; border: 1px solid rgba(150&comma; 150&comma; 150&comma; 0.4); border-radius: 8px; overflow: hidden; display: flex; flex-direction: column;'>\n<div style='padding: 15px; border-bottom: 1px solid rgba(150&comma; 150&comma; 150&comma; 0.2); font-weight: bold; font-size: 18px; color: inherit; background-color: rgba(0&comma; 123&comma; 255&comma; 0.1);'>Caracter\u00edsticas Principales:<\/div>\n<div style='padding: 15px; color: inherit;'>\n<ul style='padding-left: 20px; margin: 0; font-size: 14px; list-style-type: disc;'>\n<li style='margin-bottom: 5px;'><strong>8 Puertos PoE 10\/100Mbps RJ45<\/strong><\/li>\n<li style='margin-bottom: 5px;'>Port 1-2: Hi-PoE 45W<\/li>\n<li style='margin-bottom: 5px;'>Port 3-8: 802.3af\/at 30W<\/li>\n<li style='margin-bottom: 5px;'><strong>2 Puertos 10\/100Mbps Ethernet<\/strong><\/li>\n<li style='margin-bottom: 5px;'><strong>Switching Capacity:<\/strong> 5.6 Gbps<\/li>\n<li style='margin-bottom: 5px;'><strong>Packet Forwarding Rate:<\/strong> 4.17 Mpps<\/li>\n<li style='margin-bottom: 5px;'><strong>MAC Address Table:<\/strong> 4k<\/li>\n<li style='margin-bottom: 5px;'><strong>Packet Buffer Memory:<\/strong> 4Mbit<\/li>\n<li style='margin-bottom: 5px;'><strong>Jumbo Frame:<\/strong> 9216Byte<\/li>\n<li style='margin-bottom: 5px;'><strong>Configuraciones:<\/strong> Port Mirroring \/ Port lsolation \/ Storm Control \/ Extend PoE \/ PD Alive \/ ONVIF \/ Etc.<\/li>\n<li style='margin-bottom: 5px;'><strong>Cloud:<\/strong> <a href='https:\/\/app-gateway.wireless-tek.com\/witek-auth\/oauth2\/authorize?access_type=online&#038;client_id=671944230925173991&#038;code_challenge=UZAr9_TA2fAZJjIRZFRkeZpdEQyJ6XjCx5oVlnfP8sE&#038;code_challenge_method=S256&#038;redirect_uri=https%3A%2F%2Fcloud2.wireless-tek.com%2Fv1%2Fuser%2Foauth2&#038;response_type=code&#038;state=1#\/login' target='_blank' rel='noopener' style='color: inherit; text-decoration: underline; opacity: 0.9;'>Acceso a la nube<\/a><\/li>\n<li style='margin-bottom: 5px;'><strong>Certificaciones:<\/strong> CE&comma; FCC&comma; RoHS&comma; UKCA&comma; RCM<\/li>\n<\/ul><\/div>\n<\/p><\/div>\n<p> <!-- Caracter\u00edsticas F\u00edsicas y El\u00e9ctricas --> <\/p>\n<div style='flex: 1 1 250px; border: 1px solid rgba(150&comma; 150&comma; 150&comma; 0.4); border-radius: 8px; overflow: hidden; display: flex; flex-direction: column;'>\n<div style='padding: 15px; border-bottom: 1px solid rgba(150&comma; 150&comma; 150&comma; 0.2); font-weight: bold; font-size: 18px; color: inherit; background-color: rgba(0&comma; 123&comma; 255&comma; 0.1);'>Caracter\u00edsticas F\u00edsicas y El\u00e9ctricas:<\/div>\n<div style='padding: 15px; color: inherit;'>\n<ul style='padding-left: 20px; margin: 0; font-size: 14px; list-style-type: disc;'>\n<li style='margin-bottom: 5px;'><strong>Dimensiones:<\/strong> 314\u00d7210\u00d789 mm<\/li>\n<li style='margin-bottom: 5px;'><strong>Peso:<\/strong> 1.06kg<\/li>\n<li style='margin-bottom: 5px;'><strong>Alimentaci\u00f3n:<\/strong> 100~240V AC 50\/60Hz<\/li>\n<li style='margin-bottom: 5px;'><strong>Presupuesto PoE:<\/strong> 100 W<\/li>\n<li style='margin-bottom: 5px;'><strong>Consumo m\u00e1ximo:<\/strong> Idle: 2.4W 100% Traffic Rate with PoE: 102.4W<\/li>\n<li style='margin-bottom: 5px;'><strong>Temperatura de operaci\u00f3n:<\/strong> -30\u2103-60\u2103 (-22\u2109-140\u2109)<\/li>\n<li style='margin-bottom: 5px;'><strong>Humedad de operaci\u00f3n:<\/strong> 10-90 % de humedad relativa sin condensaci\u00f3n<\/li>\n<li style='margin-bottom: 5px;'><strong>Bot\u00f3n:<\/strong> Reset<\/li>\n<li style='margin-bottom: 5px;'><strong>Ventiladores:<\/strong> Sin ventiladores<\/li>\n<\/ul><\/div>\n<\/p><\/div>\n<p> <!-- Contenido del Paquete --> <\/p>\n<div style='flex: 1 1 250px; border: 1px solid rgba(150&comma; 150&comma; 150&comma; 0.4); border-radius: 8px; overflow: hidden; display: flex; flex-direction: column;'>\n<div style='padding: 15px; border-bottom: 1px solid rgba(150&comma; 150&comma; 150&comma; 0.2); font-weight: bold; font-size: 18px; color: inherit; background-color: rgba(0&comma; 123&comma; 255&comma; 0.1);'>Contenido del Paquete:<\/div>\n<div style='padding: 15px; color: inherit;'>\n<ul style='padding-left: 20px; margin: 0; font-size: 14px; list-style-type: disc;'>\n<li style='margin-bottom: 5px;'>1 Switch WI-PCES210G-O<\/li>\n<li style='margin-bottom: 5px;'>2 Tapones de goma<\/li>\n<li style='margin-bottom: 5px;'>1 Cable de corriente<\/li>\n<li style='margin-bottom: 5px;'>2 corbata de metal<\/li>\n<li style='margin-bottom: 5px;'>1 Gu\u00eda de instalaci\u00f3n<\/li>\n<li style='margin-bottom: 5px;'>2 Gl\u00e1ndula impermeable M36<\/li>\n<\/ul><\/div>\n<\/p><\/div>\n<\/p><\/div>\n<\/p><\/div>\n<p> <!-- Separador --> <\/p>\n<hr style='border: 0; border-top: 1px solid rgba(150&comma; 150&comma; 150&comma; 0.3); margin: 30px 0;'> <\/div>\n","protected":false},"excerpt":{"rendered":"<p>Switch PoE \/ Administraci\u00f3n en la nube \/ Con 8 puertos 10\/100 Mbps PoE af\/at \/ 2 Puertos Uplink 10\/100 MBPS \/  Presupuesto 60 W \/ PoE hasta 250 metros \/ Soporta protocolo ONVIF<\/p>\n","protected":false},"featured_media":96509,"comment_status":"open","ping_status":"closed","template":"","meta":[],"product_brand":[],"product_cat":[1986],"product_tag":[664,1987,1262],"class_list":{"0":"post-96510","1":"product","2":"type-product","3":"status-publish","4":"has-post-thumbnail","6":"product_cat-switches-poe","7":"product_tag-networking","8":"product_tag-switches-poe","9":"product_tag-wi-tek","11":"first","12":"instock","13":"sale","14":"shipping-taxable","15":"purchasable","16":"product-type-simple"},"_links":{"self":[{"href":"https:\/\/soydeaqui.ddns.net\/pachuca\/index.php\/wp-json\/wp\/v2\/product\/96510","targetHints":{"allow":["GET"]}}],"collection":[{"href":"https:\/\/soydeaqui.ddns.net\/pachuca\/index.php\/wp-json\/wp\/v2\/product"}],"about":[{"href":"https:\/\/soydeaqui.ddns.net\/pachuca\/index.php\/wp-json\/wp\/v2\/types\/product"}],"replies":[{"embeddable":true,"href":"https:\/\/soydeaqui.ddns.net\/pachuca\/index.php\/wp-json\/wp\/v2\/comments?post=96510"}],"wp:featuredmedia":[{"embeddable":true,"href":"https:\/\/soydeaqui.ddns.net\/pachuca\/index.php\/wp-json\/wp\/v2\/media\/96509"}],"wp:attachment":[{"href":"https:\/\/soydeaqui.ddns.net\/pachuca\/index.php\/wp-json\/wp\/v2\/media?parent=96510"}],"wp:term":[{"taxonomy":"product_brand","embeddable":true,"href":"https:\/\/soydeaqui.ddns.net\/pachuca\/index.php\/wp-json\/wp\/v2\/product_brand?post=96510"},{"taxonomy":"product_cat","embeddable":true,"href":"https:\/\/soydeaqui.ddns.net\/pachuca\/index.php\/wp-json\/wp\/v2\/product_cat?post=96510"},{"taxonomy":"product_tag","embeddable":true,"href":"https:\/\/soydeaqui.ddns.net\/pachuca\/index.php\/wp-json\/wp\/v2\/product_tag?post=96510"}],"curies":[{"name":"wp","href":"https:\/\/api.w.org\/{rel}","templated":true}]}}