{"id":9651,"date":"2026-03-18T07:25:14","date_gmt":"2026-03-18T07:25:14","guid":{"rendered":"https:\/\/soydeaqui.ddns.net\/pachuca\/index.php\/producto\/xsda0001-cable-de-conexion-directa-1-metro-sfp-sfp-sfp28-1g-10g-25g\/"},"modified":"2026-03-18T07:25:15","modified_gmt":"2026-03-18T07:25:15","slug":"xsda0001-cable-de-conexion-directa-1-metro-sfp-sfp-sfp28-1g-10g-25g","status":"publish","type":"product","link":"https:\/\/soydeaqui.ddns.net\/pachuca\/index.php\/producto\/xsda0001-cable-de-conexion-directa-1-metro-sfp-sfp-sfp28-1g-10g-25g\/","title":{"rendered":"(XS+DA0001) Cable de conexi\u00f3n directa 1 Metro SFP\/SFP+\/SFP28 1G\/10G\/25G"},"content":{"rendered":"<div style='width: 100%; max-width: 1200px; margin: 0 auto; font-family: sans-serif; line-height: 1.6; color: inherit; background-color: transparent;'>\n<div style='display: flex; flex-direction: column; gap: 30px;'>\n<div style='width: 100%;'> <img style='width: 100%; height: auto; border: 1px solid rgba(150&comma;150&comma;150&comma;0.3); border-radius: 8px;' src='https:\/\/ftp3.syscom.mx\/usuarios\/fotos\/XS+DA0001\/191700-banner_xs+da0001.png' alt=''> <\/div>\n<div style='display: flex; flex-wrap: wrap; gap: 30px;'>\n<div style='flex: 1 1 300px; min-width: 280px;'>\n<h3 style='font-size: 22px; border-bottom: 2px solid currentColor; padding-bottom: 5px; margin-top: 0; color: inherit; opacity: 0.8;'>Caracter\u00edsticas principales<\/h3>\n<ul style='padding-left: 20px; font-size: 15px; color: inherit;'>\n<li style='margin-bottom: 5px;'>Estamos lanzando nuevos cables de conexi\u00f3n directa que admiten no solo SFP 1G y SFP+ 10G&comma; sino tambi\u00e9n el est\u00e1ndar 25G SFP28<\/li>\n<li style='margin-bottom: 5px;'>Con los nuevos cables de conexi\u00f3n directa obtiene m\u00e1s caracter\u00edsticas por el mismo precio<\/li>\n<li style='margin-bottom: 5px;'>M\u00e9todo altamente rentable de conectar dos dispositivos SFP\/SFP+\/SFP28 para distancias muy cortas&comma; dentro de racks y a trav\u00e9s de racks adyacentes<\/li>\n<li style='margin-bottom: 5px;'>Proporciona una soluci\u00f3n de interconexi\u00f3n de bajo costo&comma; baja potencia y baja latencia para Ethernet de 25 Gigabits<\/li>\n<li style='margin-bottom: 5px;'>Cumple plenamente con las especificaciones de SFP+ MSA<\/li>\n<\/ul><\/div>\n<\/p><\/div>\n<div style='display: flex; flex-wrap: wrap; gap: 20px;'>\n<div style='flex: 1 1 250px; border: 1px solid rgba(150&comma; 150&comma; 150&comma; 0.4); border-radius: 8px; overflow: hidden; display: flex; flex-direction: column;'>\n<div style='padding: 15px; border-bottom: 1px solid rgba(150&comma; 150&comma; 150&comma; 0.2); font-weight: bold; font-size: 18px; color: inherit;'>Informaci\u00f3n general<\/div>\n<div style='padding: 15px; color: inherit;'>\n<ul style='padding-left: 20px; margin: 0; font-size: 14px; list-style-type: disc;'>\n<li style='margin-bottom: 5px;'><strong>Versi\u00f3n:<\/strong> XS+DA0001<\/li>\n<li style='margin-bottom: 5px;'><strong>Longitud:<\/strong> 1 metro<\/li>\n<li style='margin-bottom: 5px;'><strong>Compatibilidad:<\/strong> SFP\/SFP+\/SFP28<\/li>\n<\/ul><\/div>\n<\/p><\/div>\n<div style='flex: 1 1 250px; border: 1px solid rgba(150&comma; 150&comma; 150&comma; 0.4); border-radius: 8px; overflow: hidden; display: flex; flex-direction: column;'>\n<div style='padding: 15px; border-bottom: 1px solid rgba(150&comma; 150&comma; 150&comma; 0.2); font-weight: bold; font-size: 18px; color: inherit;'>Especificaciones t\u00e9cnicas<\/div>\n<div style='padding: 15px; color: inherit;'>\n<ul style='padding-left: 20px; margin: 0; font-size: 14px; list-style-type: disc;'>\n<li style='margin-bottom: 5px;'><strong>C\u00f3digo del producto:<\/strong> XS+DA0001<\/li>\n<li style='margin-bottom: 5px;'><strong>Longitud del cable:<\/strong> 1 m<\/li>\n<li style='margin-bottom: 5px;'><strong>Velocidad:<\/strong> 1G \/ 10G \/ 25G<\/li>\n<li style='margin-bottom: 5px;'><strong>MTBF:<\/strong> Aproximadamente 100&#8217;000 horas a 25\u00b0C<\/li>\n<\/ul><\/div>\n<\/p><\/div>\n<\/p><\/div>\n<div style='display: flex; flex-wrap: wrap; gap: 30px;'>\n<div style='flex: 1 1 300px; min-width: 280px;'>\n<h3 style='font-size: 22px; border-bottom: 2px solid currentColor; padding-bottom: 5px; margin-top: 0; color: inherit; opacity: 0.8;'>Aplicaciones<\/h3>\n<ul style='padding-left: 20px; font-size: 15px; color: inherit;'>\n<li style='margin-bottom: 5px;'>Conexi\u00f3n entre dispositivos SFP\/SFP+\/SFP28<\/li>\n<li style='margin-bottom: 5px;'>Interconexi\u00f3n dentro de racks<\/li>\n<li style='margin-bottom: 5px;'>Conexiones entre racks adyacentes<\/li>\n<li style='margin-bottom: 5px;'>Soluci\u00f3n de bajo costo para redes de alta velocidad<\/li>\n<\/ul><\/div>\n<\/p><\/div>\n<\/p><\/div>\n<\/p><\/div>\n","protected":false},"excerpt":{"rendered":"<p>(XS+DA0001) Cable de conexi\u00f3n directa 1 Metro SFP\/SFP+\/SFP28 1G\/10G\/25G<\/p>\n","protected":false},"featured_media":9650,"comment_status":"open","ping_status":"closed","template":"","meta":[],"product_brand":[],"product_cat":[663],"product_tag":[643,664,665],"class_list":{"0":"post-9651","1":"product","2":"type-product","3":"status-publish","4":"has-post-thumbnail","6":"product_cat-transceptores-de-fibra","7":"product_tag-mikrotik","8":"product_tag-networking","9":"product_tag-transceptores-de-fibra","11":"first","12":"instock","13":"sale","14":"shipping-taxable","15":"purchasable","16":"product-type-simple"},"_links":{"self":[{"href":"https:\/\/soydeaqui.ddns.net\/pachuca\/index.php\/wp-json\/wp\/v2\/product\/9651","targetHints":{"allow":["GET"]}}],"collection":[{"href":"https:\/\/soydeaqui.ddns.net\/pachuca\/index.php\/wp-json\/wp\/v2\/product"}],"about":[{"href":"https:\/\/soydeaqui.ddns.net\/pachuca\/index.php\/wp-json\/wp\/v2\/types\/product"}],"replies":[{"embeddable":true,"href":"https:\/\/soydeaqui.ddns.net\/pachuca\/index.php\/wp-json\/wp\/v2\/comments?post=9651"}],"wp:featuredmedia":[{"embeddable":true,"href":"https:\/\/soydeaqui.ddns.net\/pachuca\/index.php\/wp-json\/wp\/v2\/media\/9650"}],"wp:attachment":[{"href":"https:\/\/soydeaqui.ddns.net\/pachuca\/index.php\/wp-json\/wp\/v2\/media?parent=9651"}],"wp:term":[{"taxonomy":"product_brand","embeddable":true,"href":"https:\/\/soydeaqui.ddns.net\/pachuca\/index.php\/wp-json\/wp\/v2\/product_brand?post=9651"},{"taxonomy":"product_cat","embeddable":true,"href":"https:\/\/soydeaqui.ddns.net\/pachuca\/index.php\/wp-json\/wp\/v2\/product_cat?post=9651"},{"taxonomy":"product_tag","embeddable":true,"href":"https:\/\/soydeaqui.ddns.net\/pachuca\/index.php\/wp-json\/wp\/v2\/product_tag?post=9651"}],"curies":[{"name":"wp","href":"https:\/\/api.w.org\/{rel}","templated":true}]}}