{"id":96502,"date":"2026-03-20T08:16:27","date_gmt":"2026-03-20T08:16:27","guid":{"rendered":"https:\/\/soydeaqui.ddns.net\/pachuca\/index.php\/producto\/ssd-m-2-para-videovigilancia-movil-1tb-alto-performance-uso-24-7-resistente-en-alta-temperaturas\/"},"modified":"2026-03-20T08:16:34","modified_gmt":"2026-03-20T08:16:34","slug":"ssd-m-2-para-videovigilancia-movil-1tb-alto-performance-uso-24-7-resistente-en-alta-temperaturas","status":"publish","type":"product","link":"https:\/\/soydeaqui.ddns.net\/pachuca\/index.php\/producto\/ssd-m-2-para-videovigilancia-movil-1tb-alto-performance-uso-24-7-resistente-en-alta-temperaturas\/","title":{"rendered":"SSD M.2 para Videovigilancia M\u00f3vil \/ 1TB \/ Alto Performance \/ Uso 24\/7 \/ Resistente en Alta Temperaturas"},"content":{"rendered":"<div style='width: 100%; max-width: 1200px; margin: 0 auto; font-family: sans-serif; line-height: 1.6; color: inherit; background-color: transparent;'> <!-- Banner Inicial --> <\/p>\n<div style='width: 100%; max-width: 1200px; margin: 30px auto; text-align: center;'> <img style='width: 45%; height: auto; border: 1px solid rgba(150&comma;150&comma;150&comma;0.3); border-radius: 8px;' src='https:\/\/ftp3.syscom.mx\/usuarios\/jsosa\/HIKVISION\/imagenes\/logo\/hikvision%20see%20far.png' alt='HIKSEMI Logo'> <\/div>\n<p> <!-- Descripci\u00f3n --> <\/p>\n<div style='display: flex; flex-wrap: wrap; gap: 30px; margin-bottom: 30px;'>\n<div style='flex: 1 1 300px; min-width: 280px;'>\n<h3 style='font-size: 22px; border-bottom: 2px solid currentColor; padding-bottom: 5px; margin-top: 0; color: inherit; opacity: 0.8;'>Caracter\u00edsticas Principales<\/h3>\n<ul style='padding-left: 20px; font-size: 15px; color: inherit;'>\n<li style='margin-bottom: 5px;'>Capacidad: <strong>1TB<\/strong><\/li>\n<li style='margin-bottom: 5px;'>Velocidad de Lectura: <strong>470 MB\/s<\/strong><\/li>\n<li style='margin-bottom: 5px;'>Velocidad de Escritura: <strong>520 MB\/s<\/strong><\/li>\n<li style='margin-bottom: 5px;'>Temperatura de Operaci\u00f3n: <strong>0\u00b0C a 70\u00b0C (32\u00b0F a 158\u00b0F)<\/strong><\/li>\n<li style='margin-bottom: 5px;'>Capacidad de trabajo <strong>24\/7<\/strong><\/li>\n<li style='margin-bottom: 5px;'>Interfaz: <strong>SATA III<\/strong><\/li>\n<li style='margin-bottom: 5px;'>Tama\u00f1o: <strong>2.5&#8242;<\/strong><\/li>\n<li style='margin-bottom: 5px;'>Peso: <strong>\u2264 40.6 gramos<\/strong><\/li>\n<li style='margin-bottom: 5px;'><strong>Especializado para videovigilancia (M\u00f3vil)<\/strong><\/li>\n<li style='margin-bottom: 5px;'><strong>Uso continuo 24\/7<\/strong><\/li>\n<\/ul><\/div>\n<\/p><\/div>\n<p> <!-- Videos --> <\/p>\n<div style='display: flex; flex-wrap: wrap; gap: 30px; margin-bottom: 30px;'>\n<div style='flex: 1 1 400px; min-width: 300px;'>\n<h3 style='font-size: 18px; margin: 0 0 15px 0; text-align: center; color: inherit; opacity: 0.8;'><strong>\u00bfQui\u00e9n es HIKSEMI?<\/strong><\/h3>\n<div style='position: relative; padding-bottom: 56.25%; height: 0; overflow: hidden; margin-bottom: 30px;'>   <\/div>\n<\/p><\/div>\n<div style='flex: 1 1 400px; min-width: 300px;'>\n<h3 style='font-size: 18px; margin: 0 0 15px 0; text-align: center; color: inherit; opacity: 0.8;'><strong>Unidades de Estado S\u00f3lido<\/strong><\/h3>\n<div style='position: relative; padding-bottom: 56.25%; height: 0; overflow: hidden; margin-bottom: 30px;'>   <\/div>\n<\/p><\/div>\n<\/p><\/div>\n<p> <!-- Imagen 1 con overlay --> <\/p>\n<div style='position: relative; width: 100%; max-width: 1200px; margin: 0 auto 30px auto; overflow: hidden; border: 1px solid rgba(150&comma;150&comma;150&comma;0.3); border-radius: 8px;'> <img style='width: 100%; height: auto; display: block;' src='https:\/\/ftp3.syscom.mx\/usuarios\/gmagos\/HIK\/storage\/Pagina%20WEB\/V310\/V310_02.jpg' alt='Imagen de Fondo'> <\/p>\n<div style='position: absolute; top: 0; left: 0; width: 100%; height: 100%; background: rgba(255&comma;255&comma;255&comma;0.8); display: flex; flex-direction: column; justify-content: center; align-items: center; padding: 40px 20px;'>\n<h1 style='font-size: 35px; margin: 0 0 15px 0; color: inherit; text-align: center;'><strong>Rendimiento mejorado<\/strong><\/h1>\n<h2 style='font-size: 20px; margin: 0; color: inherit; text-align: center;'>El V310 funciona a velocidades de lectura de hasta 550 MB\/s y velocidades de escritura de hasta 525 MB\/s<\/h2>\n<\/p><\/div>\n<\/p><\/div>\n<p> <!-- Informaci\u00f3n 1 --> <\/p>\n<div style='display: flex; flex-wrap: wrap; gap: 30px; margin-bottom: 30px;'>\n<div style='flex: 1 1 300px; min-width: 280px;'> <img style='width: 100%; height: auto; border: 1px solid rgba(150&comma;150&comma;150&comma;0.3); border-radius: 8px;' src='https:\/\/ftp3.syscom.mx\/usuarios\/gmagos\/HIK\/storage\/Pagina%20WEB\/V310\/V310_03.jpg' alt='Menor consumo de energ\u00eda'> <\/div>\n<div style='flex: 1 1 400px; min-width: 300px;'>\n<h3 style='font-size: 22px; margin: 0 0 15px 0; color: inherit; opacity: 0.8;'>Menor consumo de energ\u00eda<\/h3>\n<p style='font-size: 15px; color: inherit; margin: 0 0 15px 0; text-align: justify;'>Nuestros nuevos SSD para Videovigilancia M\u00f3vil de HIKSEMI ofrecen un rendimiento excepcional con un consumo de energ\u00eda notablemente reducido. Al no tener componentes m\u00f3viles&comma; estos dispositivos consumen hasta un 50% menos de energ\u00eda en comparaci\u00f3n con los HDD durante su funcionamiento.<\/p>\n<\/p><\/div>\n<\/p><\/div>\n<p> <!-- Informaci\u00f3n 2 --> <\/p>\n<div style='display: flex; flex-wrap: wrap; gap: 30px; margin-bottom: 30px;'>\n<div style='flex: 1 1 400px; min-width: 300px; order: 2;'> <img style='width: 100%; height: auto; border: 1px solid rgba(150&comma;150&comma;150&comma;0.3); border-radius: 8px;' src='https:\/\/ftp3.syscom.mx\/usuarios\/gmagos\/HIK\/storage\/Pagina%20WEB\/V310\/V310_04.jpg' alt='Excelente resistencia'> <\/div>\n<div style='flex: 1 1 400px; min-width: 300px; order: 1;'>\n<h3 style='font-size: 22px; margin: 0 0 15px 0; color: inherit; opacity: 0.8;'>Excelente resistencia<\/h3>\n<p style='font-size: 15px; color: inherit; margin: 0 0 15px 0; text-align: justify;'>Los SSD para Videovigilancia M\u00f3vil de HIKSEMI incorporan un algoritmo de dise\u00f1o innovador que mejora significativamente su durabilidad y estabilidad. Este enfoque exclusivo garantiza un rendimiento confiable en diversas situaciones&comma; respaldando la integridad de tus sistemas de vigilancia.<\/p>\n<p style='font-size: 15px; color: inherit; margin: 0; text-align: justify;'>Dise\u00f1ados para resistir operaciones continuas&comma; nuestros SSD ofrecen un rendimiento superior y una resistencia excepcional en entornos desafiantes. Esto asegura una soluci\u00f3n de almacenamiento confiable para tus necesidades de videovigilancia m\u00f3vil.<\/p>\n<\/p><\/div>\n<\/p><\/div>\n<p> <!-- Imagen 2 --> <\/p>\n<div style='width: 100%; max-width: 1200px; margin: 0 auto 30px auto;'> <img style='width: 100%; height: auto; border: 1px solid rgba(150&comma;150&comma;150&comma;0.3); border-radius: 8px;' src='https:\/\/ftp3.syscom.mx\/usuarios\/gmagos\/HIK\/storage\/Pagina%20WEB\/V310\/V310_01.jpg' alt='Videovigilancia M\u00f3vil'> <\/div>\n<p> <!-- Banner Final --> <\/p>\n<div style='width: 100%; max-width: 1200px; margin: 0 auto 30px auto; text-align: center;'> <img style='width: 100%; height: auto; border: 1px solid rgba(150&comma;150&comma;150&comma;0.3); border-radius: 8px;' src='https:\/\/ftp3.syscom.mx\/usuarios\/gmagos\/HIK\/storage\/Vaners\/HIKSEMI-banner1.jpg' alt='Banner Final'> <\/div>\n<\/p><\/div>\n","protected":false},"excerpt":{"rendered":"<p>SSD M.2 para Videovigilancia M\u00f3vil \/ 1TB \/ Alto Performance \/ Uso 24\/7 \/ Resistente en Alta Temperaturas<\/p>\n","protected":false},"featured_media":96501,"comment_status":"open","ping_status":"closed","template":"","meta":[],"product_brand":[],"product_cat":[2199],"product_tag":[2129,2065,2139],"class_list":{"0":"post-96502","1":"product","2":"type-product","3":"status-publish","4":"has-post-thumbnail","6":"product_cat-unidades-de-estado-solido-ssd-servidores-almacenamiento","7":"product_tag-hiksemi-by-hikvision","8":"product_tag-servidores-almacenamiento","9":"product_tag-unidades-de-estado-solido-ssd","11":"first","12":"outofstock","13":"sale","14":"shipping-taxable","15":"purchasable","16":"product-type-simple"},"_links":{"self":[{"href":"https:\/\/soydeaqui.ddns.net\/pachuca\/index.php\/wp-json\/wp\/v2\/product\/96502","targetHints":{"allow":["GET"]}}],"collection":[{"href":"https:\/\/soydeaqui.ddns.net\/pachuca\/index.php\/wp-json\/wp\/v2\/product"}],"about":[{"href":"https:\/\/soydeaqui.ddns.net\/pachuca\/index.php\/wp-json\/wp\/v2\/types\/product"}],"replies":[{"embeddable":true,"href":"https:\/\/soydeaqui.ddns.net\/pachuca\/index.php\/wp-json\/wp\/v2\/comments?post=96502"}],"wp:featuredmedia":[{"embeddable":true,"href":"https:\/\/soydeaqui.ddns.net\/pachuca\/index.php\/wp-json\/wp\/v2\/media\/96501"}],"wp:attachment":[{"href":"https:\/\/soydeaqui.ddns.net\/pachuca\/index.php\/wp-json\/wp\/v2\/media?parent=96502"}],"wp:term":[{"taxonomy":"product_brand","embeddable":true,"href":"https:\/\/soydeaqui.ddns.net\/pachuca\/index.php\/wp-json\/wp\/v2\/product_brand?post=96502"},{"taxonomy":"product_cat","embeddable":true,"href":"https:\/\/soydeaqui.ddns.net\/pachuca\/index.php\/wp-json\/wp\/v2\/product_cat?post=96502"},{"taxonomy":"product_tag","embeddable":true,"href":"https:\/\/soydeaqui.ddns.net\/pachuca\/index.php\/wp-json\/wp\/v2\/product_tag?post=96502"}],"curies":[{"name":"wp","href":"https:\/\/api.w.org\/{rel}","templated":true}]}}