{"id":96499,"date":"2026-03-20T08:16:19","date_gmt":"2026-03-20T08:16:19","guid":{"rendered":"https:\/\/soydeaqui.ddns.net\/pachuca\/index.php\/producto\/pantalla-profesional-de-98-resolucion-uhd-3840x2160p-entradas-de-video-hdmi-displayport-compatible-vesa\/"},"modified":"2026-03-20T08:16:23","modified_gmt":"2026-03-20T08:16:23","slug":"pantalla-profesional-de-98-resolucion-uhd-3840x2160p-entradas-de-video-hdmi-displayport-compatible-vesa","status":"publish","type":"product","link":"https:\/\/soydeaqui.ddns.net\/pachuca\/index.php\/producto\/pantalla-profesional-de-98-resolucion-uhd-3840x2160p-entradas-de-video-hdmi-displayport-compatible-vesa\/","title":{"rendered":"Pantalla Profesional de 98&#8243;, Resoluci\u00f3n UHD 3840X2160P \/ Entradas de Video HDMI \/ DisplayPort \/ Compatible VESA"},"content":{"rendered":"<div style='width: 100%; max-width: 1200px; margin: 0 auto; font-family: sans-serif; line-height: 1.6; color: inherit; background-color: transparent;'> <!-- Secci\u00f3n de garant\u00eda --> <\/p>\n<div style='margin-bottom: 30px;'>\n<h3 style='font-size: 22px; border-bottom: 2px solid currentColor; padding-bottom: 5px; margin-top: 0; color: inherit; opacity: 0.8; text-align: center;'>Pol\u00edtica de Garant\u00eda<\/h3>\n<p style='font-size: 14px; margin-top: 15px; margin-bottom: 10px; color: inherit;'>SYSCOM se apega a las pol\u00edticas de garant\u00eda de cada proveedor de la marca y\/o f\u00e1brica.<\/p>\n<p style='font-size: 14px; margin-top: 10px; margin-bottom: 10px; color: inherit;'>La cobertura de garant\u00eda por defecto de f\u00e1brica y\/o mal funcionamiento es de 90 d\u00edas con Syscom. Posterior a este periodo&comma; la garant\u00eda es directa con el fabricante.<\/p>\n<p style='font-size: 14px; margin-top: 10px; margin-bottom: 10px; color: inherit;'>En quebraduras&comma; da\u00f1os f\u00edsicos de equipo y\/o empaque da\u00f1ado&comma; reportarlo dentro de las 24 horas posteriores a la fecha de recepci\u00f3n para el reclamo a paqueter\u00eda.<\/p>\n<\/p><\/div>\n<p> <!-- Secci\u00f3n de caracter\u00edsticas --> <\/p>\n<div style='display: flex; flex-wrap: wrap; gap: 30px; margin-bottom: 30px;'>\n<div style='flex: 1 1 300px; min-width: 280px;'>\n<h3 style='font-size: 22px; border-bottom: 2px solid currentColor; padding-bottom: 5px; margin-top: 0; color: inherit; opacity: 0.8;'>Caracter\u00edsticas principales<\/h3>\n<ul style='padding-left: 20px; font-size: 15px; color: inherit; list-style-type: disc;'>\n<li style='margin-bottom: 5px;'>Tama\u00f1o diagonal 98&#8242;<\/li>\n<li style='margin-bottom: 5px;'>Resoluci\u00f3n 4K (3840 x 2160 p)<\/li>\n<li style='margin-bottom: 5px;'>Relaci\u00f3n de aspecto 16:9<\/li>\n<li style='margin-bottom: 5px;'>Brillo 500 nit.<\/li>\n<li style='margin-bottom: 5px;'>Relaci\u00f3n de contraste 1200:1<\/li>\n<li style='margin-bottom: 5px;'>Aplicable a video solamente<\/li>\n<li style='margin-bottom: 5px;'>Compatible con Magicinfo<\/li>\n<li style='margin-bottom: 5px;'>Operaci\u00f3n: 24\/7<\/li>\n<\/ul>\n<div style='margin-top: 20px; padding: 15px; background-color: rgba(4&comma; 17&comma; 250&comma; 0.05); border-left: 4px solid #0411FA;'>\n<p style='margin: 0; font-size: 16px; font-weight: bold; color: inherit;'>3 A\u00f1os de garant\u00eda con fabricante<\/p>\n<\/p><\/div>\n<div style='margin-top: 15px; padding: 15px; background-color: rgba(4&comma; 17&comma; 250&comma; 0.05); border-left: 4px solid #0411FA;'>\n<p style='margin: 0; font-size: 16px; font-weight: bold; color: inherit;'>Informaci\u00f3n de soporte y garant\u00eda:<\/p>\n<p style='margin: 10px 0 0 0; color: inherit;'><a style='color: inherit; text-decoration: none; font-weight: bold;' href='https:\/\/www.samsung.com\/mx\/support\/warranty\/'>GARANTIA<\/a><\/p>\n<\/p><\/div>\n<\/p><\/div>\n<div style='flex: 1 1 300px; min-width: 280px;'>\n<h3 style='font-size: 22px; border-bottom: 2px solid currentColor; padding-bottom: 5px; margin-top: 0; color: inherit; opacity: 0.8;'>Conectividad<\/h3>\n<ul style='padding-left: 20px; font-size: 15px; color: inherit; list-style-type: disc;'>\n<li style='margin-bottom: 5px;'>Entradas de Video Display port&comma; 3 x HDMI<\/li>\n<li style='margin-bottom: 5px;'>Puerto 2 x USB 2.0<\/li>\n<li style='margin-bottom: 5px;'>Salidas de Audio mini Jack Est\u00e9reo<\/li>\n<\/ul>\n<h4 style='font-size: 18px; margin-top: 20px; margin-bottom: 10px; color: inherit; opacity: 0.8;'>Control externo<\/h4>\n<ul style='padding-left: 20px; font-size: 15px; color: inherit; list-style-type: disc;'>\n<li style='margin-bottom: 5px;'>Puerto RS-232C<\/li>\n<li style='margin-bottom: 5px;'>Puerto RJ45<\/li>\n<li style='margin-bottom: 5px;'>Sensor externo IR<\/li>\n<\/ul><\/div>\n<div style='flex: 1 1 300px; min-width: 280px;'>\n<h3 style='font-size: 22px; border-bottom: 2px solid currentColor; padding-bottom: 5px; margin-top: 0; color: inherit; opacity: 0.8;'>Caracter\u00edsticas f\u00edsicas y el\u00e9ctricas<\/h3>\n<ul style='padding-left: 20px; font-size: 15px; color: inherit; list-style-type: disc;'>\n<li style='margin-bottom: 5px;'>Temperatura de operaci\u00f3n: 0 a 40 \u00b0C<\/li>\n<li style='margin-bottom: 5px;'>Alimentaci\u00f3n: 100-240 Vca&comma; 363 W.<\/li>\n<li style='margin-bottom: 5px;'>Compatible con VESA 600 x 400 mm. No incluye tornilleria<\/li>\n<li style='margin-bottom: 5px;'>Dimensiones: 2193.2 x 1248.8 x 48.1 mm.<\/li>\n<li style='margin-bottom: 5px;'>Dimensiones del empaque: 2370 x 1395 x 230mm<\/li>\n<li style='margin-bottom: 5px;'>Peso: 56.3 Kg.<\/li>\n<li style='margin-bottom: 5px;'>Peso del empaque: 77.2Kg<\/li>\n<li style='margin-bottom: 5px;'>No incluye montajes de pared ni de escritorio<\/li>\n<\/ul><\/div>\n<\/p><\/div>\n<p> <!-- Separador --> <\/p>\n<hr style='border: 0; border-top: 1px solid rgba(150&comma; 150&comma; 150&comma; 0.3); margin: 30px 0;'> <!-- Secci\u00f3n de im\u00e1genes --> <\/p>\n<div style='display: flex; flex-wrap: wrap; gap: 15px; margin-bottom: 30px;'>\n<div style='flex: 1 1 300px; min-width: 280px;'> <img style='width: 100%; height: auto; border: 1px solid rgba(150&comma;150&comma;150&comma;0.3); border-radius: 8px;' src='https:\/\/images.samsung.com\/is\/image\/samsung\/p6pim\/latin\/feature\/165587797\/latin-feature-unleash-the-power-of-a-large-scale-display-543391941?$FB_TYPE_A_JPG$' alt=''> <\/div>\n<div style='flex: 1 1 300px; min-width: 280px;'> <img style='width: 100%; height: auto; border: 1px solid rgba(150&comma;150&comma;150&comma;0.3); border-radius: 8px;' src='https:\/\/images.samsung.com\/is\/image\/samsung\/p6pim\/latin\/feature\/165587798\/latin-feature-scale-up-your-business-with-a-supersized-screen-543391945?$FB_TYPE_A_JPG$' alt=''> <\/div>\n<div style='flex: 1 1 300px; min-width: 280px;'> <img style='width: 100%; height: auto; border: 1px solid rgba(150&comma;150&comma;150&comma;0.3); border-radius: 8px;' src='https:\/\/images.samsung.com\/is\/image\/samsung\/p6pim\/latin\/feature\/165587797\/latin-feature-unleash-the-power-of-a-large-scale-display-543391941?$FB_TYPE_A_JPG$' alt=''> <\/div>\n<div style='flex: 1 1 300px; min-width: 280px;'> <img style='width: 100%; height: auto; border: 1px solid rgba(150&comma;150&comma;150&comma;0.3); border-radius: 8px;' src='https:\/\/images.samsung.com\/is\/image\/samsung\/p6pim\/latin\/feature\/165587799\/latin-feature-upgrade-your-display-performance-543391949?$FB_TYPE_A_JPG$' alt=''> <\/div>\n<\/p><\/div>\n<p> <!-- Descripci\u00f3n adicional --> <\/p>\n<div style='margin-top: 30px;'>\n<p style='font-size: 15px; margin-bottom: 15px; color: inherit;'>Pantalla de gran tama\u00f1o<\/p>\n<p style='font-size: 15px; margin-bottom: 15px; color: inherit;'>Sistema operativo TIZEN<\/p>\n<\/p><\/div>\n<\/p><\/div>\n","protected":false},"excerpt":{"rendered":"<p>Pantalla Profesional de 98&#8243;, Resoluci\u00f3n UHD 3840X2160P \/ Entradas de Video HDMI \/ DisplayPort \/ Compatible VESA<\/p>\n","protected":false},"featured_media":96498,"comment_status":"open","ping_status":"closed","template":"","meta":[],"product_brand":[],"product_cat":[2191],"product_tag":[2089,2192,2193],"class_list":{"0":"post-96499","1":"product","2":"type-product","3":"status-publish","4":"has-post-thumbnail","6":"product_cat-pantallas-monitores-monitores-pantallas-y-mobiliario","7":"product_tag-monitores-pantallas-y-mobiliario","8":"product_tag-pantallas-monitores-2","9":"product_tag-samsung-electronics","11":"first","12":"outofstock","13":"sale","14":"shipping-taxable","15":"purchasable","16":"product-type-simple"},"_links":{"self":[{"href":"https:\/\/soydeaqui.ddns.net\/pachuca\/index.php\/wp-json\/wp\/v2\/product\/96499","targetHints":{"allow":["GET"]}}],"collection":[{"href":"https:\/\/soydeaqui.ddns.net\/pachuca\/index.php\/wp-json\/wp\/v2\/product"}],"about":[{"href":"https:\/\/soydeaqui.ddns.net\/pachuca\/index.php\/wp-json\/wp\/v2\/types\/product"}],"replies":[{"embeddable":true,"href":"https:\/\/soydeaqui.ddns.net\/pachuca\/index.php\/wp-json\/wp\/v2\/comments?post=96499"}],"wp:featuredmedia":[{"embeddable":true,"href":"https:\/\/soydeaqui.ddns.net\/pachuca\/index.php\/wp-json\/wp\/v2\/media\/96498"}],"wp:attachment":[{"href":"https:\/\/soydeaqui.ddns.net\/pachuca\/index.php\/wp-json\/wp\/v2\/media?parent=96499"}],"wp:term":[{"taxonomy":"product_brand","embeddable":true,"href":"https:\/\/soydeaqui.ddns.net\/pachuca\/index.php\/wp-json\/wp\/v2\/product_brand?post=96499"},{"taxonomy":"product_cat","embeddable":true,"href":"https:\/\/soydeaqui.ddns.net\/pachuca\/index.php\/wp-json\/wp\/v2\/product_cat?post=96499"},{"taxonomy":"product_tag","embeddable":true,"href":"https:\/\/soydeaqui.ddns.net\/pachuca\/index.php\/wp-json\/wp\/v2\/product_tag?post=96499"}],"curies":[{"name":"wp","href":"https:\/\/api.w.org\/{rel}","templated":true}]}}