{"id":96484,"date":"2026-03-20T08:15:43","date_gmt":"2026-03-20T08:15:43","guid":{"rendered":"https:\/\/soydeaqui.ddns.net\/pachuca\/index.php\/producto\/m31-camara-termografica-portatil-dual-lente-termico-9-7-mm-384-x-288-lente-optico-8-megapixel-wifi-ip54-ranura-microsd-hasta-64-gb-hasta-5-horas-de-funcionamiento-continuo\/"},"modified":"2026-03-20T08:15:43","modified_gmt":"2026-03-20T08:15:43","slug":"m31-camara-termografica-portatil-dual-lente-termico-9-7-mm-384-x-288-lente-optico-8-megapixel-wifi-ip54-ranura-microsd-hasta-64-gb-hasta-5-horas-de-funcionamiento-continuo","status":"publish","type":"product","link":"https:\/\/soydeaqui.ddns.net\/pachuca\/index.php\/producto\/m31-camara-termografica-portatil-dual-lente-termico-9-7-mm-384-x-288-lente-optico-8-megapixel-wifi-ip54-ranura-microsd-hasta-64-gb-hasta-5-horas-de-funcionamiento-continuo\/","title":{"rendered":"M31 &#8211; C\u00e1mara Termogr\u00e1fica Port\u00e1til Dual \/ Lente T\u00e9rmico 9.7 mm (384 x 288) \/ Lente \u00d3ptico (8 Megapixel) \/ WiFi \/ IP54 \/ Ranura MicroSD hasta 64 Gb  \/ Hasta 5 Horas de Funcionamiento Continuo"},"content":{"rendered":"<div style='width: 100%; max-width: 1200px; margin: 0 auto; font-family: sans-serif; line-height: 1.6; color: inherit; background-color: transparent;'> <!-- Logo HIKMICRO --> <\/p>\n<div style='text-align: center; margin: 30px 0;'> <img style='width: 45%; height: auto; border: 1px solid rgba(150&comma;150&comma;150&comma;0.3); border-radius: 8px;' src='https:\/\/ftp3.syscom.mx\/usuarios\/fotos\/HMTP2310VF\/WM30\/200759-logo-hikmicro.png' alt='Logo HIKMICRO'> <\/div>\n<p> <!-- Im\u00e1genes principales --> <\/p>\n<div style='display: grid; grid-template-columns: repeat(auto-fit&comma; minmax(280px&comma; 1fr)); gap: 20px; margin-bottom: 30px;'> <img style='width: 100%; height: auto; border: 1px solid rgba(150&comma;150&comma;150&comma;0.3); border-radius: 8px;' src='https:\/\/ftp3.syscom.mx\/usuarios\/emendoza\/elesbanmch\/HikMicro\/M31\/M31-1.png' alt='Banner 1'> <img style='width: 100%; height: auto; border: 1px solid rgba(150&comma;150&comma;150&comma;0.3); border-radius: 8px;' src='https:\/\/ftp3.syscom.mx\/usuarios\/emendoza\/elesbanmch\/HikMicro\/M31\/M31-2.png' alt='Banner 2'> <img style='width: 100%; height: auto; border: 1px solid rgba(150&comma;150&comma;150&comma;0.3); border-radius: 8px;' src='https:\/\/ftp3.syscom.mx\/usuarios\/emendoza\/elesbanmch\/HikMicro\/M31\/M31-3.png' alt='Banner 3'> <img style='width: 100%; height: auto; border: 1px solid rgba(150&comma;150&comma;150&comma;0.3); border-radius: 8px;' src='https:\/\/ftp3.syscom.mx\/usuarios\/emendoza\/elesbanmch\/HikMicro\/M31\/M31-4.png' alt='Banner 4'> <img style='width: 100%; height: auto; border: 1px solid rgba(150&comma;150&comma;150&comma;0.3); border-radius: 8px;' src='https:\/\/ftp3.syscom.mx\/usuarios\/emendoza\/elesbanmch\/HikMicro\/M31\/M31-5.png' alt='Banner 5'> <img style='width: 100%; height: auto; border: 1px solid rgba(150&comma;150&comma;150&comma;0.3); border-radius: 8px;' src='https:\/\/ftp3.syscom.mx\/usuarios\/emendoza\/elesbanmch\/HikMicro\/M31\/M31-6.png' alt='Banner 6'> <\/div>\n<p> <!-- Videos --> <\/p>\n<div style='display: grid; grid-template-columns: repeat(auto-fit&comma; minmax(280px&comma; 1fr)); gap: 20px; margin-bottom: 30px;'> <!-- Video How to Serie M --> <\/p>\n<div style='display: flex; flex-direction: column;'>\n<h3 style='font-size: 20px; text-align: center; margin-top: 0; color: inherit; opacity: 0.8;'>Video How to Serie M<\/h3>\n<div style='position: relative; padding-bottom: 56.25%; height: 0; overflow: hidden; margin-top: 10px;'> <video style='position: absolute; top: 0; left: 0; width: 100%; height: 100%; border: 1px solid rgba(150&comma;150&comma;150&comma;0.3); border-radius: 8px;' src='https:\/\/ftp3.syscom.mx\/usuarios\/fcarrillo\/Hikvision\/videos\/Howto%20video-%20M%20series-%20%28DESCRIPCION%29.mp4' loop muted controls><\/video> <\/div>\n<\/p><\/div>\n<p> <!-- Puntos clave Serie M --> <\/p>\n<div style='display: flex; flex-direction: column;'>\n<h3 style='font-size: 20px; text-align: center; margin-top: 0; color: inherit; opacity: 0.8;'>Puntos clave Serie M<\/h3>\n<div style='position: relative; padding-bottom: 56.25%; height: 0; overflow: hidden; margin-top: 10px;'> <video style='position: absolute; top: 0; left: 0; width: 100%; height: 100%; border: 1px solid rgba(150&comma;150&comma;150&comma;0.3); border-radius: 8px;' src='https:\/\/ftp3.syscom.mx\/usuarios\/fcarrillo\/Hikvision\/videos\/M%20series-Welcome%20Guide%20Video%20%28UNBOXING%29.mp4' loop muted controls><\/video> <\/div>\n<\/p><\/div>\n<\/p><\/div>\n<p> <!-- Especificaciones --> <\/p>\n<div style='display: flex; flex-wrap: wrap; gap: 30px; margin-bottom: 30px;'> <!-- Caracter\u00edsticas Generales --> <\/p>\n<div style='flex: 1 1 300px; min-width: 280px; border: 1px solid rgba(150&comma;150&comma;150&comma;0.4); border-radius: 8px; overflow: hidden; display: flex; flex-direction: column;'>\n<div style='padding: 15px; border-bottom: 1px solid rgba(150&comma;150&comma;150&comma;0.2); font-weight: bold; font-size: 18px; background-color: #df001e; color: white; border-bottom: 1px solid #a80000;'>Caracter\u00edsticas Generales:<\/div>\n<div style='padding: 15px; color: inherit; flex: 1 1 auto;'>\n<ul style='padding-left: 20px; margin: 0; font-size: 14px; list-style-type: disc;'>\n<li style='margin-bottom: 5px;'><strong>Wi-Fi<\/strong>: 802.11 b\/g\/n (2.4 GHz y 5 GHz)<\/li>\n<li style='margin-bottom: 5px;'><strong>Bluetooth<\/strong>: Bluetooth 4.2<\/li>\n<li style='margin-bottom: 5px;'><strong>Interfaz USB<\/strong>: Tipo-C<\/li>\n<li style='margin-bottom: 5px;'><strong>Luces LED<\/strong>: S\u00ed<\/li>\n<li style='margin-bottom: 5px;'><strong>L\u00e1ser<\/strong>: S\u00ed&comma; Clase II&comma; Longitud de onda: 635 nm; Potencia: < 1 mW<\/li>\n<li style='margin-bottom: 5px;'><strong>Tipo de Bater\u00eda<\/strong>: Bater\u00eda de iones de litio recargable e intercambiable<\/li>\n<li style='margin-bottom: 5px;'><strong>Duraci\u00f3n de la Bater\u00eda<\/strong>: Aprox. 4 horas<\/li>\n<li style='margin-bottom: 5px;'><strong>Tiempo de Carga de la Bater\u00eda<\/strong>: Aprox. 4 horas para carga completa<\/li>\n<li style='margin-bottom: 5px;'><strong>Modo de Ahorro de Energ\u00eda<\/strong>: S\u00ed<\/li>\n<li style='margin-bottom: 5px;'><strong>Nivel de Protecci\u00f3n<\/strong>: IP54<\/li>\n<li style='margin-bottom: 5px;'><strong>Prueba de Ca\u00edda<\/strong>: 2 m (6.56 ft)<\/li>\n<li style='margin-bottom: 5px;'><strong>Seguridad<\/strong>: IEC 61010-1<\/li>\n<li style='margin-bottom: 5px;'><strong>EMC<\/strong>: EN 50130-4&comma; EN 55032&comma; EN IEC 61000-3-2&comma; EN 61000-3-3<\/li>\n<li style='margin-bottom: 5px;'><strong>Vibraci\u00f3n<\/strong>: 2g&comma; IEC 60068-2-6<\/li>\n<li style='margin-bottom: 5px;'><strong>Impacto<\/strong>: 25g&comma; IEC 60068-2-27<\/li>\n<li style='margin-bottom: 5px;'><strong>Rango de Temperatura de Funcionamiento<\/strong>: -20\u00b0C a 50\u00b0C (-4\u00b0F a 122\u00b0F)<\/li>\n<li style='margin-bottom: 5px;'><strong>Rango de Temperatura de Almacenamiento<\/strong>: -40\u00b0C a 70\u00b0C (-40\u00b0F a 158\u00b0F)<\/li>\n<li style='margin-bottom: 5px;'><strong>Humedad Relativa<\/strong>: < 95% sin condensaci\u00f3n<\/li>\n<li style='margin-bottom: 5px;'><strong>Peso<\/strong>: Aprox. 720 g (1.59 lb)<\/li>\n<li style='margin-bottom: 5px;'><strong>Dimensiones<\/strong>: 244 \u00d7 100 \u00d7 104 mm (9.6 \u00d7 3.9 \u00d7 4.1 in)<\/li>\n<li style='margin-bottom: 5px;'><strong>Montaje en Tr\u00edpode<\/strong>: UNC \u00bc\u201d-20<\/li>\n<li style='margin-bottom: 5px;'><strong>Medio de Almacenamiento<\/strong>: Tarjeta Micro SD extra\u00edble de 64 GB<\/li>\n<li style='margin-bottom: 5px;'><strong>Capacidad de Almacenamiento de Im\u00e1genes<\/strong>: Aprox. 100&comma;000 im\u00e1genes<\/li>\n<li style='margin-bottom: 5px;'><strong>Anotaciones<\/strong>:<\/li>\n<ul style='padding-left: 30px; margin: 5px 0; font-size: 14px; list-style-type: disc;'>\n<li style='margin-bottom: 5px;'>Nota de voz: m\u00e1x. 60 segundos<\/li>\n<li style='margin-bottom: 5px;'>Nota de texto: m\u00e1x. 200 caracteres<\/li>\n<\/ul>\n<li style='margin-bottom: 5px;'><strong>Capacidad de Almacenamiento de Video<\/strong>: Aprox. 300 horas<\/li>\n<li style='margin-bottom: 5px;'><strong>Formato de Archivo de Video<\/strong>: Video MP4 y video radiom\u00e9trico<\/li>\n<\/ul><\/div>\n<\/p><\/div>\n<p> <!-- Medici\u00f3n y An\u00e1lisis --> <\/p>\n<div style='flex: 1 1 300px; min-width: 280px; border: 1px solid rgba(150&comma;150&comma;150&comma;0.4); border-radius: 8px; overflow: hidden; display: flex; flex-direction: column;'>\n<div style='padding: 15px; border-bottom: 1px solid rgba(150&comma;150&comma;150&comma;0.2); font-weight: bold; font-size: 18px; background-color: #df001e; color: white; border-bottom: 1px solid #a80000;'>Medici\u00f3n y An\u00e1lisis:<\/div>\n<div style='padding: 15px; color: inherit; flex: 1 1 auto;'>\n<ul style='padding-left: 20px; margin: 0; font-size: 14px; list-style-type: disc;'>\n<li style='margin-bottom: 5px;'><strong>Rango de Temperatura de Objeto<\/strong>: -20 \u00b0C a 650 \u00b0C (-4 \u00b0F a 1202 \u00b0F)<\/li>\n<li style='margin-bottom: 5px;'><strong>Precisi\u00f3n<\/strong>: M\u00e1x. (\u00b12\u00b0C\/3.6\u00b0F&comma; \u00b12%)&comma; para temperatura ambiente de 15\u00b0C a 35\u00b0C (59\u00b0F a 95\u00b0F) y temperatura de objeto superior a 0\u00b0C (32\u00b0F)<\/li>\n<li style='margin-bottom: 5px;'><strong>Herramientas de Medici\u00f3n<\/strong>: Punto central&comma; punto caliente&comma; punto fr\u00edo. Definible por el usuario: 10 puntos&comma; 1 l\u00ednea&comma; 5 rect\u00e1ngulos y 5 c\u00edrculos<\/li>\n<li style='margin-bottom: 5px;'><strong>Modo de Nivel y Escala<\/strong>: Autom\u00e1tico\/Manual\/T\u00e1ctil con 1 toque<\/li>\n<\/ul><\/div>\n<\/p><\/div>\n<p> <!-- Imagen Infrarroja --> <\/p>\n<div style='flex: 1 1 300px; min-width: 280px; border: 1px solid rgba(150&comma;150&comma;150&comma;0.4); border-radius: 8px; overflow: hidden; display: flex; flex-direction: column;'>\n<div style='padding: 15px; border-bottom: 1px solid rgba(150&comma;150&comma;150&comma;0.2); font-weight: bold; font-size: 18px; background-color: #df001e; color: white; border-bottom: 1px solid #a80000;'>Imagen Infrarroja:<\/div>\n<div style='padding: 15px; color: inherit; flex: 1 1 auto;'>\n<ul style='padding-left: 20px; margin: 0; font-size: 14px; list-style-type: disc;'>\n<li style='margin-bottom: 5px;'><strong>Resoluci\u00f3n IR<\/strong>: 384 x 288 (110&comma;592 p\u00edxeles)<\/li>\n<li style='margin-bottom: 5px;'><strong>SuperIR<\/strong>: 768 x 576 (442&comma;368 p\u00edxeles)<\/li>\n<li style='margin-bottom: 5px;'><strong>NETD<\/strong>: < 30 mK (@ 25 \u00b0C&comma; F#=1.0)<\/li>\n<li style='margin-bottom: 5px;'><strong>Frecuencia de Imagen<\/strong>: 50 Hz<\/li>\n<li style='margin-bottom: 5px;'><strong>Tama\u00f1o del Detector<\/strong>: 17 \u03bcm<\/li>\n<li style='margin-bottom: 5px;'><strong>Rango Espectral<\/strong>: 7.5 a 14 \u03bcm<\/li>\n<li style='margin-bottom: 5px;'><strong>Longitud Focal<\/strong>: 6.4 mm<\/li>\n<li style='margin-bottom: 5px;'><strong>N\u00famero F<\/strong>: F1.0<\/li>\n<li style='margin-bottom: 5px;'><strong>Campo de Visi\u00f3n (FOV)<\/strong>: 41.1\u00b0 \u00d7 30.5\u00b0<\/li>\n<li style='margin-bottom: 5px;'><strong>Resoluci\u00f3n Espacial (IFOV)<\/strong>: 1.87 mrad<\/li>\n<li style='margin-bottom: 5px;'><strong>Distancia M\u00ednima de Enfoque<\/strong>: 0.1 m (0.32 ft)<\/li>\n<li style='margin-bottom: 5px;'><strong>Modo de Enfoque<\/strong>: Enfoque Manual<\/li>\n<\/ul><\/div>\n<\/p><\/div>\n<\/p><\/div>\n<p> <!-- Banners finales --> <\/p>\n<div style='display: grid; grid-template-columns: repeat(auto-fit&comma; minmax(280px&comma; 1fr)); gap: 20px; margin-bottom: 30px;'> <img style='width: 100%; height: auto; border: 1px solid rgba(150&comma;150&comma;150&comma;0.3); border-radius: 8px;' src='https:\/\/ftp3.syscom.mx\/usuarios\/emendoza\/elesbanmch\/HikMicro\/M31\/M31-7.png' alt='Banner 7'> <img style='width: 100%; height: auto; border: 1px solid rgba(150&comma;150&comma;150&comma;0.3); border-radius: 8px;' src='https:\/\/ftp3.syscom.mx\/usuarios\/emendoza\/elesbanmch\/HikMicro\/M31\/M31-8.png' alt='Banner 8'> <\/div>\n<p> <!-- Banner final grande --> <\/p>\n<div style='text-align: center; margin: 30px 0;'> <img style='width: 100%; max-width: 1200px; height: auto; border: 1px solid rgba(150&comma;150&comma;150&comma;0.3); border-radius: 8px;' src='https:\/\/ftp3.syscom.mx\/usuarios\/emendoza\/elesbanmch\/HikMicro\/HIKMICRO.png' alt='Banner Final'> <\/div>\n<\/p><\/div>\n","protected":false},"excerpt":{"rendered":"<p>M31 &#8211; C\u00e1mara Termogr\u00e1fica Port\u00e1til Dual \/ Lente T\u00e9rmico 9.7 mm (384 x 288) \/ Lente \u00d3ptico (8 Megapixel) \/ WiFi \/ IP54 \/ Ranura MicroSD hasta 64 Gb  \/ Hasta 5 Horas de Funcionamiento Continuo<\/p>\n","protected":false},"featured_media":96483,"comment_status":"open","ping_status":"closed","template":"","meta":[],"product_brand":[],"product_cat":[1049],"product_tag":[122,158,1050],"class_list":{"0":"post-96484","1":"product","2":"type-product","3":"status-publish","4":"has-post-thumbnail","6":"product_cat-termicas","7":"product_tag-camaras-ip-y-nvrs","8":"product_tag-hikmicro","9":"product_tag-termicas","11":"first","12":"instock","13":"sale","14":"shipping-taxable","15":"purchasable","16":"product-type-simple"},"_links":{"self":[{"href":"https:\/\/soydeaqui.ddns.net\/pachuca\/index.php\/wp-json\/wp\/v2\/product\/96484","targetHints":{"allow":["GET"]}}],"collection":[{"href":"https:\/\/soydeaqui.ddns.net\/pachuca\/index.php\/wp-json\/wp\/v2\/product"}],"about":[{"href":"https:\/\/soydeaqui.ddns.net\/pachuca\/index.php\/wp-json\/wp\/v2\/types\/product"}],"replies":[{"embeddable":true,"href":"https:\/\/soydeaqui.ddns.net\/pachuca\/index.php\/wp-json\/wp\/v2\/comments?post=96484"}],"wp:featuredmedia":[{"embeddable":true,"href":"https:\/\/soydeaqui.ddns.net\/pachuca\/index.php\/wp-json\/wp\/v2\/media\/96483"}],"wp:attachment":[{"href":"https:\/\/soydeaqui.ddns.net\/pachuca\/index.php\/wp-json\/wp\/v2\/media?parent=96484"}],"wp:term":[{"taxonomy":"product_brand","embeddable":true,"href":"https:\/\/soydeaqui.ddns.net\/pachuca\/index.php\/wp-json\/wp\/v2\/product_brand?post=96484"},{"taxonomy":"product_cat","embeddable":true,"href":"https:\/\/soydeaqui.ddns.net\/pachuca\/index.php\/wp-json\/wp\/v2\/product_cat?post=96484"},{"taxonomy":"product_tag","embeddable":true,"href":"https:\/\/soydeaqui.ddns.net\/pachuca\/index.php\/wp-json\/wp\/v2\/product_tag?post=96484"}],"curies":[{"name":"wp","href":"https:\/\/api.w.org\/{rel}","templated":true}]}}