{"id":96482,"date":"2026-03-20T08:15:40","date_gmt":"2026-03-20T08:15:40","guid":{"rendered":"https:\/\/soydeaqui.ddns.net\/pachuca\/index.php\/producto\/b20s-camara-termografica-portatil-resolucion-ir-256-x-192-y-visual-2mp-rango-de-20c-a-550c-pantalla-lcd-3-2-superir-modos-fusion-y-pip-wi-fi-memoria-16gb\/"},"modified":"2026-03-20T08:15:40","modified_gmt":"2026-03-20T08:15:40","slug":"b20s-camara-termografica-portatil-resolucion-ir-256-x-192-y-visual-2mp-rango-de-20c-a-550c-pantalla-lcd-3-2-superir-modos-fusion-y-pip-wi-fi-memoria-16gb","status":"publish","type":"product","link":"https:\/\/soydeaqui.ddns.net\/pachuca\/index.php\/producto\/b20s-camara-termografica-portatil-resolucion-ir-256-x-192-y-visual-2mp-rango-de-20c-a-550c-pantalla-lcd-3-2-superir-modos-fusion-y-pip-wi-fi-memoria-16gb\/","title":{"rendered":"B20S &#8211; C\u00e1mara Termogr\u00e1fica Port\u00e1til \/ Resoluci\u00f3n IR 256 x 192 y Visual 2MP \/ Rango de -20\u00b0C a 550\u00b0C \/ Pantalla LCD 3.2&#8243; \/ SuperIR \/ Modos Fusi\u00f3n y PIP \/ Wi-Fi \/ Memoria 16GB"},"content":{"rendered":"<div style='width: 100%; max-width: 1200px; margin: 0 auto; font-family: sans-serif; line-height: 1.6; color: inherit; background-color: transparent;'> <!-- Logo --> <\/p>\n<div style='text-align: center; margin: 30px 0;'> <img style='width: 45%; height: auto; border: 1px solid rgba(150&comma;150&comma;150&comma;0.3); border-radius: 8px;' src='https:\/\/ftp3.syscom.mx\/usuarios\/fotos\/HMTP2310VF\/WM30\/200759-logo-hikmicro.png' alt='Logo HIKMICRO'> <\/div>\n<p> <!-- Secci\u00f3n de caracter\u00edsticas --> <\/p>\n<div style='display: flex; flex-wrap: wrap; gap: 30px; margin-bottom: 30px;'>\n<div style='flex: 1 1 300px; min-width: 280px;'>\n<h3 style='font-size: 22px; border-bottom: 2px solid currentColor; padding-bottom: 5px; margin-top: 0; color: inherit; opacity: 0.8;'>Alta calidad de imagen<\/h3>\n<p style='font-size: 15px; color: inherit;'> Consiga una claridad sin igual con la HIKMICRO B20S&comma; que trae un detector VOx (NETD < 40 mK) altamente sensible y algoritmos de mejora de imagen optimizados. V\u00e9alo todo en una pantalla LCD de 3&comma;2' con una n\u00edtida resoluci\u00f3n de 640x480&comma; capturando cada detalle con su resoluci\u00f3n t\u00e9rmica de 256x192. <\/p>\n<\/p><\/div>\n<\/p><\/div>\n<p> <!-- Imagen 1 --> <\/p>\n<div style='margin: 30px 0;'> <img style='width: 100%; height: auto; border: 1px solid rgba(150&comma;150&comma;150&comma;0.3); border-radius: 8px;' src='https:\/\/ftp3.syscom.mx\/usuarios\/emendoza\/elesbanmch\/HikMicro\/B20S-2.png' alt='Imagen 1'> <\/div>\n<p> <!-- Pantalla nueva y mejorada --> <\/p>\n<div style='display: flex; flex-wrap: wrap; gap: 30px; margin-bottom: 30px;'>\n<div style='flex: 1 1 300px; min-width: 280px;'>\n<h3 style='font-size: 22px; border-bottom: 2px solid currentColor; padding-bottom: 5px; margin-top: 0; color: inherit; opacity: 0.8;'>Pantalla nueva y mejorada<\/h3>\n<p style='font-size: 15px; color: inherit;'> La B20S incorpora una pantalla de alta resoluci\u00f3n de 640&#215;480. Con el SuperIT&comma; podr\u00e1 disfrutar de vistas previas de alta definici\u00f3n en tiempo real&comma; revelando m\u00e1s detalles y mejorando su experiencia en general. <\/p>\n<\/p><\/div>\n<\/p><\/div>\n<p> <!-- Imagen 2 --> <\/p>\n<div style='margin: 30px 0;'> <img style='width: 100%; height: auto; border: 1px solid rgba(150&comma;150&comma;150&comma;0.3); border-radius: 8px;' src='https:\/\/ftp3.syscom.mx\/usuarios\/emendoza\/elesbanmch\/HikMicro\/B20S-1.png' alt='Imagen 2'> <\/div>\n<p> <!-- Especificaciones cards --> <\/p>\n<div style='display: flex; flex-wrap: wrap; gap: 20px; margin-bottom: 30px;'>\n<div style='flex: 1 1 250px; border: 1px solid rgba(150&comma; 150&comma; 150&comma; 0.4); border-radius: 8px; overflow: hidden; display: flex; flex-direction: column;'>\n<div style='padding: 15px; border-bottom: 1px solid rgba(150&comma; 150&comma; 150&comma; 0.2); font-weight: bold; font-size: 18px; color: inherit;'>Caracter\u00edsticas Generales<\/div>\n<div style='padding: 15px; color: inherit;'>\n<ul style='padding-left: 20px; margin: 0; font-size: 14px; list-style-type: disc;'>\n<li style='margin-bottom: 5px;'><strong>Wi-Fi<\/strong>: 802.11 b\/g\/n (2.4GHz)<\/li>\n<li style='margin-bottom: 5px;'><strong>Interfaz USB<\/strong>: Tipo-C<\/li>\n<li style='margin-bottom: 5px;'><strong>Memoria<\/strong>: 16GB<\/li>\n<li style='margin-bottom: 5px;'><strong>Almacenamiento<\/strong>: Aprox. 35&comma;000 im\u00e1genes<\/li>\n<li style='margin-bottom: 5px;'><strong>Formato de imagen<\/strong>: JPEG radiom\u00e9trico<\/li>\n<li style='margin-bottom: 5px;'><strong>Fuente de Alimentaci\u00f3n<\/strong>: USB-C (5V\/2A)<\/li>\n<li style='margin-bottom: 5px;'><strong>Tipo de Bater\u00eda<\/strong>: Bater\u00eda de iones de litio recargable<\/li>\n<li style='margin-bottom: 5px;'><strong>Duraci\u00f3n de la Bater\u00eda<\/strong>: Aprox. 6 horas<\/li>\n<li style='margin-bottom: 5px;'><strong>Tiempo de Carga<\/strong>: Aprox. 3 horas para una carga completa<\/li>\n<li style='margin-bottom: 5px;'><strong>Nivel de Protecci\u00f3n<\/strong>: IP54<\/li>\n<li style='margin-bottom: 5px;'><strong>Prueba de Ca\u00edda<\/strong>: 2 m (6.56 ft)<\/li>\n<li style='margin-bottom: 5px;'><strong>Rango de Temperatura de Funcionamiento<\/strong>: -10\u00b0C a 50\u00b0C (14\u00b0F a 122\u00b0F)<\/li>\n<li style='margin-bottom: 5px;'><strong>Rango de Temperatura de Almacenamiento<\/strong>: -20\u00b0C a 60\u00b0C (-4\u00b0F a 140\u00b0F)<\/li>\n<li style='margin-bottom: 5px;'><strong>Humedad Relativa<\/strong>: < 95% sin condensaci\u00f3n<\/li>\n<li style='margin-bottom: 5px;'><strong>Peso<\/strong>: Aprox. 380 g (0.84 lb)<\/li>\n<li style='margin-bottom: 5px;'><strong>Dimensiones<\/strong>: 221.7 \u00d7 73.5 \u00d7 123.8 mm (8.73 \u00d7 2.89 \u00d7 4.87 in)<\/li>\n<li style='margin-bottom: 5px;'><strong>Montaje en Tr\u00edpode<\/strong>: UNC \u00bc\u201d-20<\/li>\n<\/ul><\/div>\n<\/p><\/div>\n<div style='flex: 1 1 250px; border: 1px solid rgba(150&comma; 150&comma; 150&comma; 0.4); border-radius: 8px; overflow: hidden; display: flex; flex-direction: column;'>\n<div style='padding: 15px; border-bottom: 1px solid rgba(150&comma; 150&comma; 150&comma; 0.2); font-weight: bold; font-size: 18px; color: inherit;'>Medici\u00f3n y An\u00e1lisis<\/div>\n<div style='padding: 15px; color: inherit;'>\n<ul style='padding-left: 20px; margin: 0; font-size: 14px; list-style-type: disc;'>\n<li style='margin-bottom: 5px;'><strong>Rango de Temperatura<\/strong>: -20\u00b0C a 550\u00b0C (-4\u00b0F a 1022\u00b0F)<\/li>\n<li style='margin-bottom: 5px;'><strong>Precisi\u00f3n<\/strong>: M\u00e1x. (\u00b1 2\u00b0C\/3.6\u00b0F&comma; \u00b1 2%)&comma; para temperatura ambiente de 15\u00b0C a 35\u00b0C (59\u00b0F a 95\u00b0F) y temperatura de objeto superior a 0\u00b0C (32\u00b0F)<\/li>\n<li style='margin-bottom: 5px;'><strong>Herramientas de Medici\u00f3n<\/strong>: Punto central&comma; punto caliente&comma; punto fr\u00edo. Definible por el usuario: 3 puntos<\/li>\n<li style='margin-bottom: 5px;'><strong>Modo de Nivel y Escala<\/strong>: Autom\u00e1tico\/Manual<\/li>\n<\/ul><\/div>\n<\/p><\/div>\n<div style='flex: 1 1 250px; border: 1px solid rgba(150&comma; 150&comma; 150&comma; 0.4); border-radius: 8px; overflow: hidden; display: flex; flex-direction: column;'>\n<div style='padding: 15px; border-bottom: 1px solid rgba(150&comma; 150&comma; 150&comma; 0.2); font-weight: bold; font-size: 18px; color: inherit;'>Imagen Infrarroja<\/div>\n<div style='padding: 15px; color: inherit;'>\n<ul style='padding-left: 20px; margin: 0; font-size: 14px; list-style-type: disc;'>\n<li style='margin-bottom: 5px;'><strong>Resoluci\u00f3n IR<\/strong>: 256 \u00d7 192 (49&comma;152 p\u00edxeles)<\/li>\n<li style='margin-bottom: 5px;'><strong>SuperIR<\/strong>: S\u00ed&comma; en im\u00e1genes capturadas y vista en vivo<\/li>\n<li style='margin-bottom: 5px;'><strong>NETD<\/strong>: < 40 mK (@ 25 \u00b0C&comma; F#=1.0)<\/li>\n<li style='margin-bottom: 5px;'><strong>Frecuencia de Imagen<\/strong>: 25 Hz<\/li>\n<li style='margin-bottom: 5px;'><strong>Tama\u00f1o del Detector<\/strong>: 12 \u03bcm<\/li>\n<li style='margin-bottom: 5px;'><strong>Rango Espectral<\/strong>: 7.5 a 14 \u03bcm<\/li>\n<li style='margin-bottom: 5px;'><strong>Longitud Focal<\/strong>: 3.6 mm<\/li>\n<li style='margin-bottom: 5px;'><strong>N\u00famero F<\/strong>: F1.0<\/li>\n<li style='margin-bottom: 5px;'><strong>Campo de Visi\u00f3n (FOV)<\/strong>: 37.2\u00b0 \u00d7 50.0\u00b0<\/li>\n<li style='margin-bottom: 5px;'><strong>Resoluci\u00f3n Espacial (IFOV)<\/strong>: 3.3 mrad<\/li>\n<li style='margin-bottom: 5px;'><strong>Distancia M\u00ednima de Enfoque<\/strong>: 0.3 m (0.98 ft)<\/li>\n<li style='margin-bottom: 5px;'><strong>Modo de Enfoque<\/strong>: Enfoque libre<\/li>\n<\/ul><\/div>\n<\/p><\/div>\n<\/p><\/div>\n<p> <!-- Separador --> <\/p>\n<hr style='border: 0; border-top: 1px solid rgba(150&comma; 150&comma; 150&comma; 0.3); margin: 30px 0;'> <!-- Secci\u00f3n de conectividad --> <\/p>\n<div style='display: flex; flex-wrap: wrap; gap: 30px; margin-bottom: 30px;'>\n<div style='flex: 1 1 300px; min-width: 280px;'>\n<h3 style='font-size: 22px; border-bottom: 2px solid currentColor; padding-bottom: 5px; margin-top: 0; color: inherit; opacity: 0.8;'>Conectividad Wi-Fi<\/h3>\n<p style='font-size: 15px; color: inherit;'> Con\u00e9ctese a dispositivos m\u00f3viles mediante la conexi\u00f3n Wi-Fi integrada y la aplicaci\u00f3n HIKMICRO Viewer para compartir r\u00e1pidamente sus im\u00e1genes. <\/p>\n<\/p><\/div>\n<\/p><\/div>\n<p> <!-- Imagen conectividad --> <\/p>\n<div style='margin: 30px 0;'> <img style='width: 100%; height: auto; border: 1px solid rgba(150&comma;150&comma;150&comma;0.3); border-radius: 8px;' src='https:\/\/ftp3.syscom.mx\/usuarios\/emendoza\/elesbanmch\/HikMicro\/B20S-3.png' alt='Conectividad Wi-Fi'> <\/div>\n<p> <!-- Secci\u00f3n modo macro --> <\/p>\n<div style='display: flex; flex-wrap: wrap; gap: 30px; margin-bottom: 30px;'>\n<div style='flex: 1 1 300px; min-width: 280px;'>\n<h3 style='font-size: 22px; border-bottom: 2px solid currentColor; padding-bottom: 5px; margin-top: 0; color: inherit; opacity: 0.8;'>Modo macro opcional innovador<\/h3>\n<p style='font-size: 15px; color: inherit;'> Usando una lente macro con clip&comma; las c\u00e1maras B20S pueden ver detalles tan peque\u00f1os como 500 micrones y le permiten tomar lecturas precisas de temperatura en objetos peque\u00f1os&comma; como componentes en placas de circuito impreso o ensamblajes. <\/p>\n<\/p><\/div>\n<\/p><\/div>\n<p> <!-- Imagen modo macro --> <\/p>\n<div style='margin: 30px 0;'> <img style='width: 100%; height: auto; border: 1px solid rgba(150&comma;150&comma;150&comma;0.3); border-radius: 8px;' src='https:\/\/ftp3.syscom.mx\/usuarios\/emendoza\/elesbanmch\/HikMicro\/B20S-4.png' alt='Modo macro opcional innovador'> <\/div>\n<p> <!-- Banner final --> <\/p>\n<div style='text-align: center; margin: 30px 0;'> <img style='width: 100%; height: auto; border: 1px solid rgba(150&comma;150&comma;150&comma;0.3); border-radius: 8px;' src='https:\/\/ftp3.syscom.mx\/usuarios\/emendoza\/elesbanmch\/HikMicro\/HIKMICRO.png' alt='Banner Final'> <\/div>\n<\/p><\/div>\n","protected":false},"excerpt":{"rendered":"<p>B20S &#8211; C\u00e1mara Termogr\u00e1fica Port\u00e1til \/ Resoluci\u00f3n IR 256 x 192 y Visual 2MP \/ Rango de -20\u00b0C a 550\u00b0C \/ Pantalla LCD 3.2&#8243; \/ SuperIR \/ Modos Fusi\u00f3n y PIP \/ Wi-Fi \/ Memoria 16GB<\/p>\n","protected":false},"featured_media":96481,"comment_status":"open","ping_status":"closed","template":"","meta":[],"product_brand":[],"product_cat":[1049],"product_tag":[122,158,1050],"class_list":{"0":"post-96482","1":"product","2":"type-product","3":"status-publish","4":"has-post-thumbnail","6":"product_cat-termicas","7":"product_tag-camaras-ip-y-nvrs","8":"product_tag-hikmicro","9":"product_tag-termicas","11":"first","12":"instock","13":"sale","14":"shipping-taxable","15":"purchasable","16":"product-type-simple"},"_links":{"self":[{"href":"https:\/\/soydeaqui.ddns.net\/pachuca\/index.php\/wp-json\/wp\/v2\/product\/96482","targetHints":{"allow":["GET"]}}],"collection":[{"href":"https:\/\/soydeaqui.ddns.net\/pachuca\/index.php\/wp-json\/wp\/v2\/product"}],"about":[{"href":"https:\/\/soydeaqui.ddns.net\/pachuca\/index.php\/wp-json\/wp\/v2\/types\/product"}],"replies":[{"embeddable":true,"href":"https:\/\/soydeaqui.ddns.net\/pachuca\/index.php\/wp-json\/wp\/v2\/comments?post=96482"}],"wp:featuredmedia":[{"embeddable":true,"href":"https:\/\/soydeaqui.ddns.net\/pachuca\/index.php\/wp-json\/wp\/v2\/media\/96481"}],"wp:attachment":[{"href":"https:\/\/soydeaqui.ddns.net\/pachuca\/index.php\/wp-json\/wp\/v2\/media?parent=96482"}],"wp:term":[{"taxonomy":"product_brand","embeddable":true,"href":"https:\/\/soydeaqui.ddns.net\/pachuca\/index.php\/wp-json\/wp\/v2\/product_brand?post=96482"},{"taxonomy":"product_cat","embeddable":true,"href":"https:\/\/soydeaqui.ddns.net\/pachuca\/index.php\/wp-json\/wp\/v2\/product_cat?post=96482"},{"taxonomy":"product_tag","embeddable":true,"href":"https:\/\/soydeaqui.ddns.net\/pachuca\/index.php\/wp-json\/wp\/v2\/product_tag?post=96482"}],"curies":[{"name":"wp","href":"https:\/\/api.w.org\/{rel}","templated":true}]}}