{"id":96477,"date":"2026-03-20T08:15:25","date_gmt":"2026-03-20T08:15:25","guid":{"rendered":"https:\/\/soydeaqui.ddns.net\/pachuca\/index.php\/producto\/minix-camara-termografica-inalambrica-resolucion-ir-256-x-192-superir-rango-de-20c-a-550c-camara-visual-0-3mp-modos-fusion-y-pip-bateria-4h-ip54\/"},"modified":"2026-03-20T08:15:34","modified_gmt":"2026-03-20T08:15:34","slug":"minix-camara-termografica-inalambrica-resolucion-ir-256-x-192-superir-rango-de-20c-a-550c-camara-visual-0-3mp-modos-fusion-y-pip-bateria-4h-ip54","status":"publish","type":"product","link":"https:\/\/soydeaqui.ddns.net\/pachuca\/index.php\/producto\/minix-camara-termografica-inalambrica-resolucion-ir-256-x-192-superir-rango-de-20c-a-550c-camara-visual-0-3mp-modos-fusion-y-pip-bateria-4h-ip54\/","title":{"rendered":"MiniX &#8211; C\u00e1mara Termogr\u00e1fica Inal\u00e1mbrica \/ Resoluci\u00f3n IR 256 x 192 \/ SuperIR \/ Rango de -20\u00b0C a 550\u00b0C \/ C\u00e1mara Visual 0.3MP \/ Modos Fusi\u00f3n y PIP \/ Bater\u00eda 4h \/ IP54"},"content":{"rendered":"<div style='width: 100%; max-width: 1200px; margin: 0 auto; font-family: sans-serif; line-height: 1.6; color: inherit; background-color: transparent;'> <!-- Logo --> <\/p>\n<div style='text-align: center; margin: 20px 0;'> <img style='max-width: 45%; height: auto; border: 1px solid rgba(150&comma;150&comma;150&comma;0.3); border-radius: 8px;' src='https:\/\/ftp3.syscom.mx\/usuarios\/fotos\/HMTP2310VF\/WM30\/200759-logo-hikmicro.png' alt='Logo HikMicro'> <\/div>\n<p> <!-- T\u00edtulo principal --> <\/p>\n<h3 style='text-align: center; font-family: Verdana&comma; Geneva&comma; sans-serif; color: #151969; font-weight: bold; margin: 20px 0;'>Conoce la c\u00e1mara MINIX<\/h3>\n<p> <!-- Video --> <\/p>\n<div style='text-align: center; margin: 20px 0;'>\n<div style='position: relative; padding-bottom: 56.25%; height: 0; overflow: hidden; margin-bottom: 30px;'> <video style='position: absolute; top: 0; left: 0; width: 100%; height: 100%; border: none;' src='https:\/\/ftp3.syscom.mx\/usuarios\/emendoza\/elesbanmch\/HikMicro\/minix\/180M-MiniX%20Promotion%20Video%202024-9-30.mp4' loop muted controls width='300' height='150'> <br \/> <\/video> <\/div>\n<\/p><\/div>\n<p> <!-- Contenido con im\u00e1genes y texto --> <\/p>\n<div style='display: flex; flex-direction: column; gap: 30px; margin-top: 20px;'> <!-- Primera imagen con texto --> <\/p>\n<div style='text-align: center;'>\n<h4 style='font-family: verdana&comma; geneva&comma; sans-serif; color: inherit; margin: 0;'><\/h4>\n<p> <img style='width: 100%; height: auto; border: 1px solid rgba(150&comma;150&comma;150&comma;0.3); border-radius: 8px;' src='https:\/\/ftp3.syscom.mx\/usuarios\/emendoza\/elesbanmch\/HikMicro\/minix\/miniX-_02.jpg' alt='Contenido de la caja'> <\/p>\n<p style='font-family: verdana&comma; geneva&comma; sans-serif; color: inherit; margin-top: 10px;'> <strong>Conexi\u00f3n inal\u00e1mbrica estable&comma; amplia compatibilidad<\/strong><br \/> La c\u00e1mara t\u00e9rmica HIKIMICRO MiniX conecta con dispositivos Android\/iOS&comma; sin necesidad de sustituirla al cambiar el m\u00f3vil. <\/p>\n<\/p><\/div>\n<p> <!-- Segunda imagen con texto --> <\/p>\n<div style='text-align: center;'> <img style='width: 100%; height: auto; border: 1px solid rgba(150&comma;150&comma;150&comma;0.3); border-radius: 8px;' src='https:\/\/ftp3.syscom.mx\/usuarios\/emendoza\/elesbanmch\/HikMicro\/minix\/miniX_05.jpg' alt='Vista lateral del dispositivo'> <\/p>\n<p style='font-family: verdana&comma; geneva&comma; sans-serif; color: inherit; margin-top: 10px;'> <strong>Lente focal ajustable<\/strong><br \/> Enfoque n\u00edtido de cerca a lejos con una lente focal ajustable de 3&comma;5 mm para obtener detalles precisos en la reparaci\u00f3n&comma; inspecci\u00f3n y seguimiento de placas de circuito impreso. <\/p>\n<\/p><\/div>\n<p> <!-- Tercera imagen con texto --> <\/p>\n<div style='text-align: center;'> <img style='width: 100%; height: auto; border: 1px solid rgba(150&comma;150&comma;150&comma;0.3); border-radius: 8px;' src='https:\/\/ftp3.syscom.mx\/usuarios\/emendoza\/elesbanmch\/HikMicro\/minix\/miniX_06.jpg' alt='Vista frontal del dispositivo'> <\/p>\n<p style='font-family: verdana&comma; geneva&comma; sans-serif; color: inherit; margin-top: 10px;'> <strong>Conexi\u00f3n inal\u00e1mbrica sencilla y estable<\/strong><br \/> La c\u00e1mara t\u00e9rmica MiniX puede simplemente escanear un c\u00f3digo QR para conseguir una conexi\u00f3n inal\u00e1mbrica r\u00e1pida y disfrutar de transmisi\u00f3n de im\u00e1genes estable. <\/p>\n<\/p><\/div>\n<\/p><\/div>\n<p> <!-- Caracter\u00edsticas principales --> <\/p>\n<div style='display: flex; flex-wrap: wrap; gap: 20px; margin-top: 30px;'> <!-- Caracter\u00edsticas Generales --> <\/p>\n<div style='flex: 1 1 300px; border: 1px solid rgba(150&comma; 150&comma; 150&comma; 0.4); border-radius: 8px; overflow: hidden; display: flex; flex-direction: column;'>\n<div style='padding: 15px; border-bottom: 1px solid rgba(150&comma; 150&comma; 150&comma; 0.2); font-weight: bold; font-size: 18px; background: #df001e; color: white; border-bottom: 1px solid #a80000;'> Caracter\u00edsticas Generales: <\/div>\n<div style='padding: 15px; color: inherit;'>\n<ul style='padding-left: 20px; margin: 0; font-size: 14px; list-style-type: disc;'>\n<li style='margin-bottom: 10px;'> <strong>Wi-Fi:<\/strong> 802.11 b\/g\/n (2.4 GHz y 5 GHz) <\/li>\n<li style='margin-bottom: 10px;'> <strong>Interfaz USB:<\/strong> USB Tipo-C <\/li>\n<li style='margin-bottom: 10px;'> <strong>M\u00e9todo de Instalaci\u00f3n:<\/strong>\n<ul style='padding-left: 20px; margin: 5px 0; list-style-type: disc;'>\n<li style='margin-bottom: 5px;'>Clip en tel\u00e9fonos o tabletas<\/li>\n<li style='margin-bottom: 5px;'>Montaje magn\u00e9tico en pared<\/li>\n<li style='margin-bottom: 5px;'>Montaje en tr\u00edpode<\/li>\n<\/ul>\n<\/li>\n<li style='margin-bottom: 10px;'> <strong>Compatibilidad de Software:<\/strong> Aplicaci\u00f3n HIKMICRO Viewer para iOS y Android&comma; software HIKMICRO Analyzer para Windows <\/li>\n<li style='margin-bottom: 10px;'> <strong>Compatibilidad de Dispositivos:<\/strong>\n<ul style='padding-left: 20px; margin: 5px 0; list-style-type: disc;'>\n<li style='margin-bottom: 5px;'>iOS (versi\u00f3n 14 o posterior)&comma; Android (versi\u00f3n 9 o posterior)<\/li>\n<li style='margin-bottom: 5px;'>Smartphones&comma; tabletas o dispositivos Windows<\/li>\n<\/ul>\n<\/li>\n<li style='margin-bottom: 10px;'> <strong>Fuente de Alimentaci\u00f3n<\/strong> <\/li>\n<li style='margin-bottom: 10px;'> <strong>USB-C:<\/strong> (5V\/2A) <\/li>\n<li style='margin-bottom: 10px;'> <strong>Modo de Ahorro de Energ\u00eda:<\/strong> Apagado autom\u00e1tico <\/li>\n<li style='margin-bottom: 10px;'> <strong>Tipo de Bater\u00eda:<\/strong> Bater\u00eda recargable de iones de litio <\/li>\n<li style='margin-bottom: 10px;'> <strong>Tiempo de Funcionamiento de la Bater\u00eda:<\/strong> Aprox. 4 horas <\/li>\n<li style='margin-bottom: 10px;'> <strong>Tiempo de Carga de la Bater\u00eda:<\/strong>\n<ul style='padding-left: 20px; margin: 5px 0; list-style-type: disc;'>\n<li style='margin-bottom: 5px;'>Carga r\u00e1pida: 50 % en 30 minutos&comma; 85 % en 1 hora&comma; 100 % en 2 horas<\/li>\n<\/ul>\n<\/li>\n<li style='margin-bottom: 10px;'> <strong>Indicador de Bater\u00eda:<\/strong> S\u00ed&comma; indicando nivel de bater\u00eda y estado de carga <\/li>\n<li style='margin-bottom: 10px;'> <strong>Protecci\u00f3n<\/strong> <\/li>\n<li style='margin-bottom: 10px;'> <strong>Nivel de Protecci\u00f3n:<\/strong> IP54 <\/li>\n<li style='margin-bottom: 10px;'> <strong>Altura de Prueba de Ca\u00edda:<\/strong> 1 m (3.28 ft) <\/li>\n<li style='margin-bottom: 10px;'> <strong>Rango de Temperatura de Funcionamiento:<\/strong> -10 \u00b0C a 50 \u00b0C (14 \u00b0F a 122 \u00b0F) <\/li>\n<li style='margin-bottom: 10px;'> <strong>Rango de Temperatura de Almacenamiento:<\/strong> -20 \u00b0C a 70 \u00b0C (-4 \u00b0F a 158 \u00b0F) <\/li>\n<li style='margin-bottom: 10px;'> <strong>Humedad Relativa:<\/strong> < 95 % sin condensaci\u00f3n <\/li>\n<li style='margin-bottom: 10px;'> <strong>Dimensiones y Peso<\/strong> <\/li>\n<li style='margin-bottom: 10px;'> <strong>Peso:<\/strong> Aprox. 158 g (0.35 lb) <\/li>\n<li style='margin-bottom: 10px;'> <strong>Dimensiones:<\/strong> 155.45 \u00d7 38.89 \u00d7 32.15 mm (6.12 \u00d7 1.53 \u00d7 1.27 in) <\/li>\n<\/ul><\/div>\n<\/p><\/div>\n<p> <!-- Medici\u00f3n y An\u00e1lisis --> <\/p>\n<div style='flex: 1 1 300px; border: 1px solid rgba(150&comma; 150&comma; 150&comma; 0.4); border-radius: 8px; overflow: hidden; display: flex; flex-direction: column;'>\n<div style='padding: 15px; border-bottom: 1px solid rgba(150&comma; 150&comma; 150&comma; 0.2); font-weight: bold; font-size: 18px; background: #df001e; color: white; border-bottom: 1px solid #a80000;'> Medici\u00f3n y An\u00e1lisis: <\/div>\n<div style='padding: 15px; color: inherit;'>\n<ul style='padding-left: 20px; margin: 0; font-size: 14px; list-style-type: disc;'>\n<li style='margin-bottom: 10px;'> <strong>Rango de Temperatura del Objeto:<\/strong> -20 \u00b0C a 550 \u00b0C (-4 \u00b0F a 1022 \u00b0F) <\/li>\n<li style='margin-bottom: 10px;'> <strong>Precisi\u00f3n:<\/strong> M\u00e1x. (\u00b12 \u00b0C\/3.6 \u00b0F&comma; \u00b12 %)&comma; para temperatura ambiente de 15 \u00b0C a 35 \u00b0C (59 \u00b0F a 95 \u00b0F) y temperatura del objeto superior a 0 \u00b0C (32 \u00b0F) <\/li>\n<li style='margin-bottom: 10px;'> <strong>Herramientas de Medici\u00f3n:<\/strong>\n<ul style='padding-left: 20px; margin: 5px 0; list-style-type: disc;'>\n<li style='margin-bottom: 5px;'>Punto central&comma; punto caliente&comma; punto fr\u00edo<\/li>\n<li style='margin-bottom: 5px;'>Definible por el usuario: 3 puntos&comma; 3 rect\u00e1ngulos y 1 l\u00ednea<\/li>\n<\/ul>\n<\/li>\n<li style='margin-bottom: 10px;'> <strong>Modo de Nivel y Rango:<\/strong> Autom\u00e1tico\/Manual <\/li>\n<\/ul><\/div>\n<\/p><\/div>\n<\/p><\/div>\n<p> <!-- Imagen infrarroja --> <\/p>\n<div style='margin-top: 30px;'>\n<div style='border: 1px solid rgba(150&comma; 150&comma; 150&comma; 0.4); border-radius: 8px; overflow: hidden;'>\n<div style='padding: 15px; border-bottom: 1px solid rgba(150&comma; 150&comma; 150&comma; 0.2); font-weight: bold; font-size: 18px; background: #df001e; color: white; border-bottom: 1px solid #a80000;'> Imagen Infrarroja: <\/div>\n<div style='padding: 15px; color: inherit;'>\n<ul style='padding-left: 20px; margin: 0; font-size: 14px; list-style-type: disc;'>\n<li style='margin-bottom: 10px;'> <strong>Resoluci\u00f3n IR:<\/strong> 256 \u00d7 192 (49&comma;152 p\u00edxeles) <\/li>\n<li style='margin-bottom: 10px;'> <strong>SuperIR:<\/strong> S\u00ed&comma; en im\u00e1genes capturadas y vista en vivo <\/li>\n<li style='margin-bottom: 10px;'> <strong>NETD:<\/strong> < 40 mK (@ 25 \u00b0C&comma; F#=1.0) <\/li>\n<li style='margin-bottom: 10px;'> <strong>Frecuencia de Imagen:<\/strong> 25 Hz <\/li>\n<li style='margin-bottom: 10px;'> <strong>Tama\u00f1o del Detector:<\/strong> 12 \u03bcm <\/li>\n<li style='margin-bottom: 10px;'> <strong>Rango Espectral:<\/strong> 7.5 a 14 \u03bcm <\/li>\n<li style='margin-bottom: 10px;'> <strong>Distancia Focal:<\/strong> 3.6 mm <\/li>\n<li style='margin-bottom: 10px;'> <strong>Apertura:<\/strong> F1.0 <\/li>\n<li style='margin-bottom: 10px;'> <strong>Campo de Visi\u00f3n (FOV):<\/strong> 37.2\u00b0 \u00d7 50.0\u00b0 <\/li>\n<li style='margin-bottom: 10px;'> <strong>Resoluci\u00f3n Espacial (IFOV):<\/strong> 3.33 mrad <\/li>\n<li style='margin-bottom: 10px;'> <strong>Distancia M\u00ednima de Enfoque:<\/strong> 0.05 m (0.164 ft) <\/li>\n<li style='margin-bottom: 10px;'> <strong>Modo de Enfoque:<\/strong> Enfoque Manual <\/li>\n<li style='margin-bottom: 10px;'> <strong>Pantalla de Imagen<\/strong> <\/li>\n<li style='margin-bottom: 10px;'> <strong>C\u00e1mara Visual:<\/strong> 640 \u00d7 480 (0.3 MP) <\/li>\n<li style='margin-bottom: 10px;'> <strong>Paletas de Color:<\/strong> Blanco Caliente&comma; Negro Caliente&comma; Arco\u00edris&comma; Ironbow&comma; Rojo Caliente&comma; Fusi\u00f3n&comma; Lluvia&comma; Azul Rojo <\/li>\n<li style='margin-bottom: 10px;'> <strong>Modos de Imagen:<\/strong> T\u00e9rmico\/Visual\/Fusi\u00f3n\/PIP\/Mezcla <\/li>\n<\/ul><\/div>\n<\/p><\/div>\n<\/p><\/div>\n<p> <!-- Banner final --> <\/p>\n<div style='text-align: center; margin: 30px 0;'> <img style='width: 100%; height: auto; border: 1px solid rgba(150&comma;150&comma;150&comma;0.3); border-radius: 8px;' src='https:\/\/ftp3.syscom.mx\/usuarios\/emendoza\/elesbanmch\/HikMicro\/HIKMICRO.png' alt='Banner final HikMicro'> <\/div>\n<\/p><\/div>\n","protected":false},"excerpt":{"rendered":"<p>MiniX &#8211; C\u00e1mara Termogr\u00e1fica Inal\u00e1mbrica \/ Resoluci\u00f3n IR 256 x 192 \/ SuperIR \/ Rango de -20\u00b0C a 550\u00b0C \/ C\u00e1mara Visual 0.3MP \/ Modos Fusi\u00f3n y PIP \/ Bater\u00eda 4h \/ IP54<\/p>\n","protected":false},"featured_media":96476,"comment_status":"open","ping_status":"closed","template":"","meta":[],"product_brand":[],"product_cat":[1049],"product_tag":[122,158,1050],"class_list":{"0":"post-96477","1":"product","2":"type-product","3":"status-publish","4":"has-post-thumbnail","6":"product_cat-termicas","7":"product_tag-camaras-ip-y-nvrs","8":"product_tag-hikmicro","9":"product_tag-termicas","11":"first","12":"instock","13":"sale","14":"shipping-taxable","15":"purchasable","16":"product-type-simple"},"_links":{"self":[{"href":"https:\/\/soydeaqui.ddns.net\/pachuca\/index.php\/wp-json\/wp\/v2\/product\/96477","targetHints":{"allow":["GET"]}}],"collection":[{"href":"https:\/\/soydeaqui.ddns.net\/pachuca\/index.php\/wp-json\/wp\/v2\/product"}],"about":[{"href":"https:\/\/soydeaqui.ddns.net\/pachuca\/index.php\/wp-json\/wp\/v2\/types\/product"}],"replies":[{"embeddable":true,"href":"https:\/\/soydeaqui.ddns.net\/pachuca\/index.php\/wp-json\/wp\/v2\/comments?post=96477"}],"wp:featuredmedia":[{"embeddable":true,"href":"https:\/\/soydeaqui.ddns.net\/pachuca\/index.php\/wp-json\/wp\/v2\/media\/96476"}],"wp:attachment":[{"href":"https:\/\/soydeaqui.ddns.net\/pachuca\/index.php\/wp-json\/wp\/v2\/media?parent=96477"}],"wp:term":[{"taxonomy":"product_brand","embeddable":true,"href":"https:\/\/soydeaqui.ddns.net\/pachuca\/index.php\/wp-json\/wp\/v2\/product_brand?post=96477"},{"taxonomy":"product_cat","embeddable":true,"href":"https:\/\/soydeaqui.ddns.net\/pachuca\/index.php\/wp-json\/wp\/v2\/product_cat?post=96477"},{"taxonomy":"product_tag","embeddable":true,"href":"https:\/\/soydeaqui.ddns.net\/pachuca\/index.php\/wp-json\/wp\/v2\/product_tag?post=96477"}],"curies":[{"name":"wp","href":"https:\/\/api.w.org\/{rel}","templated":true}]}}