{"id":96458,"date":"2026-03-20T08:14:33","date_gmt":"2026-03-20T08:14:33","guid":{"rendered":"https:\/\/soydeaqui.ddns.net\/pachuca\/index.php\/producto\/adaptador-en-la-nube-hasta-16-canales-de-video-dvr-nvr-cam-ip-compatible-con-epcom-cloud-hasta-8mp\/"},"modified":"2026-03-20T08:14:34","modified_gmt":"2026-03-20T08:14:34","slug":"adaptador-en-la-nube-hasta-16-canales-de-video-dvr-nvr-cam-ip-compatible-con-epcom-cloud-hasta-8mp","status":"publish","type":"product","link":"https:\/\/soydeaqui.ddns.net\/pachuca\/index.php\/producto\/adaptador-en-la-nube-hasta-16-canales-de-video-dvr-nvr-cam-ip-compatible-con-epcom-cloud-hasta-8mp\/","title":{"rendered":"Adaptador en la Nube \/ Hasta 16 Canales de Video (DVR\/NVR\/ CAM IP) \/ Compatible con Epcom Cloud \/ Hasta 8MP"},"content":{"rendered":"<div style='width: 100%; max-width: 1200px; margin: 0 auto; font-family: sans-serif; line-height: 1.6; color: inherit; background-color: transparent;'>\n<div style='display: flex; flex-wrap: wrap; gap: 30px; margin-bottom: 30px;'>\n<div style='flex: 1 1 300px; min-width: 280px;'> <img style='width: 80%; height: auto; border: 1px solid rgba(150&comma;150&comma;150&comma;0.3); border-radius: 8px; margin-left: 10%;' src='https:\/\/ftp3.syscom.mx\/usuarios\/xguereque\/epcomcloud\/logo_solo.png' alt='Logo EPCOM Cloud'> <\/div>\n<div style='flex: 1 1 300px; min-width: 280px;'>\n<h2 style='font-size: 24px; margin-top: 0; color: inherit;'>\u00bfPor qu\u00e9 usar EPCOM Cloud&comma; Grabaci\u00f3n Nube?<\/h2>\n<p style='color: inherit;'>Tener nuestras c\u00e1maras funcionando por Epcom Cloud nos asegura:<\/p>\n<ul style='padding-left: 20px; font-size: 15px; color: inherit;'>\n<li style='margin-bottom: 5px;'>Video <strong style='color: inherit;'>extremo<\/strong> fluido para b\u00fasqueda de grabaciones<\/li>\n<li style='margin-bottom: 5px;'>Busqueda de video <strong style='color: inherit;'>r\u00e1pida<\/strong>&comma; encontrar evidencia r\u00e1pido<\/li>\n<li style='margin-bottom: 5px;'>Una aplicaci\u00f3n de lujo y una p\u00e1gina <strong style='color: inherit;'>web<\/strong> que puede accederse con cualquier navegador<\/li>\n<li style='margin-bottom: 5px;'><strong style='color: inherit;'>Alta seguridad<\/strong>: Toda su informaci\u00f3n fuera de acceso de cualquier intruso&comma; protegida por los m\u00e1s altos niveles de seguridad.<\/li>\n<li style='margin-bottom: 5px;'>Redundancia: Todas sus grabaciones en la nube&comma; todos sus equipos respaldados.<\/li>\n<li style='margin-bottom: 5px;'>M\u00e1s de 75&comma;000 c\u00e1maras respaldadas.<\/li>\n<\/ul><\/div>\n<\/p><\/div>\n<div style='display: flex; flex-wrap: wrap; gap: 30px; margin-bottom: 30px;'>\n<div style='flex: 1 1 300px; min-width: 280px;'>\n<h3 style='font-size: 22px; border-bottom: 2px solid currentColor; padding-bottom: 5px; margin-top: 0; color: inherit; opacity: 0.8;'>Adaptador para Epcom Cloud<\/h3>\n<p style='color: inherit;'>Este dispositivo es un adaptador para hacer compatibles todos aquellos DVR&comma; NVR y c\u00e1maras IP de la marca Epcom&comma; Hikvision y Hilook.<\/p>\n<p style='color: inherit;'>Combinamos nuestro software con la tecnolog\u00eda de Raspberry&comma; cada adaptador puede soportar el flujo de hasta 16 canales de video (ver secci\u00f3n <strong style='color: inherit;'>nota importante<\/strong>).<\/p>\n<p style='color: inherit;'>El dispositivo s\u00f3lo debe estar conectado en a misma red lan que los dispositivos a grabar en la nube.<\/p>\n<\/p><\/div>\n<div style='flex: 1 1 300px; min-width: 280px;'> <img style='width: 100%; height: auto; border: 1px solid rgba(150&comma;150&comma;150&comma;0.3); border-radius: 8px; object-fit: cover;' src='https:\/\/ftp3.syscom.mx\/usuarios\/xguereque\/epcomcloud\/imagenes\/CA-MINI.png' alt='Adaptador CAMINI16'> <\/div>\n<\/p><\/div>\n<div style='display: flex; flex-wrap: wrap; gap: 20px; margin-bottom: 30px;'>\n<div style='flex: 1 1 250px; border: 1px solid rgba(150&comma; 150&comma; 150&comma; 0.4); border-radius: 8px; overflow: hidden; display: flex; flex-direction: column;'>\n<div style='padding: 15px; border-bottom: 1px solid rgba(150&comma; 150&comma; 150&comma; 0.2); font-weight: bold; font-size: 18px; color: inherit;'>Caracter\u00edsticas principales:<\/div>\n<div style='padding: 15px; color: inherit;'>\n<ul style='padding-left: 20px; margin: 0; font-size: 14px; list-style-type: disc;'>\n<li style='margin-bottom: 5px;'>Soporta hasta 16 canales de grabaci\u00f3n<\/li>\n<li style='margin-bottom: 5px;'>Resoluci\u00f3n de 2mp&comma; 4mp y 8mp<\/li>\n<li style='margin-bottom: 5px;'>Grabaci\u00f3n por detecci\u00f3n de movimiento<\/li>\n<li style='margin-bottom: 5px;'>Grabaci\u00f3n continua<\/li>\n<li style='margin-bottom: 5px;'><strong style='color: inherit;'>No incluye licencias<\/strong>&comma; deben ser adquiridas por separado.<\/li>\n<\/ul><\/div>\n<\/p><\/div>\n<div style='flex: 1 1 250px; border: 1px solid rgba(150&comma; 150&comma; 150&comma; 0.4); border-radius: 8px; overflow: hidden; display: flex; flex-direction: column;'>\n<div style='padding: 15px; border-bottom: 1px solid rgba(150&comma; 150&comma; 150&comma; 0.2); font-weight: bold; font-size: 18px; color: inherit;'>Compatibilidad:<\/div>\n<div style='padding: 15px; color: inherit;'>\n<ul style='padding-left: 20px; margin: 0; font-size: 14px; list-style-type: disc;'>\n<li style='margin-bottom: 5px;'>Hikvision&comma; Epcom y Hi-Look<\/li>\n<li style='margin-bottom: 5px;'>Dahua<\/li>\n<li style='margin-bottom: 5px;'>Axis<\/li>\n<li style='margin-bottom: 5px;'>Uniview<\/li>\n<li style='margin-bottom: 5px;'>Vivotek<\/li>\n<li style='margin-bottom: 5px;'>Onvif (s\u00f3lo c\u00e1maras IP)<\/li>\n<\/ul><\/div>\n<\/p><\/div>\n<div style='flex: 1 1 250px; border: 1px solid rgba(150&comma; 150&comma; 150&comma; 0.4); border-radius: 8px; overflow: hidden; display: flex; flex-direction: column;'>\n<div style='padding: 15px; border-bottom: 1px solid rgba(150&comma; 150&comma; 150&comma; 0.2); font-weight: bold; font-size: 18px; color: inherit;'>Caracter\u00edsticas F\u00edsicas y El\u00e9ctricas:<\/div>\n<div style='padding: 15px; color: inherit;'>\n<ul style='padding-left: 20px; margin: 0; font-size: 14px; list-style-type: disc;'>\n<li style='margin-bottom: 5px;'>Alimentaci\u00f3n: 5.1v<\/li>\n<li style='margin-bottom: 5px;'>Consumo: 3A<\/li>\n<li style='margin-bottom: 5px;'>CPU: ARM Cortex-A72 de cuatro n\u00facleos a 1&comma;5 GHz<\/li>\n<li style='margin-bottom: 5px;'>GPU: Broadcom VideoCore VI<\/li>\n<\/ul><\/div>\n<\/p><\/div>\n<\/p><\/div>\n<div style='margin-bottom: 30px;'>\n<div style='border-left: 5px solid #484e50; border-radius: 5px; padding: 10px; box-shadow: 2px 2px 10px rgba(216&comma;216&comma;216&comma;0.5); -webkit-box-shadow: 2px 2px 10px rgba(216&comma;216&comma;216&comma;0.5); background-color: rgba(255&comma;255&comma;255&comma;0.05);'> <strong style='color: inherit;'>Nota Importante:<\/strong> <\/p>\n<p style='color: inherit;'>El adaptador soporta hasta un m\u00e1ximo de 16 canales a 2MP&comma; 16 canales a 4MP o 16 canales a 8MP.<\/p>\n<\/p><\/div>\n<\/p><\/div>\n<div style='margin-bottom: 30px;'> <strong style='color: inherit;'>Diagrama de uso:<\/strong> <\/p>\n<div style='margin-top: 10px;'> <img style='width: 70%; height: auto; border: 1px solid rgba(150&comma;150&comma;150&comma;0.3); border-radius: 8px; margin-left: 15%;' src='https:\/\/ftp3.syscom.mx\/usuarios\/xguereque\/epcomcloud\/diagrama-adaptercloud08.svg' alt='Diagrama de uso CAMINI16'> <\/div>\n<\/p><\/div>\n<hr style='border: 0; border-top: 1px solid rgba(150&comma; 150&comma; 150&comma; 0.3); margin: 30px 0;'> <\/div>\n","protected":false},"excerpt":{"rendered":"<p>Adaptador en la Nube \/ Hasta 16 Canales de Video (DVR\/NVR\/ CAM IP) \/ Compatible con Epcom Cloud \/ Hasta 8MP<\/p>\n","protected":false},"featured_media":96457,"comment_status":"open","ping_status":"closed","template":"","meta":[],"product_brand":[],"product_cat":[2315],"product_tag":[93,935,2065],"class_list":{"0":"post-96458","1":"product","2":"type-product","3":"status-publish","4":"has-post-thumbnail","6":"product_cat-accesorios-servidores-almacenamiento","7":"product_tag-accesorios","8":"product_tag-epcom","9":"product_tag-servidores-almacenamiento","11":"first","12":"instock","13":"sale","14":"shipping-taxable","15":"purchasable","16":"product-type-simple"},"_links":{"self":[{"href":"https:\/\/soydeaqui.ddns.net\/pachuca\/index.php\/wp-json\/wp\/v2\/product\/96458","targetHints":{"allow":["GET"]}}],"collection":[{"href":"https:\/\/soydeaqui.ddns.net\/pachuca\/index.php\/wp-json\/wp\/v2\/product"}],"about":[{"href":"https:\/\/soydeaqui.ddns.net\/pachuca\/index.php\/wp-json\/wp\/v2\/types\/product"}],"replies":[{"embeddable":true,"href":"https:\/\/soydeaqui.ddns.net\/pachuca\/index.php\/wp-json\/wp\/v2\/comments?post=96458"}],"wp:featuredmedia":[{"embeddable":true,"href":"https:\/\/soydeaqui.ddns.net\/pachuca\/index.php\/wp-json\/wp\/v2\/media\/96457"}],"wp:attachment":[{"href":"https:\/\/soydeaqui.ddns.net\/pachuca\/index.php\/wp-json\/wp\/v2\/media?parent=96458"}],"wp:term":[{"taxonomy":"product_brand","embeddable":true,"href":"https:\/\/soydeaqui.ddns.net\/pachuca\/index.php\/wp-json\/wp\/v2\/product_brand?post=96458"},{"taxonomy":"product_cat","embeddable":true,"href":"https:\/\/soydeaqui.ddns.net\/pachuca\/index.php\/wp-json\/wp\/v2\/product_cat?post=96458"},{"taxonomy":"product_tag","embeddable":true,"href":"https:\/\/soydeaqui.ddns.net\/pachuca\/index.php\/wp-json\/wp\/v2\/product_tag?post=96458"}],"curies":[{"name":"wp","href":"https:\/\/api.w.org\/{rel}","templated":true}]}}