{"id":96375,"date":"2026-03-20T08:10:47","date_gmt":"2026-03-20T08:10:47","guid":{"rendered":"https:\/\/soydeaqui.ddns.net\/pachuca\/index.php\/producto\/montaje-de-escritorio-articulado-para-2-monitores-de-27-34-soporta-hasta-16-kg-por-brazo-vesa-75-x-75-100-x-100-acero-giro-360\/"},"modified":"2026-03-20T08:10:51","modified_gmt":"2026-03-20T08:10:51","slug":"montaje-de-escritorio-articulado-para-2-monitores-de-27-34-soporta-hasta-16-kg-por-brazo-vesa-75-x-75-100-x-100-acero-giro-360","status":"publish","type":"product","link":"https:\/\/soydeaqui.ddns.net\/pachuca\/index.php\/producto\/montaje-de-escritorio-articulado-para-2-monitores-de-27-34-soporta-hasta-16-kg-por-brazo-vesa-75-x-75-100-x-100-acero-giro-360\/","title":{"rendered":"Montaje de Escritorio articulado para 2 monitores de 27-34&#8243; \/  Soporta hasta 16 kg  por brazo\/ Vesa 75 x 75 \/ 100 x 100 \/ Acero \/ Giro: 360\u00b0"},"content":{"rendered":"<div style='width: 100%; max-width: 1200px; margin: 0 auto; font-family: sans-serif; line-height: 1.6; color: inherit; background-color: transparent;'> <!-- Im\u00e1genes iniciales --> <\/p>\n<div style='display: flex; flex-wrap: wrap; gap: 15px; margin-bottom: 30px;'> <img style='width: 100%; height: auto; border: 1px solid rgba(150&comma;150&comma;150&comma;0.3); border-radius: 8px;' src='https:\/\/ftp3.syscom.mx\/usuarios\/albamaria\/albamaria\/NB\/ESTANDAR-VESA.jpg' alt=''> <img style='width: 100%; height: auto; border: 1px solid rgba(150&comma;150&comma;150&comma;0.3); border-radius: 8px;' src='https:\/\/ftp3.syscom.mx\/usuarios\/jmolinar\/JonathanMolinar\/NB\/G65-2.png' alt=''> <\/div>\n<p> <!-- T\u00edtulo --> <\/p>\n<h2 style='font-size: 22px; border-bottom: 2px solid currentColor; padding-bottom: 5px; margin-top: 0; color: inherit; opacity: 0.8;'> <span style='font-family: verdana&comma; geneva&comma; sans-serif;'>Montaje de escritorio para dos monitores<\/span> <\/h2>\n<p> <!-- Card principal con caracter\u00edsticas --> <\/p>\n<div style='display: flex; flex-wrap: wrap; gap: 20px; margin-top: 20px;'>\n<div style='flex: 1 1 300px; min-width: 280px;'>\n<div style='border: 1px solid rgba(150&comma; 150&comma; 150&comma; 0.4); border-radius: 8px; overflow: hidden;'> <img style='width: 100%; height: auto; border: none;' src='https:\/\/ftp3.syscom.mx\/usuarios\/albamaria\/albamaria\/Montajes\/ModeloG65NB\/G65NBImg1.png' alt=''> <\/p>\n<div style='padding: 15px; background-color: #080808; color: #f7f9f9; font-weight: bold; font-size: 18px;'>Caracter\u00edsticas Generales:<\/div>\n<ul style='padding-left: 20px; margin: 0; font-size: 14px; list-style-type: disc; color: inherit;'>\n<li style='margin-bottom: 5px;'><strong>Carga M\u00e1xima:<\/strong> 16Kg (35.2 lbs) x brazo<\/li>\n<li style='margin-bottom: 5px;'><strong>Monitores compatibles:<\/strong> 27-34&#8242;<\/li>\n<li style='margin-bottom: 5px;'><strong>VESA:<\/strong> 75&#215;75&comma; 100&#215;100<\/li>\n<li style='margin-bottom: 5px;'>Fabricado en acero<\/li>\n<li style='margin-bottom: 5px;'><strong>Inclinaci\u00f3n:<\/strong> +15\u00ba \/ -60\u00ba<\/li>\n<li style='margin-bottom: 5px;'><strong>Giro:<\/strong> \u00b190\u00b0<\/li>\n<li style='margin-bottom: 5px;'><strong>Rotaci\u00f3n:<\/strong> 360\u00b0<\/li>\n<li style='margin-bottom: 5px;'><strong>Altura m\u00e1xima:<\/strong> 28cm<\/li>\n<\/ul><\/div>\n<\/p><\/div>\n<\/p><\/div>\n<p> <!-- Secci\u00f3n de acorde\u00f3n - Dimensiones --> <\/p>\n<div style='margin-top: 30px;'>\n<div style='border: 1px solid rgba(150&comma; 150&comma; 150&comma; 0.4); border-radius: 8px; overflow: hidden; margin-bottom: 15px;'>\n<div style='padding: 15px; background-color: #080808; color: #f7f9f9; font-weight: bold; font-size: 16px;'>Dimensiones<\/div>\n<div style='padding: 15px; color: inherit;'> <img style='width: 100%; height: auto; border: 1px solid rgba(150&comma;150&comma;150&comma;0.3); border-radius: 8px;' src='https:\/\/ftp3.syscom.mx\/usuarios\/albamaria\/albamaria\/Montajes\/ModeloG65NB\/G65NBdimensiones.png' alt=''> <\/div>\n<\/p><\/div>\n<\/p><\/div>\n<p> <!-- Secci\u00f3n de acorde\u00f3n - Torniller\u00eda Incluida --> <\/p>\n<div style='margin-top: 30px;'>\n<div style='border: 1px solid rgba(150&comma; 150&comma; 150&comma; 0.4); border-radius: 8px; overflow: hidden;'>\n<div style='padding: 15px; background-color: #080808; color: #f7f9f9; font-weight: bold; font-size: 16px;'>Torniller\u00eda Incluida<\/div>\n<div style='padding: 15px; color: inherit;'>\n<div style='display: flex; flex-wrap: wrap; gap: 15px;'> <img style='width: 100%; height: auto; border: 1px solid rgba(150&comma;150&comma;150&comma;0.3); border-radius: 8px;' src='https:\/\/ftp3.syscom.mx\/usuarios\/albamaria\/\/Montajes\/Tornilleria%20%20SP5NB.png' alt=''> <img style='width: 100%; height: auto; border: 1px solid rgba(150&comma;150&comma;150&comma;0.3); border-radius: 8px;' src='https:\/\/ftp3.syscom.mx\/usuarios\/albamaria\/albamaria\/Montajes\/ModeloG65NB\/G65NBtornileria.png' alt=''> <\/div>\n<\/p><\/div>\n<\/p><\/div>\n<\/p><\/div>\n<p> <!-- Separador final --> <\/p>\n<hr style='border: 0; border-top: 1px solid rgba(150&comma; 150&comma; 150&comma; 0.3); margin: 30px 0;'> <\/div>\n","protected":false},"excerpt":{"rendered":"<p>Montaje de Escritorio articulado para 2 monitores de 27-34&#8243; \/  Soporta hasta 16 kg  por brazo\/ Vesa 75 x 75 \/ 100 x 100 \/ Acero \/ Giro: 360\u00b0<\/p>\n","protected":false},"featured_media":96374,"comment_status":"open","ping_status":"closed","template":"","meta":[],"product_brand":[],"product_cat":[2115],"product_tag":[93,2089,2229],"class_list":{"0":"post-96375","1":"product","2":"type-product","3":"status-publish","4":"has-post-thumbnail","6":"product_cat-accesorios-monitores-pantallas-y-mobiliario","7":"product_tag-accesorios","8":"product_tag-monitores-pantallas-y-mobiliario","9":"product_tag-nb-epcom","11":"first","12":"instock","13":"sale","14":"shipping-taxable","15":"purchasable","16":"product-type-simple"},"_links":{"self":[{"href":"https:\/\/soydeaqui.ddns.net\/pachuca\/index.php\/wp-json\/wp\/v2\/product\/96375","targetHints":{"allow":["GET"]}}],"collection":[{"href":"https:\/\/soydeaqui.ddns.net\/pachuca\/index.php\/wp-json\/wp\/v2\/product"}],"about":[{"href":"https:\/\/soydeaqui.ddns.net\/pachuca\/index.php\/wp-json\/wp\/v2\/types\/product"}],"replies":[{"embeddable":true,"href":"https:\/\/soydeaqui.ddns.net\/pachuca\/index.php\/wp-json\/wp\/v2\/comments?post=96375"}],"wp:featuredmedia":[{"embeddable":true,"href":"https:\/\/soydeaqui.ddns.net\/pachuca\/index.php\/wp-json\/wp\/v2\/media\/96374"}],"wp:attachment":[{"href":"https:\/\/soydeaqui.ddns.net\/pachuca\/index.php\/wp-json\/wp\/v2\/media?parent=96375"}],"wp:term":[{"taxonomy":"product_brand","embeddable":true,"href":"https:\/\/soydeaqui.ddns.net\/pachuca\/index.php\/wp-json\/wp\/v2\/product_brand?post=96375"},{"taxonomy":"product_cat","embeddable":true,"href":"https:\/\/soydeaqui.ddns.net\/pachuca\/index.php\/wp-json\/wp\/v2\/product_cat?post=96375"},{"taxonomy":"product_tag","embeddable":true,"href":"https:\/\/soydeaqui.ddns.net\/pachuca\/index.php\/wp-json\/wp\/v2\/product_tag?post=96375"}],"curies":[{"name":"wp","href":"https:\/\/api.w.org\/{rel}","templated":true}]}}