{"id":96358,"date":"2026-03-20T08:10:01","date_gmt":"2026-03-20T08:10:01","guid":{"rendered":"https:\/\/soydeaqui.ddns.net\/pachuca\/index.php\/producto\/monitor-led-4k-de-65-entrada-hdmi-vga-compatible-con-montaje-vesa-bocinas-integradas-uso-24-7\/"},"modified":"2026-03-20T08:10:02","modified_gmt":"2026-03-20T08:10:02","slug":"monitor-led-4k-de-65-entrada-hdmi-vga-compatible-con-montaje-vesa-bocinas-integradas-uso-24-7","status":"publish","type":"product","link":"https:\/\/soydeaqui.ddns.net\/pachuca\/index.php\/producto\/monitor-led-4k-de-65-entrada-hdmi-vga-compatible-con-montaje-vesa-bocinas-integradas-uso-24-7\/","title":{"rendered":"Monitor LED 4K de 65&#8243; \/ Entrada HDMI-VGA \/ Compatible con Montaje VESA \/ Bocinas Integradas \/ Uso 24\/7"},"content":{"rendered":"<div style='width: 100%; max-width: 1200px; margin: 0 auto; font-family: sans-serif; line-height: 1.6; color: inherit; background-color: transparent;'>\n<p style='text-align: center; margin: 0 0 20px 0;'><img style='width: 100%; max-width: 600px; height: auto; border: 1px solid rgba(150&comma;150&comma;150&comma;0.3); border-radius: 8px;' src='https:\/\/ftp3.syscom.mx\/usuarios\/nortega\/hikvision\/HPD.png' alt='Monitor HIKVISION DSD5065UCC'><\/p>\n<div style='display: flex; flex-wrap: wrap; gap: 20px; margin-bottom: 30px;'>\n<div style='flex: 1 1 300px; min-width: 280px;'>\n<div style='border-left: 5px solid #ff0000; border-radius: 5px; padding: 5px; box-shadow: 2px 2px 10px rgba(216&comma;216&comma;216&comma;0.3);'>\n<h3 style='font-size: 18px; margin-top: 0; margin-bottom: 15px; color: inherit; opacity: 0.8; font-family: sans-serif;'><strong>Caracter\u00edsticas principales:<\/strong><\/h3>\n<ul style='padding-left: 20px; margin: 0; font-size: 14px; color: inherit; font-family: sans-serif;'>\n<li style='margin-bottom: 5px;'>Monitor 65&#8242; 4K (3840 x 2160)<\/li>\n<li style='margin-bottom: 5px;'>Entrada de v\u00eddeo en HDMI x 2 y VGA x 1\n<ul style='padding-left: 20px; margin: 0;'>\n<li style='margin-bottom: 5px;'>Incluye cable HDMI<\/li>\n<\/ul>\n<\/li>\n<li style='margin-bottom: 5px;'>Compatible con montajes <strong>VESA 300 x 300<\/strong> (<a style='color: inherit; text-decoration: none; opacity: 0.8;' href='https:\/\/www.syscom.mx\/principal\/searchcont?route=DS-DM4255W-HIKVISION-158832&#038;autodetect=DS-DM4255W'>DS-DM4255W<\/a>)<\/li>\n<li style='margin-bottom: 5px;'><strong>Reproduce contenido directo de USB<\/strong> (AVI&comma; MPEG&comma; MOV&comma; MKV&comma; FLV&comma; MP4&comma; MP3&comma; y m\u00e1s)<\/li>\n<\/ul><\/div>\n<\/p><\/div>\n<div style='flex: 1 1 300px; min-width: 280px;'>\n<div style='border-left: 5px solid #ff0000; border-radius: 5px; padding: 5px; box-shadow: 2px 2px 10px rgba(216&comma;216&comma;216&comma;0.3);'>\n<h3 style='font-size: 18px; margin-top: 0; margin-bottom: 15px; color: inherit; opacity: 0.8; font-family: sans-serif;'><strong>Caracter\u00edsticas F\u00edsicas y El\u00e9ctricas:<\/strong><\/h3>\n<ul style='padding-left: 20px; margin: 0; font-size: 14px; color: inherit; font-family: sans-serif;'>\n<li style='margin-bottom: 5px;'>Alimentaci\u00f3n: 100 a 240 VCA<\/li>\n<li style='margin-bottom: 5px;'>Consumo m\u00e1ximo: 190 Watts<\/li>\n<li style='margin-bottom: 5px;'>Color negro<\/li>\n<li style='margin-bottom: 5px;'>Dimensiones:\n<ul style='padding-left: 20px; margin: 0;'>\n<li style='margin-bottom: 5px;'>Sin base: 1449.56 mm x 838.38 mm x 79.6 mm<\/li>\n<li style='margin-bottom: 5px;'>Con base: 1449.56 mm x 883.35 mm x 283.40 mm<\/li>\n<\/ul>\n<\/li>\n<li style='margin-bottom: 5px;'>Peso:\n<ul style='padding-left: 20px; margin: 0;'>\n<li style='margin-bottom: 5px;'>Sin base: 18.6 kg<\/li>\n<li style='margin-bottom: 5px;'>Con base: 18.7 kg<\/li>\n<\/ul>\n<\/li>\n<\/ul><\/div>\n<\/p><\/div>\n<div style='flex: 1 1 300px; min-width: 280px;'>\n<div style='border-left: 5px solid #ff0000; border-radius: 5px; padding: 5px; box-shadow: 2px 2px 10px rgba(216&comma;216&comma;216&comma;0.3);'>\n<h3 style='font-size: 18px; margin-top: 0; margin-bottom: 15px; color: inherit; opacity: 0.8; font-family: sans-serif;'><strong>Caracter\u00edsticas Destacadas:<\/strong><\/h3>\n<ul style='padding-left: 20px; margin: 0; font-size: 14px; color: inherit; font-family: sans-serif;'>\n<li style='margin-bottom: 5px;'>Componentes de alta confiabilidad y estabilidad<\/li>\n<li style='margin-bottom: 5px;'>Aspecto est\u00e9tico&comma; bisel ultra estrecho<\/li>\n<li style='margin-bottom: 5px;'>La resoluci\u00f3n 4K es 4 veces 1080P puede tener una vista m\u00e1s amplia y detalles m\u00e1s abundantes<\/li>\n<li style='margin-bottom: 5px;'>Altavoz incorporado<\/li>\n<li style='margin-bottom: 5px;'>Incluye control remoto<\/li>\n<li style='margin-bottom: 5px;'>Incluye cable HDMI<\/li>\n<li style='margin-bottom: 5px;'><strong>Incluye bases para escritorio<\/strong><\/li>\n<\/ul><\/div>\n<\/p><\/div>\n<\/p><\/div>\n<div style='display: flex; flex-direction: column; gap: 20px; margin-bottom: 30px;'> <img style='width: 100%; height: auto; border: 1px solid rgba(150&comma;150&comma;150&comma;0.3); border-radius: 8px;' src='https:\/\/ftp3.syscom.mx\/usuarios\/nortega\/hikvision\/monitores\/DSD5065UCC\/65medidas%20frontal.jpg' alt='Medidas frontales'> <img style='width: 100%; height: auto; border: 1px solid rgba(150&comma;150&comma;150&comma;0.3); border-radius: 8px;' src='https:\/\/ftp3.syscom.mx\/usuarios\/nortega\/hikvision\/monitores\/DSD5065UCC\/65medidas%20traseras.jpg' alt='Medidas traseras'> <img style='width: 100%; height: auto; border: 1px solid rgba(150&comma;150&comma;150&comma;0.3); border-radius: 8px;' src='https:\/\/ftp3.syscom.mx\/usuarios\/nortega\/hikvision\/imagenes\/HIKVISION-VW-DS.png' alt='Logo HIKVISION'> <\/div>\n<\/p><\/div>\n","protected":false},"excerpt":{"rendered":"<p>Monitor LED 4K de 65&#8243; \/ Entrada HDMI-VGA \/ Compatible con Montaje VESA \/ Bocinas Integradas \/ Uso 24\/7<\/p>\n","protected":false},"featured_media":96357,"comment_status":"open","ping_status":"closed","template":"","meta":[],"product_brand":[],"product_cat":[2191],"product_tag":[54,2089,2192],"class_list":{"0":"post-96358","1":"product","2":"type-product","3":"status-publish","4":"has-post-thumbnail","6":"product_cat-pantallas-monitores-monitores-pantallas-y-mobiliario","7":"product_tag-hikvision","8":"product_tag-monitores-pantallas-y-mobiliario","9":"product_tag-pantallas-monitores-2","11":"first","12":"instock","13":"sale","14":"shipping-taxable","15":"purchasable","16":"product-type-simple"},"_links":{"self":[{"href":"https:\/\/soydeaqui.ddns.net\/pachuca\/index.php\/wp-json\/wp\/v2\/product\/96358","targetHints":{"allow":["GET"]}}],"collection":[{"href":"https:\/\/soydeaqui.ddns.net\/pachuca\/index.php\/wp-json\/wp\/v2\/product"}],"about":[{"href":"https:\/\/soydeaqui.ddns.net\/pachuca\/index.php\/wp-json\/wp\/v2\/types\/product"}],"replies":[{"embeddable":true,"href":"https:\/\/soydeaqui.ddns.net\/pachuca\/index.php\/wp-json\/wp\/v2\/comments?post=96358"}],"wp:featuredmedia":[{"embeddable":true,"href":"https:\/\/soydeaqui.ddns.net\/pachuca\/index.php\/wp-json\/wp\/v2\/media\/96357"}],"wp:attachment":[{"href":"https:\/\/soydeaqui.ddns.net\/pachuca\/index.php\/wp-json\/wp\/v2\/media?parent=96358"}],"wp:term":[{"taxonomy":"product_brand","embeddable":true,"href":"https:\/\/soydeaqui.ddns.net\/pachuca\/index.php\/wp-json\/wp\/v2\/product_brand?post=96358"},{"taxonomy":"product_cat","embeddable":true,"href":"https:\/\/soydeaqui.ddns.net\/pachuca\/index.php\/wp-json\/wp\/v2\/product_cat?post=96358"},{"taxonomy":"product_tag","embeddable":true,"href":"https:\/\/soydeaqui.ddns.net\/pachuca\/index.php\/wp-json\/wp\/v2\/product_tag?post=96358"}],"curies":[{"name":"wp","href":"https:\/\/api.w.org\/{rel}","templated":true}]}}