{"id":96350,"date":"2026-03-20T08:09:38","date_gmt":"2026-03-20T08:09:38","guid":{"rendered":"https:\/\/soydeaqui.ddns.net\/pachuca\/index.php\/producto\/adaptador-de-pared-12-vcc-1-amp-cuenta-con-adaptador-de-clema-salida-de-3-5-mm\/"},"modified":"2026-03-20T08:09:39","modified_gmt":"2026-03-20T08:09:39","slug":"adaptador-de-pared-12-vcc-1-amp-cuenta-con-adaptador-de-clema-salida-de-3-5-mm","status":"publish","type":"product","link":"https:\/\/soydeaqui.ddns.net\/pachuca\/index.php\/producto\/adaptador-de-pared-12-vcc-1-amp-cuenta-con-adaptador-de-clema-salida-de-3-5-mm\/","title":{"rendered":"Adaptador de Pared \/ 12 Vcc \/ 1 Amp \/ Cuenta con Adaptador de Clema \/ Salida de 3.5 mm"},"content":{"rendered":"<div style='width: 100%; max-width: 1200px; margin: 0 auto; font-family: sans-serif; line-height: 1.6; color: inherit; background-color: transparent;'> <!-- Secci\u00f3n de t\u00edtulo --> <\/p>\n<h2 style='font-size: 24px; margin-bottom: 20px; color: inherit; opacity: 0.9;'>Adaptador de Pared \/ 12 Vcc \/ 1 Amp \/ Cuenta con Adaptador de Clema \/ Salida de 3.5 mm<\/h2>\n<p> <!-- Secci\u00f3n de caracter\u00edsticas --> <\/p>\n<div style='display: flex; flex-wrap: wrap; gap: 30px; margin-bottom: 30px;'>\n<div style='flex: 1 1 300px; min-width: 280px;'>\n<h3 style='font-size: 22px; border-bottom: 2px solid currentColor; padding-bottom: 5px; margin-top: 0; color: inherit; opacity: 0.8;'>Caracter\u00edsticas<\/h3>\n<ul style='padding-left: 20px; font-size: 15px; color: inherit;'>\n<li>FUENTE DE ALIMENTACION 12 VOLTS A 1 Amp<\/li>\n<\/ul>\n<h3 style='font-size: 22px; border-bottom: 2px solid currentColor; padding-bottom: 5px; margin-top: 20px; color: inherit; opacity: 0.8;'>Especificaciones<\/h3>\n<ul style='padding-left: 20px; font-size: 15px; color: inherit;'>\n<li style='margin-bottom: 5px;'>Salida de 3.5 mm<\/li>\n<li style='margin-bottom: 5px;'>Alimentaci\u00f3n a 110-240 volts<\/li>\n<li style='margin-bottom: 5px;'>Salida regulada a 12 volts<\/li>\n<li style='margin-bottom: 5px;'>Protecci\u00f3n contra descarga<\/li>\n<li style='margin-bottom: 5px;'>Compatible con c\u00e1maras de bajo consumo<\/li>\n<li style='margin-bottom: 5px;'>Terminal de voltaje desmontable<\/li>\n<\/ul><\/div>\n<\/p><\/div>\n<p> <!-- Secci\u00f3n de informaci\u00f3n t\u00e9cnica --> <\/p>\n<div style='display: flex; flex-wrap: wrap; gap: 20px; margin-bottom: 30px;'>\n<div style='flex: 1 1 250px; border: 1px solid rgba(150&comma; 150&comma; 150&comma; 0.4); border-radius: 8px; overflow: hidden; display: flex; flex-direction: column;'>\n<div style='padding: 15px; border-bottom: 1px solid rgba(150&comma; 150&comma; 150&comma; 0.2); font-weight: bold; font-size: 18px; color: inherit;'>Informaci\u00f3n T\u00e9cnica<\/div>\n<div style='padding: 15px; color: inherit;'>\n<ul style='padding-left: 20px; margin: 0; font-size: 14px; list-style-type: disc;'>\n<li style='margin-bottom: 5px;'><strong>Marca:<\/strong> HIKVISION<\/li>\n<li style='margin-bottom: 5px;'><strong>Modelo:<\/strong> TSA012120100A1\/J1<\/li>\n<li style='margin-bottom: 5px;'><strong>Tensi\u00f3n de entrada:<\/strong> 110-240 Vca<\/li>\n<li style='margin-bottom: 5px;'><strong>Corriente de salida:<\/strong> 1 A<\/li>\n<li style='margin-bottom: 5px;'><strong>Tensi\u00f3n de salida:<\/strong> 12 Vcc<\/li>\n<li style='margin-bottom: 5px;'><strong>Protecci\u00f3n:<\/strong> Contra descarga<\/li>\n<li style='margin-bottom: 5px;'><strong>Conector de salida:<\/strong> 3.5 mm<\/li>\n<li style='margin-bottom: 5px;'><strong>Terminal:<\/strong> Desmontable<\/li>\n<\/ul><\/div>\n<\/p><\/div>\n<\/p><\/div>\n<p> <!-- Separador --> <\/p>\n<hr style='border: 0; border-top: 1px solid rgba(150&comma; 150&comma; 150&comma; 0.3); margin: 30px 0;'> <\/div>\n","protected":false},"excerpt":{"rendered":"<p>Adaptador de Pared \/ 12 Vcc \/ 1 Amp \/ Cuenta con Adaptador de Clema \/ Salida de 3.5 mm<\/p>\n","protected":false},"featured_media":32,"comment_status":"open","ping_status":"closed","template":"","meta":[],"product_brand":[],"product_cat":[1103],"product_tag":[142,457,54],"class_list":{"0":"post-96350","1":"product","2":"type-product","3":"status-publish","4":"has-post-thumbnail","6":"product_cat-fuentes-de-alimentacion-energia-videovigilancia","7":"product_tag-energia","8":"product_tag-fuentes-de-alimentacion","9":"product_tag-hikvision","11":"first","12":"outofstock","13":"sale","14":"shipping-taxable","15":"purchasable","16":"product-type-simple"},"_links":{"self":[{"href":"https:\/\/soydeaqui.ddns.net\/pachuca\/index.php\/wp-json\/wp\/v2\/product\/96350","targetHints":{"allow":["GET"]}}],"collection":[{"href":"https:\/\/soydeaqui.ddns.net\/pachuca\/index.php\/wp-json\/wp\/v2\/product"}],"about":[{"href":"https:\/\/soydeaqui.ddns.net\/pachuca\/index.php\/wp-json\/wp\/v2\/types\/product"}],"replies":[{"embeddable":true,"href":"https:\/\/soydeaqui.ddns.net\/pachuca\/index.php\/wp-json\/wp\/v2\/comments?post=96350"}],"wp:featuredmedia":[{"embeddable":true,"href":"https:\/\/soydeaqui.ddns.net\/pachuca\/index.php\/wp-json\/wp\/v2\/media\/32"}],"wp:attachment":[{"href":"https:\/\/soydeaqui.ddns.net\/pachuca\/index.php\/wp-json\/wp\/v2\/media?parent=96350"}],"wp:term":[{"taxonomy":"product_brand","embeddable":true,"href":"https:\/\/soydeaqui.ddns.net\/pachuca\/index.php\/wp-json\/wp\/v2\/product_brand?post=96350"},{"taxonomy":"product_cat","embeddable":true,"href":"https:\/\/soydeaqui.ddns.net\/pachuca\/index.php\/wp-json\/wp\/v2\/product_cat?post=96350"},{"taxonomy":"product_tag","embeddable":true,"href":"https:\/\/soydeaqui.ddns.net\/pachuca\/index.php\/wp-json\/wp\/v2\/product_tag?post=96350"}],"curies":[{"name":"wp","href":"https:\/\/api.w.org\/{rel}","templated":true}]}}