{"id":96343,"date":"2026-03-20T08:09:19","date_gmt":"2026-03-20T08:09:19","guid":{"rendered":"https:\/\/soydeaqui.ddns.net\/pachuca\/index.php\/producto\/bala-ip-8-megapixel-lente-2-8-mm-40-mts-ir-exterior-ip67-poe-darkfighter-alarmas-y-audio-i-o-onvif-micro-sd-4-analiticos-acusense-deteccion-facial-conteo-de-personas-por-cruce-y-z\/"},"modified":"2026-03-20T08:09:25","modified_gmt":"2026-03-20T08:09:25","slug":"bala-ip-8-megapixel-lente-2-8-mm-40-mts-ir-exterior-ip67-poe-darkfighter-alarmas-y-audio-i-o-onvif-micro-sd-4-analiticos-acusense-deteccion-facial-conteo-de-personas-por-cruce-y-z","status":"publish","type":"product","link":"https:\/\/soydeaqui.ddns.net\/pachuca\/index.php\/producto\/bala-ip-8-megapixel-lente-2-8-mm-40-mts-ir-exterior-ip67-poe-darkfighter-alarmas-y-audio-i-o-onvif-micro-sd-4-analiticos-acusense-deteccion-facial-conteo-de-personas-por-cruce-y-z\/","title":{"rendered":"Bala IP 8 Megapixel \/ Lente 2.8 mm \/ 40 mts IR \/ Exterior IP67 \/ PoE \/ DARKFIGHTER \/ Alarmas y Audio I\/O \/ ONVIF \/ Micro SD \/ 4 Anal\u00edticos: AcuSense, Deteccion Facial, Conteo de Personas por Cruce y Zona"},"content":{"rendered":"<div style='width: 100%; max-width: 1200px; margin: 0 auto; font-family: sans-serif; line-height: 1.6; color: inherit; background-color: transparent;'> <!-- Banner principal --> <\/p>\n<div style='width: 100%; text-align: center; margin-bottom: 30px;'> <img style='width: 100%; max-width: 583.203px; height: auto; border: 1px solid rgba(150&comma;150&comma;150&comma;0.3); border-radius: 8px;' src='https:\/\/ftp3.syscom.mx\/usuarios\/jsosa\/HIKVISION\/imagenes\/logo\/hikvision%20see%20far.png' alt='Logo Hikvision'> <\/div>\n<p> <!-- Secci\u00f3n anal\u00edticos --> <\/p>\n<div style='display: flex; flex-wrap: wrap; gap: 30px; margin-bottom: 30px;'>\n<div style='flex: 1 1 300px; min-width: 280px;'> <img style='width: 100%; height: auto; border: 1px solid rgba(150&comma;150&comma;150&comma;0.3); border-radius: 8px;' src='https:\/\/www.hikvision.com\/content\/dam\/hikvision\/usa\/marketing\/campaign---ipc-ultra-series\/Variable-intelligence-for-various-scenarios.png' alt='Anal\u00edticos'> <\/div>\n<div style='flex: 1 1 300px; min-width: 280px;'>\n<h3 style='font-size: 22px; border-bottom: 2px solid currentColor; padding-bottom: 5px; margin-top: 0; color: inherit; opacity: 0.8;'>Soporta 4 distintos anal\u00edticos&comma; 1 a la vez<\/h3>\n<p style='color: inherit; font-size: 15px;'>Cambie entre cuatro algoritmos de IA integrados y dedicados para el conteo de personas&comma; protecci\u00f3n perimetral y m\u00e1s. Los usuarios pueden continuar optimizando la precisi\u00f3n de la detecci\u00f3n de objetos en una escena espec\u00edfica a trav\u00e9s del modo de aprendizaje mediante ejemplo de an\u00e1lisis de autoaprendizaje.<\/p>\n<ul style='padding-left: 20px; font-size: 15px; color: inherit;'>\n<li style='margin-bottom: 5px;'><span style='font-weight: bold;'>1.-<\/span> Detecci\u00f3n Facial<\/li>\n<li style='margin-bottom: 5px;'><span style='font-weight: bold;'>2.-<\/span> Conteo de Personas por Cruce de L\u00ednea<\/li>\n<li style='margin-bottom: 5px;'><span style='font-weight: bold;'>3.-<\/span> Conteo de Personas por Zona<\/li>\n<li style='margin-bottom: 5px;'><span style='font-weight: bold;'>4.-<\/span> Protecci\u00f3n Perimetral<\/li>\n<\/ul><\/div>\n<\/p><\/div>\n<p> <!-- Secci\u00f3n HEOP --> <\/p>\n<div style='display: flex; flex-wrap: wrap; gap: 30px; margin-bottom: 30px;'>\n<div style='flex: 1 1 300px; min-width: 280px;'>\n<h3 style='font-size: 22px; border-bottom: 2px solid currentColor; padding-bottom: 5px; margin-top: 0; color: inherit; opacity: 0.8;'>Aplicaciones de Terceros<\/h3>\n<p style='color: inherit; font-size: 15px;'>Sabemos que los usuarios a menudo necesitan personalizar sus aplicaciones inteligentes para entornos de instalaci\u00f3n \u00fanicos o escenarios que mejoren el negocio. Es por eso que equipamos c\u00e1maras de red seleccionadas de la serie Ultra con la plataforma abierta integrada (HEOP) de HIKVISION.<\/p>\n<\/p><\/div>\n<div style='flex: 1 1 300px; min-width: 280px;'> <img style='width: 100%; height: auto; border: 1px solid rgba(150&comma;150&comma;150&comma;0.3); border-radius: 8px;' src='https:\/\/www.hikvision.com\/content\/dam\/hikvision\/usa\/marketing\/campaign---ipc-ultra-series\/Upload-tailor-made-algorithms.png' alt='HEOP'> <\/div>\n<\/p><\/div>\n<p> <!-- Secci\u00f3n de cards --> <\/p>\n<div style='display: flex; flex-wrap: wrap; gap: 20px; margin-bottom: 30px;'> <!-- Caracter\u00edsticas Principales --> <\/p>\n<div style='flex: 1 1 250px; border: 1px solid rgba(150&comma; 150&comma; 150&comma; 0.4); border-radius: 8px; overflow: hidden; display: flex; flex-direction: column;'>\n<div style='padding: 15px; border-bottom: 1px solid rgba(150&comma; 150&comma; 150&comma; 0.2); font-weight: bold; font-size: 18px; color: inherit; background: #df001e; color: white; border-bottom: 1px solid #a80000;'>Caracter\u00edsticas Principales:<\/div>\n<div style='padding: 15px; color: inherit;'>\n<ul style='padding-left: 20px; margin: 0; font-size: 14px; list-style-type: disc;'>\n<li style='margin-bottom: 5px;'>Resoluci\u00f3n m\u00e1xima: 8 Megapixel (3840 \u00d7 2160)<\/li>\n<li style='margin-bottom: 5px;'>Iluminaci\u00f3n m\u00ednima: 0.003 Lux @ (F1.0&comma; AGC ON)<\/li>\n<li style='margin-bottom: 5px;'>Lente fijo: 2.8 mm (\u00e1ngulo de apertura 111\u00b0)<\/li>\n<li style='margin-bottom: 5px;'>Distancia de infrarrojo: 40 mts.<\/li>\n<li style='margin-bottom: 5px;'>WDR de 120 dB.<\/li>\n<li style='margin-bottom: 5px;'>Soporta memoria microSD 512 GB (no incluida)<\/li>\n<li style='margin-bottom: 5px;'>Cruce de l\u00ednea \/ detecci\u00f3n de intrusi\u00f3n \/ entra y sale de regi\u00f3n.<\/li>\n<\/ul><\/div>\n<\/p><\/div>\n<p> <!-- Entradas y Salidas --> <\/p>\n<div style='flex: 1 1 250px; border: 1px solid rgba(150&comma; 150&comma; 150&comma; 0.4); border-radius: 8px; overflow: hidden; display: flex; flex-direction: column;'>\n<div style='padding: 15px; border-bottom: 1px solid rgba(150&comma; 150&comma; 150&comma; 0.2); font-weight: bold; font-size: 18px; color: inherit; background: #df001e; color: white; border-bottom: 1px solid #a80000;'>Entradas y Salidas de Audio \/ Alarmas \/ Red \/ Almacenamiento:<\/div>\n<div style='padding: 15px; color: inherit;'>\n<ul style='padding-left: 20px; margin: 0; font-size: 14px; list-style-type: disc;'>\n<li style='margin-bottom: 5px;'>Entradas de alarma: 1<\/li>\n<li style='margin-bottom: 5px;'>Salidas de alarma: 1<\/li>\n<li style='margin-bottom: 5px;'>Entradas de audio: 1<\/li>\n<li style='margin-bottom: 5px;'>Salidas de audio: 1<\/li>\n<li style='margin-bottom: 5px;'>Puerto de red: 1 (10 \/ 100 Mbps \/ PoE 802.3af).<\/li>\n<li style='margin-bottom: 5px;'>Almacenamiento micro SD de hasta 512 GB \/ ANR (Automatic Network Recovery).<\/li>\n<li style='margin-bottom: 5px;'>Soporta ONVIF (Profile S&comma; Profile G&comma; Profile T) \/ ISAPI \/ SDK.<\/li>\n<\/ul><\/div>\n<\/p><\/div>\n<p> <!-- Caracter\u00edsticas F\u00edsicas --> <\/p>\n<div style='flex: 1 1 250px; border: 1px solid rgba(150&comma; 150&comma; 150&comma; 0.4); border-radius: 8px; overflow: hidden; display: flex; flex-direction: column;'>\n<div style='padding: 15px; border-bottom: 1px solid rgba(150&comma; 150&comma; 150&comma; 0.2); font-weight: bold; font-size: 18px; color: inherit; background: #df001e; color: white; border-bottom: 1px solid #a80000;'>Caracter\u00edsticas F\u00edsicas y El\u00e9ctricas:<\/div>\n<div style='padding: 15px; color: inherit;'>\n<ul style='padding-left: 20px; margin: 0; font-size: 14px; list-style-type: disc;'>\n<li style='margin-bottom: 5px;'>Temperatura de Operaci\u00f3n: &#8211; 30\u00b0C a 60\u00b0C.<\/li>\n<li style='margin-bottom: 5px;'>Alimentaci\u00f3n: 12Vcc \/ 7.2 Watts.<\/li>\n<li style='margin-bottom: 5px;'>Soporta PoE: 802.3af \/ 8.5 Watts.<\/li>\n<li style='margin-bottom: 5px;'>Protecci\u00f3n: Interior \/ Exterior IP67.<\/li>\n<li style='margin-bottom: 5px;'>Fabricado en material de metal y policarbonato.<\/li>\n<li style='margin-bottom: 5px;'>Dimensiones: 78.8 x 78.6 x 235.9 mm.<\/li>\n<li style='margin-bottom: 5px;'>Peso: 830 gramos.<\/li>\n<\/ul><\/div>\n<\/p><\/div>\n<p> <!-- Acesorios Compatibles --> <\/p>\n<div style='flex: 1 1 250px; border: 1px solid rgba(150&comma; 150&comma; 150&comma; 0.4); border-radius: 8px; overflow: hidden; display: flex; flex-direction: column;'>\n<div style='padding: 15px; border-bottom: 1px solid rgba(150&comma; 150&comma; 150&comma; 0.2); font-weight: bold; font-size: 18px; color: inherit; background: #df001e; color: white; border-bottom: 1px solid #a80000;'>Acesorios Compatibles:<\/div>\n<div style='padding: 15px; color: inherit;'>\n<ul style='padding-left: 20px; margin: 0; font-size: 14px; list-style-type: disc;'>\n<li style='margin-bottom: 5px;'>Consulte la ficha t\u00e9cnica para validar los accesorios compatibles&comma; de clic <a href='https:\/\/ftp3.syscom.mx\/usuarios\/fcarrillo\/Hikvision\/Specs\/Especificaciones%20Tecnicas%20DS-2CD3086G2-IS%2B%28H%29_20230712.pdf' target='_blank' rel='noopener' style='color: #df001e; text-decoration: underline;'>Aqu\u00ed<\/a><\/li>\n<\/ul><\/div>\n<\/p><\/div>\n<p> <!-- Caracter\u00edsticas Destacadas --> <\/p>\n<div style='flex: 1 1 250px; border: 1px solid rgba(150&comma; 150&comma; 150&comma; 0.4); border-radius: 8px; overflow: hidden; display: flex; flex-direction: column;'>\n<div style='padding: 15px; border-bottom: 1px solid rgba(150&comma; 150&comma; 150&comma; 0.2); font-weight: bold; font-size: 18px; color: inherit; background: #df001e; color: white; border-bottom: 1px solid #a80000;'>Caracter\u00edsticas Destacadas:<\/div>\n<div style='padding: 15px; color: inherit;'>\n<ul style='padding-left: 20px; margin: 0; font-size: 14px; list-style-type: disc;'>\n<li style='margin-bottom: 5px;'>Soporta anal\u00edtico de ACUSENSE con anal\u00edticos como filtro de humano y veh\u00edculos por medio de cruce de l\u00ednea o intrusi\u00f3n.<\/li>\n<li style='margin-bottom: 5px;'>Soporta anal\u00edtico de captura facial (recomendado para NVRs con reconocimiento facial).<\/li>\n<li style='margin-bottom: 5px;'>Soporta Hikvision Embedded Open Platform (HEOP).<\/li>\n<\/ul><\/div>\n<\/p><\/div>\n<\/p><\/div>\n<p> <!-- Secci\u00f3n HEOP detallada --> <\/p>\n<div style='margin-bottom: 30px;'>\n<h3 style='font-size: 22px; border-bottom: 2px solid currentColor; padding-bottom: 5px; margin-top: 0; color: inherit; opacity: 0.8;'>HEOP en pocas palabras<\/h3>\n<div style='display: flex; flex-wrap: wrap; gap: 20px; align-items: center; margin-bottom: 20px;'>\n<div style='flex: 1 1 100px; min-width: 180px; text-align: center;'> <img style='width: 100%; max-width: 180px; height: auto; border: 1px solid rgba(150&comma;150&comma;150&comma;0.3); border-radius: 8px;' src='https:\/\/ftp3.syscom.mx\/usuarios\/fotos\/DS2CD3956G2IS(U)\/216441-heop.png' alt='HEOP' width='180' height='69'> <\/div>\n<div style='flex: 1 1 300px; min-width: 280px;'>\n<p style='color: inherit; font-size: 15px; margin: 0;'>La Plataforma Abierta Embebida de Hikvision (HEOP&comma; por sus siglas en ingl\u00e9s) permite a los socios tecnol\u00f3gicos desarrollar y ejecutar sus propias aplicaciones en el hardware de Hikvision&comma; facilitando sistemas de seguridad personalizados que respondan a las necesidades espec\u00edficas y escenarios de instalaci\u00f3n \u00fanicos de los clientes.<\/p>\n<\/p><\/div>\n<\/p><\/div>\n<p style='color: inherit; font-size: 15px; margin-top: 15px;'>HEOP cuenta con hardware de arquitectura abierta&comma; interfaces est\u00e1ndar y el kit de desarrollo de algoritmos HikFlow*. Los socios pueden unirse f\u00e1cilmente al ecosistema HEOP a trav\u00e9s del Portal de Socios Tecnol\u00f3gicos de Hikvision.<\/p>\n<p style='color: inherit; font-size: 15px; margin-top: 15px;'><a href='https:\/\/tpp.hikvision.com\/tpp\/HEOP' target='_blank' rel='noopener' style='color: #df001e; text-decoration: underline;'>https:\/\/tpp.hikvision.com\/tpp\/HEOP<\/a><\/p>\n<\/p><\/div>\n<p> <!-- Video --> <\/p>\n<div style='position: relative; padding-bottom: 56.25%; height: 0; overflow: hidden; margin-bottom: 30px;'> <video style='position: absolute; top: 0; left: 0; width: 100%; height: 100%; border: none;' src='https:\/\/ftp3.syscom.mx\/usuarios\/jsosa\/HIKVISION\/videos\/ipc\/serie3\/Video%20DEMO%20sobre%20equipos%20Hikision%20de%20la%20Serie%203.mp4' loop muted controls><\/video> <\/div>\n<p> <!-- Banner final --> <\/p>\n<div style='width: 100%; text-align: center; margin-top: 30px;'> <img style='width: 100%; height: auto; border: 1px solid rgba(150&comma;150&comma;150&comma;0.3); border-radius: 8px;' src='https:\/\/ftp3.syscom.mx\/usuarios\/jsosa\/HIKVISION\/imagenes\/banners\/solution%20complete.png' alt='Soluci\u00f3n completa'> <\/div>\n<\/p><\/div>\n","protected":false},"excerpt":{"rendered":"<p>Bala IP 8 Megapixel \/ Lente 2.8 mm \/ 40 mts IR \/ Exterior IP67 \/ PoE \/ DARKFIGHTER \/ Alarmas y Audio I\/O \/ ONVIF \/ Micro SD \/ 4 Anal\u00edticos: AcuSense, Deteccion Facial, Conteo de Personas por Cruce y Zona<\/p>\n","protected":false},"featured_media":96342,"comment_status":"open","ping_status":"closed","template":"","meta":[],"product_brand":[],"product_cat":[438],"product_tag":[439,122,54],"class_list":{"0":"post-96343","1":"product","2":"type-product","3":"status-publish","4":"has-post-thumbnail","6":"product_cat-bala","7":"product_tag-bala","8":"product_tag-camaras-ip-y-nvrs","9":"product_tag-hikvision","11":"first","12":"instock","13":"sale","14":"shipping-taxable","15":"purchasable","16":"product-type-simple"},"_links":{"self":[{"href":"https:\/\/soydeaqui.ddns.net\/pachuca\/index.php\/wp-json\/wp\/v2\/product\/96343","targetHints":{"allow":["GET"]}}],"collection":[{"href":"https:\/\/soydeaqui.ddns.net\/pachuca\/index.php\/wp-json\/wp\/v2\/product"}],"about":[{"href":"https:\/\/soydeaqui.ddns.net\/pachuca\/index.php\/wp-json\/wp\/v2\/types\/product"}],"replies":[{"embeddable":true,"href":"https:\/\/soydeaqui.ddns.net\/pachuca\/index.php\/wp-json\/wp\/v2\/comments?post=96343"}],"wp:featuredmedia":[{"embeddable":true,"href":"https:\/\/soydeaqui.ddns.net\/pachuca\/index.php\/wp-json\/wp\/v2\/media\/96342"}],"wp:attachment":[{"href":"https:\/\/soydeaqui.ddns.net\/pachuca\/index.php\/wp-json\/wp\/v2\/media?parent=96343"}],"wp:term":[{"taxonomy":"product_brand","embeddable":true,"href":"https:\/\/soydeaqui.ddns.net\/pachuca\/index.php\/wp-json\/wp\/v2\/product_brand?post=96343"},{"taxonomy":"product_cat","embeddable":true,"href":"https:\/\/soydeaqui.ddns.net\/pachuca\/index.php\/wp-json\/wp\/v2\/product_cat?post=96343"},{"taxonomy":"product_tag","embeddable":true,"href":"https:\/\/soydeaqui.ddns.net\/pachuca\/index.php\/wp-json\/wp\/v2\/product_tag?post=96343"}],"curies":[{"name":"wp","href":"https:\/\/api.w.org\/{rel}","templated":true}]}}