{"id":96332,"date":"2026-03-20T08:08:47","date_gmt":"2026-03-20T08:08:47","guid":{"rendered":"https:\/\/soydeaqui.ddns.net\/pachuca\/index.php\/producto\/nvr-12-megapixel-4k-32-canales-ip-reconocimiento-facial-acusense-evita-falsas-alarmas-8-bahias-de-disco-duro-2-hdmi-en-4k-alarmas-i-o\/"},"modified":"2026-03-20T08:09:00","modified_gmt":"2026-03-20T08:09:00","slug":"nvr-12-megapixel-4k-32-canales-ip-reconocimiento-facial-acusense-evita-falsas-alarmas-8-bahias-de-disco-duro-2-hdmi-en-4k-alarmas-i-o","status":"publish","type":"product","link":"https:\/\/soydeaqui.ddns.net\/pachuca\/index.php\/producto\/nvr-12-megapixel-4k-32-canales-ip-reconocimiento-facial-acusense-evita-falsas-alarmas-8-bahias-de-disco-duro-2-hdmi-en-4k-alarmas-i-o\/","title":{"rendered":"NVR 12 Megapixel (4K) \/ 32 Canales IP \/ Reconocimiento Facial \/ AcuSense (Evita Falsas Alarmas) \/ 8 Bah\u00edas de Disco Duro \/  2 HDMI en 4K \/ Alarmas I\/O"},"content":{"rendered":"<div style='width: 100%; max-width: 1200px; margin: 0 auto; font-family: sans-serif; line-height: 1.6; color: inherit; background-color: transparent;'> <!-- Banner inicial --> <\/p>\n<div style='text-align: center; margin: 30px 0;'> <img style='width: 45%; height: auto; border: 1px solid rgba(150&comma;150&comma;150&comma;0.3); border-radius: 8px;' src='https:\/\/ftp3.syscom.mx\/usuarios\/jsosa\/HIKVISION\/imagenes\/logo\/hikvision%20see%20far.png' alt=''> <\/div>\n<p> <!-- Videos --> <\/p>\n<div style='display: flex; flex-wrap: wrap; gap: 30px; margin: 40px 0;'>\n<div style='flex: 1 1 45%; min-width: 300px;'>\n<h3 style='font-size: 20px; text-align: center; margin-top: 0; color: inherit; opacity: 0.8;'>AcuSense vs Anal\u00edticos Tradicionales<\/h3>\n<div style='position: relative; padding-bottom: 56.25%; height: 0; overflow: hidden;'>   <\/div>\n<\/p><\/div>\n<div style='flex: 1 1 45%; min-width: 300px;'>\n<h3 style='font-size: 20px; text-align: center; margin-top: 0; color: inherit; opacity: 0.8;'>Inteligencia Artificial con AcuSense<\/h3>\n<div style='position: relative; padding-bottom: 56.25%; height: 0; overflow: hidden;'>   <\/div>\n<\/p><\/div>\n<\/p><\/div>\n<p> <!-- Secci\u00f3n principal --> <\/p>\n<div style='display: flex; flex-wrap: wrap; gap: 30px;'> <!-- Columna izquierda --> <\/p>\n<div style='flex: 1 1 45%; min-width: 300px;'>\n<div style='border: 1px solid rgba(150&comma;150&comma;150&comma;0.4); border-radius: 8px; overflow: hidden; margin-bottom: 30px;'>\n<div style='padding: 15px; background: #df001e; color: #ffffff; font-weight: bold; font-size: 16px; border-bottom: 1px solid #a80000;'> Caracter\u00edsticas Principales: <\/div>\n<div style='padding: 15px;'>\n<ul style='padding-left: 20px; margin: 0; font-size: 14px; list-style-type: disc; color: inherit;'>\n<li style='margin-bottom: 8px;'>Compresi\u00f3n de video: H.265+ \/ H.265 \/ H.264+ \/ H.264.<\/li>\n<li style='margin-bottom: 8px;'>Soporta mouse USB para operar (incluido).<\/li>\n<li style='margin-bottom: 8px;'>Soporta 8 HDD&#8217;s de hasta 10 TB. (no incluido).<\/li>\n<li style='margin-bottom: 8px;'>Soporta DDNS (Hik-Connect&comma; DynDNS&comma; No-IP&comma; etc).<\/li>\n<li style='margin-bottom: 8px;'>Soporta Hik-Connect (P2P) (<a style='color: inherit; text-decoration: none;' href='https:\/\/appstore.hikvision.com\/' target='_blank' rel='noopener'>https:\/\/appstore.hikvision.com\/<\/a>).<\/li>\n<li style='margin-bottom: 8px;'>Acceso remoto v\u00eda tel\u00e9fono: Android&comma; iPhone&comma; iPad (Hik-Connect).<\/li>\n<li style='margin-bottom: 8px;'>Software cliente IVMS-4200 (gratuito).<\/li>\n<\/ul><\/div>\n<\/p><\/div>\n<div style='border: 1px solid rgba(150&comma;150&comma;150&comma;0.4); border-radius: 8px; overflow: hidden; margin-bottom: 30px;'>\n<div style='padding: 15px; background: #df001e; color: #ffffff; font-weight: bold; font-size: 16px; border-bottom: 1px solid #a80000;'> Interfaces Entradas y Salidas: <\/div>\n<div style='padding: 15px;'>\n<ul style='padding-left: 20px; margin: 0; font-size: 14px; list-style-type: disc; color: inherit;'>\n<li style='margin-bottom: 8px;'><strong>Salida simultanea HDMI 1 y VGA 1.<\/strong><\/li>\n<li style='margin-bottom: 8px;'><strong>Salida simultanea HDMI 2 y VGA 2.<\/strong><\/li>\n<li style='margin-bottom: 8px;'>Resoluci\u00f3n HDMI : 4K \/ 1080p \/ 720p.<\/li>\n<li style='margin-bottom: 8px;'>Resoluci\u00f3n VGA: 1080p&comma; 720p.<\/li>\n<li style='margin-bottom: 8px;'>Entrada de Audio: 1.<\/li>\n<li style='margin-bottom: 8px;'>Salida de Audio: 1.<\/li>\n<li style='margin-bottom: 8px;'>Entrada de Alarma: 16.<\/li>\n<li style='margin-bottom: 8px;'>Salida de Alarma: 9.<\/li>\n<li style='margin-bottom: 8px;'>Soporta audio bidireccional (audio de dos v\u00edas).<\/li>\n<\/ul><\/div>\n<\/p><\/div>\n<div style='border: 1px solid rgba(150&comma;150&comma;150&comma;0.4); border-radius: 8px; overflow: hidden; margin-bottom: 30px;'>\n<div style='padding: 15px; background: #df001e; color: #ffffff; font-weight: bold; font-size: 16px; border-bottom: 1px solid #a80000;'> Capacidad de procesamiento y funciones de red: <\/div>\n<div style='padding: 15px;'>\n<ul style='padding-left: 20px; margin: 0; font-size: 14px; list-style-type: disc; color: inherit;'>\n<li style='margin-bottom: 8px;'>Throughput entrada: 256 Mbps.<\/li>\n<li style='margin-bottom: 8px;'>Throughput salida: 160 Mbps.<\/li>\n<li style='margin-bottom: 8px;'>2 puertos de red RJ-45: 10 \/ 100 \/ 1000 Mbps. (LAN)<\/li>\n<\/ul><\/div>\n<\/p><\/div>\n<\/p><\/div>\n<p> <!-- Columna derecha --> <\/p>\n<div style='flex: 1 1 45%; min-width: 300px;'>\n<div style='border: 1px solid rgba(150&comma;150&comma;150&comma;0.4); border-radius: 8px; overflow: hidden; margin-bottom: 30px;'>\n<div style='padding: 15px; background: #df001e; color: #ffffff; font-weight: bold; font-size: 16px; border-bottom: 1px solid #a80000;'> Caracter\u00edsticas F\u00edsicas y El\u00e9ctricas: <\/div>\n<div style='padding: 15px;'>\n<ul style='padding-left: 20px; margin: 0; font-size: 14px; list-style-type: disc; color: inherit;'>\n<li style='margin-bottom: 8px;'>Dimensiones: 445 x 476 x 95mm.<\/li>\n<li style='margin-bottom: 8px;'>Alimentaci\u00f3n: 100 a 240 vca \/ 30 W (sin discos duros).<\/li>\n<li style='margin-bottom: 8px;'>Temperatura de operaci\u00f3n: -10\u00b0C a 55\u00b0C.<\/li>\n<li style='margin-bottom: 8px;'>Peso: 8 Kg sin HDD.<\/li>\n<\/ul><\/div>\n<\/p><\/div>\n<div style='border: 1px solid rgba(150&comma;150&comma;150&comma;0.4); border-radius: 8px; overflow: hidden; margin-bottom: 30px;'>\n<div style='padding: 15px; background: #df001e; color: #ffffff; font-weight: bold; font-size: 16px; border-bottom: 1px solid #a80000;'> Funci\u00f3n de Grabaci\u00f3n y Visualizaci\u00f3n: <\/div>\n<div style='padding: 15px;'>\n<ul style='padding-left: 20px; margin: 0; font-size: 14px; list-style-type: disc; color: inherit;'>\n<li style='margin-bottom: 8px;'>Detecci\u00f3n de movimiento multizona.<\/li>\n<li style='margin-bottom: 8px;'>Zoom digital en visualizaci\u00f3n y grabaci\u00f3n.<\/li>\n<li style='margin-bottom: 8px;'>Dual stream (main stream y sub stream).<\/li>\n<li style='margin-bottom: 8px;'>Soporta avance r\u00e1pido&comma; lento&comma; cuadro a cuadro&comma; etc.<\/li>\n<li style='margin-bottom: 8px;'>Soporta tecnolog\u00eda de discos duros S.M.A.R.T.<\/li>\n<li style='margin-bottom: 8px;'>Soporta m\u00faltiples tipos de grabaci\u00f3n&comma; incluyendo tiempo real&comma; grabaci\u00f3n manual&comma; videosensor&comma; videosensor y alarma&comma; videosensor o alarma.<\/li>\n<li style='margin-bottom: 8px;'>Soporta grabaci\u00f3n c\u00edclica (sobreescritura) y no c\u00edclica.<\/li>\n<\/ul><\/div>\n<\/p><\/div>\n<div style='border: 1px solid rgba(150&comma;150&comma;150&comma;0.4); border-radius: 8px; overflow: hidden; margin-bottom: 30px;'>\n<div style='padding: 15px; background: #df001e; color: #ffffff; font-weight: bold; font-size: 16px; border-bottom: 1px solid #a80000;'> Resoluci\u00f3n de Grabaci\u00f3n por Canal (recomendado con H.265): <\/div>\n<div style='padding: 15px;'>\n<ul style='padding-left: 20px; margin: 0; font-size: 14px; list-style-type: disc; color: inherit;'>\n<li style='margin-bottom: 8px;'>2 MP (1080P): 8 Canales &#8211; 30 IPS.<\/li>\n<li style='margin-bottom: 8px;'>4 MP: 32 Canales &#8211; 30 IPS.<\/li>\n<li style='margin-bottom: 8px;'>5 MP: 32 Canales &#8211; 30 IPS.<\/li>\n<li style='margin-bottom: 8px;'>6 MP: 32 Canales &#8211; 30 IPS.<\/li>\n<li style='margin-bottom: 8px;'>4K (8 MP): 32 Canales &#8211; 22 IPS.<\/li>\n<li style='margin-bottom: 8px;'>4K (12 MP): 32 Canales &#8211; 18 IPS.<\/li>\n<li style='margin-bottom: 8px;'>Reproducci\u00f3n s\u00edncrona en canales: 16 Canales.<\/li>\n<\/ul><\/div>\n<\/p><\/div>\n<\/p><\/div>\n<\/p><\/div>\n<p> <!-- Caracter\u00edsticas destacadas --> <\/p>\n<div style='border: 1px solid rgba(150&comma;150&comma;150&comma;0.4); border-radius: 8px; overflow: hidden; margin: 40px 0;'>\n<div style='padding: 15px; background: #df001e; color: #ffffff; font-weight: bold; font-size: 16px; border-bottom: 1px solid #a80000;'> Caracter\u00edsticas destacadas: <\/div>\n<div style='padding: 15px;'>\n<div style='margin-bottom: 20px;'>\n<h4 style='margin-top: 0; margin-bottom: 10px; font-size: 16px; color: inherit;'><strong>Reconocimiento Facial:<\/strong><\/h4>\n<ul style='padding-left: 20px; margin: 0; font-size: 14px; list-style-type: disc; color: inherit;'>\n<li style='margin-bottom: 8px;'>Hasta 16 librer\u00edas con un m\u00e1ximo de 50&comma;000 rostros en total.<\/li>\n<li style='margin-bottom: 8px;'>Cada fotograf\u00eda debe de pesar m\u00e1ximo 1 GB.<\/li>\n<li style='margin-bottom: 8px;'>Cuando la c\u00e1mara detecta un rostro y coincidente con la base de datos&comma; se puede: activar la grabaci\u00f3n&comma; notificar al software remoto (iVMS-4200)&comma; enviar un email&comma; activar una salida de alarma&comma; etc.<\/li>\n<li style='margin-bottom: 8px;'>Soporta 1 canal de video con reconocimiento facial&comma; podemos usar c\u00e1maras: IDS-2CD7 \/ DS-2CD3XXG2 \/ DS-2CD3XX7G2 (que soporte captura facial).<\/li>\n<\/ul><\/div>\n<div style='margin-bottom: 20px;'>\n<h4 style='margin-top: 0; margin-bottom: 10px; font-size: 16px; color: inherit;'><strong>ACUSENSE (Filtro de Falsas Alarmas):<\/strong><\/h4>\n<ul style='padding-left: 20px; margin: 0; font-size: 14px; list-style-type: disc; color: inherit;'>\n<li style='margin-bottom: 8px;'>Con tecnolog\u00eda ACUSENSE podemos evitar falsas alarmas como movimiento de \u00e1rboles&comma; animales&comma; etc.<\/li>\n<li style='margin-bottom: 8px;'>Al activar la tecnolog\u00eda ACUSENSE solo detecta cuerpo humano y veh\u00edculos para detectar realmente eventos importantes y as\u00ed eliminar falsas alarmas.<\/li>\n<li style='margin-bottom: 8px;'>Soporta hasta 32 canales con ACUSENSE utilizando c\u00e1maras: DS-2CD2XX7G2 \/ DS-2CD2XX3G2 \/ IDS-2CD7 \/ DS-2CD3XXG2 \/ DS-2CD3XX7G2 (que soporte ACUSENSE).<\/li>\n<li style='margin-bottom: 8px;'>Soporta hasta 32 canales con la tecnolog\u00eda ACUSENSE Lite (humano y veh\u00edculo pero con detecci\u00f3n de movimiento&comma; no anal\u00edticos) usando c\u00e1maras DS-2CD1XX3G2 y DS-2CD1XX3G7G2 (que soporte ACUSENSE Lite).<\/li>\n<\/ul><\/div>\n<div style='background-color: #fff3cd; border: 1px solid #ffeeba; color: #856404; padding: 15px; border-radius: 4px;'> <strong style='color: #856404;'>Nota:<\/strong> Solo es posible habilitar reconocimiento facial o ACUSENSE (no se puede tener ambos al mismo tiempo). <\/div>\n<\/p><\/div>\n<\/p><\/div>\n<p> <!-- Videos adicionales --> <\/p>\n<div style='display: flex; flex-wrap: wrap; gap: 30px; margin: 40px 0;'>\n<div style='flex: 1 1 45%; min-width: 300px;'>\n<h3 style='font-size: 20px; text-align: center; margin-top: 0; color: inherit; opacity: 0.8;'>AcuSense \u00c1reas Restringidas<\/h3>\n<div style='position: relative; padding-bottom: 56.25%; height: 0; overflow: hidden;'>   <\/div>\n<\/p><\/div>\n<div style='flex: 1 1 45%; min-width: 300px;'>\n<h3 style='font-size: 20px; text-align: center; margin-top: 0; color: inherit; opacity: 0.8;'>AcuSense Almacenes<\/h3>\n<div style='position: relative; padding-bottom: 56.25%; height: 0; overflow: hidden;'>   <\/div>\n<\/p><\/div>\n<\/p><\/div>\n<p> <!-- Banner final --> <\/p>\n<div style='margin: 40px 0; text-align: center;'> <img style='width: 100%; height: auto; border: 1px solid rgba(150&comma;150&comma;150&comma;0.3); border-radius: 8px;' src='https:\/\/ftp3.syscom.mx\/usuarios\/jsosa\/HIKVISION\/imagenes\/banners\/solution%20complete.png' alt=''> <\/div>\n<\/p><\/div>\n","protected":false},"excerpt":{"rendered":"<p>NVR 12 Megapixel (4K) \/ 32 Canales IP \/ Reconocimiento Facial \/ AcuSense (Evita Falsas Alarmas) \/ 8 Bah\u00edas de Disco Duro \/  2 HDMI en 4K \/ Alarmas I\/O<\/p>\n","protected":false},"featured_media":96331,"comment_status":"open","ping_status":"closed","template":"","meta":[],"product_brand":[],"product_cat":[2234],"product_tag":[122,54,2235],"class_list":{"0":"post-96332","1":"product","2":"type-product","3":"status-publish","4":"has-post-thumbnail","6":"product_cat-nvrs-network-video-recorders","7":"product_tag-camaras-ip-y-nvrs","8":"product_tag-hikvision","9":"product_tag-nvrs-network-video-recorders","11":"first","12":"instock","13":"sale","14":"shipping-taxable","15":"purchasable","16":"product-type-simple"},"_links":{"self":[{"href":"https:\/\/soydeaqui.ddns.net\/pachuca\/index.php\/wp-json\/wp\/v2\/product\/96332","targetHints":{"allow":["GET"]}}],"collection":[{"href":"https:\/\/soydeaqui.ddns.net\/pachuca\/index.php\/wp-json\/wp\/v2\/product"}],"about":[{"href":"https:\/\/soydeaqui.ddns.net\/pachuca\/index.php\/wp-json\/wp\/v2\/types\/product"}],"replies":[{"embeddable":true,"href":"https:\/\/soydeaqui.ddns.net\/pachuca\/index.php\/wp-json\/wp\/v2\/comments?post=96332"}],"wp:featuredmedia":[{"embeddable":true,"href":"https:\/\/soydeaqui.ddns.net\/pachuca\/index.php\/wp-json\/wp\/v2\/media\/96331"}],"wp:attachment":[{"href":"https:\/\/soydeaqui.ddns.net\/pachuca\/index.php\/wp-json\/wp\/v2\/media?parent=96332"}],"wp:term":[{"taxonomy":"product_brand","embeddable":true,"href":"https:\/\/soydeaqui.ddns.net\/pachuca\/index.php\/wp-json\/wp\/v2\/product_brand?post=96332"},{"taxonomy":"product_cat","embeddable":true,"href":"https:\/\/soydeaqui.ddns.net\/pachuca\/index.php\/wp-json\/wp\/v2\/product_cat?post=96332"},{"taxonomy":"product_tag","embeddable":true,"href":"https:\/\/soydeaqui.ddns.net\/pachuca\/index.php\/wp-json\/wp\/v2\/product_tag?post=96332"}],"curies":[{"name":"wp","href":"https:\/\/api.w.org\/{rel}","templated":true}]}}