{"id":96312,"date":"2026-03-20T08:07:52","date_gmt":"2026-03-20T08:07:52","guid":{"rendered":"https:\/\/soydeaqui.ddns.net\/pachuca\/index.php\/producto\/codificador-de-video-hdmi-vga-4k-compresion-h-265-intelligent-codec-poe\/"},"modified":"2026-03-20T08:07:53","modified_gmt":"2026-03-20T08:07:53","slug":"codificador-de-video-hdmi-vga-4k-compresion-h-265-intelligent-codec-poe","status":"publish","type":"product","link":"https:\/\/soydeaqui.ddns.net\/pachuca\/index.php\/producto\/codificador-de-video-hdmi-vga-4k-compresion-h-265-intelligent-codec-poe\/","title":{"rendered":"Codificador de video HDMI-VGA | 4K | Compresi\u00f3n H.265 + INTELLIGENT Codec | PoE"},"content":{"rendered":"<div style='width: 100%; max-width: 1200px; margin: 0 auto; font-family: sans-serif; line-height: 1.6; color: inherit; background-color: transparent;'> <!-- Banner principal --> <\/p>\n<div style='margin-bottom: 30px;'> <img style='width: 100%; height: auto; border: 1px solid rgba(150&comma;150&comma;150&comma;0.3); border-radius: 8px;' src='https:\/\/ftp3.syscom.mx\/usuarios\/fotos\/DCT4831HRXA\/196150-baner-proyectos.jpg' alt=''> <\/div>\n<p> <!-- Secci\u00f3n de caracter\u00edsticas con flex --> <\/p>\n<div style='display: flex; flex-wrap: wrap; gap: 30px; margin-bottom: 30px;'>\n<div style='flex: 1 1 300px; min-width: 280px;'>\n<h3 style='font-size: 22px; border-bottom: 2px solid currentColor; padding-bottom: 5px; margin-top: 0; color: inherit; opacity: 0.8;'>Codificaci\u00f3n<\/h3>\n<ul style='padding-left: 20px; font-size: 15px; color: inherit;'>\n<li style='margin-bottom: 5px;'>Potente Escalabilidad con una Integraci\u00f3n m\u00e1s F\u00e1cil para su Control de Seguridad Integrado y Monitoreo.<\/li>\n<li style='margin-bottom: 5px;'><strong>C\u00f3dec de v\u00eddeo:<\/strong> H.265&comma; H.264&comma; codec inteligente MJPEG<\/li>\n<li style='margin-bottom: 5px;'><strong>Max. Cuadros por segundo:<\/strong> 3840 x 2160 @ 30ips<\/li>\n<li style='margin-bottom: 5px;'><strong>Bitrate:<\/strong> Hasta 18MP por canal<\/li>\n<li style='margin-bottom: 5px;'><strong>Transmisi\u00f3n:<\/strong> Streaming cu\u00e1druple<\/li>\n<li style='margin-bottom: 5px;'><strong>Entrada:<\/strong> 1 x HDMI \/ 1 x VGA<\/li>\n<li style='margin-bottom: 5px;'><strong>Salida:<\/strong> 1 x HDMI (Input Bypass) \/ 1 x VGA (Input Bypass)<\/li>\n<li style='margin-bottom: 5px;'><strong>Entrada \/ salida de audio:<\/strong> 1 x l\u00ednea de entrada (3&comma;5 mm) \/ 1 x l\u00ednea de salida (3&comma;5 mm)<\/li>\n<li style='margin-bottom: 5px;'><strong>Interfaz de serie:<\/strong> 1 x USB tipo B<\/li>\n<li style='margin-bottom: 5px;'><strong>Interfaz de red:<\/strong> 1 x RJ45 (10\/100)<\/li>\n<li style='margin-bottom: 5px;'><strong>Protocolo de c\u00e1mara IP:<\/strong> DirectIP \u2122&comma; protocolo IDIS&comma; ONVIF<\/li>\n<\/ul><\/div>\n<\/p><\/div>\n<p> <!-- Secci\u00f3n de especificaciones generales --> <\/p>\n<div style='display: flex; flex-wrap: wrap; gap: 20px; margin-bottom: 30px;'>\n<div style='flex: 1 1 250px; border: 1px solid rgba(150&comma; 150&comma; 150&comma; 0.4); border-radius: 8px; overflow: hidden; display: flex; flex-direction: column;'>\n<div style='padding: 15px; border-bottom: 1px solid rgba(150&comma; 150&comma; 150&comma; 0.2); font-weight: bold; font-size: 18px; color: inherit;'>General<\/div>\n<div style='padding: 15px; color: inherit;'>\n<ul style='padding-left: 20px; margin: 0; font-size: 14px; list-style-type: disc;'>\n<li style='margin-bottom: 5px;'><strong>Dimensi\u00f3n (W x H x D):<\/strong> 200 mm x 44 mm x 153 mm (7.9 &#8216;x 1.7&#8217; x 6.0 &#8216;)<\/li>\n<li style='margin-bottom: 5px;'><strong>Peso:<\/strong> 0.8Kg.<\/li>\n<li style='margin-bottom: 5px;'><strong>Temperatura de funcionamiento:<\/strong> 0 \u00b0C a 40 \u00b0C (32 \u2109 ~ 104 \u2109)<\/li>\n<li style='margin-bottom: 5px;'><strong>PoE (clase):<\/strong> S\u00ed (IEEE 802.3af Clase 3)<\/li>\n<li style='margin-bottom: 5px;'><strong>Fuente de alimentaci\u00f3n:<\/strong> 12VDC&comma; PoE<\/li>\n<li style='margin-bottom: 5px;'><strong>Consumo:<\/strong> 12VCD&comma; 0.95A = 11.4W<\/li>\n<li style='margin-bottom: 5px;'><strong>Aprobaciones:<\/strong> FCC&comma; CE&comma; KC<\/li>\n<\/ul><\/div>\n<\/p><\/div>\n<\/p><\/div>\n<p> <!-- Galer\u00eda de im\u00e1genes --> <\/p>\n<div style='display: flex; flex-wrap: wrap; gap: 20px; margin-bottom: 30px;'>\n<div style='flex: 1 1 400px; min-width: 300px;'> <a href='https:\/\/ftp3.syscom.mx\/usuarios\/luis.vargas\/IDIS\/Imagenes\/HE1101%20Aplicaciones.png' style='text-decoration: none; color: inherit;'> <img style='width: 100%; height: auto; border: 1px solid rgba(150&comma;150&comma;150&comma;0.3); border-radius: 8px;' src='https:\/\/ftp3.syscom.mx\/usuarios\/luis.vargas\/IDIS\/Imagenes\/HE1101%20Aplicaciones.png' alt='Lateral'> <\/p>\n<p style='text-align: center; margin-top: 8px; font-size: 14px; color: inherit;'>Aplicaci\u00f3n<\/p>\n<p> <\/a> <\/div>\n<div style='flex: 1 1 400px; min-width: 300px;'> <a href='https:\/\/ftp3.syscom.mx\/usuarios\/luis.vargas\/IDIS\/videos\/HE1101\/201711240252_59164.jpg' style='text-decoration: none; color: inherit;'> <img style='width: 100%; height: auto; border: 1px solid rgba(150&comma;150&comma;150&comma;0.3); border-radius: 8px;' src='https:\/\/ftp3.syscom.mx\/usuarios\/luis.vargas\/IDIS\/videos\/HE1101\/201711240252_59164.jpg' alt='Trasera'> <\/p>\n<p style='text-align: center; margin-top: 8px; font-size: 14px; color: inherit;'>Dimensiones<\/p>\n<p> <\/a> <\/div>\n<\/p><\/div>\n<p> <!-- Video de YouTube --> <\/p>\n<div style='position: relative; padding-bottom: 56.25%; height: 0; overflow: hidden; margin-bottom: 30px;'>   <\/div>\n<p> <!-- Separador final --> <\/p>\n<hr style='border: 0; border-top: 1px solid rgba(150&comma; 150&comma; 150&comma; 0.3); margin: 30px 0;'> <\/div>\n","protected":false},"excerpt":{"rendered":"<p>Codificador de video HDMI-VGA | 4K | Compresi\u00f3n H.265 + INTELLIGENT Codec | PoE<\/p>\n","protected":false},"featured_media":96311,"comment_status":"open","ping_status":"closed","template":"","meta":[],"product_brand":[],"product_cat":[2264],"product_tag":[122,2265,2276],"class_list":{"0":"post-96312","1":"product","2":"type-product","3":"status-publish","4":"has-post-thumbnail","6":"product_cat-codificadores-y-decodificadores-de-video","7":"product_tag-camaras-ip-y-nvrs","8":"product_tag-codificadores-y-decodificadores-de-video","9":"product_tag-idis","11":"first","12":"outofstock","13":"sale","14":"shipping-taxable","15":"purchasable","16":"product-type-simple"},"_links":{"self":[{"href":"https:\/\/soydeaqui.ddns.net\/pachuca\/index.php\/wp-json\/wp\/v2\/product\/96312","targetHints":{"allow":["GET"]}}],"collection":[{"href":"https:\/\/soydeaqui.ddns.net\/pachuca\/index.php\/wp-json\/wp\/v2\/product"}],"about":[{"href":"https:\/\/soydeaqui.ddns.net\/pachuca\/index.php\/wp-json\/wp\/v2\/types\/product"}],"replies":[{"embeddable":true,"href":"https:\/\/soydeaqui.ddns.net\/pachuca\/index.php\/wp-json\/wp\/v2\/comments?post=96312"}],"wp:featuredmedia":[{"embeddable":true,"href":"https:\/\/soydeaqui.ddns.net\/pachuca\/index.php\/wp-json\/wp\/v2\/media\/96311"}],"wp:attachment":[{"href":"https:\/\/soydeaqui.ddns.net\/pachuca\/index.php\/wp-json\/wp\/v2\/media?parent=96312"}],"wp:term":[{"taxonomy":"product_brand","embeddable":true,"href":"https:\/\/soydeaqui.ddns.net\/pachuca\/index.php\/wp-json\/wp\/v2\/product_brand?post=96312"},{"taxonomy":"product_cat","embeddable":true,"href":"https:\/\/soydeaqui.ddns.net\/pachuca\/index.php\/wp-json\/wp\/v2\/product_cat?post=96312"},{"taxonomy":"product_tag","embeddable":true,"href":"https:\/\/soydeaqui.ddns.net\/pachuca\/index.php\/wp-json\/wp\/v2\/product_tag?post=96312"}],"curies":[{"name":"wp","href":"https:\/\/api.w.org\/{rel}","templated":true}]}}