{"id":96309,"date":"2026-03-20T08:07:45","date_gmt":"2026-03-20T08:07:45","guid":{"rendered":"https:\/\/soydeaqui.ddns.net\/pachuca\/index.php\/producto\/servidor-de-grabacion-con-software-idis-solution-suite-pre-instalado\/"},"modified":"2026-03-20T08:07:49","modified_gmt":"2026-03-20T08:07:49","slug":"servidor-de-grabacion-con-software-idis-solution-suite-pre-instalado","status":"publish","type":"product","link":"https:\/\/soydeaqui.ddns.net\/pachuca\/index.php\/producto\/servidor-de-grabacion-con-software-idis-solution-suite-pre-instalado\/","title":{"rendered":"SERVIDOR DE GRABACI\u00d3N CON SOFTWARE IDIS SOLUTION SUITE PRE &#8211; INSTALADO"},"content":{"rendered":"<div style='width: 100%; max-width: 1200px; margin: 0 auto; font-family: sans-serif; line-height: 1.6; color: inherit;'> <!-- Banner principal --> <\/p>\n<div style='width: 100%; margin-bottom: 30px;'> <img style='width: 100%; height: auto; border: 1px solid rgba(150&comma;150&comma;150&comma;0.3); border-radius: 8px;' src='https:\/\/ftp3.syscom.mx\/usuarios\/fotos\/DCT4831HRXA\/196150-baner-proyectos.jpg' alt=''> <\/div>\n<p> <!-- Logo --> <\/p>\n<div style='width: 100%; margin-bottom: 30px;'> <img style='width: 50%; height: auto; border: 1px solid rgba(150&comma;150&comma;150&comma;0.3); border-radius: 8px; margin-left: 25%;' src='https:\/\/ftp3.syscom.mx\/usuarios\/luis.vargas\/IDIS\/Imagenes\/logo.png' alt=''> <\/div>\n<p> <!-- T\u00edtulos --> <\/p>\n<div style='text-align: center; margin-bottom: 30px;'>\n<h1 style='font-size: 28px; color: inherit; margin: 0; padding: 0;'><strong>IR-310D<\/strong><\/h1>\n<h3 style='font-size: 20px; color: inherit; margin: 0; padding: 0;'> <span style='font-size: 18pt;'><strong><span style='color: #147e82;'>IDIS<\/span><\/strong><\/span> <\/h3>\n<\/p><\/div>\n<p> <!-- Im\u00e1genes de producto --> <\/p>\n<div style='display: flex; flex-wrap: wrap; gap: 30px; justify-content: center; margin-bottom: 30px;'>\n<div style='flex: 1 1 300px; min-width: 280px;'> <img style='width: 80%; height: auto; border: 1px solid rgba(150&comma;150&comma;150&comma;0.3); border-radius: 8px; margin: 0 auto;' src='https:\/\/ftp3.syscom.mx\/usuarios\/albamaria\/albamaria\/IDIS\/camaras\/IR100.png' alt=''> <\/div>\n<div style='flex: 1 1 300px; min-width: 280px;'> <img style='width: 100%; height: auto; border: 1px solid rgba(150&comma;150&comma;150&comma;0.3); border-radius: 8px;' src='https:\/\/www.idisglobal.com\/\/uploads\/product\/d2c4f87c305755e72a44705dda4b7933.png' alt=''> <\/div>\n<\/p><\/div>\n<p> <!-- Secci\u00f3n de caracter\u00edsticas --> <\/p>\n<div style='display: flex; flex-wrap: wrap; gap: 30px; margin-bottom: 30px;'>\n<div style='flex: 1 1 300px; min-width: 280px;'>\n<div style='border-top: 5px solid #0093A3; padding: 15px; border: 1px solid rgba(150&comma;150&comma;150&comma;0.3); border-radius: 8px; height: 100%; display: flex; flex-direction: column;'>\n<div style='font-size: 20px; font-weight: bold; margin-bottom: 15px; color: inherit;'>Caracter\u00edsticas<\/div>\n<ul style='padding-left: 20px; font-size: 15px; color: inherit; flex: 1; display: flex; flex-direction: column; justify-content: space-between;'>\n<li style='margin-bottom: 5px;'><strong>Software:<\/strong> Demo preinstalado IDIS Solution Suite (No incluye licenciamiento)<\/li>\n<li style='margin-bottom: 5px;'><strong>Capacidad:<\/strong> Hasta 64 canales Full HD en tiempo real<\/li>\n<li style='margin-bottom: 5px;'><strong>Redundancia:<\/strong> Sistema altamente redundante<\/li>\n<li style='margin-bottom: 5px;'><strong>Compresi\u00f3n:<\/strong> Soporta Intelligent Codec<\/li>\n<\/ul><\/div>\n<\/p><\/div>\n<div style='flex: 1 1 300px; min-width: 280px;'>\n<div style='border-top: 5px solid #0093A3; padding: 15px; border: 1px solid rgba(150&comma;150&comma;150&comma;0.3); border-radius: 8px; height: 100%; display: flex; flex-direction: column;'>\n<div style='font-size: 20px; font-weight: bold; margin-bottom: 15px; color: inherit;'>Caracter\u00edsticas F\u00edsicas y El\u00e9ctricas<\/div>\n<ul style='padding-left: 20px; font-size: 15px; color: inherit; flex: 1; display: flex; flex-direction: column; justify-content: space-between;'>\n<li style='margin-bottom: 5px;'><strong>Alimentaci\u00f3n:<\/strong> 100-240V~&comma; 50\/60 Hz&comma; 8.0 &#8211; 4.0A (Redundante)<\/li>\n<li style='margin-bottom: 5px;'><strong>Consumo:<\/strong> 120W x 2<\/li>\n<li style='margin-bottom: 5px;'><strong>Certificaci\u00f3n:<\/strong> FCC&comma; CE&comma; CB&comma; UL&comma; KC&comma; PSE<\/li>\n<li style='margin-bottom: 5px;'><strong>Temperatura:<\/strong> 0\u00b0C a 40\u00b0C<\/li>\n<li style='margin-bottom: 5px;'><strong>Humedad:<\/strong> 0% &#8211; 90%<\/li>\n<\/ul><\/div>\n<\/p><\/div>\n<div style='flex: 1 1 300px; min-width: 280px;'>\n<div style='border-top: 5px solid #0093A3; padding: 15px; border: 1px solid rgba(150&comma;150&comma;150&comma;0.3); border-radius: 8px; height: 100%; display: flex; flex-direction: column;'>\n<div style='font-size: 20px; font-weight: bold; margin-bottom: 15px; color: inherit;'>Caracter\u00edsticas Generales<\/div>\n<ul style='padding-left: 20px; font-size: 15px; color: inherit; flex: 1; display: flex; flex-direction: column; justify-content: space-between;'>\n<li style='margin-bottom: 5px;'><strong>Dimensiones:<\/strong> 48.3 x 8.8 x 52.3 cm<\/li>\n<li style='margin-bottom: 5px;'><strong>Peso:<\/strong> 12.6Kg<\/li>\n<li style='margin-bottom: 5px;'><strong>Canales Anal\u00edticos:<\/strong> Hasta 64 canales en condiciones de entrada de video de 640&#215;360@5ips<\/li>\n<li style='margin-bottom: 5px;'><strong>Salida de video:<\/strong> 2 x HDMI 2.0<\/li>\n<li style='margin-bottom: 5px;'><strong>Procesador:<\/strong> Intel\u00ae I5-10500&comma; 3.1GHz<\/li>\n<li style='margin-bottom: 5px;'><strong>Sistema Operativo:<\/strong> Microsoft\u00ae Windows Embebido 10 IoT Enterprise<\/li>\n<li style='margin-bottom: 5px;'><strong>Throughput Max:<\/strong> 400Mbps<\/li>\n<\/ul><\/div>\n<\/p><\/div>\n<\/p><\/div>\n<p> <!-- Videos --> <\/p>\n<div style='display: flex; flex-wrap: wrap; gap: 30px; margin-bottom: 30px;'>\n<div style='flex: 1 1 300px; min-width: 280px;'>\n<div style='position: relative; padding-bottom: 56.25%; height: 0; overflow: hidden;'>   <\/div>\n<\/p><\/div>\n<div style='flex: 1 1 300px; min-width: 280px;'>\n<div style='position: relative; padding-bottom: 56.25%; height: 0; overflow: hidden;'>   <\/div>\n<\/p><\/div>\n<div style='flex: 1 1 300px; min-width: 280px;'>\n<div style='position: relative; padding-bottom: 56.25%; height: 0; overflow: hidden;'>   <\/div>\n<\/p><\/div>\n<\/p><\/div>\n<\/p><\/div>\n","protected":false},"excerpt":{"rendered":"<p>SERVIDOR DE GRABACI\u00d3N CON SOFTWARE IDIS SOLUTION SUITE PRE &#8211; INSTALADO<\/p>\n","protected":false},"featured_media":96308,"comment_status":"open","ping_status":"closed","template":"","meta":[],"product_brand":[],"product_cat":[2236],"product_tag":[2276,2065,2237],"class_list":{"0":"post-96309","1":"product","2":"type-product","3":"status-publish","4":"has-post-thumbnail","6":"product_cat-servidores-de-aplicacion","7":"product_tag-idis","8":"product_tag-servidores-almacenamiento","9":"product_tag-servidores-de-aplicacion","11":"first","12":"instock","13":"sale","14":"shipping-taxable","15":"purchasable","16":"product-type-simple"},"_links":{"self":[{"href":"https:\/\/soydeaqui.ddns.net\/pachuca\/index.php\/wp-json\/wp\/v2\/product\/96309","targetHints":{"allow":["GET"]}}],"collection":[{"href":"https:\/\/soydeaqui.ddns.net\/pachuca\/index.php\/wp-json\/wp\/v2\/product"}],"about":[{"href":"https:\/\/soydeaqui.ddns.net\/pachuca\/index.php\/wp-json\/wp\/v2\/types\/product"}],"replies":[{"embeddable":true,"href":"https:\/\/soydeaqui.ddns.net\/pachuca\/index.php\/wp-json\/wp\/v2\/comments?post=96309"}],"wp:featuredmedia":[{"embeddable":true,"href":"https:\/\/soydeaqui.ddns.net\/pachuca\/index.php\/wp-json\/wp\/v2\/media\/96308"}],"wp:attachment":[{"href":"https:\/\/soydeaqui.ddns.net\/pachuca\/index.php\/wp-json\/wp\/v2\/media?parent=96309"}],"wp:term":[{"taxonomy":"product_brand","embeddable":true,"href":"https:\/\/soydeaqui.ddns.net\/pachuca\/index.php\/wp-json\/wp\/v2\/product_brand?post=96309"},{"taxonomy":"product_cat","embeddable":true,"href":"https:\/\/soydeaqui.ddns.net\/pachuca\/index.php\/wp-json\/wp\/v2\/product_cat?post=96309"},{"taxonomy":"product_tag","embeddable":true,"href":"https:\/\/soydeaqui.ddns.net\/pachuca\/index.php\/wp-json\/wp\/v2\/product_tag?post=96309"}],"curies":[{"name":"wp","href":"https:\/\/api.w.org\/{rel}","templated":true}]}}