{"id":96299,"date":"2026-03-20T08:07:20","date_gmt":"2026-03-20T08:07:20","guid":{"rendered":"https:\/\/soydeaqui.ddns.net\/pachuca\/index.php\/producto\/kit-de-videoportero-ip-poe-estandar-con-llamada-a-app-de-smartphone-hikconnect-apertura-con-tarjeta-mifare-frente-de-calle-ip65-soporta-1-departamento\/"},"modified":"2026-03-20T08:07:20","modified_gmt":"2026-03-20T08:07:20","slug":"kit-de-videoportero-ip-poe-estandar-con-llamada-a-app-de-smartphone-hikconnect-apertura-con-tarjeta-mifare-frente-de-calle-ip65-soporta-1-departamento","status":"publish","type":"product","link":"https:\/\/soydeaqui.ddns.net\/pachuca\/index.php\/producto\/kit-de-videoportero-ip-poe-estandar-con-llamada-a-app-de-smartphone-hikconnect-apertura-con-tarjeta-mifare-frente-de-calle-ip65-soporta-1-departamento\/","title":{"rendered":"Kit de Videoportero IP Poe Estandar con llamada a App de Smartphone (HikConnect) \/ Apertura con tarjeta MIFARE \/ Frente de calle IP65 \/ Soporta 1 Departamento"},"content":{"rendered":"<div style='width: 100%; max-width: 1200px; margin: 0 auto; font-family: sans-serif; line-height: 1.6; color: inherit; background-color: transparent;'> <!-- Videos --> <\/p>\n<div style='display: flex; flex-wrap: wrap; gap: 30px; margin-bottom: 30px;'>\n<div style='flex: 1 1 45%; min-width: 300px;'>\n<div style='position: relative; padding-bottom: 56.25%; height: 0; overflow: hidden;'>   <\/div>\n<\/p><\/div>\n<div style='flex: 1 1 45%; min-width: 300px;'>\n<div style='position: relative; padding-bottom: 56.25%; height: 0; overflow: hidden;'>   <\/div>\n<\/p><\/div>\n<\/p><\/div>\n<p> <!-- Imagen principal --> <\/p>\n<div style='margin-bottom: 30px;'> <a href='https:\/\/soporte.syscom.mx\/es\/articles\/4296720-hikvision-videoporteros-configuraciones-de-videoporteros-3ra-generacion-con-interfaz-web' style='text-decoration: none; color: inherit;'> <img style='width: 100%; height: auto; border: 1px solid rgba(150&comma;150&comma;150&comma;0.3); border-radius: 8px;' src='https:\/\/ftp3.syscom.mx\/usuarios\/nicolas.jimenez\/NUEVOS-VIDEOPORTEROS-2%20%282%29.jpg' alt='Imagen principal'> <\/a> <\/div>\n<p> <!-- T\u00edtulo y descripci\u00f3n principal --> <\/p>\n<h1 style='text-align: center; font-size: 26px; margin-bottom: 20px; color: inherit;'>\u00a1El poder del acceso en tus manos!<\/h1>\n<p style='font-size: 15px; margin-bottom: 15px; color: inherit;'> Potencia la seguridad de tu hogar o negocio con nuestro videoportero IP que te permite ver y comunicarte con tus visitantes desde cualquier lugar. \u00bfNecesitas abrir la puerta mientras est\u00e1s fuera? \u00a1No hay problema! Nuestra aplicaci\u00f3n Hik-Connect te permite realizar aperturas remotas de manera conveniente. <\/p>\n<p style='font-size: 15px; margin-bottom: 15px; color: inherit;'> Adem\u00e1s cuenta con una c\u00e1mara de alta resoluci\u00f3n de 1080p que captura im\u00e1genes n\u00edtidas y claras&comma; incluso en la oscuridad gracias a su tecnolog\u00eda IR de 3 metros. Con un amplio \u00e1ngulo de visi\u00f3n de 129\u00b0&comma; no te perder\u00e1s ning\u00fan detalle&comma; el audio bidireccional te permite mantener conversaciones fluidas con tus visitantes&comma; brind\u00e1ndote una comunicaci\u00f3n clara y efectiva. <\/p>\n<p> <!-- Caracter\u00edsticas principales --> <\/p>\n<div style='display: flex; flex-wrap: wrap; gap: 30px; margin-top: 30px; margin-bottom: 30px;'>\n<div style='flex: 1 1 45%; min-width: 300px;'>\n<h3 style='font-size: 22px; border-bottom: 2px solid currentColor; padding-bottom: 5px; margin-top: 0; color: inherit; opacity: 0.8;'>Caracter\u00edsticas del Kit<\/h3>\n<ul style='padding-left: 20px; font-size: 15px; color: inherit;'>\n<li style='margin-bottom: 5px;'>Gestiona 1 puerta<\/li>\n<li style='margin-bottom: 5px;'>Dise\u00f1ado para resistir condiciones exigentes<\/li>\n<li style='margin-bottom: 5px;'>Resistente al polvo y al agua con clasificaci\u00f3n IP65<\/li>\n<li style='margin-bottom: 5px;'>Apertura con tarjeta MIFARE<\/li>\n<li style='margin-bottom: 5px;'>Control total sobre el acceso a tu propiedad<\/li>\n<\/ul><\/div>\n<div style='flex: 1 1 45%; min-width: 300px;'>\n<h3 style='font-size: 22px; border-bottom: 2px solid currentColor; padding-bottom: 5px; margin-top: 0; color: inherit; opacity: 0.8;'>Incluye<\/h3>\n<ul style='padding-left: 20px; font-size: 15px; color: inherit;'>\n<li style='margin-bottom: 5px;'>1 x <a href='https:\/\/www.syscom.mx\/producto\/DS-KV6113-WPE1C-HIKVISION-209203.html' target='_blank' rel='noopener' style='color: inherit; text-decoration: underline;'>DS-KV6113-WPE1(C)<\/a><\/li>\n<li style='margin-bottom: 5px;'>1 x <a href='https:\/\/www.syscom.mx\/principal\/searchcont?route=DS-KH6320-WTE1-HIKVISION-170761&#038;autodetect=dskh6320' target='_blank' rel='noopener' style='color: inherit; text-decoration: underline;'>DS-KH6320-WTE1<\/a><\/li>\n<\/ul><\/div>\n<\/p><\/div>\n<p> <!-- Separador --> <\/p>\n<hr style='border: 0; border-top: 1px solid rgba(150&comma; 150&comma; 150&comma; 0.3); margin: 30px 0;'> <!-- Componentes del kit --> <\/p>\n<div style='display: flex; flex-wrap: wrap; gap: 30px; margin-bottom: 30px;'> <!-- Componente 1 --> <\/p>\n<div style='flex: 1 1 45%; min-width: 300px; border: 1px solid rgba(150&comma; 150&comma; 150&comma; 0.4); border-radius: 8px; overflow: hidden;'>\n<div style='padding: 15px; border-bottom: 1px solid rgba(150&comma; 150&comma; 150&comma; 0.2); font-weight: bold; font-size: 18px; color: inherit;'>DS-KV6113-WPE1(C)<\/div>\n<div style='padding: 15px; color: inherit;'> <img style='width: 100%; height: auto; border: 1px solid rgba(150&comma;150&comma;150&comma;0.3); border-radius: 8px;' src='https:\/\/ftp3.syscom.mx\/usuarios\/fotos\/BancoFotografiasSyscom\/HIKVISION\/DSKIS603P\/221347-diaghik.jpg' alt='DS-KV6113-WPE1(C)'> <\/p>\n<ul style='padding-left: 20px; margin-top: 15px; font-size: 14px; list-style-type: disc; color: inherit;'>\n<li style='margin-bottom: 5px;'>Apertura remota desde App Hik-Connect (P2P)<\/li>\n<li style='margin-bottom: 5px;'>C\u00e1mara de 1080p con IR 3m&comma; H.264&comma; \u00c1ngulo 129\u00b0<\/li>\n<li style='margin-bottom: 5px;'>Micr\u00f3fono y Altavoz integrados para comunicaci\u00f3n bidireccional<\/li>\n<li style='margin-bottom: 5px;'>WDR para im\u00e1genes de alta calidad en diferentes condiciones de iluminaci\u00f3n<\/li>\n<li style='margin-bottom: 5px;'>Lector de tarjetas embebido; compatible con hasta 128 Tarjetas Mifare (13.56MHz)<\/li>\n<li style='margin-bottom: 5px;'>Salida Relay x 1 para el control de 1 puerta<\/li>\n<li style='margin-bottom: 5px;'>12 Vcd (no incluida)<\/li>\n<li style='margin-bottom: 5px;'>No es WiFi<\/li>\n<\/ul><\/div>\n<\/p><\/div>\n<p> <!-- Componente 2 --> <\/p>\n<div style='flex: 1 1 45%; min-width: 300px; border: 1px solid rgba(150&comma; 150&comma; 150&comma; 0.4); border-radius: 8px; overflow: hidden;'>\n<div style='padding: 15px; border-bottom: 1px solid rgba(150&comma; 150&comma; 150&comma; 0.2); font-weight: bold; font-size: 18px; color: inherit;'>DS-KH6320-WTE1<\/div>\n<div style='padding: 15px; color: inherit;'> <img style='width: 100%; height: auto; border: 1px solid rgba(150&comma;150&comma;150&comma;0.3); border-radius: 8px;' src='https:\/\/ftp3.syscom.mx\/usuarios\/fotos\/BancoFotografiasSyscom\/HIKVISION\/DSKH6320WTE1\/DSKH6320WTE1-p.PNG' alt='DS-KH6320-WTE1'> <\/p>\n<ul style='padding-left: 20px; margin-top: 15px; font-size: 14px; list-style-type: disc; color: inherit;'>\n<li style='margin-bottom: 5px;'>Pantalla Touch a color de 7&#8242;<\/li>\n<li style='margin-bottom: 5px;'>Resoluci\u00f3n: 1024 x 600<\/li>\n<li style='margin-bottom: 5px;'>Apertura desde monitor<\/li>\n<li style='margin-bottom: 5px;'>Vista en vivo de frente de calle<\/li>\n<li style='margin-bottom: 5px;'>Micr\u00f3fono y altavoz interconstruido<\/li>\n<li style='margin-bottom: 5px;'>Entrada de Alarma: 8 entradas<\/li>\n<li style='margin-bottom: 5px;'>Salidas de Alarma: 2 salidas<\/li>\n<li style='margin-bottom: 5px;'>Soporta micro SD max. 32G para almacenar capturas de imagen<\/li>\n<li style='margin-bottom: 5px;'>Red WiFi&comma; Ethernet 10\/100 Mbps. TCP\/IP&comma; SIP&comma; RTSP<\/li>\n<li style='margin-bottom: 5px;'>Comb\u00ednelo con su sistema de videovigilancia<\/li>\n<li style='margin-bottom: 5px;'>12 Vcd (no incluida)<\/li>\n<\/ul><\/div>\n<\/p><\/div>\n<\/p><\/div>\n<\/p><\/div>\n","protected":false},"excerpt":{"rendered":"<p>Kit de Videoportero IP Poe Estandar con llamada a App de Smartphone (HikConnect) \/ Apertura con tarjeta MIFARE \/ Frente de calle IP65 \/ Soporta 1 Departamento<\/p>\n","protected":false},"featured_media":96298,"comment_status":"open","ping_status":"closed","template":"","meta":[],"product_brand":[],"product_cat":[2104],"product_tag":[54,557,857],"class_list":{"0":"post-96299","1":"product","2":"type-product","3":"status-publish","4":"has-post-thumbnail","6":"product_cat-videoporteros-ip-videoporteros-e-interfonos","7":"product_tag-hikvision","8":"product_tag-videoporteros-e-interfonos","9":"product_tag-videoporteros-ip","11":"first","12":"instock","13":"sale","14":"shipping-taxable","15":"purchasable","16":"product-type-simple"},"_links":{"self":[{"href":"https:\/\/soydeaqui.ddns.net\/pachuca\/index.php\/wp-json\/wp\/v2\/product\/96299","targetHints":{"allow":["GET"]}}],"collection":[{"href":"https:\/\/soydeaqui.ddns.net\/pachuca\/index.php\/wp-json\/wp\/v2\/product"}],"about":[{"href":"https:\/\/soydeaqui.ddns.net\/pachuca\/index.php\/wp-json\/wp\/v2\/types\/product"}],"replies":[{"embeddable":true,"href":"https:\/\/soydeaqui.ddns.net\/pachuca\/index.php\/wp-json\/wp\/v2\/comments?post=96299"}],"wp:featuredmedia":[{"embeddable":true,"href":"https:\/\/soydeaqui.ddns.net\/pachuca\/index.php\/wp-json\/wp\/v2\/media\/96298"}],"wp:attachment":[{"href":"https:\/\/soydeaqui.ddns.net\/pachuca\/index.php\/wp-json\/wp\/v2\/media?parent=96299"}],"wp:term":[{"taxonomy":"product_brand","embeddable":true,"href":"https:\/\/soydeaqui.ddns.net\/pachuca\/index.php\/wp-json\/wp\/v2\/product_brand?post=96299"},{"taxonomy":"product_cat","embeddable":true,"href":"https:\/\/soydeaqui.ddns.net\/pachuca\/index.php\/wp-json\/wp\/v2\/product_cat?post=96299"},{"taxonomy":"product_tag","embeddable":true,"href":"https:\/\/soydeaqui.ddns.net\/pachuca\/index.php\/wp-json\/wp\/v2\/product_tag?post=96299"}],"curies":[{"name":"wp","href":"https:\/\/api.w.org\/{rel}","templated":true}]}}