{"id":96286,"date":"2026-03-20T08:06:44","date_gmt":"2026-03-20T08:06:44","guid":{"rendered":"https:\/\/soydeaqui.ddns.net\/pachuca\/index.php\/producto\/monitor-hibrido-ip-wifi-touch-screen-7-para-ds-kis303p-video-en-vivo-poe-estandar-apertura-remota-llamada-entre-monitores-audio-de-dos-vias-policarbonato\/"},"modified":"2026-03-20T08:06:57","modified_gmt":"2026-03-20T08:06:57","slug":"monitor-hibrido-ip-wifi-touch-screen-7-para-ds-kis303p-video-en-vivo-poe-estandar-apertura-remota-llamada-entre-monitores-audio-de-dos-vias-policarbonato","status":"publish","type":"product","link":"https:\/\/soydeaqui.ddns.net\/pachuca\/index.php\/producto\/monitor-hibrido-ip-wifi-touch-screen-7-para-ds-kis303p-video-en-vivo-poe-estandar-apertura-remota-llamada-entre-monitores-audio-de-dos-vias-policarbonato\/","title":{"rendered":"Monitor Hibrido IP WiFi Touch Screen 7&#8243; para DS-KIS303P \/ V\u00eddeo en Vivo \/ PoE Est\u00e1ndar \/ Apertura Remota \/ Llamada Entre Monitores \/ Audio de dos v\u00edas \/ Policarbonato"},"content":{"rendered":"<div style='width: 100%; max-width: 1200px; margin: 0 auto; font-family: sans-serif; line-height: 1.6; color: inherit; background-color: transparent;'> <!-- Banner Image --> <\/p>\n<div style='width: 100%; max-width: 1200px; margin: 0 auto;'> <a href='http:\/\/soporte.syscom.mx\/es\/articles\/4296720-hikvision-videoportero-configuraciones-tercera-generacion-con-interfaz-web' target='_blank' rel='noopener'> <img style='width: 100%; height: auto; border: 1px solid rgba(150&comma;150&comma;150&comma;0.3); border-radius: 8px;' src='https:\/\/ftp3.syscom.mx\/usuarios\/fotos\/DSKH6320WTDE1\/221353-dskh6320wtde11.jpg' alt='Banner Image'> <\/a> <\/div>\n<p> <!-- Videos Section --> <\/p>\n<div style='display: flex; flex-wrap: wrap; gap: 20px; margin: 30px 0;'>\n<div style='flex: 1 1 45%; min-width: 300px; position: relative; padding-bottom: 56.25%; height: 0; overflow: hidden;'>   <\/div>\n<div style='flex: 1 1 45%; min-width: 300px; position: relative; padding-bottom: 56.25%; height: 0; overflow: hidden;'>   <\/div>\n<div style='flex: 1 1 45%; min-width: 300px; position: relative; padding-bottom: 56.25%; height: 0; overflow: hidden;'>   <\/div>\n<div style='flex: 1 1 45%; min-width: 300px; position: relative; padding-bottom: 56.25%; height: 0; overflow: hidden;'>   <\/div>\n<\/p><\/div>\n<p> <!-- Product Image and Description --> <\/p>\n<div style='display: flex; flex-wrap: wrap; gap: 30px; margin: 30px 0;'>\n<div style='flex: 1 1 45%; min-width: 300px;'> <img style='width: 100%; height: auto; border: 1px solid rgba(150&comma;150&comma;150&comma;0.3); border-radius: 8px;' src='https:\/\/ftp3.syscom.mx\/usuarios\/fespinoza\/HIKVISION\/Dispositivos\/Videoporteros\/Diagrama%20DS-KIS302-P.png' alt='Product Diagram'> <\/div>\n<div style='flex: 1 1 45%; min-width: 300px;'>\n<h2 style='font-size: 22px; border-bottom: 2px solid currentColor; padding-bottom: 5px; margin-top: 0; color: #2880b9; opacity: 0.8;'>\u00a1Reemplace su viejo videoportero an\u00e1logo a 4 hilos conservando el mismo cableado pero a\u00f1adiendo el plus de recibir la llamada en su Smartphone.<\/h2>\n<div style='color: inherit; font-size: 14px;'>\n<p style='font-family: verdana&comma; geneva&comma; sans-serif; font-size: 12pt; color: inherit;'> Combina un <strong>rendimiento excepcional<\/strong> con una apariencia elegante y moderna. <span style='color: inherit;'>Experimenta una claridad visual excepcional con una <strong>pantalla t\u00e1ctil de alta resoluci\u00f3n<\/strong> que te permite ver a tus visitantes con detalle. <\/span> <span style='color: inherit; font-family: verdana&comma; geneva&comma; sans-serif;'>Habla con tus visitantes de forma clara y n\u00edtida gracias al <strong>audio bidireccional de alta calidad<\/strong>. Ya sea que est\u00e9s en casa o fuera&comma; siempre estar\u00e1s conectado.<\/span> <\/p>\n<\/p><\/div>\n<\/p><\/div>\n<\/p><\/div>\n<p> <!-- Features in 3 columns --> <\/p>\n<div style='display: flex; flex-wrap: wrap; gap: 20px; margin: 30px 0;'> <!-- Columna 1 --> <\/p>\n<div style='flex: 1 1 30%; min-width: 280px; border: 1px solid rgba(150&comma; 150&comma; 150&comma; 0.4); border-radius: 8px; overflow: hidden; display: flex; flex-direction: column;'>\n<div style='padding: 15px; border-bottom: 1px solid rgba(150&comma; 150&comma; 150&comma; 0.2); font-weight: bold; font-size: 18px; color: inherit;'>Caracter\u00edsticas:<\/div>\n<div style='padding: 15px; color: inherit;'>\n<ul style='padding-left: 20px; margin: 0; font-size: 14px; list-style-type: disc; color: inherit;'>\n<li style='margin-bottom: 5px;'><span style='font-family: verdana&comma; geneva&comma; sans-serif;'>Pantalla touch de 7&#8242;<\/span><\/li>\n<li style='margin-bottom: 5px;'><span style='font-family: verdana&comma; geneva&comma; sans-serif;'>Conexi\u00f3n con cable de 4 hilos del monitor al frente de calle<\/span><\/li>\n<li style='margin-bottom: 5px;'><span style='font-family: verdana&comma; geneva&comma; sans-serif;'>Conexi\u00f3n red PoE 802.3af<\/span><\/li>\n<li style='margin-bottom: 5px;'><span style='font-family: verdana&comma; geneva&comma; sans-serif;'>Conexi\u00f3n de red Wi-Fi<\/span><\/li>\n<li style='margin-bottom: 5px;'><span style='font-family: verdana&comma; geneva&comma; sans-serif;'>Resoluci\u00f3n: 1024 x 600<\/span><\/li>\n<li style='margin-bottom: 5px;'><span style='font-family: verdana&comma; geneva&comma; sans-serif;'>Compatible con los frente de calle anal\u00f3gicos Hikvision&comma; transforme su sistema anal\u00f3gico a un sistema IP con el monitor.<\/span><\/li>\n<li style='margin-bottom: 5px;'><span style='font-family: verdana&comma; geneva&comma; sans-serif;'>Apertura desde monitor.<\/span><\/li>\n<li style='margin-bottom: 5px;'><span style='font-family: verdana&comma; geneva&comma; sans-serif;'>Vista en vivo de frente de calle.<\/span><\/li>\n<li style='margin-bottom: 5px;'><span style='font-family: verdana&comma; geneva&comma; sans-serif;'>Micr\u00f3fono y altavoz interconstruido.<\/span><\/li>\n<li style='margin-bottom: 5px;'><span style='font-family: verdana&comma; geneva&comma; sans-serif;'>Entrada de Alarma: 8 entradas.<\/span><\/li>\n<li style='margin-bottom: 5px;'><span style='font-family: verdana&comma; geneva&comma; sans-serif;'>Salidas de Alarma: 2 salidas.<\/span><\/li>\n<li style='margin-bottom: 5px;'><span style='font-family: verdana&comma; geneva&comma; sans-serif;'>Micro SD max. 32G. para almacenar capturas de imagen.<\/span><\/li>\n<\/ul><\/div>\n<\/p><\/div>\n<p> <!-- Columna 2 --> <\/p>\n<div style='flex: 1 1 30%; min-width: 280px; border: 1px solid rgba(150&comma; 150&comma; 150&comma; 0.4); border-radius: 8px; overflow: hidden; display: flex; flex-direction: column;'>\n<div style='padding: 15px; border-bottom: 1px solid rgba(150&comma; 150&comma; 150&comma; 0.2); font-weight: bold; font-size: 18px; color: inherit;'>Caracter\u00edsticas F\u00edsicas y El\u00e9ctricas:<\/div>\n<div style='padding: 15px; color: inherit;'>\n<ul style='padding-left: 20px; margin: 0; font-size: 14px; list-style-type: disc; color: inherit;'>\n<li style='margin-bottom: 5px;'><span style='font-family: verdana&comma; geneva&comma; sans-serif;'>Voltaje de operaci\u00f3n: 12Vcc&comma; 1 A (fuente no incluida) PoE Standar IEEE802.3af.<\/span><\/li>\n<li style='margin-bottom: 5px;'><span style='font-family: verdana&comma; geneva&comma; sans-serif;'>Consumo el\u00e9ctrico: 6W<\/span><\/li>\n<li style='margin-bottom: 5px;'><span style='font-family: verdana&comma; geneva&comma; sans-serif;'>Material: Pl\u00e1stico.<\/span><\/li>\n<li style='margin-bottom: 5px;'><span style='font-family: verdana&comma; geneva&comma; sans-serif;'>Temperatura de operaci\u00f3n: -10\u00b0 ~ 55\u00b0 C (14\u00b0 ~ 131\u00b0 F)<\/span><\/li>\n<li style='margin-bottom: 5px;'><span style='font-family: verdana&comma; geneva&comma; sans-serif;'>Dimensiones 200 mm \u00d7 140 mm \u00d7 15.1 mm (7.9&#8242; \u00d7 5.5&#8242; \u00d7 0.6&#8242;)<\/span><\/li>\n<\/ul><\/div>\n<\/p><\/div>\n<p> <!-- Columna 3 --> <\/p>\n<div style='flex: 1 1 30%; min-width: 280px; border: 1px solid rgba(150&comma; 150&comma; 150&comma; 0.4); border-radius: 8px; overflow: hidden; display: flex; flex-direction: column;'>\n<div style='padding: 15px; border-bottom: 1px solid rgba(150&comma; 150&comma; 150&comma; 0.2); font-weight: bold; font-size: 18px; color: inherit;'>Caracteristicas Destacadas:<\/div>\n<div style='padding: 15px; color: inherit;'>\n<ul style='padding-left: 20px; margin: 0; font-size: 14px; list-style-type: disc; color: inherit;'>\n<li style='margin-bottom: 5px;'><span style='font-family: verdana&comma; geneva&comma; sans-serif;'>Compatible con Hik-connect P2P para notificaci\u00f3n \/apertura remota (requiere frente de calle)<\/span><\/li>\n<li style='margin-bottom: 5px;'><span style='font-family: verdana&comma; geneva&comma; sans-serif;'>Permite la visualizaci\u00f3n de c\u00e1maras IP (2 MP) y c\u00e1mara del frente de calle (Audio&comma; Video y apertura de puerta).<\/span><\/li>\n<li style='margin-bottom: 5px;'><span style='font-family: verdana&comma; geneva&comma; sans-serif;'>Soporta hasta 5 monitores como extensi\u00f3n.<\/span><\/li>\n<li style='margin-bottom: 5px;'><span style='font-family: verdana&comma; geneva&comma; sans-serif;'>El n\u00famero de frentes de calle soportados depender\u00e1 del modelo del mismo.<\/span><\/li>\n<li style='margin-bottom: 5px;'><span style='font-family: verdana&comma; geneva&comma; sans-serif;'>Soporta 16 canales de video en total (entre frentes de calle y c\u00e1maras).<\/span><\/li>\n<li style='margin-bottom: 5px;'><span style='font-family: verdana&comma; geneva&comma; sans-serif;'>Soporta aperturar 2 puertas (si el frente de calle enlazado lo soporta).<\/span><\/li>\n<li style='margin-bottom: 5px;'><span style='font-family: verdana&comma; geneva&comma; sans-serif;'>Compatible con DS-KIS303-P&comma; DS-KB2421TIM y Frentes de Calle IP Hikvision.<\/span><\/li>\n<\/ul><\/div>\n<\/p><\/div>\n<\/p><\/div>\n<p> <!-- Considerations --> <\/p>\n<div style='margin: 30px 0;'>\n<div style='border: 1px solid rgba(150&comma; 150&comma; 150&comma; 0.4); border-radius: 8px; overflow: hidden; display: flex; flex-direction: column;'>\n<div style='padding: 15px; border-bottom: 1px solid rgba(150&comma; 150&comma; 150&comma; 0.2); font-weight: bold; font-size: 18px; color: inherit;'>Consideraciones:<\/div>\n<div style='padding: 15px; color: inherit;'>\n<ul style='padding-left: 20px; margin: 0; font-size: 14px; list-style-type: disc; color: inherit;'>\n<li style='margin-bottom: 5px;'><span style='font-family: verdana&comma; geneva&comma; sans-serif;'>Contrase\u00f1as y SSID de red WiFi no debe tener caracteres especiales<\/span><\/li>\n<li style='margin-bottom: 5px;'><span style='font-family: verdana&comma; geneva&comma; sans-serif;'>Los monitores extensi\u00f3n deben de ser del mismo modelo que el monitor principal<\/span><\/li>\n<li style='margin-bottom: 5px;'><span style='font-family: verdana&comma; geneva&comma; sans-serif;'>\u00bfNecesita apoyo para configurar su nuevo videoportero IP? \u00a1No hay problema le compartimos las configuraci\u00f3nes b\u00e1sicas d\u00e9 clic <a href='https:\/\/soporte.syscom.mx\/es\/articles\/4882829-hikvision-configuracion-completa-de-un-frente-de-calle-dskv8113wme1-dskv6113wpe1-y-un-monitor-dskh6320wte1' target='_blank' rel='noopener' style='color: #2880b9; text-decoration: underline;'>aqu\u00ed<\/a><\/span><\/li>\n<li style='margin-bottom: 5px;'><span style='font-family: verdana&comma; geneva&comma; sans-serif;'>Si quiere realizar funciones m\u00e1s pros como configurar m\u00faltiples frente de calle&comma; monitores y aprender m\u00e1s de esta soluci\u00f3n d\u00e9 clic <a href='https:\/\/soporte.syscom.mx\/es\/articles\/4296720-hikvision-videoporteros-configuraciones-de-videoporteros-3ra-generacion-con-interfaz-web' target='_blank' rel='noopener' style='color: #2880b9; text-decoration: underline;'>aqui<\/a><\/span><\/li>\n<\/ul><\/div>\n<\/p><\/div>\n<\/p><\/div>\n<p> <!-- Soporte T\u00e9cnico --> <\/p>\n<div style='margin: 30px 0;'>\n<div style='border: 1px solid rgba(150&comma; 150&comma; 150&comma; 0.4); border-radius: 8px; overflow: hidden; display: flex; flex-direction: column;'>\n<div style='padding: 15px; border-bottom: 1px solid rgba(150&comma; 150&comma; 150&comma; 0.2); font-weight: bold; font-size: 18px; color: inherit;'>Soporte T\u00e9cnico:<\/div>\n<div style='padding: 15px; color: inherit;'>\n<ul style='padding-left: 20px; margin: 0; font-size: 14px; list-style-type: disc; color: inherit;'>\n<li style='margin-bottom: 5px;'><span style='font-family: verdana&comma; geneva&comma; sans-serif;'>Si requiere soporte t\u00e9cnico de clic <a href='https:\/\/soporte.syscom.mx\/es\/articles\/10706576-hikvision-repositorio-configuracion-videoporteros' target='_blank' rel='noopener' style='color: #2880b9; text-decoration: underline;'>aqui<\/a><\/span><\/li>\n<li style='margin-bottom: 5px;'><span style='font-family: verdana&comma; geneva&comma; sans-serif;'>El correcto funcionamiento del Wi-Fi depende totalmente del sitio&comma; interferencias&comma; obst\u00e1culos f\u00edsicos&comma; distancia al router&comma; entre otros.<\/span><\/li>\n<\/ul><\/div>\n<\/p><\/div>\n<\/p><\/div>\n<p> <!-- Diagram Image --> <\/p>\n<hr style='border: 0; border-top: 1px solid rgba(150&comma; 150&comma; 150&comma; 0.3); margin: 30px 0;'>\n<div style='text-align: center; margin: 30px 0;'> <strong style='font-size: 24px; color: inherit;'>Ejemplo de conexi\u00f3n de una cerradura magnetica o electrica:<\/strong> <\/div>\n<div style='text-align: center; margin: 30px 0;'> <img style='width: 100%; max-width: 800px; height: auto; border: 1px solid rgba(150&comma;150&comma;150&comma;0.3); border-radius: 8px;' src='https:\/\/downloads.intercomcdn.com\/i\/o\/qdpt3rxn\/1406813573\/860175acb5f95be60252993d75b3\/image.png?expires=1752080400&#038;signature=27edc3dee75a871f0dd65425269ed9992f69e6e3e1a6701ed28bfcac2c169da2&#038;req=dSQnEMF%2FnoRYWvMW1HO4zSURLQ4hXpQst7i8qmEq%2FHDYAfu5VRhXYXJzQfnW%0AeASlY20DYzgAEJFzTD8%3D%0A' alt='Diagrama de conexi\u00f3n'> <\/div>\n<p> <!-- Separador final --> <\/p>\n<hr style='border: 0; border-top: 1px solid rgba(150&comma; 150&comma; 150&comma; 0.3); margin: 30px 0;'> <\/div>\n","protected":false},"excerpt":{"rendered":"<p>Monitor Hibrido IP WiFi Touch Screen 7&#8243; para DS-KIS303P \/ V\u00eddeo en Vivo \/ PoE Est\u00e1ndar \/ Apertura Remota \/ Llamada Entre Monitores \/ Audio de dos v\u00edas \/ Policarbonato<\/p>\n","protected":false},"featured_media":96285,"comment_status":"open","ping_status":"closed","template":"","meta":[],"product_brand":[],"product_cat":[856],"product_tag":[54,557,857],"class_list":{"0":"post-96286","1":"product","2":"type-product","3":"status-publish","4":"has-post-thumbnail","6":"product_cat-videoporteros-ip","7":"product_tag-hikvision","8":"product_tag-videoporteros-e-interfonos","9":"product_tag-videoporteros-ip","11":"first","12":"instock","13":"sale","14":"shipping-taxable","15":"purchasable","16":"product-type-simple"},"_links":{"self":[{"href":"https:\/\/soydeaqui.ddns.net\/pachuca\/index.php\/wp-json\/wp\/v2\/product\/96286","targetHints":{"allow":["GET"]}}],"collection":[{"href":"https:\/\/soydeaqui.ddns.net\/pachuca\/index.php\/wp-json\/wp\/v2\/product"}],"about":[{"href":"https:\/\/soydeaqui.ddns.net\/pachuca\/index.php\/wp-json\/wp\/v2\/types\/product"}],"replies":[{"embeddable":true,"href":"https:\/\/soydeaqui.ddns.net\/pachuca\/index.php\/wp-json\/wp\/v2\/comments?post=96286"}],"wp:featuredmedia":[{"embeddable":true,"href":"https:\/\/soydeaqui.ddns.net\/pachuca\/index.php\/wp-json\/wp\/v2\/media\/96285"}],"wp:attachment":[{"href":"https:\/\/soydeaqui.ddns.net\/pachuca\/index.php\/wp-json\/wp\/v2\/media?parent=96286"}],"wp:term":[{"taxonomy":"product_brand","embeddable":true,"href":"https:\/\/soydeaqui.ddns.net\/pachuca\/index.php\/wp-json\/wp\/v2\/product_brand?post=96286"},{"taxonomy":"product_cat","embeddable":true,"href":"https:\/\/soydeaqui.ddns.net\/pachuca\/index.php\/wp-json\/wp\/v2\/product_cat?post=96286"},{"taxonomy":"product_tag","embeddable":true,"href":"https:\/\/soydeaqui.ddns.net\/pachuca\/index.php\/wp-json\/wp\/v2\/product_tag?post=96286"}],"curies":[{"name":"wp","href":"https:\/\/api.w.org\/{rel}","templated":true}]}}