{"id":96273,"date":"2026-03-20T08:06:12","date_gmt":"2026-03-20T08:06:12","guid":{"rendered":"https:\/\/soydeaqui.ddns.net\/pachuca\/index.php\/producto\/bobina-de-305-metros-1000-pies-de-cable-2-x-18-awg-riser-blanco-para-aplicaciones-en-alarmas-de-intrusin-control-de-acceso-interfonos-tv-porteros-automatizacin-audio-y-voceo\/"},"modified":"2026-03-20T08:06:12","modified_gmt":"2026-03-20T08:06:12","slug":"bobina-de-305-metros-1000-pies-de-cable-2-x-18-awg-riser-blanco-para-aplicaciones-en-alarmas-de-intrusin-control-de-acceso-interfonos-tv-porteros-automatizacin-audio-y-voceo","status":"publish","type":"product","link":"https:\/\/soydeaqui.ddns.net\/pachuca\/index.php\/producto\/bobina-de-305-metros-1000-pies-de-cable-2-x-18-awg-riser-blanco-para-aplicaciones-en-alarmas-de-intrusin-control-de-acceso-interfonos-tv-porteros-automatizacin-audio-y-voceo\/","title":{"rendered":"Bobina de 305 Metros (1000 Pies) de Cable 2 x 18 AWG \/ Riser \/ Blanco \/ Para Aplicaciones en Alarmas de Intrusi?n, Control de Acceso, Interfonos, TV Porteros, Automatizaci?n, Audio y Voceo."},"content":{"rendered":"<div style='width: 100%; max-width: 1200px; margin: 0 auto; font-family: sans-serif; line-height: 1.6; color: inherit;'>\n<div style='display: flex; justify-content: flex-start; flex-wrap: wrap; gap: 15px; margin-bottom: 20px;'> <img style='width: auto; height: 42px; border: 1px solid rgba(150&comma;150&comma;150&comma;0.3); border-radius: 8px;' src='http:\/\/ftp3.syscom.mx\/usuarios\/maguilar\/Icons\/RoHS%20Icon.png' alt=''> <img style='width: auto; height: 65px; border: 1px solid rgba(150&comma;150&comma;150&comma;0.3); border-radius: 8px;' src='http:\/\/ftp3.syscom.mx\/usuarios\/maguilar\/Icons\/Riser%20Icon.png' alt=''> <\/div>\n<p style='font-size: 16px; margin-bottom: 15px;'><strong>CABLE DE 2 CONDUCTORES CALIBRE 18 CON FORRO BLANCO PARA APLICACIONES EN ALARMAS&comma; CONTROL DE ACCESO&comma; INTERFONOS Y TV PORTEROS&comma; AUDIO Y VOCEO.<\/strong><\/p>\n<p style='margin-bottom: 15px;'>Conductores de cobre suave s\u00f3lido aislamiento de PVC&comma; identificado por c\u00f3digo de colores&comma; y forro total de PVC.<\/p>\n<p style='margin-bottom: 15px;'>Uso en aplicaciones de alarmas&comma; cableado de sensores&comma; cableados Vplex&comma; cableado de sirenas&comma; cableado de interfonos y tv porteros&comma; cableados de dispositivos de sujecci\u00f3n como contras electricas&comma; cerraduras de perno&comma; chapas magneticas en control de acceso.<\/p>\n<div style='display: flex; flex-wrap: wrap; gap: 30px; margin-bottom: 30px;'>\n<div style='flex: 1 1 300px; min-width: 280px;'>\n<div style='border-left: 5px solid #F52207; border-radius: 8px; padding: 15px; background-color: rgba(245&comma;34&comma;7&comma;0.05);'>\n<h3 style='font-size: 18px; margin-top: 0; margin-bottom: 15px; color: inherit;'><strong>Caracter\u00edsticas<\/strong><\/h3>\n<ul style='padding-left: 20px; font-size: 14px; margin: 0; color: inherit;'>\n<li style='margin-bottom: 8px;'>Uso en Interior<\/li>\n<li style='margin-bottom: 8px;'>Alarmas de intrusi\u00f3n: sensores&comma; tecnolog\u00edas convencionales y Vplex&comma; sirenas&comma; estrobos&comma; Voceo&comma; interfonos y tv porteros.<\/li>\n<li style='margin-bottom: 8px;'>Control de acceso: Cerraduras el\u00e9ctricas&comma; contras el\u00e9ctricas&comma; de perno&comma; Chapas magn\u00e9ticas.<\/li>\n<li style='margin-bottom: 8px;'>Cableados de interfonos y Tv porteros.<\/li>\n<li style='margin-bottom: 8px;'>Sistemas de audio y voceo.<\/li>\n<li style='margin-bottom: 8px;'>CMR&comma; CL3R&comma; FPLR&comma; FT4&comma; Sunlight Resistant<\/li>\n<\/ul><\/div>\n<\/p><\/div>\n<div style='flex: 1 1 300px; min-width: 280px;'>\n<div style='border-left: 5px solid #F52207; border-radius: 8px; padding: 15px; background-color: rgba(245&comma;34&comma;7&comma;0.05);'>\n<h3 style='font-size: 18px; margin-top: 0; margin-bottom: 15px; color: inherit;'><strong>Caracter\u00edsticas f\u00edsicas y el\u00e9ctricas<\/strong><\/h3>\n<ul style='padding-left: 20px; font-size: 14px; margin: 0; color: inherit;'>\n<li style='margin-bottom: 8px;'>Tipo: Cable (1 par).<\/li>\n<li style='margin-bottom: 8px;'>Impedancia (\u03a9): 67<\/li>\n<li style='margin-bottom: 8px;'>Resistencia en \u03a9 a 305 m.: 6.66<\/li>\n<li style='margin-bottom: 8px;'>Calibre: 18.<\/li>\n<li style='margin-bottom: 8px;'>Color externo: Blanco.<\/li>\n<li style='margin-bottom: 8px;'>Color interno: Negro&comma; Rojo.<\/li>\n<li style='margin-bottom: 8px;'>Di\u00e1metro exterior (mm): 3.81<\/li>\n<li style='margin-bottom: 8px;'><strong>Temperatura de operaci\u00f3n: -20\u00b0C a 75\u00b0C<\/strong><\/li>\n<\/ul><\/div>\n<\/p><\/div>\n<div style='flex: 1 1 300px; min-width: 280px;'>\n<div style='border-left: 5px solid #F52207; border-radius: 8px; padding: 15px; background-color: rgba(245&comma;34&comma;7&comma;0.05);'>\n<h3 style='font-size: 18px; margin-top: 0; margin-bottom: 15px; color: inherit;'><strong>Est\u00e1ndares<\/strong><\/h3>\n<ul style='padding-left: 20px; font-size: 14px; margin: 0; color: inherit;'>\n<li style='margin-bottom: 8px;'>UL 1666 (Riser)<\/li>\n<li style='margin-bottom: 8px;'>CSA C22.2 No. 2556 (FT4)<\/li>\n<li style='margin-bottom: 8px;'>RoHS Compliant<\/li>\n<\/ul><\/div>\n<\/p><\/div>\n<\/p><\/div>\n<div style='margin-top: 25px; padding: 15px; border-left: 5px solid #F52207; background-color: rgba(245&comma;34&comma;7&comma;0.05);'>\n<p style='margin: 0; font-size: 14px; color: inherit;'><strong>* Precio por bobina de 305 metros.<\/strong><\/p>\n<\/p><\/div>\n<\/p><\/div>\n","protected":false},"excerpt":{"rendered":"<p>Bobina de 305 Metros (1000 Pies) de Cable 2 x 18 AWG \/ Riser \/ Blanco \/ Para Aplicaciones en Alarmas de Intrusi?n, Control de Acceso, Interfonos, TV Porteros, Automatizaci?n, Audio y Voceo.<\/p>\n","protected":false},"featured_media":96272,"comment_status":"open","ping_status":"closed","template":"","meta":[],"product_brand":[],"product_cat":[487],"product_tag":[488,139,489],"class_list":{"0":"post-96273","1":"product","2":"type-product","3":"status-publish","4":"has-post-thumbnail","6":"product_cat-para-alimentacion-y-electricidad","7":"product_tag-cables-y-conectores","8":"product_tag-genesis","9":"product_tag-para-alimentacion-y-electricidad","11":"first","12":"instock","13":"sale","14":"shipping-taxable","15":"purchasable","16":"product-type-simple"},"_links":{"self":[{"href":"https:\/\/soydeaqui.ddns.net\/pachuca\/index.php\/wp-json\/wp\/v2\/product\/96273","targetHints":{"allow":["GET"]}}],"collection":[{"href":"https:\/\/soydeaqui.ddns.net\/pachuca\/index.php\/wp-json\/wp\/v2\/product"}],"about":[{"href":"https:\/\/soydeaqui.ddns.net\/pachuca\/index.php\/wp-json\/wp\/v2\/types\/product"}],"replies":[{"embeddable":true,"href":"https:\/\/soydeaqui.ddns.net\/pachuca\/index.php\/wp-json\/wp\/v2\/comments?post=96273"}],"wp:featuredmedia":[{"embeddable":true,"href":"https:\/\/soydeaqui.ddns.net\/pachuca\/index.php\/wp-json\/wp\/v2\/media\/96272"}],"wp:attachment":[{"href":"https:\/\/soydeaqui.ddns.net\/pachuca\/index.php\/wp-json\/wp\/v2\/media?parent=96273"}],"wp:term":[{"taxonomy":"product_brand","embeddable":true,"href":"https:\/\/soydeaqui.ddns.net\/pachuca\/index.php\/wp-json\/wp\/v2\/product_brand?post=96273"},{"taxonomy":"product_cat","embeddable":true,"href":"https:\/\/soydeaqui.ddns.net\/pachuca\/index.php\/wp-json\/wp\/v2\/product_cat?post=96273"},{"taxonomy":"product_tag","embeddable":true,"href":"https:\/\/soydeaqui.ddns.net\/pachuca\/index.php\/wp-json\/wp\/v2\/product_tag?post=96273"}],"curies":[{"name":"wp","href":"https:\/\/api.w.org\/{rel}","templated":true}]}}