{"id":9627,"date":"2026-03-18T07:24:53","date_gmt":"2026-03-18T07:24:53","guid":{"rendered":"https:\/\/soydeaqui.ddns.net\/pachuca\/index.php\/producto\/pdu-monitoreable-mi-para-distribucion-de-energia-enchufe-de-entrada-nema-l5-30p-con-16-salidas-5-20r-horizontal-19-in-120-vca-30-amp-2-ur\/"},"modified":"2026-03-18T07:24:56","modified_gmt":"2026-03-18T07:24:56","slug":"pdu-monitoreable-mi-para-distribucion-de-energia-enchufe-de-entrada-nema-l5-30p-con-16-salidas-5-20r-horizontal-19-in-120-vca-30-amp-2-ur","status":"publish","type":"product","link":"https:\/\/soydeaqui.ddns.net\/pachuca\/index.php\/producto\/pdu-monitoreable-mi-para-distribucion-de-energia-enchufe-de-entrada-nema-l5-30p-con-16-salidas-5-20r-horizontal-19-in-120-vca-30-amp-2-ur\/","title":{"rendered":"PDU Monitoreable (MI) para Distribuci\u00f3n de Energ\u00eda, Enchufe de Entrada NEMA L5-30P, Con 16 Salidas 5-20R, Horizontal 19 in, 120 Vca, 30 Amp, 2 UR"},"content":{"rendered":"<div style='width: 100%; max-width: 1200px; margin: 0 auto; font-family: sans-serif; line-height: 1.6; color: inherit; background-color: transparent;'> <!-- Secci\u00f3n de descripci\u00f3n --> <\/p>\n<div style='margin-bottom: 30px;'>\n<p style='font-size: 15px; margin: 0 0 15px; color: inherit;'>Los iPDU de Panduit SmartZone G5 es m\u00e1s que una unidad de distribuci\u00f3n de energ\u00eda y un medidor de energ\u00eda. Estas iPDU monitorean la energ\u00eda en ll entorno del centro de datos (a nivel gabinete)&comma; mediante la exploraci\u00f3n continua de sobrecargas de circuitos el\u00e9ctricos y las condiciones ambientales f\u00edsicas que ponen en riesgo los equipos de TI cr\u00edticos. Las iPDU de Panduit brindan datos completos y precisos de medici\u00f3n de energ\u00eda para usar de manera eficiente los recursos de energ\u00eda&comma; tomar decisiones informadas sobre la planificaci\u00f3n de la capacidad&comma; mejorar el tiempo de actividad&comma; medir la PUE (eficacia del uso de energ\u00eda) e impulsar iniciativas de centros de datos verdes para ahorrar energ\u00eda y dinero.<\/p>\n<p style='font-size: 15px; margin: 0 0 15px; color: inherit;'>Las iPDUs para Racks de Panduit se instalan f\u00e1cilmente en gabinetes de Panduit o de terceros. Estos administran y distribuyen de forma segura y eficiente la corriente hacia m\u00faltiples dispositivos a trav\u00e9s de un solo conector de entrada de energ\u00eda&comma; por PDU&comma; para mejorar la escalabilidad al ir creciendo una red.<\/p>\n<\/p><\/div>\n<p> <!-- Secci\u00f3n de caracter\u00edsticas --> <\/p>\n<div style='margin-bottom: 30px;'>\n<h3 style='font-size: 22px; border-bottom: 2px solid currentColor; padding-bottom: 5px; margin-top: 0; color: inherit; opacity: 0.8;'>Caracter\u00edsticas<\/h3>\n<h4 style='font-size: 18px; margin-top: 20px; margin-bottom: 10px; color: inherit;'>Serie Monitoreo Agregado (MI)<\/h4>\n<p style='font-size: 15px; margin: 0 0 15px; color: inherit;'>PDUs con capacidad de monitorear la potencia agregada e identificar r\u00e1pidamente posibles problemas de energ\u00eda; y mejorar la capacidad de energ\u00eda disponible o subutilizada.<\/p>\n<h4 style='font-size: 18px; margin-top: 20px; margin-bottom: 10px; color: inherit;'>Medici\u00f3n y Monitoreo de Energ\u00eda en PDUs<\/h4>\n<ul style='padding-left: 20px; font-size: 14px; color: inherit; list-style-type: disc;'>\n<li style='margin-bottom: 5px; color: inherit;'>Medidor para consumo de energ\u00eda&comma; watt-hora&comma; nivel PDU (kWh)&comma; mediciones de potencia nivel PDU (W)&comma; mediciones de potencia a nivel Fase de Ingreso (V&comma; A&comma; VA&comma; kWh&comma; pf) y mediciones de corriente a nivel interruptor de circuito.<\/li>\n<li style='margin-bottom: 5px; color: inherit;'>Bit\u00e1cora de memoria embebida para registrar\/consultar\/reportar datos hist\u00f3ricos.<\/li>\n<li style='margin-bottom: 5px; color: inherit;'>Umbrales para alarma y notificaciones personalizadas seg\u00fan usuario.<\/li>\n<li style='margin-bottom: 5px; color: inherit;'>Umbrales para alarma y notificaciones personalizadas seg\u00fan usuario.<\/li>\n<\/ul>\n<h4 style='font-size: 18px; margin-top: 20px; margin-bottom: 10px; color: inherit;'>Gesti\u00f3n de Seguridad y Ambiental<\/h4>\n<ul style='padding-left: 20px; font-size: 14px; color: inherit; list-style-type: disc;'>\n<li style='margin-bottom: 5px; color: inherit;'>Sensores ambientales Plug &amp; Play&comma; opcionales. Incluyen temperatura&comma; humedad&comma; contacto seco y fuga de agua.<\/li>\n<li style='margin-bottom: 5px; color: inherit;'>Umbrales para alarma y notificaciones personalizadas seg\u00fan usuario.<\/li>\n<\/ul>\n<h4 style='font-size: 18px; margin-top: 20px; margin-bottom: 10px; color: inherit;'>Gesti\u00f3n de Red e Interfaz de Pantalla Local<\/h4>\n<ul style='padding-left: 20px; font-size: 14px; color: inherit; list-style-type: disc;'>\n<li style='margin-bottom: 5px; color: inherit;'>Pantalla OLED&comma; la de mayor tama\u00f1o de su clase&comma; alta visibilidad.<\/li>\n<li style='margin-bottom: 5px; color: inherit;'>Gesti\u00f3n completa de la red y capacidades de emitir alertas&comma; para soporte HTTP&comma; HTTPS&comma; SSH&comma; Telnet&comma; SNMP&comma; FTP y correo electr\u00f3nico.<\/li>\n<li style='margin-bottom: 5px; color: inherit;'>Fuerte encriptaci\u00f3n&comma; contrase\u00f1as y opciones de autorizaci\u00f3n avanzada&comma; incluyendo permisos locales&comma; LDAP\/S y Directorio Activo.<\/li>\n<li style='margin-bottom: 5px; color: inherit;'>Conexi\u00f3n en serie para PDUs hasta en 4 Racks&comma; y 32 sensores ambientales&comma; a trav\u00e9s de una sola direcci\u00f3n IP.<\/li>\n<\/ul><\/div>\n<p> <!-- Secci\u00f3n de especificaciones --> <\/p>\n<div style='margin-bottom: 30px;'>\n<h3 style='font-size: 22px; border-bottom: 2px solid currentColor; padding-bottom: 5px; margin-top: 0; color: inherit; opacity: 0.8;'>Especificaciones T\u00e9cnicas<\/h3>\n<div style='display: flex; flex-wrap: wrap; gap: 20px; margin-top: 20px;'>\n<div style='flex: 1 1 250px; border: 1px solid rgba(150&comma; 150&comma; 150&comma; 0.4); border-radius: 8px; overflow: hidden; display: flex; flex-direction: column;'>\n<div style='padding: 15px; border-bottom: 1px solid rgba(150&comma; 150&comma; 150&comma; 0.2); font-weight: bold; font-size: 18px; color: inherit;'>Energ\u00eda<\/div>\n<div style='padding: 15px; color: inherit;'>\n<ul style='padding-left: 20px; margin: 0; font-size: 14px; list-style-type: disc;'>\n<li style='margin-bottom: 5px; color: inherit;'><strong>Voltaje de entrada:<\/strong> 120 Vca<\/li>\n<li style='margin-bottom: 5px; color: inherit;'><strong>Voltaje de salida:<\/strong> 120 Vca<\/li>\n<li style='margin-bottom: 5px; color: inherit;'><strong>Corriente de ingreso:<\/strong> 30 Amp<\/li>\n<li style='margin-bottom: 5px; color: inherit;'><strong>Potencia aparente:<\/strong> 2.9 kVA<\/li>\n<\/ul><\/div>\n<\/p><\/div>\n<div style='flex: 1 1 250px; border: 1px solid rgba(150&comma; 150&comma; 150&comma; 0.4); border-radius: 8px; overflow: hidden; display: flex; flex-direction: column;'>\n<div style='padding: 15px; border-bottom: 1px solid rgba(150&comma; 150&comma; 150&comma; 0.2); font-weight: bold; font-size: 18px; color: inherit;'>Conectores<\/div>\n<div style='padding: 15px; color: inherit;'>\n<ul style='padding-left: 20px; margin: 0; font-size: 14px; list-style-type: disc;'>\n<li style='margin-bottom: 5px; color: inherit;'><strong>Tipo de Plug de Entrada:<\/strong> NEMA L5-30P<\/li>\n<li style='margin-bottom: 5px; color: inherit;'><img style='width: 100%; height: auto; border: 1px solid rgba(150&comma;150&comma;150&comma;0.3); border-radius: 8px;' src='https:\/\/www.cyberpower.com\/mx\/es\/File\/GetImageByDocId\/GeneralAttribute-246' alt=''><\/li>\n<li style='margin-bottom: 5px; color: inherit;'><strong>Tipos de Recept\u00e1culos:<\/strong> 5-20R (16)<\/li>\n<\/ul><\/div>\n<\/p><\/div>\n<div style='flex: 1 1 250px; border: 1px solid rgba(150&comma; 150&comma; 150&comma; 0.4); border-radius: 8px; overflow: hidden; display: flex; flex-direction: column;'>\n<div style='padding: 15px; border-bottom: 1px solid rgba(150&comma; 150&comma; 150&comma; 0.2); font-weight: bold; font-size: 18px; color: inherit;'>F\u00edsicas<\/div>\n<div style='padding: 15px; color: inherit;'>\n<ul style='padding-left: 20px; margin: 0; font-size: 14px; list-style-type: disc;'>\n<li style='margin-bottom: 5px; color: inherit;'><strong>Longitud del cable:<\/strong> 3 m<\/li>\n<li style='margin-bottom: 5px; color: inherit;'><strong>Dimensiones:<\/strong> 444 x 87 x 270 mm (Ancho x Alto x Profundidad)<\/li>\n<\/ul><\/div>\n<\/p><\/div>\n<div style='flex: 1 1 250px; border: 1px solid rgba(150&comma; 150&comma; 150&comma; 0.4); border-radius: 8px; overflow: hidden; display: flex; flex-direction: column;'>\n<div style='padding: 15px; border-bottom: 1px solid rgba(150&comma; 150&comma; 150&comma; 0.2); font-weight: bold; font-size: 18px; color: inherit;'>Ambientales<\/div>\n<div style='padding: 15px; color: inherit;'>\n<ul style='padding-left: 20px; margin: 0; font-size: 14px; list-style-type: disc;'>\n<li style='margin-bottom: 5px; color: inherit;'><strong>Temperatura en operaci\u00f3n:<\/strong> 10 a 60 \u00baC<\/li>\n<li style='margin-bottom: 5px; color: inherit;'><strong>Temperatura en almacenamiento:<\/strong> -20 a 60 \u00baC<\/li>\n<li style='margin-bottom: 5px; color: inherit;'><strong>Humedad relativa sin operar:<\/strong> 5 a 95%<\/li>\n<li style='margin-bottom: 5px; color: inherit;'><strong>Humedad relativa en almacenamiento:<\/strong> 5 a 95%<\/li>\n<\/ul><\/div>\n<\/p><\/div>\n<\/p><\/div>\n<\/p><\/div>\n<p> <!-- Separador --> <\/p>\n<hr style='border: 0; border-top: 1px solid rgba(150&comma; 150&comma; 150&comma; 0.3); margin: 30px 0;'> <\/div>\n","protected":false},"excerpt":{"rendered":"<p>PDU Monitoreable (MI) para Distribuci\u00f3n de Energ\u00eda, Enchufe de Entrada NEMA L5-30P, Con 16 Salidas 5-20R, Horizontal 19 in, 120 Vca, 30 Amp, 2 UR<\/p>\n","protected":false},"featured_media":9626,"comment_status":"open","ping_status":"closed","template":"","meta":[],"product_brand":[],"product_cat":[604],"product_tag":[606,445,605],"class_list":{"0":"post-9627","1":"product","2":"type-product","3":"status-publish","4":"has-post-thumbnail","6":"product_cat-accesorios-para-racks-y-gabinetes","7":"product_tag-accesorios-para-racks-y-gabinetes","8":"product_tag-panduit","9":"product_tag-racks-y-gabinetes","11":"first","12":"outofstock","13":"sale","14":"shipping-taxable","15":"purchasable","16":"product-type-simple"},"_links":{"self":[{"href":"https:\/\/soydeaqui.ddns.net\/pachuca\/index.php\/wp-json\/wp\/v2\/product\/9627","targetHints":{"allow":["GET"]}}],"collection":[{"href":"https:\/\/soydeaqui.ddns.net\/pachuca\/index.php\/wp-json\/wp\/v2\/product"}],"about":[{"href":"https:\/\/soydeaqui.ddns.net\/pachuca\/index.php\/wp-json\/wp\/v2\/types\/product"}],"replies":[{"embeddable":true,"href":"https:\/\/soydeaqui.ddns.net\/pachuca\/index.php\/wp-json\/wp\/v2\/comments?post=9627"}],"wp:featuredmedia":[{"embeddable":true,"href":"https:\/\/soydeaqui.ddns.net\/pachuca\/index.php\/wp-json\/wp\/v2\/media\/9626"}],"wp:attachment":[{"href":"https:\/\/soydeaqui.ddns.net\/pachuca\/index.php\/wp-json\/wp\/v2\/media?parent=9627"}],"wp:term":[{"taxonomy":"product_brand","embeddable":true,"href":"https:\/\/soydeaqui.ddns.net\/pachuca\/index.php\/wp-json\/wp\/v2\/product_brand?post=9627"},{"taxonomy":"product_cat","embeddable":true,"href":"https:\/\/soydeaqui.ddns.net\/pachuca\/index.php\/wp-json\/wp\/v2\/product_cat?post=9627"},{"taxonomy":"product_tag","embeddable":true,"href":"https:\/\/soydeaqui.ddns.net\/pachuca\/index.php\/wp-json\/wp\/v2\/product_tag?post=9627"}],"curies":[{"name":"wp","href":"https:\/\/api.w.org\/{rel}","templated":true}]}}