{"id":96266,"date":"2026-03-20T08:05:51","date_gmt":"2026-03-20T08:05:51","guid":{"rendered":"https:\/\/soydeaqui.ddns.net\/pachuca\/index.php\/producto\/camara-movil-720p-lente-6-mm-conexion-tipo-aviacion-diseno-antivibracion-adas-asistencia-a-la-conduccion-para-montaje-en-vehiculo-compatible-con-mdvrs-moviles-hikvision-serie-i\/"},"modified":"2026-03-20T08:06:06","modified_gmt":"2026-03-20T08:06:06","slug":"camara-movil-720p-lente-6-mm-conexion-tipo-aviacion-diseno-antivibracion-adas-asistencia-a-la-conduccion-para-montaje-en-vehiculo-compatible-con-mdvrs-moviles-hikvision-serie-i","status":"publish","type":"product","link":"https:\/\/soydeaqui.ddns.net\/pachuca\/index.php\/producto\/camara-movil-720p-lente-6-mm-conexion-tipo-aviacion-diseno-antivibracion-adas-asistencia-a-la-conduccion-para-montaje-en-vehiculo-compatible-con-mdvrs-moviles-hikvision-serie-i\/","title":{"rendered":"C\u00e1mara Movil 720p \/ Lente 6 mm \/ Conexi\u00f3n Tipo Aviaci\u00f3n \/ Dise\u00f1o Antivibraci\u00f3n \/ ADAS (Asistencia a la Conducci\u00f3n) para Montaje en Veh\u00edculo Compatible con mDVRs M\u00f3viles HIKVISION serie I"},"content":{"rendered":"<div style='width: 100%; max-width: 1200px; margin: 0 auto; font-family: sans-serif; line-height: 1.6; color: inherit; background-color: transparent;'>\n<p style='text-align: center; margin: 20px 0;'><img style='width: 45%; height: auto; border: 1px solid rgba(150&comma;150&comma;150&comma;0.3); border-radius: 8px;' src='https:\/\/ftp3.syscom.mx\/usuarios\/jsosa\/HIKVISION\/imagenes\/logo\/hikvision%20see%20far.png' alt='Logo Hikvision'><\/p>\n<div style='display: flex; flex-wrap: wrap; gap: 30px; margin-bottom: 30px;'>\n<div style='flex: 1 1 300px; min-width: 280px;'>\n<h3 style='font-size: 20px; border-bottom: 2px solid currentColor; padding-bottom: 5px; margin-top: 0; color: inherit; opacity: 0.8;'>ADAS (Asistencia Avanzada al Conductor)<\/h3>\n<p style='font-size: 15px; color: inherit;'>ADAS (Asistencia Avanzada al Conductor) en grabadores m\u00f3viles es una tecnolog\u00eda que mejora la seguridad y eficiencia en la conducci\u00f3n.<\/p>\n<p style='font-size: 15px; color: inherit;'>Incluye funciones como:<\/p>\n<ul style='padding-left: 20px; font-size: 15px; color: inherit;'>\n<li style='margin-bottom: 5px;'><strong>Aviso de Colisi\u00f3n Frontal:<\/strong> Detecta y advierte si el veh\u00edculo se est\u00e1 acercando demasiado r\u00e1pido al veh\u00edculo de enfrente.<\/li>\n<li style='margin-bottom: 5px;'><strong>Advertencia de Salida de Carril:<\/strong> Alerta al conductor si el veh\u00edculo se desv\u00eda de su carril sin se\u00f1alizar.<\/li>\n<li style='margin-bottom: 5px;'><strong>Detecci\u00f3n de Peatones:<\/strong> Identifica peatones en la v\u00eda y emite una alerta para evitar accidentes.<\/li>\n<\/ul><\/div>\n<\/p><\/div>\n<div style='display: flex; flex-wrap: wrap; gap: 30px; margin-bottom: 30px;'>\n<div style='flex: 1 1 300px; min-width: 280px;'>\n<h3 style='font-size: 20px; border-bottom: 2px solid currentColor; padding-bottom: 5px; margin-top: 0; color: inherit; opacity: 0.8;'>Innovaci\u00f3n y Tecnolog\u00eda de Vanguardia<\/h3>\n<p style='font-size: 15px; color: inherit;'><strong>Seguridad Vehicular<\/strong><\/p>\n<div style='display: flex; flex-wrap: wrap; gap: 15px; margin: 15px 0;'> <img style='width: 48%; height: auto; border: 1px solid rgba(150&comma;150&comma;150&comma;0.3); border-radius: 8px;' src='https:\/\/i.imgur.com\/VC02GQZ.png' alt='Imagen 1'> <img style='width: 48%; height: auto; border: 1px solid rgba(150&comma;150&comma;150&comma;0.3); border-radius: 8px;' src='https:\/\/i.imgur.com\/l0AiCDv.png' alt='Imagen 2'> <\/div>\n<\/p><\/div>\n<\/p><\/div>\n<div style='display: flex; flex-wrap: wrap; gap: 30px; margin-bottom: 30px;'>\n<div style='flex: 1 1 300px; min-width: 280px;'>\n<h3 style='font-size: 20px; border-bottom: 2px solid currentColor; padding-bottom: 5px; margin-top: 0; color: inherit; opacity: 0.8;'>Excepcional calidad de imagen<\/h3>\n<div style='display: flex; flex-wrap: wrap; gap: 15px; margin: 15px 0;'> <img style='width: 100%; height: auto; border: 1px solid rgba(150&comma;150&comma;150&comma;0.3); border-radius: 8px;' src='https:\/\/i.imgur.com\/KSzVCX0.png' alt='Calidad de imagen'> <\/div>\n<\/p><\/div>\n<\/p><\/div>\n<div style='display: flex; flex-wrap: wrap; gap: 20px; margin-bottom: 30px;'>\n<div style='flex: 1 1 250px; border: 1px solid rgba(150&comma;150&comma;150&comma;0.4); border-radius: 8px; overflow: hidden; display: flex; flex-direction: column;'>\n<div style='padding: 15px; border-bottom: 1px solid rgba(150&comma;150&comma;150&comma;0.2); font-weight: bold; font-size: 18px; color: inherit;'>Caracter\u00edsticas principales<\/div>\n<div style='padding: 15px; color: inherit;'>\n<ul style='padding-left: 20px; margin: 0; font-size: 14px; list-style-type: disc; color: inherit;'>\n<li style='margin-bottom: 5px;'>C\u00e1mara m\u00f3vil 720P<\/li>\n<li style='margin-bottom: 5px;'>Lente 6 mm<\/li>\n<li style='margin-bottom: 5px;'>Conector tipo aviaci\u00f3n de 4 pines (por el mismo cable de video inyecta la alimentaci\u00f3n) M12<\/li>\n<li style='margin-bottom: 5px;'>Alimentaci\u00f3n: 12 VCD (la alimentaci\u00f3n la suministra el DVR)<\/li>\n<li style='margin-bottom: 5px;'>Dise\u00f1o antivibraci\u00f3n<\/li>\n<li style='margin-bottom: 5px;'>Cable incluido 2.5 metros<\/li>\n<li style='margin-bottom: 5px;'>Peso: 55 grs<\/li>\n<\/ul><\/div>\n<\/p><\/div>\n<div style='flex: 1 1 250px; border: 1px solid rgba(150&comma;150&comma;150&comma;0.4); border-radius: 8px; overflow: hidden; display: flex; flex-direction: column;'>\n<div style='padding: 15px; border-bottom: 1px solid rgba(150&comma;150&comma;150&comma;0.2); font-weight: bold; font-size: 18px; color: inherit;'>Compatible con DVRs m\u00f3viles<\/div>\n<div style='padding: 15px; color: inherit;'>\n<ul style='padding-left: 20px; margin: 0; font-size: 14px; list-style-type: disc; color: inherit;'>\n<li style='margin-bottom: 5px;'><a style='color: inherit; text-decoration: none;' href='https:\/\/www.syscom.mx\/producto\/AE-MD5043-SD-I-GLF-HIKVISION-224630.html' target='_blank' rel='noopener nofollow noreferrer'>AE-MD5043-SD\/I\/GLF<\/a><\/li>\n<li style='margin-bottom: 5px;'><a style='color: inherit; text-decoration: none;' href='https:\/\/www.syscom.mx\/producto\/AE-MD5043-SD-I-GLF-WI58-HIKVISION-222952.html' target='_blank' rel='noopener nofollow noreferrer'>AE-MD5043-SD\/I\/GLF\/WI58<\/a><\/li>\n<li style='margin-bottom: 5px;'><a style='color: inherit; text-decoration: none;' href='https:\/\/www.syscom.mx\/producto\/AE-MD50431T-SSD-HIKVISION-222980.html' target='_blank' rel='noopener nofollow noreferrer'>AE-MD5043(1T\/SSD)<\/a><\/li>\n<li style='margin-bottom: 5px;'><a style='color: inherit; text-decoration: none;' href='https:\/\/www.syscom.mx\/producto\/DS-MP5604-HIKVISION-188780.html' target='_blank' rel='noopener nofollow noreferrer'>DS-MP5604<\/a><\/li>\n<li style='margin-bottom: 5px;'><a style='color: inherit; text-decoration: none;' href='https:\/\/www.syscom.mx\/producto\/AE-MD5043-SD-I-GLF-KIT-HIKVISION-229036.html' target='_blank' rel='noopener nofollow noreferrer'>AE-MD5043-SD\/I\/GLF\/KIT<\/a><\/li>\n<\/ul><\/div>\n<\/p><\/div>\n<\/p><\/div>\n<\/p><\/div>\n","protected":false},"excerpt":{"rendered":"<p>C\u00e1mara Movil 720p \/ Lente 6 mm \/ Conexi\u00f3n Tipo Aviaci\u00f3n \/ Dise\u00f1o Antivibraci\u00f3n \/ ADAS (Asistencia a la Conducci\u00f3n) para Montaje en Veh\u00edculo Compatible con mDVRs M\u00f3viles HIKVISION serie I<\/p>\n","protected":false},"featured_media":96265,"comment_status":"open","ping_status":"closed","template":"","meta":[],"product_brand":[],"product_cat":[1410],"product_tag":[211,54,1344],"class_list":{"0":"post-96266","1":"product","2":"type-product","3":"status-publish","4":"has-post-thumbnail","6":"product_cat-camaras-videograbadoras-moviles-y-portatiles","7":"product_tag-camaras","8":"product_tag-hikvision","9":"product_tag-videograbadoras-moviles-y-portatiles","11":"first","12":"instock","13":"sale","14":"shipping-taxable","15":"purchasable","16":"product-type-simple"},"_links":{"self":[{"href":"https:\/\/soydeaqui.ddns.net\/pachuca\/index.php\/wp-json\/wp\/v2\/product\/96266","targetHints":{"allow":["GET"]}}],"collection":[{"href":"https:\/\/soydeaqui.ddns.net\/pachuca\/index.php\/wp-json\/wp\/v2\/product"}],"about":[{"href":"https:\/\/soydeaqui.ddns.net\/pachuca\/index.php\/wp-json\/wp\/v2\/types\/product"}],"replies":[{"embeddable":true,"href":"https:\/\/soydeaqui.ddns.net\/pachuca\/index.php\/wp-json\/wp\/v2\/comments?post=96266"}],"wp:featuredmedia":[{"embeddable":true,"href":"https:\/\/soydeaqui.ddns.net\/pachuca\/index.php\/wp-json\/wp\/v2\/media\/96265"}],"wp:attachment":[{"href":"https:\/\/soydeaqui.ddns.net\/pachuca\/index.php\/wp-json\/wp\/v2\/media?parent=96266"}],"wp:term":[{"taxonomy":"product_brand","embeddable":true,"href":"https:\/\/soydeaqui.ddns.net\/pachuca\/index.php\/wp-json\/wp\/v2\/product_brand?post=96266"},{"taxonomy":"product_cat","embeddable":true,"href":"https:\/\/soydeaqui.ddns.net\/pachuca\/index.php\/wp-json\/wp\/v2\/product_cat?post=96266"},{"taxonomy":"product_tag","embeddable":true,"href":"https:\/\/soydeaqui.ddns.net\/pachuca\/index.php\/wp-json\/wp\/v2\/product_tag?post=96266"}],"curies":[{"name":"wp","href":"https:\/\/api.w.org\/{rel}","templated":true}]}}