{"id":96253,"date":"2026-03-20T08:05:17","date_gmt":"2026-03-20T08:05:17","guid":{"rendered":"https:\/\/soydeaqui.ddns.net\/pachuca\/index.php\/producto\/dual-light-colorvu-domo-ip-4-megapixel-lente-2-8-mm-30-mts-ir-30-mts-luz-blanca-microfono-integrado-audio-y-alarmas-i-o-exterior-ip67-ik10-wdr-130-db-acusense-captura-facial\/"},"modified":"2026-03-20T08:05:19","modified_gmt":"2026-03-20T08:05:19","slug":"dual-light-colorvu-domo-ip-4-megapixel-lente-2-8-mm-30-mts-ir-30-mts-luz-blanca-microfono-integrado-audio-y-alarmas-i-o-exterior-ip67-ik10-wdr-130-db-acusense-captura-facial","status":"publish","type":"product","link":"https:\/\/soydeaqui.ddns.net\/pachuca\/index.php\/producto\/dual-light-colorvu-domo-ip-4-megapixel-lente-2-8-mm-30-mts-ir-30-mts-luz-blanca-microfono-integrado-audio-y-alarmas-i-o-exterior-ip67-ik10-wdr-130-db-acusense-captura-facial\/","title":{"rendered":"[Dual Light + ColorVu] Domo IP 4 Megapixel \/ Lente 2.8 mm \/ 30 mts IR + 30 mts Luz Blanca \/  Microfono Integrado \/ Audio y Alarmas I\/O \/ Exterior IP67 \/  IK10 \/ WDR 130 dB \/ ACUSENSE \/ Captura Facial \/ ACUSEARCH \/ ColorVu 2.0"},"content":{"rendered":"<div style='width: 100%; max-width: 1200px; margin: 0 auto; font-family: sans-serif; line-height: 1.6; color: inherit; background-color: transparent;'>\n<div style='display: flex; flex-direction: column; align-items: center; margin-bottom: 30px;'> <img style='width: 100%; height: auto; border: 1px solid rgba(150&comma;150&comma;150&comma;0.3); border-radius: 8px;' src='https:\/\/ftp3.syscom.mx\/usuarios\/ftp\/single_page\/HIKVISION\/_smart-hybrid.jpg' alt=''> <img style='width: 100%; height: auto; border: 1px solid rgba(150&comma;150&comma;150&comma;0.3); border-radius: 8px; margin-top: 20px;' src='https:\/\/ftp3.syscom.mx\/usuarios\/ftp\/single_page\/HIKVISION\/ICONOS-SMART-HYBRID.png' alt=''> <\/div>\n<div style='display: flex; flex-wrap: wrap; gap: 30px; margin-bottom: 30px;'>\n<div style='flex: 1 1 300px; min-width: 280px;'>\n<h3 style='font-size: 22px; border-bottom: 2px solid currentColor; padding-bottom: 5px; margin-top: 0; color: inherit; opacity: 0.8;'>Caracter\u00edsticas Principales<\/h3>\n<ul style='padding-left: 20px; font-size: 15px; color: inherit;'>\n<li style='margin-bottom: 5px;'>Resoluci\u00f3n M\u00e1xima: <strong>4 Megapixel (2688 x 1520)<\/strong><\/li>\n<li style='margin-bottom: 5px;'>Iluminaci\u00f3n m\u00ednima: <strong>0.0005 Lux @ (F1.0&comma; AGC ON)<\/strong><\/li>\n<li style='margin-bottom: 5px;'>Lente fijo: <strong>2.8 mm (\u00c1ngulo de apertura 104\u00b0)<\/strong><\/li>\n<li style='margin-bottom: 5px;'>IR EXIR: <strong>30 m de visi\u00f3n nocturna<\/strong><\/li>\n<li style='margin-bottom: 5px;'>Luz blanca: <strong>30 m para imagen en color<\/strong><\/li>\n<li style='margin-bottom: 5px;'>WDR: <strong>130 dB<\/strong><\/li>\n<li style='margin-bottom: 5px;'>Detecci\u00f3n de movimiento \/ Cruce de l\u00ednea \/ Detecci\u00f3n de intrusi\u00f3n<\/li>\n<li style='margin-bottom: 5px;'>Micr\u00f3fono: <strong>Integrado<\/strong><\/li>\n<li style='margin-bottom: 5px;'>Compatible con plataforma: <strong>Hik-Connect P2P<\/strong><\/li>\n<\/ul><\/div>\n<div style='flex: 1 1 300px; min-width: 280px;'>\n<h3 style='font-size: 22px; border-bottom: 2px solid currentColor; padding-bottom: 5px; margin-top: 0; color: inherit; opacity: 0.8;'>Entradas y Salidas<\/h3>\n<ul style='padding-left: 20px; font-size: 15px; color: inherit;'>\n<li style='margin-bottom: 5px;'>Entradas de alarma: <strong>1<\/strong><\/li>\n<li style='margin-bottom: 5px;'>Salidas de alarma: <strong>1<\/strong><\/li>\n<li style='margin-bottom: 5px;'>Entradas de audio: <strong>1<\/strong><\/li>\n<li style='margin-bottom: 5px;'>Salidas de audio: <strong>1<\/strong><\/li>\n<li style='margin-bottom: 5px;'>Memoria micro SD: <strong>Hasta 512 GB (no incluida)<\/strong><\/li>\n<li style='margin-bottom: 5px;'>Puerto de red: <strong>1 (10 \/ 100 Mbps \/ PoE 802.3af)<\/strong><\/li>\n<\/ul><\/div>\n<div style='flex: 1 1 300px; min-width: 280px;'>\n<h3 style='font-size: 22px; border-bottom: 2px solid currentColor; padding-bottom: 5px; margin-top: 0; color: inherit; opacity: 0.8;'>Caracter\u00edsticas F\u00edsicas y El\u00e9ctricas<\/h3>\n<ul style='padding-left: 20px; font-size: 15px; color: inherit;'>\n<li style='margin-bottom: 5px;'>Temperatura de operaci\u00f3n: <strong>-30\u00b0C a 60\u00b0C<\/strong><\/li>\n<li style='margin-bottom: 5px;'>Alimentaci\u00f3n: <strong>12Vcc \/ 7.2 Watts<\/strong><\/li>\n<li style='margin-bottom: 5px;'>PoE: <strong>802.3af \/ 8.5 Watts<\/strong><\/li>\n<li style='margin-bottom: 5px;'>Protecci\u00f3n: <strong>Interior \/ Exterior IP67<\/strong><\/li>\n<li style='margin-bottom: 5px;'>Material: <strong>Metal y policarbonato<\/strong><\/li>\n<li style='margin-bottom: 5px;'>Dimensiones: <strong>121.5 mm \u00d7 97.6 mm<\/strong><\/li>\n<li style='margin-bottom: 5px;'>Peso: <strong>525 gramos<\/strong><\/li>\n<\/ul><\/div>\n<div style='flex: 1 1 300px; min-width: 280px;'>\n<h3 style='font-size: 22px; border-bottom: 2px solid currentColor; padding-bottom: 5px; margin-top: 0; color: inherit; opacity: 0.8;'>Caracter\u00edsticas Destacadas<\/h3>\n<ul style='padding-left: 20px; font-size: 15px; color: inherit;'>\n<li style='margin-bottom: 5px;'>Plataforma Hik-Connect para conexi\u00f3n r\u00e1pida y sencilla<\/li>\n<li style='margin-bottom: 5px;'>Anal\u00edtico ACUSENSE con filtro de humano y veh\u00edculos<\/li>\n<li style='margin-bottom: 5px;'>Tecnolog\u00eda Dual Light para imagen en color cuando detecta movimiento<\/li>\n<li style='margin-bottom: 5px;'>Anal\u00edtico de cruce de l\u00ednea e intrusi\u00f3n de \u00e1rea<\/li>\n<li style='margin-bottom: 5px;'>Anal\u00edtico de cambio de escena<\/li>\n<\/ul><\/div>\n<\/p><\/div>\n<div style='display: flex; flex-wrap: wrap; gap: 20px; margin-bottom: 30px;'>\n<div style='flex: 1 1 100%;'>\n<h3 style='font-size: 22px; border-bottom: 2px solid currentColor; padding-bottom: 5px; margin-top: 0; color: inherit; opacity: 0.8;'>Distancias DORI<\/h3>\n<p style='font-size: 15px; color: inherit;'>DORI es un est\u00e1ndar utilizado para definir la distancia a la cual se puede detectar&comma; observar&comma; reconocer e identificar personas y objetos con claridad<\/p>\n<div style='overflow-x: auto;'>\n<table style='width: 100%; border-collapse: collapse; margin: 15px 0; color: inherit;'>\n<thead>\n<tr>\n<th style='border: 1px solid rgba(150&comma;150&comma;150&comma;0.3); padding: 12px; text-align: left; font-weight: bold;'>Distancia Focal<\/th>\n<th style='border: 1px solid rgba(150&comma;150&comma;150&comma;0.3); padding: 12px; text-align: left; font-weight: bold;'>Detectar<\/th>\n<th style='border: 1px solid rgba(150&comma;150&comma;150&comma;0.3); padding: 12px; text-align: left; font-weight: bold;'>Observar<\/th>\n<th style='border: 1px solid rgba(150&comma;150&comma;150&comma;0.3); padding: 12px; text-align: left; font-weight: bold;'>Reconocer<\/th>\n<th style='border: 1px solid rgba(150&comma;150&comma;150&comma;0.3); padding: 12px; text-align: left; font-weight: bold;'>Identificar<\/th>\n<\/tr>\n<\/thead>\n<tbody>\n<tr>\n<td style='border: 1px solid rgba(150&comma;150&comma;150&comma;0.3); padding: 10px;'>2.8mm<\/td>\n<td style='border: 1px solid rgba(150&comma;150&comma;150&comma;0.3); padding: 10px;'>61 m<\/td>\n<td style='border: 1px solid rgba(150&comma;150&comma;150&comma;0.3); padding: 10px;'>24 m<\/td>\n<td style='border: 1px solid rgba(150&comma;150&comma;150&comma;0.3); padding: 10px;'>12 m<\/td>\n<td style='border: 1px solid rgba(150&comma;150&comma;150&comma;0.3); padding: 10px;'>6 m<\/td>\n<\/tr>\n<\/tbody>\n<\/table><\/div>\n<\/p><\/div>\n<\/p><\/div>\n<div style='display: flex; flex-wrap: wrap; gap: 20px; margin-bottom: 30px;'>\n<div style='flex: 1 1 100%;'>\n<h3 style='font-size: 22px; border-bottom: 2px solid currentColor; padding-bottom: 5px; margin-top: 0; color: inherit; opacity: 0.8;'>Accesorios Compatibles<\/h3>\n<p style='font-size: 15px; color: inherit;'>Consulte la ficha t\u00e9cnica para validar los accesorios compatibles: <a href='https:\/\/ftp3.syscom.mx\/usuarios\/fcarrillo\/Hikvision\/Specs\/Especificaciones%20Tecnicas%20DS-2CD2147G2H-LI%28SU%29.pdf?_gl=1*1fgrsjk*_gcl_au*NzQwMzE1MDc1LjE3NTAxMTM5OTU.' style='color: inherit; text-decoration: underline;' target='_blank' rel='noopener'>Descargar ficha t\u00e9cnica<\/a><\/p>\n<\/p><\/div>\n<\/p><\/div>\n<div style='display: flex; flex-wrap: wrap; gap: 20px; margin-bottom: 30px;'>\n<div style='flex: 1 1 100%;'>\n<h3 style='font-size: 22px; border-bottom: 2px solid currentColor; padding-bottom: 5px; margin-top: 0; color: inherit; opacity: 0.8;'>Tecnolog\u00eda ACUSENSE<\/h3>\n<\/p><\/div>\n<div style='flex: 1 1 100%; display: flex; flex-wrap: wrap; gap: 20px;'>\n<div style='flex: 1 1 300px; min-width: 280px;'> <img style='width: 100%; height: auto; border: 1px solid rgba(150&comma;150&comma;150&comma;0.3); border-radius: 8px;' src='https:\/\/ftp3.syscom.mx\/usuarios\/ftp\/single_page\/HIKVISION\/acusense-colorvu.png' alt=''> <\/div>\n<div style='flex: 1 1 300px; min-width: 280px;'>\n<p style='font-size: 15px; color: inherit;'>Soporta anal\u00edtico de ACUSENSE Lite que distingue personas y veh\u00edculos de otros objetos&comma; enfoc\u00e1ndose en amenazas reales con b\u00fasquedas eficientes<\/p>\n<\/p><\/div>\n<\/p><\/div>\n<\/p><\/div>\n<div style='display: flex; flex-wrap: wrap; gap: 20px; margin-bottom: 30px;'>\n<div style='flex: 1 1 100%;'>\n<h3 style='font-size: 22px; border-bottom: 2px solid currentColor; padding-bottom: 5px; margin-top: 0; color: inherit; opacity: 0.8;'>Funcionamiento Dual Light<\/h3>\n<\/p><\/div>\n<div style='flex: 1 1 100%; display: flex; flex-wrap: wrap; gap: 20px;'>\n<div style='flex: 1 1 300px; min-width: 280px;'> <img style='width: 100%; height: auto; border: 1px solid rgba(150&comma;150&comma;150&comma;0.3); border-radius: 8px;' src='https:\/\/ftp3.syscom.mx\/usuarios\/ftp\/single_page\/HIKVISION\/IR-PON-1.png' alt=''> <\/p>\n<div style='margin-top: 15px;'>\n<h4 style='font-size: 18px; color: inherit; margin-top: 0;'>Luz IR Encendida<\/h4>\n<p style='font-size: 15px; color: inherit; margin: 0;'>En ausencia de veh\u00edculo o persona&comma; la c\u00e1mara utiliza s\u00f3lo luz IR<\/p>\n<\/p><\/div>\n<\/p><\/div>\n<div style='flex: 1 1 300px; min-width: 280px;'> <img style='width: 100%; height: auto; border: 1px solid rgba(150&comma;150&comma;150&comma;0.3); border-radius: 8px;' src='https:\/\/ftp3.syscom.mx\/usuarios\/ftp\/single_page\/HIKVISION\/LED-ON-1.jpg' alt=''> <\/p>\n<div style='margin-top: 15px;'>\n<h4 style='font-size: 18px; color: inherit; margin-top: 0;'>Luz LED Encendida<\/h4>\n<p style='font-size: 15px; color: inherit; margin: 0;'>Cuando se detecta un veh\u00edculo o persona&comma; la luz blanca se activa autom\u00e1ticamente para im\u00e1genes en color<\/p>\n<\/p><\/div>\n<\/p><\/div>\n<div style='flex: 1 1 300px; min-width: 280px;'> <img style='width: 100%; height: auto; border: 1px solid rgba(150&comma;150&comma;150&comma;0.3); border-radius: 8px;' src='https:\/\/ftp3.syscom.mx\/usuarios\/ftp\/single_page\/HIKVISION\/IR-PON-2.png' alt=''> <\/p>\n<div style='margin-top: 15px;'>\n<h4 style='font-size: 18px; color: inherit; margin-top: 0;'>Luz IR Encendida<\/h4>\n<p style='font-size: 15px; color: inherit; margin: 0;'>Una vez que el veh\u00edculo o persona sale&comma; la c\u00e1mara vuelve a la luz IR autom\u00e1ticamente<\/p>\n<\/p><\/div>\n<\/p><\/div>\n<\/p><\/div>\n<\/p><\/div>\n<div style='display: flex; flex-wrap: wrap; margin-bottom: 30px;'>\n<div style='flex: 1 1 100%;'>\n<div style='position: relative; padding-bottom: 56.25%; height: 0; overflow: hidden; margin-bottom: 30px;'>   <\/div>\n<\/p><\/div>\n<\/p><\/div>\n<hr style='border: 0; border-top: 1px solid rgba(150&comma; 150&comma; 150&comma; 0.3); margin: 30px 0;'> <\/div>\n","protected":false},"excerpt":{"rendered":"<p>[Dual Light + ColorVu] Domo IP 4 Megapixel \/ Lente 2.8 mm \/ 30 mts IR + 30 mts Luz Blanca \/  Microfono Integrado \/ Audio y Alarmas I\/O \/ Exterior IP67 \/  IK10 \/ WDR 130 dB \/ ACUSENSE \/ Captura Facial \/ ACUSEARCH \/ ColorVu 2.0<\/p>\n","protected":false},"featured_media":96252,"comment_status":"open","ping_status":"closed","template":"","meta":[],"product_brand":[],"product_cat":[2056],"product_tag":[122,2057,54],"class_list":{"0":"post-96253","1":"product","2":"type-product","3":"status-publish","4":"has-post-thumbnail","6":"product_cat-domo-eyeball-turret","7":"product_tag-camaras-ip-y-nvrs","8":"product_tag-domo-eyeball-turret","9":"product_tag-hikvision","11":"first","12":"outofstock","13":"sale","14":"shipping-taxable","15":"purchasable","16":"product-type-simple"},"_links":{"self":[{"href":"https:\/\/soydeaqui.ddns.net\/pachuca\/index.php\/wp-json\/wp\/v2\/product\/96253","targetHints":{"allow":["GET"]}}],"collection":[{"href":"https:\/\/soydeaqui.ddns.net\/pachuca\/index.php\/wp-json\/wp\/v2\/product"}],"about":[{"href":"https:\/\/soydeaqui.ddns.net\/pachuca\/index.php\/wp-json\/wp\/v2\/types\/product"}],"replies":[{"embeddable":true,"href":"https:\/\/soydeaqui.ddns.net\/pachuca\/index.php\/wp-json\/wp\/v2\/comments?post=96253"}],"wp:featuredmedia":[{"embeddable":true,"href":"https:\/\/soydeaqui.ddns.net\/pachuca\/index.php\/wp-json\/wp\/v2\/media\/96252"}],"wp:attachment":[{"href":"https:\/\/soydeaqui.ddns.net\/pachuca\/index.php\/wp-json\/wp\/v2\/media?parent=96253"}],"wp:term":[{"taxonomy":"product_brand","embeddable":true,"href":"https:\/\/soydeaqui.ddns.net\/pachuca\/index.php\/wp-json\/wp\/v2\/product_brand?post=96253"},{"taxonomy":"product_cat","embeddable":true,"href":"https:\/\/soydeaqui.ddns.net\/pachuca\/index.php\/wp-json\/wp\/v2\/product_cat?post=96253"},{"taxonomy":"product_tag","embeddable":true,"href":"https:\/\/soydeaqui.ddns.net\/pachuca\/index.php\/wp-json\/wp\/v2\/product_tag?post=96253"}],"curies":[{"name":"wp","href":"https:\/\/api.w.org\/{rel}","templated":true}]}}