{"id":96236,"date":"2026-03-20T08:04:28","date_gmt":"2026-03-20T08:04:28","guid":{"rendered":"https:\/\/soydeaqui.ddns.net\/pachuca\/index.php\/producto\/dual-light-colorvu-bala-ip-4-megapixel-lente-4-mm-60-mts-ir-60-mts-luz-blanca-exterior-ip67-luz-intermitente-y-alerta-de-audio-videoanaliticos-filtro-de-falsas-alarmas-poe-wdr-13\/"},"modified":"2026-03-20T08:04:33","modified_gmt":"2026-03-20T08:04:33","slug":"dual-light-colorvu-bala-ip-4-megapixel-lente-4-mm-60-mts-ir-60-mts-luz-blanca-exterior-ip67-luz-intermitente-y-alerta-de-audio-videoanaliticos-filtro-de-falsas-alarmas-poe-wdr-13","status":"publish","type":"product","link":"https:\/\/soydeaqui.ddns.net\/pachuca\/index.php\/producto\/dual-light-colorvu-bala-ip-4-megapixel-lente-4-mm-60-mts-ir-60-mts-luz-blanca-exterior-ip67-luz-intermitente-y-alerta-de-audio-videoanaliticos-filtro-de-falsas-alarmas-poe-wdr-13\/","title":{"rendered":"[Dual Light + ColorVu] Bala IP 4 Megapixel \/ Lente 4 mm \/ 60 mts IR + 60 mts Luz Blanca \/ Exterior IP67 \/ Luz Intermitente y Alerta de Audio \/ Videoanaliticos (Filtro de Falsas Alarmas) \/ PoE \/ WDR 130 dB \/ Captura Facial  \/  ACUSEARCH"},"content":{"rendered":"<div style='width: 100%; max-width: 1200px; margin: 0 auto; font-family: sans-serif; line-height: 1.6; color: inherit; background-color: transparent;'>\n<p style='margin: 20px 0;'>\n<p> <img style='width: 100%; height: auto; border: 1px solid rgba(150&comma;150&comma;150&comma;0.3); border-radius: 8px;' src='https:\/\/ftp3.syscom.mx\/usuarios\/ftp\/single_page\/HIKVISION\/_smart-hybrid.jpg' alt='Smart Hybrid Technology'> <\/p>\n<div style='display: flex; flex-wrap: wrap; gap: 30px; margin-bottom: 30px;'>\n<div style='flex: 1 1 100%;'> <img style='width: 100%; height: auto; border: 1px solid rgba(150&comma;150&comma;150&comma;0.3); border-radius: 8px;' src='https:\/\/ftp3.syscom.mx\/usuarios\/ftp\/single_page\/HIKVISION\/ICONOS-SMART-HYBRID.png' alt='Iconos Smart Hybrid'> <\/div>\n<\/p><\/div>\n<div style='display: flex; flex-wrap: wrap; gap: 30px; margin-bottom: 30px;'>\n<div style='flex: 1 1 100%; text-align: center;'>\n<h1 style='font-size: 28px; margin: 0 0 20px; color: #232a6f; font-family: Verdana&comma; Geneva&comma; sans-serif;'>Especificaciones<\/h1>\n<p style='margin: 20px 0;'>\n<\/p><\/div>\n<div style='flex: 1 1 48%; min-width: 280px;'>\n<div style='border: 1px solid rgba(150&comma; 150&comma; 150&comma; 0.4); border-radius: 8px; overflow: hidden; margin-bottom: 20px;'>\n<div style='padding: 15px; border-bottom: 1px solid rgba(150&comma; 150&comma; 150&comma; 0.2); font-weight: bold; font-size: 18px; background-color: #df001e; color: white;'>Caracter\u00edsticas Principales:<\/div>\n<div style='padding: 15px;'>\n<ul style='padding-left: 20px; margin: 0; font-size: 14px; list-style-type: disc;'>\n<li style='margin-bottom: 5px;'><span style='font-family: Verdana&comma; Geneva&comma; sans-serif;'>Resoluci\u00f3n M\u00e1xima: 4 Megapixel (2688 x 1520)<\/span><\/li>\n<li style='margin-bottom: 5px;'><span style='font-family: Verdana&comma; Geneva&comma; sans-serif;'>Iluminaci\u00f3n m\u00ednima: 0.0005 Lux @ (F1.0&comma; AGC ON)<\/span><\/li>\n<li style='margin-bottom: 5px;'><span style='font-family: Verdana&comma; Geneva&comma; sans-serif;'>Lente fijo: 4 mm (\u00e1ngulo de apertura 98.2\u00b0).<\/span><\/li>\n<li style='margin-bottom: 5px;'><span style='font-family: Verdana&comma; Geneva&comma; sans-serif;'>60 m de IR EXIR (visi\u00f3n nocturna).<\/span><\/li>\n<li style='margin-bottom: 5px;'><span style='font-family: Verdana&comma; Geneva&comma; sans-serif;'>60 m de luz blanca (ayuda a iluminar el sitio para mantener la imagen siempre a color).<\/span><\/li>\n<li style='margin-bottom: 5px;'><span style='font-family: Verdana&comma; Geneva&comma; sans-serif;'>WDR de 130 dB.<\/span><\/li>\n<li style='margin-bottom: 5px;'><span style='font-family: Verdana&comma; Geneva&comma; sans-serif;'>Detecci\u00f3n de movimiento \/ Cruce de l\u00ednea \/ Detecci\u00f3n de intrusi\u00f3n.<\/span><\/li>\n<li style='margin-bottom: 5px;'><strong><span style='font-family: Verdana&comma; Geneva&comma; sans-serif;'>Micr\u00f3fono y altavoz integrado (audio de 2 v\u00edas).<\/span><\/strong><\/li>\n<li style='margin-bottom: 5px;'><span style='font-family: Verdana&comma; Geneva&comma; sans-serif;'>Compatible con plataforma Hik-Connect P2P <a href='https:\/\/appstore.hikvision.com\/' style='color: #0d6efd; text-decoration: none;'>https:\/\/appstore.hikvision.com\/<\/a><\/span><\/li>\n<\/ul><\/div>\n<\/p><\/div>\n<div style='border: 1px solid rgba(150&comma; 150&comma; 150&comma; 0.4); border-radius: 8px; overflow: hidden; margin-bottom: 20px;'>\n<div style='padding: 15px; border-bottom: 1px solid rgba(150&comma; 150&comma; 150&comma; 0.2); font-weight: bold; font-size: 18px; background-color: #df001e; color: white;'>Entradas y Salidas de Audio \/ Alarmas \/ Red \/ Almacenamiento:<\/div>\n<div style='padding: 15px;'>\n<ul style='padding-left: 20px; margin: 0; font-size: 14px; list-style-type: disc;'>\n<li style='margin-bottom: 5px;'><span style='font-family: Verdana&comma; Geneva&comma; sans-serif;'>Entradas de alarma: NA.<\/span><\/li>\n<li style='margin-bottom: 5px;'><span style='font-family: Verdana&comma; Geneva&comma; sans-serif;'>Salidas de alarma: NA.<\/span><\/li>\n<li style='margin-bottom: 5px;'><span style='font-family: Verdana&comma; Geneva&comma; sans-serif;'>Entradas de audio: NA.<\/span><\/li>\n<li style='margin-bottom: 5px;'><span style='font-family: Verdana&comma; Geneva&comma; sans-serif;'>Salidas de audio: NA.<\/span><\/li>\n<li style='margin-bottom: 5px;'><span style='font-family: Verdana&comma; Geneva&comma; sans-serif;'>Soporta memoria micro SD 512 GB (no incluida).<\/span><\/li>\n<li style='margin-bottom: 5px;'><span style='font-family: Verdana&comma; Geneva&comma; sans-serif;'>Puerto de red: 1 (10 \/ 100 Mbps \/ PoE 802.3af).<\/span><\/li>\n<\/ul><\/div>\n<\/p><\/div>\n<\/p><\/div>\n<div style='flex: 1 1 48%; min-width: 280px;'>\n<div style='border: 1px solid rgba(150&comma; 150&comma; 150&comma; 0.4); border-radius: 8px; overflow: hidden; margin-bottom: 20px;'>\n<div style='padding: 15px; border-bottom: 1px solid rgba(150&comma; 150&comma; 150&comma; 0.2); font-weight: bold; font-size: 18px; background-color: #df001e; color: white;'>Caracter\u00edsticas F\u00edsicas y El\u00e9ctricas:<\/div>\n<div style='padding: 15px;'>\n<ul style='padding-left: 20px; margin: 0; font-size: 14px; list-style-type: disc;'>\n<li style='margin-bottom: 5px;'><span style='font-family: Verdana&comma; Geneva&comma; sans-serif;'>Temperatura de Operaci\u00f3n: &#8211; 30\u00b0C a 60\u00b0C.<\/span><\/li>\n<li style='margin-bottom: 5px;'><span style='font-family: Verdana&comma; Geneva&comma; sans-serif;'>Alimentaci\u00f3n: 12Vcc \/ 10.5 Watts.<\/span><\/li>\n<li style='margin-bottom: 5px;'><span style='font-family: Verdana&comma; Geneva&comma; sans-serif;'>Soporta PoE 802.3af \/ 12.5 Watts.<\/span><\/li>\n<li style='margin-bottom: 5px;'><span style='font-family: Verdana&comma; Geneva&comma; sans-serif;'>Protecci\u00f3n: Interior \/ Exterior IP67.<\/span><\/li>\n<li style='margin-bottom: 5px;'><span style='font-family: Verdana&comma; Geneva&comma; sans-serif;'>Fabricado en material de metal y policarbonato.<\/span><\/li>\n<li style='margin-bottom: 5px;'><span style='font-family: Verdana&comma; Geneva&comma; sans-serif;'>Dimensiones: 286.7 mm \u00d7 93.3 mm x 91.2mm.<\/span><\/li>\n<li style='margin-bottom: 5px;'><span style='font-family: Verdana&comma; Geneva&comma; sans-serif;'>Peso: 1205 gramos.<\/span><\/li>\n<\/ul><\/div>\n<\/p><\/div>\n<div style='border: 1px solid rgba(150&comma; 150&comma; 150&comma; 0.4); border-radius: 8px; overflow: hidden; margin-bottom: 20px;'>\n<div style='padding: 15px; border-bottom: 1px solid rgba(150&comma; 150&comma; 150&comma; 0.2); font-weight: bold; font-size: 18px; background-color: #df001e; color: white;'>Accesorios Compatibles:<\/div>\n<div style='padding: 15px;'>\n<ul style='padding-left: 20px; margin: 0; font-size: 14px; list-style-type: disc;'>\n<li style='margin-bottom: 5px;'> <span style='font-size: 14pt; font-weight: bold; font-family: Verdana&comma; Geneva&comma; sans-serif;'>Consulte la ficha t\u00e9cnica para validar los accesorios compatibles&comma; de clic <a href='https:\/\/ftp3.syscom.mx\/usuarios\/fcarrillo\/Hikvision\/Specs\/Especificaciones%20Tecnicas%20DS-2CD2T47G2H-LISU_SL_20230907.pdf?_gl=1*9cggnp*_gcl_au*NzQwMzE1MDc1LjE3NTAxMTM5OTU.' style='color: #0d6efd; text-decoration: none;' target='_blank' rel='noopener'>Aqui<\/a><\/span> <\/li>\n<\/ul><\/div>\n<\/p><\/div>\n<\/p><\/div>\n<div style='flex: 1 1 100%;'>\n<div style='border: 1px solid rgba(150&comma; 150&comma; 150&comma; 0.4); border-radius: 8px; overflow: hidden;'>\n<div style='padding: 15px; border-bottom: 1px solid rgba(150&comma; 150&comma; 150&comma; 0.2); font-weight: bold; font-size: 18px; background-color: #df001e; color: white;'>Caracter\u00edsticas Destacadas:<\/div>\n<div style='padding: 15px;'>\n<ul style='padding-left: 20px; margin: 0; font-size: 14px; list-style-type: disc;'>\n<li style='margin-bottom: 5px;'><span style='font-family: Verdana&comma; Geneva&comma; sans-serif;'>Compatible con la plataforma de Hik-Connect para una conexi\u00f3n m\u00e1s r\u00e1pida y sencilla.<\/span><\/li>\n<li style='margin-bottom: 5px;'><span style='font-family: Verdana&comma; Geneva&comma; sans-serif;'>Soporta anal\u00edtico de ACUSENSE para con anal\u00edticos como filtro de humano y veh\u00edculos para eventos inteligentes como cruce de l\u00ednea&comma; intrusi\u00f3n&comma; entrada y salida de \u00e1rea.<\/span><\/li>\n<li style='margin-bottom: 5px;'><span style='font-family: Verdana&comma; Geneva&comma; sans-serif;'>Soporta la tecnolog\u00eda Dual Light&comma; podemos tener en la noche la imagen de B\/N con los IR encendidos y cuando detecte movimiento por medio del anal\u00edtico de ACUSENSE (filtro de humanos y veh\u00edculos) encender\u00e1 la luz blanca para poder tener el evento a color&comma; cuando pase el evento se vuelve a colocar la imagen en B\/N.<\/span><\/li>\n<li style='margin-bottom: 5px;'><span style='font-family: Verdana&comma; Geneva&comma; sans-serif;'>Soporta anal\u00edtico cruce de l\u00ednea o intrusi\u00f3n de \u00e1rea.<\/span><\/li>\n<li style='margin-bottom: 5px;'><span style='font-family: Verdana&comma; Geneva&comma; sans-serif;'>Soporta anal\u00edtico de cambio de escena (cuando mueven la c\u00e1mara f\u00edsicamente hacia otro lado o la giran).<\/span><\/li>\n<li style='margin-bottom: 5px;'><span style='font-family: Verdana&comma; Geneva&comma; sans-serif;'>Soporta audio de dos v\u00edas&comma; tiene micr\u00f3fono y bocina para tener una comunicaci\u00f3n bidireccional (serie NI-K&comma; NI-Q&comma; NXI-K&comma; NI-M&comma; NI-I&comma; NXI-M).<\/span><\/li>\n<\/ul><\/div>\n<\/p><\/div>\n<\/p><\/div>\n<\/p><\/div>\n<hr style='border: 0; border-top: 1px solid rgba(150&comma; 150&comma; 150&comma; 0.3); margin: 30px 0;'>\n<div style='margin-bottom: 30px;'>\n<div style='position: relative; padding-bottom: 56.25%; height: 0; overflow: hidden;'>   <\/div>\n<\/p><\/div>\n<div style='display: flex; flex-wrap: wrap; gap: 30px; margin-bottom: 30px;'>\n<div style='flex: 1 1 30%; min-width: 280px;'> <img style='width: 100%; height: auto; border: 1px solid rgba(150&comma;150&comma;150&comma;0.3); border-radius: 8px;' src='https:\/\/ftp3.syscom.mx\/usuarios\/ftp\/single_page\/HIKVISION\/acusense-colorvu.png' alt='ACUSENSE ColorVu'> <\/div>\n<div style='flex: 1 1 65%; min-width: 280px; display: flex; align-items: center;'>\n<p style='margin: 0; font-size: 14px;'><span style='font-family: Verdana&comma; Geneva&comma; sans-serif;'>Soporta analitico de ACUSENSE Lite distingue personas y veh\u00edculos de otros objetos en el entorno&comma; enfoc\u00e1ndose en amenazas de seguridad reales con b\u00fasquedas de video eficientes.<\/span><\/p>\n<\/p><\/div>\n<\/p><\/div>\n<div style='display: flex; flex-wrap: wrap; gap: 30px; margin-bottom: 30px;'>\n<div style='flex: 1 1 30%; min-width: 280px;'> <img style='width: 100%; height: auto; border: 1px solid rgba(150&comma;150&comma;150&comma;0.3); border-radius: 8px;' src='https:\/\/ftp3.syscom.mx\/usuarios\/ftp\/single_page\/HIKVISION\/IR-PON-1.png' alt='Luz IR Encendida'> <\/p>\n<div style='padding-top: 15px;'>\n<h5 style='font-size: 18px; margin-top: 0; margin-bottom: 10px; font-family: Verdana&comma; Geneva&comma; sans-serif;'>Luz IR Encendida<\/h5>\n<p style='font-size: 14px; margin: 0; font-family: Verdana&comma; Geneva&comma; sans-serif;'>En ausencia de veh\u00edculo o persona&comma; la c\u00e1mara utiliza s\u00f3lo luz IR.<\/p>\n<\/p><\/div>\n<\/p><\/div>\n<div style='flex: 1 1 30%; min-width: 280px;'> <img style='width: 100%; height: auto; border: 1px solid rgba(150&comma;150&comma;150&comma;0.3); border-radius: 8px;' src='https:\/\/ftp3.syscom.mx\/usuarios\/ftp\/single_page\/HIKVISION\/LED-ON-1.jpg' alt='Luz LED Encendida'> <\/p>\n<div style='padding-top: 15px;'>\n<h5 style='font-size: 18px; margin-top: 0; margin-bottom: 10px; font-family: Verdana&comma; Geneva&comma; sans-serif;'>Luz LED Encendida<\/h5>\n<p style='font-size: 14px; margin: 0; font-family: Verdana&comma; Geneva&comma; sans-serif;'>Cuando se detecta un veh\u00edculo o una persona&comma; la luz blanca se activa autom\u00e1ticamente encendido&comma; lo que produce im\u00e1genes en colores vivos con detalles claros.<\/p>\n<\/p><\/div>\n<\/p><\/div>\n<div style='flex: 1 1 30%; min-width: 280px;'> <img style='width: 100%; height: auto; border: 1px solid rgba(150&comma;150&comma;150&comma;0.3); border-radius: 8px;' src='https:\/\/ftp3.syscom.mx\/usuarios\/ftp\/single_page\/HIKVISION\/IR-PON-2.png' alt='Luz IR Encendida'> <\/p>\n<div style='padding-top: 15px;'>\n<h5 style='font-size: 18px; margin-top: 0; margin-bottom: 10px; font-family: Verdana&comma; Geneva&comma; sans-serif;'>Luz IR Encendida<\/h5>\n<p style='font-size: 14px; margin: 0; font-family: Verdana&comma; Geneva&comma; sans-serif;'>Una vez que el veh\u00edculo o la persona sale&comma; las c\u00e1maras vuelven a la luz IR autom\u00e1ticamente.<\/p>\n<\/p><\/div>\n<\/p><\/div>\n<\/p><\/div>\n<\/p><\/div>\n","protected":false},"excerpt":{"rendered":"<p>[Dual Light + ColorVu] Bala IP 4 Megapixel \/ Lente 4 mm \/ 60 mts IR + 60 mts Luz Blanca \/ Exterior IP67 \/ Luz Intermitente y Alerta de Audio \/ Videoanaliticos (Filtro de Falsas Alarmas) \/ PoE \/ WDR 130 dB \/ Captura Facial  \/  ACUSEARCH<\/p>\n","protected":false},"featured_media":96235,"comment_status":"open","ping_status":"closed","template":"","meta":[],"product_brand":[],"product_cat":[438],"product_tag":[439,122,54],"class_list":{"0":"post-96236","1":"product","2":"type-product","3":"status-publish","4":"has-post-thumbnail","6":"product_cat-bala","7":"product_tag-bala","8":"product_tag-camaras-ip-y-nvrs","9":"product_tag-hikvision","11":"first","12":"outofstock","13":"sale","14":"shipping-taxable","15":"purchasable","16":"product-type-simple"},"_links":{"self":[{"href":"https:\/\/soydeaqui.ddns.net\/pachuca\/index.php\/wp-json\/wp\/v2\/product\/96236","targetHints":{"allow":["GET"]}}],"collection":[{"href":"https:\/\/soydeaqui.ddns.net\/pachuca\/index.php\/wp-json\/wp\/v2\/product"}],"about":[{"href":"https:\/\/soydeaqui.ddns.net\/pachuca\/index.php\/wp-json\/wp\/v2\/types\/product"}],"replies":[{"embeddable":true,"href":"https:\/\/soydeaqui.ddns.net\/pachuca\/index.php\/wp-json\/wp\/v2\/comments?post=96236"}],"wp:featuredmedia":[{"embeddable":true,"href":"https:\/\/soydeaqui.ddns.net\/pachuca\/index.php\/wp-json\/wp\/v2\/media\/96235"}],"wp:attachment":[{"href":"https:\/\/soydeaqui.ddns.net\/pachuca\/index.php\/wp-json\/wp\/v2\/media?parent=96236"}],"wp:term":[{"taxonomy":"product_brand","embeddable":true,"href":"https:\/\/soydeaqui.ddns.net\/pachuca\/index.php\/wp-json\/wp\/v2\/product_brand?post=96236"},{"taxonomy":"product_cat","embeddable":true,"href":"https:\/\/soydeaqui.ddns.net\/pachuca\/index.php\/wp-json\/wp\/v2\/product_cat?post=96236"},{"taxonomy":"product_tag","embeddable":true,"href":"https:\/\/soydeaqui.ddns.net\/pachuca\/index.php\/wp-json\/wp\/v2\/product_tag?post=96236"}],"curies":[{"name":"wp","href":"https:\/\/api.w.org\/{rel}","templated":true}]}}