{"id":96220,"date":"2026-03-20T08:03:40","date_gmt":"2026-03-20T08:03:40","guid":{"rendered":"https:\/\/soydeaqui.ddns.net\/pachuca\/index.php\/producto\/dual-light-colorvu-turret-ip-8-megapixel-lente-2-8-mm-40-mts-ir-40-mts-luz-blanca-microfono-integrado-exterior-ip67-wdr-130-db-videoanaliticos-filtro-de-falsas-alarmas-captura\/"},"modified":"2026-03-20T08:03:59","modified_gmt":"2026-03-20T08:03:59","slug":"dual-light-colorvu-turret-ip-8-megapixel-lente-2-8-mm-40-mts-ir-40-mts-luz-blanca-microfono-integrado-exterior-ip67-wdr-130-db-videoanaliticos-filtro-de-falsas-alarmas-captura","status":"publish","type":"product","link":"https:\/\/soydeaqui.ddns.net\/pachuca\/index.php\/producto\/dual-light-colorvu-turret-ip-8-megapixel-lente-2-8-mm-40-mts-ir-40-mts-luz-blanca-microfono-integrado-exterior-ip67-wdr-130-db-videoanaliticos-filtro-de-falsas-alarmas-captura\/","title":{"rendered":"[Dual Light + ColorVu] Turret IP 8 Megapixel \/ Lente 2.8 mm \/ 40 mts IR + 40 mts Luz Blanca \/  Microfono Integrado \/ Exterior IP67 \/   WDR 130 dB \/ Videoanaliticos (Filtro de Falsas Alarmas) \/ Captura Facial \/ ACUSEARCH"},"content":{"rendered":"<div style='width: 100%; max-width: 1200px; margin: 0 auto; font-family: sans-serif; line-height: 1.6; color: inherit; background-color: transparent;'> <!-- Imagen principal --> <\/p>\n<div style='margin-bottom: 30px;'> <img style='width: 100%; height: auto; border: 1px solid rgba(150&comma;150&comma;150&comma;0.3); border-radius: 8px;' src='https:\/\/ftp3.syscom.mx\/usuarios\/ftp\/single_page\/HIKVISION\/_smart-hybrid.jpg' alt='Smart Hybrid Technology'> <\/div>\n<p> <!-- Iconos --> <\/p>\n<div style='margin-bottom: 30px;'> <img style='width: 100%; height: auto; border: 1px solid rgba(150&comma;150&comma;150&comma;0.3); border-radius: 8px;' src='https:\/\/ftp3.syscom.mx\/usuarios\/ftp\/single_page\/HIKVISION\/ICONOS-SMART-HYBRID.png' alt='Iconos Smart Hybrid'> <\/div>\n<p> <!-- Secci\u00f3n de especificaciones --> <\/p>\n<div style='display: flex; flex-wrap: wrap; gap: 30px; margin-bottom: 30px;'>\n<div style='flex: 1 1 300px; min-width: 280px;'>\n<h3 style='font-size: 22px; border-bottom: 2px solid currentColor; padding-bottom: 5px; margin-top: 0; color: inherit; opacity: 0.8;'>Caracter\u00edsticas Principales<\/h3>\n<ul style='padding-left: 20px; font-size: 15px; color: inherit;'>\n<li style='margin-bottom: 5px;'>Resoluci\u00f3n M\u00e1xima: 8 Megapixel (3840 x 2160)<\/li>\n<li style='margin-bottom: 5px;'>Iluminaci\u00f3n m\u00ednima: 0.0005 Lux @ (F1.0&comma; AGC ON)<\/li>\n<li style='margin-bottom: 5px;'>Lente fijo: 2.8mm (\u00c1ngulo de apertura 108\u00b0)<\/li>\n<li style='margin-bottom: 5px;'>40 m de IR EXIR (visi\u00f3n nocturna)<\/li>\n<li style='margin-bottom: 5px;'>40 m de luz blanca (ayuda a iluminar el sitio para mantener la imagen siempre a color)<\/li>\n<li style='margin-bottom: 5px;'>WDR de 130 dB<\/li>\n<li style='margin-bottom: 5px;'>Detecci\u00f3n de movimiento \/ Cruce de l\u00ednea \/ Detecci\u00f3n de intrusi\u00f3n<\/li>\n<li style='margin-bottom: 5px;'>Compatible con plataforma Hik-Connect P2P <a style='color: inherit; text-decoration: underline;' href='https:\/\/appstore.hikvision.com\/'>https:\/\/appstore.hikvision.com\/<\/a><\/li>\n<\/ul><\/div>\n<div style='flex: 1 1 300px; min-width: 280px;'>\n<h3 style='font-size: 22px; border-bottom: 2px solid currentColor; padding-bottom: 5px; margin-top: 0; color: inherit; opacity: 0.8;'>Caracter\u00edsticas F\u00edsicas y El\u00e9ctricas<\/h3>\n<ul style='padding-left: 20px; font-size: 15px; color: inherit;'>\n<li style='margin-bottom: 5px;'>Temperatura de Operaci\u00f3n: -30\u00b0C a 60\u00b0C<\/li>\n<li style='margin-bottom: 5px;'>Alimentaci\u00f3n: 12Vcc \/ 6.5 Watts<\/li>\n<li style='margin-bottom: 5px;'>Soporta PoE 802.3af \/ 8 Watts<\/li>\n<li style='margin-bottom: 5px;'>Protecci\u00f3n: Interior \/ Exterior IP67<\/li>\n<li style='margin-bottom: 5px;'>Fabricado en material de metal<\/li>\n<li style='margin-bottom: 5px;'>Dimensiones: 170 x 170 x 160 mm<\/li>\n<li style='margin-bottom: 5px;'>Peso: 770 gramos<\/li>\n<\/ul><\/div>\n<div style='flex: 1 1 300px; min-width: 280px;'>\n<h3 style='font-size: 22px; border-bottom: 2px solid currentColor; padding-bottom: 5px; margin-top: 0; color: inherit; opacity: 0.8;'>Entradas y Salidas de Audio \/ Alarmas \/ Red \/ Almacenamiento<\/h3>\n<ul style='padding-left: 20px; font-size: 15px; color: inherit;'>\n<li style='margin-bottom: 5px;'>Entradas de alarma: NA<\/li>\n<li style='margin-bottom: 5px;'>Salidas de alarma: NA<\/li>\n<li style='margin-bottom: 5px;'>Entradas de audio: NA<\/li>\n<li style='margin-bottom: 5px;'>Salidas de audio: NA<\/li>\n<li style='margin-bottom: 5px;'>Micr\u00f3fono Integrado<\/li>\n<li style='margin-bottom: 5px;'>Soporta memoria micro SD 512 GB (no incluida)<\/li>\n<li style='margin-bottom: 5px;'>Puerto de red: 1 (10 \/ 100 Mbps \/ PoE 802.3af)<\/li>\n<li style='margin-bottom: 5px;'>Soporta ONVIF (PROFILE S y G) \/ ISAPI<\/li>\n<\/ul><\/div>\n<\/p><\/div>\n<p> <!-- Caracter\u00edsticas Destacadas --> <\/p>\n<div style='margin-bottom: 30px;'>\n<h3 style='font-size: 22px; border-bottom: 2px solid currentColor; padding-bottom: 5px; margin-top: 0; color: inherit; opacity: 0.8;'>Caracter\u00edsticas Destacadas<\/h3>\n<ul style='padding-left: 20px; font-size: 15px; color: inherit;'>\n<li style='margin-bottom: 5px;'>Compatible con la plataforma de Hik-Connect para una conexi\u00f3n m\u00e1s r\u00e1pido y sencilla<\/li>\n<li style='margin-bottom: 5px;'>Soporta anal\u00edtico de ACUSENSE para con anal\u00edticos como filtro de humano y veh\u00edculos para eventos inteligentes como cruce de l\u00ednea&comma; intrusi\u00f3n&comma; entrada y salida de \u00e1rea<\/li>\n<li style='margin-bottom: 5px;'>Soporta la tecnolog\u00eda Dual Light&comma; podemos tener en la noche la imagen de B\/N con los IR encendidos y cuando detecte movimiento por medio del anal\u00edtico de ACUSENSE (filtro de humanos y veh\u00edculos) encender\u00e1 la luz blanca para poder tener el evento a color&comma; cuando pase el evento se vuelve a colocar la imagen en B\/N<\/li>\n<li style='margin-bottom: 5px;'>Soporta anal\u00edtico cruce de l\u00ednea o intrusi\u00f3n de \u00e1rea<\/li>\n<li style='margin-bottom: 5px;'>Soporta anal\u00edtico de cambio de escena (cuando mueven la c\u00e1mara f\u00edsicamente hacia otro lado o la giran)<\/li>\n<\/ul><\/div>\n<p> <!-- Tabla DORI --> <\/p>\n<div style='margin-bottom: 30px;'>\n<h3 style='font-size: 22px; border-bottom: 2px solid currentColor; padding-bottom: 5px; margin-top: 0; color: inherit; opacity: 0.8;'>Distancias DORI<\/h3>\n<p style='font-size: 15px; color: inherit;'>DORI es un est\u00e1ndar utilizado para definir la distancia a la cual se puede detectar&comma; observar&comma; reconocer e identificar personas y objetos con claridad utilizando una c\u00e1mara de vigilancia.<\/p>\n<div style='overflow-x: auto;'>\n<table style='width: 100%; border-collapse: collapse; margin: 15px 0; font-size: 14px;'>\n<thead>\n<tr>\n<th style='border: 1px solid rgba(150&comma;150&comma;150&comma;0.3); padding: 8px; background-color: rgba(150&comma;150&comma;150&comma;0.1); color: inherit;'>Distancia Focal<\/th>\n<th style='border: 1px solid rgba(150&comma;150&comma;150&comma;0.3); padding: 8px; background-color: rgba(150&comma;150&comma;150&comma;0.1); color: inherit;'>Detectar<\/th>\n<th style='border: 1px solid rgba(150&comma;150&comma;150&comma;0.3); padding: 8px; background-color: rgba(150&comma;150&comma;150&comma;0.1); color: inherit;'>Observar<\/th>\n<th style='border: 1px solid rgba(150&comma;150&comma;150&comma;0.3); padding: 8px; background-color: rgba(150&comma;150&comma;150&comma;0.1); color: inherit;'>Reconocer<\/th>\n<th style='border: 1px solid rgba(150&comma;150&comma;150&comma;0.3); padding: 8px; background-color: rgba(150&comma;150&comma;150&comma;0.1); color: inherit;'>Identificar<\/th>\n<\/tr>\n<\/thead>\n<tbody>\n<tr>\n<td style='border: 1px solid rgba(150&comma;150&comma;150&comma;0.3); padding: 8px;'>Distancia (2.8mm)<\/td>\n<td style='border: 1px solid rgba(150&comma;150&comma;150&comma;0.3); padding: 8px;'>89 m<\/td>\n<td style='border: 1px solid rgba(150&comma;150&comma;150&comma;0.3); padding: 8px;'>35 m<\/td>\n<td style='border: 1px solid rgba(150&comma;150&comma;150&comma;0.3); padding: 8px;'>17 m<\/td>\n<td style='border: 1px solid rgba(150&comma;150&comma;150&comma;0.3); padding: 8px;'>8 m<\/td>\n<\/tr>\n<\/tbody>\n<\/table><\/div>\n<\/p><\/div>\n<p> <!-- Accesorios Opcionales --> <\/p>\n<div style='margin-bottom: 30px;'>\n<h3 style='font-size: 22px; border-bottom: 2px solid currentColor; padding-bottom: 5px; margin-top: 0; color: inherit; opacity: 0.8;'>Accesorios Opcionales<\/h3>\n<ul style='padding-left: 20px; font-size: 15px; color: inherit;'>\n<li style='margin-bottom: 5px;'>Montaje de Pared para C\u00e1maras Domo y Turret: <a style='color: inherit; text-decoration: underline;' href='https:\/\/www.syscom.mx\/producto\/DS-1273ZJ-140-HIKVISION-169203.html' target='_blank' rel='noopener'>DS-1273ZJ-140<\/a><\/li>\n<li style='margin-bottom: 5px;'>Montaje de Esquina para C\u00e1maras Tipo Bala \/ Uso en Exterior: <a style='color: inherit; text-decoration: underline;' href='https:\/\/www.syscom.mx\/producto\/DS-1276ZJ-SUS-HIKVISION-156173.html' target='_blank' rel='noopener'>DS-1276ZJ-SUS<\/a><\/li>\n<li style='margin-bottom: 5px;'>Caja de Conexiones de Exterior para C\u00e1maras Tipo Domo \/ Compatible con DS-2CD2387XX: <a style='color: inherit; text-decoration: underline;' href='https:\/\/www.syscom.mx\/producto\/DS-1280ZJ-PT6-HIKVISION-208692.html' target='_blank' rel='noopener'>DS-1280ZJ-PT6<\/a><\/li>\n<li style='margin-bottom: 5px;'>Montaje para Poste \/ Compatible con PTZ HIKVISION \/ Acero Inoxidable: <a style='color: inherit; text-decoration: underline;' href='https:\/\/www.syscom.mx\/producto\/DS-1275ZJ-SUS-HIKVISION-156172.html' target='_blank' rel='noopener'>DS-1275ZJ-SUS<\/a><\/li>\n<li style='margin-bottom: 5px;'>Montaje de pared colgante&comma; modelo: <a style='color: inherit; text-decoration: underline;' href='https:\/\/www.syscom.mx\/principal\/searchcont?route=DS-1271ZJ-140-HIKVISION-223862&#038;autodetect=DS-1271ZJ-140' target='_blank' rel='noopener'>DS-1271ZJ-140<\/a><\/li>\n<li style='margin-bottom: 5px;'>Caja de conexiones&comma; modelo: <a style='color: inherit; text-decoration: underline;' href='https:\/\/www.syscom.mx\/producto\/DS-2280ZJ-WA140-HIKVISION-223861.html' target='_blank' rel='noopener'>DS-2280ZJ-WA140<\/a><\/li>\n<\/ul><\/div>\n<p> <!-- Video --> <\/p>\n<div style='margin-bottom: 30px;'>\n<div style='position: relative; padding-bottom: 56.25%; height: 0; overflow: hidden;'>   <\/div>\n<\/p><\/div>\n<p> <!-- Im\u00e1genes explicativas --> <\/p>\n<div style='margin-bottom: 30px;'> <img style='width: 100%; height: auto; border: 1px solid rgba(150&comma;150&comma;150&comma;0.3); border-radius: 8px;' src='https:\/\/ftp3.syscom.mx\/usuarios\/ftp\/single_page\/HIKVISION\/acusense-colorvu.png' alt='ACUSENSE y ColorVu'> <\/p>\n<p style='font-size: 14px; color: inherit; margin-top: 10px;'>Soporta anal\u00edtico de ACUSENSE Lite distingue personas y veh\u00edculos de otros objetos en el entorno&comma; enfoc\u00e1ndose en amenazas de seguridad reales con b\u00fasquedas de video eficientes.<\/p>\n<\/p><\/div>\n<p> <!-- Tarjetas con im\u00e1genes --> <\/p>\n<div style='display: flex; flex-wrap: wrap; gap: 20px; margin-bottom: 30px;'>\n<div style='flex: 1 1 300px; min-width: 250px;'> <img style='width: 100%; height: auto; border: 1px solid rgba(150&comma;150&comma;150&comma;0.3); border-radius: 8px;' src='https:\/\/ftp3.syscom.mx\/usuarios\/ftp\/single_page\/HIKVISION\/IR-PON-1.png' alt='Luz IR Encendida'> <\/p>\n<h4 style='margin-top: 15px; font-size: 18px; color: inherit;'>Luz IR Encendida<\/h4>\n<p style='font-size: 14px; color: inherit;'>En ausencia de veh\u00edculo o persona&comma; la c\u00e1mara utiliza s\u00f3lo luz IR.<\/p>\n<\/p><\/div>\n<div style='flex: 1 1 300px; min-width: 250px;'> <img style='width: 100%; height: auto; border: 1px solid rgba(150&comma;150&comma;150&comma;0.3); border-radius: 8px;' src='https:\/\/ftp3.syscom.mx\/usuarios\/ftp\/single_page\/HIKVISION\/LED-ON-1.jpg' alt='Luz LED Encendida'> <\/p>\n<h4 style='margin-top: 15px; font-size: 18px; color: inherit;'>Luz LED Encendida<\/h4>\n<p style='font-size: 14px; color: inherit;'>Cuando se detecta un veh\u00edculo o una persona&comma; la luz blanca se activa autom\u00e1ticamente encendido&comma; lo que produce im\u00e1genes en colores vivos con detalles claros.<\/p>\n<\/p><\/div>\n<div style='flex: 1 1 300px; min-width: 250px;'> <img style='width: 100%; height: auto; border: 1px solid rgba(150&comma;150&comma;150&comma;0.3); border-radius: 8px;' src='https:\/\/ftp3.syscom.mx\/usuarios\/ftp\/single_page\/HIKVISION\/IR-PON-2.png' alt='Luz IR Encendida'> <\/p>\n<h4 style='margin-top: 15px; font-size: 18px; color: inherit;'>Luz IR Encendida<\/h4>\n<p style='font-size: 14px; color: inherit;'>Una vez que el veh\u00edculo o la persona sale&comma; las c\u00e1maras vuelven a la luz IR autom\u00e1ticamente.<\/p>\n<\/p><\/div>\n<\/p><\/div>\n<p> <!-- Separador final --> <\/p>\n<hr style='border: 0; border-top: 1px solid rgba(150&comma;150&comma;150&comma;0.3); margin: 30px 0;'> <\/div>\n","protected":false},"excerpt":{"rendered":"<p>[Dual Light + ColorVu] Turret IP 8 Megapixel \/ Lente 2.8 mm \/ 40 mts IR + 40 mts Luz Blanca \/  Microfono Integrado \/ Exterior IP67 \/   WDR 130 dB \/ Videoanaliticos (Filtro de Falsas Alarmas) \/ Captura Facial \/ ACUSEARCH<\/p>\n","protected":false},"featured_media":96219,"comment_status":"open","ping_status":"closed","template":"","meta":[],"product_brand":[],"product_cat":[2056],"product_tag":[122,2057,54],"class_list":{"0":"post-96220","1":"product","2":"type-product","3":"status-publish","4":"has-post-thumbnail","6":"product_cat-domo-eyeball-turret","7":"product_tag-camaras-ip-y-nvrs","8":"product_tag-domo-eyeball-turret","9":"product_tag-hikvision","11":"first","12":"outofstock","13":"sale","14":"shipping-taxable","15":"purchasable","16":"product-type-simple"},"_links":{"self":[{"href":"https:\/\/soydeaqui.ddns.net\/pachuca\/index.php\/wp-json\/wp\/v2\/product\/96220","targetHints":{"allow":["GET"]}}],"collection":[{"href":"https:\/\/soydeaqui.ddns.net\/pachuca\/index.php\/wp-json\/wp\/v2\/product"}],"about":[{"href":"https:\/\/soydeaqui.ddns.net\/pachuca\/index.php\/wp-json\/wp\/v2\/types\/product"}],"replies":[{"embeddable":true,"href":"https:\/\/soydeaqui.ddns.net\/pachuca\/index.php\/wp-json\/wp\/v2\/comments?post=96220"}],"wp:featuredmedia":[{"embeddable":true,"href":"https:\/\/soydeaqui.ddns.net\/pachuca\/index.php\/wp-json\/wp\/v2\/media\/96219"}],"wp:attachment":[{"href":"https:\/\/soydeaqui.ddns.net\/pachuca\/index.php\/wp-json\/wp\/v2\/media?parent=96220"}],"wp:term":[{"taxonomy":"product_brand","embeddable":true,"href":"https:\/\/soydeaqui.ddns.net\/pachuca\/index.php\/wp-json\/wp\/v2\/product_brand?post=96220"},{"taxonomy":"product_cat","embeddable":true,"href":"https:\/\/soydeaqui.ddns.net\/pachuca\/index.php\/wp-json\/wp\/v2\/product_cat?post=96220"},{"taxonomy":"product_tag","embeddable":true,"href":"https:\/\/soydeaqui.ddns.net\/pachuca\/index.php\/wp-json\/wp\/v2\/product_tag?post=96220"}],"curies":[{"name":"wp","href":"https:\/\/api.w.org\/{rel}","templated":true}]}}