{"id":96208,"date":"2026-03-20T08:03:08","date_gmt":"2026-03-20T08:03:08","guid":{"rendered":"https:\/\/soydeaqui.ddns.net\/pachuca\/index.php\/producto\/drone-dji-matrice-350-rtk-edicion-universal-proteccion-ip55-50mins-de-vuelo-hasta-20-kms-de-transmision-incluye-dji-care-basic\/"},"modified":"2026-03-20T08:03:27","modified_gmt":"2026-03-20T08:03:27","slug":"drone-dji-matrice-350-rtk-edicion-universal-proteccion-ip55-50mins-de-vuelo-hasta-20-kms-de-transmision-incluye-dji-care-basic","status":"publish","type":"product","link":"https:\/\/soydeaqui.ddns.net\/pachuca\/index.php\/producto\/drone-dji-matrice-350-rtk-edicion-universal-proteccion-ip55-50mins-de-vuelo-hasta-20-kms-de-transmision-incluye-dji-care-basic\/","title":{"rendered":"Drone DJI Matrice 350 RTK Edici\u00f3n Universal\/Protecci\u00f3n IP55\/ 50Mins de Vuelo \/Hasta 20 kms de transmisi\u00f3n (Incluye DJI CARE BASIC)"},"content":{"rendered":"<div style='width: 100%; max-width: 1200px; margin: 0 auto; font-family: sans-serif; line-height: 1.6; color: inherit; background-color: transparent;'>\n<div style='display: flex; flex-wrap: wrap; gap: 30px; margin-bottom: 30px;'>\n<div style='flex: 1 1 300px; min-width: 280px;'>\n<h3 style='font-size: 22px; border-bottom: 2px solid currentColor; padding-bottom: 5px; margin-top: 0; color: inherit; opacity: 0.8;'>Caracter\u00edsticas Principales<\/h3>\n<ul style='padding-left: 20px; font-size: 15px; color: inherit;'>\n<li style='margin-bottom: 5px;'>C\u00e1mara de vuelo con visi\u00f3n nocturna (no c\u00e1mara payload)<\/li>\n<li style='margin-bottom: 5px;'>20 kms de transmisi\u00f3n<\/li>\n<li style='margin-bottom: 5px;'>Hasta 55 min. de vuelo sin accesorio<\/li>\n<li style='margin-bottom: 5px;'>Protecci\u00f3n IP55<\/li>\n<li style='margin-bottom: 5px;'>Marca y seguimiento inteligentes (smart pin &#038; track)<\/li>\n<li style='margin-bottom: 5px;'>Inspecciones inteligentes<\/li>\n<li style='margin-bottom: 5px;'>Compatible con diferentes c\u00e1maras (no incluida)<\/li>\n<li style='margin-bottom: 5px; font-weight: bold;'>GARANTIA DE 1 A\u00d1O CONTRA DEFECTOS DE FABRICACI\u00d3N<\/li>\n<\/ul><\/div>\n<div style='flex: 1 1 300px; min-width: 280px;'>\n<h3 style='font-size: 22px; border-bottom: 2px solid currentColor; padding-bottom: 5px; margin-top: 0; color: inherit; opacity: 0.8;'>Caracter\u00edsticas F\u00edsicas y El\u00e9ctricas<\/h3>\n<ul style='padding-left: 20px; font-size: 15px; color: inherit;'>\n<li style='margin-bottom: 5px;'>Dimensiones: Desplegado&comma; h\u00e9lices y tren de aterrizaje incluidos: 810 \u00d7 670 \u00d7 430 mm (largo \u00d7 ancho \u00d7 alto) Plegado&comma; h\u00e9lices y tren de aterrizaje incluidos: 430 \u00d7 420 \u00d7 430 mm (largo \u00d7 ancho \u00d7 alto)<\/li>\n<li style='margin-bottom: 5px;'>Temperatura de funcionamiento de -20\u00b0C a 50\u00b0C (de \u22124 a 122 \u00b0F)<\/li>\n<li style='margin-bottom: 5px;'>Requiere cargador de bater\u00edas modelo BS65 (no incluido)<\/li>\n<li style='margin-bottom: 5px;'>Requiere m\u00ednimo 2 bater\u00edas modelo TB65 (no incluidas)<\/li>\n<\/ul><\/div>\n<div style='flex: 1 1 300px; min-width: 280px;'>\n<h3 style='font-size: 22px; border-bottom: 2px solid currentColor; padding-bottom: 5px; margin-top: 0; color: inherit; opacity: 0.8;'>Incluye<\/h3>\n<ul style='padding-left: 20px; font-size: 15px; color: inherit;'>\n<li style='margin-bottom: 5px;'>Drone Matrice 350RTK<\/li>\n<li style='margin-bottom: 5px;'>Malet\u00edn de Transporte<\/li>\n<li style='margin-bottom: 5px;'>Control RCPLUS<\/li>\n<li style='margin-bottom: 5px;'>Kit de limpieza<\/li>\n<li style='margin-bottom: 5px;'>Manuales de operaci\u00f3n<\/li>\n<li style='margin-bottom: 5px;'>Tren de aterrizaje<\/li>\n<li style='margin-bottom: 5px;'>H\u00e9lices 2110<\/li>\n<li style='margin-bottom: 5px;'>DJI Care BASIC<\/li>\n<\/ul><\/div>\n<\/p><\/div>\n<hr style='border: 0; border-top: 1px solid rgba(150&comma; 150&comma; 150&comma; 0.3); margin: 30px 0;'>\n<div style='margin-bottom: 30px;'> <img style='width: 100%; height: auto; border: 1px solid rgba(150&comma;150&comma;150&comma;0.3); border-radius: 8px;' src='https:\/\/ftp3.syscom.mx\/usuarios\/ivan.reyes\/DJI\/MATRICE350RTK\/Tabla.jpg' alt='Tabla'> <\/div>\n<div style='margin-bottom: 30px;'>\n<div style='position: relative; padding-bottom: 56.25%; height: 0; overflow: hidden; margin-bottom: 30px;'>   <\/div>\n<\/p><\/div>\n<div style='margin-bottom: 30px;'>\n<p style='text-align: center; font-size: 24px;'>El Matrice 350 RTK&comma; una emblem\u00e1tica plataforma dron redise\u00f1ada&comma; establece un nuevo punto de referencia para la industria. Esta plataforma dron de \u00faltima generaci\u00f3n ofrece un sistema de transmisi\u00f3n de v\u00eddeo y una experiencia de control totalmente nuevos&comma; un sistema de bater\u00eda m\u00e1s eficiente y funciones de seguridad m\u00e1s completas&comma; as\u00ed como grandes capacidades de carga \u00fatil y de expansi\u00f3n. Dispone de toda la potencia necesaria para inyectar fuerza innovadora a cualquier operaci\u00f3n a\u00e9rea.<\/p>\n<\/p><\/div>\n<div style='margin-bottom: 30px;'> <img style='width: 100%; height: auto; border: 1px solid rgba(150&comma;150&comma;150&comma;0.3); border-radius: 8px;' src='https:\/\/ftp3.syscom.mx\/usuarios\/ivan.reyes\/DJI\/MATRICE350RTK\/Caracteristicas.png' alt='Caracteristicas'> <\/div>\n<div style='margin-bottom: 30px;'>\n<h3 style='font-size: 32px; text-align: center; margin-top: 0; margin-bottom: 15px; color: inherit; opacity: 0.9;'>Potente rendimiento de vuelo<\/h3>\n<p style='text-align: center; font-size: 20px;'>Con su robusta estructura&comma; el Matrice 350 RTK cuenta con una potente propulsi\u00f3n&comma; un \u00edndice de protecci\u00f3n mejorado y un excelente rendimiento de vuelo que te permiten afrontar f\u00e1cilmente cualquier tipo de desaf\u00edo.<\/p>\n<\/p><\/div>\n<div style='margin-bottom: 30px;'> <img style='width: 100%; height: auto; border: 1px solid rgba(150&comma;150&comma;150&comma;0.3); border-radius: 8px;' src='https:\/\/ftp3.syscom.mx\/usuarios\/ivan.reyes\/DJI\/MATRICE350RTK\/POWERPNT_LS7iYAjUSh.png' alt='Caracteristicas'> <\/div>\n<div style='margin-bottom: 30px;'> <img style='width: 100%; height: auto; border: 1px solid rgba(150&comma;150&comma;150&comma;0.3); border-radius: 8px;' src='https:\/\/ftp3.syscom.mx\/usuarios\/ivan.reyes\/DJI\/MATRICE350RTK\/1.gif' alt='1'> <\/div>\n<div style='margin-bottom: 30px;'>\n<h3 style='font-size: 36px; text-align: center; margin-top: 0; margin-bottom: 15px; color: inherit; opacity: 0.9;'>Nueva experiencia de control<\/h3>\n<h4 style='font-size: 28px; text-align: center; margin-top: 0; margin-bottom: 15px; color: inherit; opacity: 0.9;'>DJI RC Plus<\/h4>\n<p style='text-align: center; font-size: 20px;'>Equipado con una pantalla de alto brillo de 7 pulgadas&comma; DJI RC Plus admite el modo de doble operador e incluye una bater\u00eda est\u00e1ndar WB37 externa que ofrece un tiempo de funcionamiento de hasta seis horas para cubrir todos tus requisitos de uso.<\/p>\n<\/p><\/div>\n<div style='margin-bottom: 30px;'> <img style='width: 100%; height: auto; border: 1px solid rgba(150&comma;150&comma;150&comma;0.3); border-radius: 8px;' src='https:\/\/ftp3.syscom.mx\/usuarios\/ivan.reyes\/DJI\/MATRICE350RTK\/Rc%20plus.png' alt='RCPLUS'> <\/div>\n<div style='margin-bottom: 30px;'>\n<div style='display: flex; flex-wrap: wrap; gap: 20px; align-items: center;'>\n<div style='flex: 1 1 300px; min-width: 280px;'> <img style='width: 100%; height: auto; border: 1px solid rgba(150&comma;150&comma;150&comma;0.3); border-radius: 8px;' src='https:\/\/ftp3.syscom.mx\/usuarios\/ivan.reyes\/DJI\/MATRICE350RTK\/2.gif' alt='Preparado para los entornos m\u00e1s exigentes'> <\/div>\n<div style='flex: 1 1 300px; min-width: 280px;'>\n<h4 style='font-size: 22px; margin-top: 0; margin-bottom: 15px; color: inherit; opacity: 0.9;'>Preparado para los entornos m\u00e1s exigentes<\/h4>\n<p style='font-size: 15px;'>Con un \u00edndice de protecci\u00f3n IP54&comma; DJI RC Plus es resistente al polvo y al agua&comma; para funcionar de forma fiable con mal tiempo. La temperatura de funcionamiento es de \u221220 a 50 \u00b0C (de \u22124 a 122 \u00b0F) y puede utilizarse durante todo el d\u00eda&comma; incluso en entornos extremadamente fr\u00edos o calurosos.<\/p>\n<\/p><\/div>\n<\/p><\/div>\n<\/p><\/div>\n<div style='margin-bottom: 30px;'>\n<div style='display: flex; flex-wrap: wrap; gap: 20px; align-items: center;'>\n<div style='flex: 1 1 300px; min-width: 280px;'>\n<h4 style='font-size: 22px; margin-top: 0; margin-bottom: 15px; color: inherit; opacity: 0.9;'>Control fluido y eficiente<\/h4>\n<p style='font-size: 15px;'>Varios botones y diales en la parte delantera&comma; trasera y superior del control remoto permiten una operaci\u00f3n r\u00e1pida. Las funciones de los botones se pueden personalizar para ajustarlas a los h\u00e1bitos de los usuarios y ofrecer una experiencia intuitiva y flexible.<\/p>\n<\/p><\/div>\n<div style='flex: 1 1 300px; min-width: 280px;'> <img style='width: 100%; height: auto; border: 1px solid rgba(150&comma;150&comma;150&comma;0.3); border-radius: 8px;' src='https:\/\/ftp3.syscom.mx\/usuarios\/ivan.reyes\/DJI\/MATRICE350RTK\/3.gif' alt='Control fluido y eficiente'> <\/div>\n<\/p><\/div>\n<\/p><\/div>\n<div style='margin-bottom: 30px;'>\n<h3 style='font-size: 36px; text-align: center; margin-top: 0; margin-bottom: 15px; color: inherit; opacity: 0.9;'>DJI Pilot 2<\/h3>\n<p style='text-align: center; font-size: 20px;'>La aplicaci\u00f3n DJI Pilot 2 se ha optimizado a\u00fan m\u00e1s para presentar con claridad el tipo de misi\u00f3n y el estado de vuelo. El control sencillo y fluido de la aeronave y de las cargas \u00fatiles facilita un funcionamiento m\u00e1s eficiente.<\/p>\n<\/p><\/div>\n<div style='margin-bottom: 30px;'> <img style='width: 100%; height: auto; border: 1px solid rgba(150&comma;150&comma;150&comma;0.3); border-radius: 8px;' src='https:\/\/ftp3.syscom.mx\/usuarios\/ivan.reyes\/DJI\/MATRICE350RTK\/rc.png' alt='DJI Pilot 2'> <\/div>\n<div style='margin-bottom: 30px;'>\n<h3 style='font-size: 36px; text-align: center; margin-top: 0; margin-bottom: 15px; color: inherit; opacity: 0.9;'>Sistema de bater\u00eda mejorado<\/h3>\n<\/p><\/div>\n<div style='margin-bottom: 30px;'> <img style='width: 100%; height: auto; border: 1px solid rgba(150&comma;150&comma;150&comma;0.3); border-radius: 8px;' src='https:\/\/ftp3.syscom.mx\/usuarios\/ivan.reyes\/DJI\/MATRICE350RTK\/Cargador.png' alt='Cargador'> <\/div>\n<div style='margin-bottom: 30px;'>\n<h3 style='font-size: 36px; text-align: center; margin-top: 0; margin-bottom: 15px; color: inherit; opacity: 0.9;'>Nuevo sistema de dos bater\u00edas<\/h3>\n<p style='text-align: center; font-size: 20px;'>El Matrice 350 RTK est\u00e1 equipado con un nuevo sistema de doble bater\u00eda TB65 que admite cambio en caliente y permite volar varias veces sin tener que apagarlo. La bater\u00eda permite hasta 400 ciclos de carga&comma; lo que reduce el coste de cada vuelo.<\/p>\n<\/p><\/div>\n<div style='margin-bottom: 30px;'> <img style='width: 100%; height: auto; border: 1px solid rgba(150&comma;150&comma;150&comma;0.3); border-radius: 8px;' src='https:\/\/ftp3.syscom.mx\/usuarios\/ivan.reyes\/DJI\/MATRICE350RTK\/Baterias.png' alt='Baterias'> <\/div>\n<div style='margin-bottom: 30px;'>\n<h3 style='font-size: 36px; text-align: center; margin-top: 0; margin-bottom: 15px; color: inherit; opacity: 0.9;'>Estaci\u00f3n de bater\u00edas inteligentes de \u00faltima generaci\u00f3n<\/h3>\n<p style='text-align: center; font-size: 20px;'>La nueva estaci\u00f3n de bater\u00edas inteligentes BS65 ofrece una soluci\u00f3n integral para cargar&comma; almacenar y transportar las bater\u00edas.<\/p>\n<\/p><\/div>\n<div style='margin-bottom: 30px;'> <img style='width: 100%; height: auto; border: 1px solid rgba(150&comma;150&comma;150&comma;0.3); border-radius: 8px;' src='https:\/\/ftp3.syscom.mx\/usuarios\/ivan.reyes\/DJI\/MATRICE350RTK\/Estacion%20de%20carga.gif' alt='Estacion'> <\/div>\n<div style='margin-bottom: 30px;'>\n<h3 style='font-size: 36px; text-align: center; margin-top: 0; margin-bottom: 15px; color: inherit; opacity: 0.9;'>Potentes cargas \u00fatiles<\/h3>\n<p style='text-align: center; font-size: 20px;'>El Matrice 350 RTK admite un solo estabilizador inferior&comma; dos estabilizadores inferiores o un solo estabilizador superior&comma; y puede llevar tres cargas \u00fatiles simult\u00e1neamente. La aeronave tambi\u00e9n cuenta con una interfaz abierta de E-Port y una capacidad m\u00e1x. de carga de 2.7 kg&comma; para satisfacer las necesidades en distintas situaciones de uso&comma; como seguridad p\u00fablica&comma; inspecciones y cartograf\u00eda.<\/p>\n<\/p><\/div>\n<div style='margin-bottom: 30px;'>\n<div style='display: flex; flex-wrap: wrap; gap: 20px; align-items: center;'>\n<div style='flex: 1 1 300px; min-width: 280px;'> <img style='width: 100%; height: auto; border: 1px solid rgba(150&comma;150&comma;150&comma;0.3); border-radius: 8px;' src='https:\/\/ftp3.syscom.mx\/usuarios\/ivan.reyes\/DJI\/MATRICE350RTK\/H201.png' alt='Serie Zenmuse H20'> <\/div>\n<div style='flex: 1 1 300px; min-width: 280px;'>\n<h4 style='font-size: 22px; margin-top: 0; margin-bottom: 15px; color: inherit; opacity: 0.9;'>Serie Zenmuse H20<\/h4>\n<p style='font-size: 15px;'>El sistema de cuatro sensores de la c\u00e1mara de zoom&comma; la c\u00e1mara con gran angular&comma; la c\u00e1mara t\u00e9rmica y el tel\u00e9metro l\u00e1ser funciona conjuntamente&comma; complementado por algoritmos inteligentes avanzados&comma; para ofrecer un excepcional rendimiento de detecci\u00f3n y de generaci\u00f3n de im\u00e1genes.<\/p>\n<\/p><\/div>\n<\/p><\/div>\n<\/p><\/div>\n<div style='margin-bottom: 30px;'>\n<div style='display: flex; flex-wrap: wrap; gap: 20px; align-items: center;'>\n<div style='flex: 1 1 300px; min-width: 280px;'>\n<h4 style='font-size: 22px; margin-top: 0; margin-bottom: 15px; color: inherit; opacity: 0.9;'>Zenmuse H20N<\/h4>\n<p style='font-size: 15px;'>La Zenmuse H20N integra sensores Starlight en sus c\u00e1maras de zoom y gran angular. A\u00f1ade a esto las c\u00e1maras t\u00e9rmicas duales con zoom y un tel\u00e9metro l\u00e1ser y obtendr\u00e1s un vers\u00e1til instrumento h\u00edbrido que siempre estar\u00e1 a la altura.<\/p>\n<\/p><\/div>\n<div style='flex: 1 1 300px; min-width: 280px;'> <img style='width: 100%; height: auto; border: 1px solid rgba(150&comma;150&comma;150&comma;0.3); border-radius: 8px;' src='https:\/\/ftp3.syscom.mx\/usuarios\/ivan.reyes\/DJI\/MATRICE350RTK\/H20N2.png' alt='H20N2'> <\/div>\n<\/p><\/div>\n<\/p><\/div>\n<div style='margin-bottom: 30px;'>\n<div style='display: flex; flex-wrap: wrap; gap: 20px; align-items: center;'>\n<div style='flex: 1 1 300px; min-width: 280px;'> <img style='width: 100%; height: auto; border: 1px solid rgba(150&comma;150&comma;150&comma;0.3); border-radius: 8px;' src='https:\/\/ftp3.syscom.mx\/usuarios\/ivan.reyes\/DJI\/MATRICE350RTK\/P1.png' alt='P1'> <\/div>\n<div style='flex: 1 1 300px; min-width: 280px;'>\n<h4 style='font-size: 22px; margin-top: 0; margin-bottom: 15px; color: inherit; opacity: 0.9;'>Zenmuse P1<\/h4>\n<p style='font-size: 15px;'>La Zenmuse P1 incluye un sensor de fotograma completo con objetivos de enfoque fijo intercambiables en un estabilizador de 3 ejes. Dise\u00f1ada para misiones de vuelo de fotogrametr\u00eda&comma; lleva la eficiencia y la precisi\u00f3n a un nivel totalmente nuevo.<\/p>\n<\/p><\/div>\n<\/p><\/div>\n<\/p><\/div>\n<div style='margin-bottom: 30px;'>\n<div style='display: flex; flex-wrap: wrap; gap: 20px; align-items: center;'>\n<div style='flex: 1 1 300px; min-width: 280px;'>\n<h4 style='font-size: 22px; margin-top: 0; margin-bottom: 15px; color: inherit; opacity: 0.9;'>Zenmuse L1<\/h4>\n<p style='font-size: 15px;'>La Zenmuse L1 integra un m\u00f3dulo Livox LiDAR&comma; una IMU de alta precisi\u00f3n y una c\u00e1mara de cartograf\u00eda. Cuando se utiliza con la plataforma de vuelo&comma; conforma una soluci\u00f3n completa que te proporciona datos 3D en tiempo real durante todo el d\u00eda&comma; capturando eficientemente los detalles de estructuras complejas y generando modelos reconstruidos de alta precisi\u00f3n.<\/p>\n<\/p><\/div>\n<div style='flex: 1 1 300px; min-width: 280px;'> <img style='width: 100%; height: auto; border: 1px solid rgba(150&comma;150&comma;150&comma;0.3); border-radius: 8px;' src='https:\/\/ftp3.syscom.mx\/usuarios\/ivan.reyes\/DJI\/MATRICE350RTK\/zenmuse-l1.jpg' alt='Zenmuse L1'> <\/div>\n<\/p><\/div>\n<\/p><\/div>\n<div style='margin-bottom: 30px;'>\n<h3 style='font-size: 36px; text-align: center; margin-top: 0; margin-bottom: 15px; color: inherit; opacity: 0.9;'>Funcionamiento inteligente<\/h3>\n<\/p><\/div>\n<div style='margin-bottom: 30px;'>\n<div style='display: flex; flex-wrap: wrap; gap: 20px; align-items: center;'>\n<div style='flex: 1 1 300px; min-width: 280px;'> <img style='width: 100%; height: auto; border: 1px solid rgba(150&comma;150&comma;150&comma;0.3); border-radius: 8px;' src='https:\/\/ftp3.syscom.mx\/usuarios\/ivan.reyes\/DJI\/MATRICE350RTK\/Cartografia.gif' alt='Cartograf\u00eda de alta precisi\u00f3n'> <\/div>\n<div style='flex: 1 1 300px; min-width: 280px;'>\n<h4 style='font-size: 22px; margin-top: 0; margin-bottom: 15px; color: inherit; opacity: 0.9;'>Cartograf\u00eda de alta precisi\u00f3n<\/h4>\n<p style='font-size: 15px;'>El Matrice 350 RTK admite misiones de cartograf\u00eda&comma; oblicuas&comma; de trayectoria y de vuelo lineal. Puedes usar Seguimiento del terreno o Captura oblicua inteligente para recopilar datos de forma eficiente. Conjuntamente con DJI Terra&comma; puedes obtener r\u00e1pidamente resultados digitales HD en 2D y en 3D&comma; para habilitar operaciones cartogr\u00e1ficas de alta precisi\u00f3n y alta eficiencia.<\/p>\n<\/p><\/div>\n<\/p><\/div>\n<\/p><\/div>\n<div style='margin-bottom: 30px;'>\n<div style='display: flex; flex-wrap: wrap; gap: 20px; align-items: center;'>\n<div style='flex: 1 1 300px; min-width: 280px;'>\n<h4 style='font-size: 22px; margin-top: 0; margin-bottom: 15px; color: inherit; opacity: 0.9;'>Coordinaci\u00f3n aire-tierra<\/h4>\n<p style='font-size: 15px;'>Con funciones como PinPoint&comma; de alta precisi\u00f3n&comma; y la cartograf\u00eda en tiempo real basada en la nube&comma; el Matrice 350 RTK hace posible conectar el aire&comma; la tierra y la nube. Cuando la aeronave finaliza la recopilaci\u00f3n de im\u00e1genes&comma; DJI FlightHub 2 puede simular r\u00e1pidamente el lugar de operaci\u00f3n y transmitir informaci\u00f3n de comandos a la aeronave y a los operadores en tierra. Tanto el control remoto como FlightHub 2 permiten dibujar puntos&comma; l\u00edneas y superficies&comma; y cargarlos en tiempo real&comma; y pueden cooperar con la aeronave para retransmitir en directo la vista de la operaci\u00f3n en tiempo real&comma; rompiendo as\u00ed las barreras comunicativas para la colaboraci\u00f3n aire-tierra.<\/p>\n<\/p><\/div>\n<div style='flex: 1 1 300px; min-width: 280px;'> <img style='width: 100%; height: auto; border: 1px solid rgba(150&comma;150&comma;150&comma;0.3); border-radius: 8px;' src='https:\/\/ftp3.syscom.mx\/usuarios\/ivan.reyes\/DJI\/MATRICE350RTK\/Cordinacion.gif' alt='Coordinaci\u00f3n aire-tierra'> <\/div>\n<\/p><\/div>\n<\/p><\/div>\n<div style='margin-bottom: 30px;'>\n<div style='display: flex; flex-wrap: wrap; gap: 20px; align-items: center;'>\n<div style='flex: 1 1 300px; min-width: 280px;'> <img style='width: 100%; height: auto; border: 1px solid rgba(150&comma;150&comma;150&comma;0.3); border-radius: 8px;' src='https:\/\/ftp3.syscom.mx\/usuarios\/ivan.reyes\/DJI\/MATRICE350RTK\/Inspeecion.gif' alt='Inspecci\u00f3n automatizada de precisi\u00f3n'> <\/div>\n<div style='flex: 1 1 300px; min-width: 280px;'>\n<h4 style='font-size: 22px; margin-top: 0; margin-bottom: 15px; color: inherit; opacity: 0.9;'>Inspecci\u00f3n automatizada de precisi\u00f3n<\/h4>\n<p style='font-size: 15px;'>A trav\u00e9s de Grabaci\u00f3n de misiones en directo&comma; el Matrice 350 RTK puede generar y almacenar archivos de rutas de vuelo que se pueden usar en cualquier momento para realizar operaciones automatizadas y ejecutar inspecciones repetitivas que ya no requieren tiempo o esfuerzo. Al usar Focalizaci\u00f3n por IA&comma; el Matrice 350 RTK permite encuadrar de forma autom\u00e1tica y ajustar manualmente a los objetivos para mejorar la precisi\u00f3n de las grabaciones repetidas y la calidad de las operaciones de inspecci\u00f3n.<\/p>\n<\/p><\/div>\n<\/p><\/div>\n<\/p><\/div>\n<\/p><\/div>\n","protected":false},"excerpt":{"rendered":"<p>Drone DJI Matrice 350 RTK Edici\u00f3n Universal\/Protecci\u00f3n IP55\/ 50Mins de Vuelo \/Hasta 20 kms de transmisi\u00f3n (Incluye DJI CARE BASIC)<\/p>\n","protected":false},"featured_media":96207,"comment_status":"open","ping_status":"closed","template":"","meta":[],"product_brand":[],"product_cat":[2223,2225],"product_tag":[2228,2226,2227],"class_list":{"0":"post-96208","1":"product","2":"type-product","3":"status-publish","4":"has-post-thumbnail","6":"product_cat-drones","7":"product_cat-drones-robots-e-industrial","8":"product_tag-dji","9":"product_tag-drones","10":"product_tag-robots-e-industrial","12":"first","13":"outofstock","14":"sale","15":"shipping-taxable","16":"purchasable","17":"product-type-simple"},"_links":{"self":[{"href":"https:\/\/soydeaqui.ddns.net\/pachuca\/index.php\/wp-json\/wp\/v2\/product\/96208","targetHints":{"allow":["GET"]}}],"collection":[{"href":"https:\/\/soydeaqui.ddns.net\/pachuca\/index.php\/wp-json\/wp\/v2\/product"}],"about":[{"href":"https:\/\/soydeaqui.ddns.net\/pachuca\/index.php\/wp-json\/wp\/v2\/types\/product"}],"replies":[{"embeddable":true,"href":"https:\/\/soydeaqui.ddns.net\/pachuca\/index.php\/wp-json\/wp\/v2\/comments?post=96208"}],"wp:featuredmedia":[{"embeddable":true,"href":"https:\/\/soydeaqui.ddns.net\/pachuca\/index.php\/wp-json\/wp\/v2\/media\/96207"}],"wp:attachment":[{"href":"https:\/\/soydeaqui.ddns.net\/pachuca\/index.php\/wp-json\/wp\/v2\/media?parent=96208"}],"wp:term":[{"taxonomy":"product_brand","embeddable":true,"href":"https:\/\/soydeaqui.ddns.net\/pachuca\/index.php\/wp-json\/wp\/v2\/product_brand?post=96208"},{"taxonomy":"product_cat","embeddable":true,"href":"https:\/\/soydeaqui.ddns.net\/pachuca\/index.php\/wp-json\/wp\/v2\/product_cat?post=96208"},{"taxonomy":"product_tag","embeddable":true,"href":"https:\/\/soydeaqui.ddns.net\/pachuca\/index.php\/wp-json\/wp\/v2\/product_tag?post=96208"}],"curies":[{"name":"wp","href":"https:\/\/api.w.org\/{rel}","templated":true}]}}