{"id":96202,"date":"2026-03-20T08:02:50","date_gmt":"2026-03-20T08:02:50","guid":{"rendered":"https:\/\/soydeaqui.ddns.net\/pachuca\/index.php\/producto\/dual-light-colorvu-bala-ip-4-megapixel-lente-2-8-12-mm-60-mts-ir-60-mts-luz-blanca-wdr-130-db-exterior-ip67-captura-facial-videoanaliticos-filtro-de-falsas-alarmas-microsd-acu\/"},"modified":"2026-03-20T08:02:55","modified_gmt":"2026-03-20T08:02:55","slug":"dual-light-colorvu-bala-ip-4-megapixel-lente-2-8-12-mm-60-mts-ir-60-mts-luz-blanca-wdr-130-db-exterior-ip67-captura-facial-videoanaliticos-filtro-de-falsas-alarmas-microsd-acu","status":"publish","type":"product","link":"https:\/\/soydeaqui.ddns.net\/pachuca\/index.php\/producto\/dual-light-colorvu-bala-ip-4-megapixel-lente-2-8-12-mm-60-mts-ir-60-mts-luz-blanca-wdr-130-db-exterior-ip67-captura-facial-videoanaliticos-filtro-de-falsas-alarmas-microsd-acu\/","title":{"rendered":"[Dual Light + ColorVu] Bala IP 4 Megapixel \/ Lente 2.8 &#8211; 12 mm \/60 mts IR + 60 mts Luz Blanca \/ WDR 130 dB \/ Exterior IP67 \/ Captura Facial \/ Videoanaliticos (Filtro de Falsas Alarmas) \/ MicroSD \/ ACUSEARCH"},"content":{"rendered":"<div style='width: 100%; max-width: 1200px; margin: 0 auto; font-family: sans-serif; line-height: 1.6; color: inherit; background-color: transparent;'> <!-- Imagen principal --> <\/p>\n<div style='margin-bottom: 30px;'> <img style='width: 100%; height: auto; border: 1px solid rgba(150&comma;150&comma;150&comma;0.3); border-radius: 8px;' src='https:\/\/ftp3.syscom.mx\/usuarios\/xguereque\/Imagenes\/hikvision\/colorvu-2.jpg' alt=''> <\/div>\n<p> <!-- Galer\u00eda de im\u00e1genes --> <\/p>\n<div style='display: grid; grid-template-columns: repeat(auto-fit&comma; minmax(280px&comma; 1fr)); gap: 30px; margin-bottom: 30px;'> <img style='width: 100%; height: auto; border: 1px solid rgba(150&comma;150&comma;150&comma;0.3); border-radius: 8px;' src='https:\/\/ftp3.syscom.mx\/usuarios\/jsosa\/HIKVISION\/imagenes\/colorvu\/1.png' alt=''> <img style='width: 100%; height: auto; border: 1px solid rgba(150&comma;150&comma;150&comma;0.3); border-radius: 8px;' src='https:\/\/ftp3.syscom.mx\/usuarios\/jsosa\/HIKVISION\/imagenes\/colorvu\/4.png' alt=''> <img style='width: 100%; height: auto; border: 1px solid rgba(150&comma;150&comma;150&comma;0.3); border-radius: 8px;' src='https:\/\/ftp3.syscom.mx\/usuarios\/jsosa\/HIKVISION\/imagenes\/colorvu\/3.png' alt=''> <img style='width: 100%; height: auto; border: 1px solid rgba(150&comma;150&comma;150&comma;0.3); border-radius: 8px;' src='https:\/\/ftp3.syscom.mx\/usuarios\/jsosa\/HIKVISION\/imagenes\/colorvu\/2.png' alt=''> <img style='width: 100%; height: auto; border: 1px solid rgba(150&comma;150&comma;150&comma;0.3); border-radius: 8px;' src='https:\/\/ftp3.syscom.mx\/usuarios\/jsosa\/HIKVISION\/imagenes\/colorvu\/5.png' alt=''> <img style='width: 100%; height: auto; border: 1px solid rgba(150&comma;150&comma;150&comma;0.3); border-radius: 8px;' src='https:\/\/ftp3.syscom.mx\/usuarios\/jsosa\/HIKVISION\/imagenes\/colorvu\/6.png' alt=''> <\/div>\n<p> <!-- Video de instalaci\u00f3n --> <\/p>\n<div style='margin-bottom: 30px;'>\n<h3 style='font-size: 22px; text-align: center; margin-bottom: 20px; color: inherit; opacity: 0.8;'>Instalaci\u00f3n y Configuraci\u00f3n de c\u00e1maras AcuSense<\/h3>\n<div style='position: relative; padding-bottom: 56.25%; height: 0; overflow: hidden; margin-bottom: 30px;'>   <\/div>\n<\/p><\/div>\n<p> <!-- Secci\u00f3n de cards --> <\/p>\n<div style='display: flex; flex-wrap: wrap; gap: 30px; margin-bottom: 30px;'> <!-- Caracter\u00edsticas Principales --> <\/p>\n<div style='flex: 1 1 300px; min-width: 280px;'>\n<div style='border: 1px solid rgba(150&comma; 150&comma; 150&comma; 0.4); border-radius: 8px; overflow: hidden; display: flex; flex-direction: column;'>\n<div style='padding: 15px; border-bottom: 1px solid rgba(150&comma; 150&comma; 150&comma; 0.2); font-weight: bold; font-size: 18px; color: inherit; background: #df001e; border-bottom: 1px solid #a80000;'> Caracter\u00edsticas principales: <\/div>\n<div style='padding: 15px; color: inherit;'>\n<ul style='padding-left: 20px; margin: 0; font-size: 14px; list-style-type: disc;'>\n<li style='margin-bottom: 5px;'><strong>Resoluci\u00f3n m\u00e1xima:<\/strong> 4 Megapixel (2688x 1520)<\/li>\n<li style='margin-bottom: 5px;'><strong>Iluminaci\u00f3n m\u00ednima:<\/strong> 0.0008 Lux @ (F1.2&comma; AGC ON)<\/li>\n<li style='margin-bottom: 5px;'><strong>Lente varifocal:<\/strong> 2.8 a 12 mm (\u00e1ngulo de apertura 114.6\u00b0 a 41.8\u00b0 horizontal)<\/li>\n<li style='margin-bottom: 5px;'><strong>60 Metros de luz blanca:<\/strong> ayuda a iluminar el sitio para mantener la imagen siempre a color<\/li>\n<li style='margin-bottom: 5px;'><strong>WDR:<\/strong> 130 dB<\/li>\n<li style='margin-bottom: 5px;'><strong>Detecci\u00f3n:<\/strong> movimiento \/ Cruce de l\u00ednea \/ Detecci\u00f3n de intrusi\u00f3n con clasificaci\u00f3n de humanos y veh\u00edculos<\/li>\n<\/ul><\/div>\n<\/p><\/div>\n<\/p><\/div>\n<p> <!-- Entradas\/Salidas --> <\/p>\n<div style='flex: 1 1 300px; min-width: 280px;'>\n<div style='border: 1px solid rgba(150&comma; 150&comma; 150&comma; 0.4); border-radius: 8px; overflow: hidden; display: flex; flex-direction: column;'>\n<div style='padding: 15px; border-bottom: 1px solid rgba(150&comma; 150&comma; 150&comma; 0.2); font-weight: bold; font-size: 18px; color: inherit; background: #df001e; border-bottom: 1px solid #a80000;'> Entradas y Salidas \/ Alarmas \/ Red \/ Almacenamiento: <\/div>\n<div style='padding: 15px; color: inherit;'>\n<ul style='padding-left: 20px; margin: 0; font-size: 14px; list-style-type: disc;'>\n<li style='margin-bottom: 5px;'><strong>Entradas de alarma:<\/strong> 1<\/li>\n<li style='margin-bottom: 5px;'><strong>Salidas de alarma:<\/strong> 1 (max. 24VDC\/24VAC&comma; 1 A)<\/li>\n<li style='margin-bottom: 5px;'><strong>Entradas de audio:<\/strong> 1 (two-core terminal block&comma; 3.3 Vpp)<\/li>\n<li style='margin-bottom: 5px;'><strong>Salidas de audio:<\/strong> 1 (two-core terminal block&comma; 3.3 Vpp)<\/li>\n<li style='margin-bottom: 5px;'><strong>Soporta memoria:<\/strong> microSD\/microSDHC\/microSDXC hasta 512 GB (no incluida)<\/li>\n<li style='margin-bottom: 5px;'><strong>Puerto de red:<\/strong> 1 RJ45 (10\/100 Mbps \/ PoE 802.3at&comma; Clase 4)<\/li>\n<\/ul><\/div>\n<\/p><\/div>\n<\/p><\/div>\n<p> <!-- Caracter\u00edsticas F\u00edsicas y El\u00e9ctricas --> <\/p>\n<div style='flex: 1 1 300px; min-width: 280px;'>\n<div style='border: 1px solid rgba(150&comma; 150&comma; 150&comma; 0.4); border-radius: 8px; overflow: hidden; display: flex; flex-direction: column;'>\n<div style='padding: 15px; border-bottom: 1px solid rgba(150&comma; 150&comma; 150&comma; 0.2); font-weight: bold; font-size: 18px; color: inherit; background: #df001e; border-bottom: 1px solid #a80000;'> Caracter\u00edsticas F\u00edsicas y El\u00e9ctricas: <\/div>\n<div style='padding: 15px; color: inherit;'>\n<ul style='padding-left: 20px; margin: 0; font-size: 14px; list-style-type: disc;'>\n<li style='margin-bottom: 5px;'><strong>Temperatura de Operaci\u00f3n:<\/strong> -30\u00b0C a 60\u00b0C<\/li>\n<li style='margin-bottom: 5px;'><strong>Alimentaci\u00f3n:<\/strong> 12 VDC \u00b125% \/ 14.5 Watts m\u00e1x<\/li>\n<li style='margin-bottom: 5px;'><strong>Soporta PoE:<\/strong> IEEE 802.3at&comma; Clase 4&comma; 18 W m\u00e1x<\/li>\n<li style='margin-bottom: 5px;'><strong>Protecci\u00f3n:<\/strong> IP67 (exterior) \/ IK10 (resistencia a vandalismo)<\/li>\n<li style='margin-bottom: 5px;'><strong>Fabricado en:<\/strong> metal (cubierta frontal&comma; cuerpo y soporte)<\/li>\n<li style='margin-bottom: 5px;'><strong>Dimensiones:<\/strong> 298 mm \u00d7 97.9 mm \u00d7 95.7 mm<\/li>\n<li style='margin-bottom: 5px;'><strong>Peso:<\/strong> 1085 g (sin empaque) \/ 1639 g (con empaque)<\/li>\n<\/ul><\/div>\n<\/p><\/div>\n<\/p><\/div>\n<p> <!-- Accesorios Compatibles --> <\/p>\n<div style='flex: 1 1 300px; min-width: 280px;'>\n<div style='border: 1px solid rgba(150&comma; 150&comma; 150&comma; 0.4); border-radius: 8px; overflow: hidden; display: flex; flex-direction: column;'>\n<div style='padding: 15px; border-bottom: 1px solid rgba(150&comma; 150&comma; 150&comma; 0.2); font-weight: bold; font-size: 18px; color: inherit; background: #df001e; border-bottom: 1px solid #a80000;'> Accesorios Compatibles: <\/div>\n<div style='padding: 15px; color: inherit;'>\n<ul style='padding-left: 20px; margin: 0; font-size: 14px; list-style-type: disc;'>\n<li style='margin-bottom: 5px;'><strong>Documentaci\u00f3n:<\/strong> <a href='https:\/\/ftp3.syscom.mx\/usuarios\/roberto.espino\/Specs\/Modelos%2006-25%20-%2007-25\/Especificaciones%20Tecnicas%20DS-2CD2647G2HT-LIZS_20230720.pdf?_gl=1*mtv5jb*_gcl_au*NTA4MzI1MjQ1LjE3NTMxMjEwMDI.' target='_blank' rel='noopener' style='color: inherit; text-decoration: underline;'>Ficha t\u00e9cnica<\/a><\/li>\n<\/ul><\/div>\n<\/p><\/div>\n<\/p><\/div>\n<p> <!-- Caracter\u00edsticas Destacadas --> <\/p>\n<div style='flex: 1 1 300px; min-width: 280px;'>\n<div style='border: 1px solid rgba(150&comma; 150&comma; 150&comma; 0.4); border-radius: 8px; overflow: hidden; display: flex; flex-direction: column;'>\n<div style='padding: 15px; border-bottom: 1px solid rgba(150&comma; 150&comma; 150&comma; 0.2); font-weight: bold; font-size: 18px; color: inherit; background: #df001e; border-bottom: 1px solid #a80000;'> Caracter\u00edsticas Destacadas: <\/div>\n<div style='padding: 15px; color: inherit;'>\n<p style='margin-bottom: 15px;'>Soporta tecnolog\u00eda ACUSENSE para evitar falsas alarmas ocasionadas por movimientos de pixeles como son las ramas de \u00e1rboles&comma; movimiento de cortinas&comma; lluvias&comma; etc.<\/p>\n<p style='margin-bottom: 15px;'>Con la tecnolog\u00eda ACUSENSE haremos de una detecci\u00f3n efectiva ya que solo se activar\u00e1 el evento cuando detecte cuerpos humanos o veh\u00edculos para poder evitar las falsas alarmas.<\/p>\n<p style='margin-bottom: 0;'>Las c\u00e1maras ColorVu cuentan con F stop ajustando a 1.2&comma; lo que le permite una mayor captaci\u00f3n y aprovechamiento de la luz&comma; su luz blanca permite iluminar los ambientes muy oscuros para brindar una imagen a color 24\/7&comma; es por ello que ColorVu se encuentra entre las m\u00e1s seleccionadas por los clientes en ambientes como bares&comma; tiendas&comma; hogar&comma; oficina&comma; hospitales&comma; perimetrales.<\/p>\n<\/p><\/div>\n<\/p><\/div>\n<\/p><\/div>\n<\/p><\/div>\n<p> <!-- Videos de AcuSense --> <\/p>\n<div style='display: grid; grid-template-columns: repeat(auto-fit&comma; minmax(280px&comma; 1fr)); gap: 30px; margin-bottom: 30px;'>\n<div style='margin-bottom: 30px;'>\n<h3 style='font-size: 22px; text-align: center; margin-bottom: 20px; color: inherit; opacity: 0.8;'>AcuSense \u00c1reas Restringidas<\/h3>\n<div style='position: relative; padding-bottom: 56.25%; height: 0; overflow: hidden; margin-bottom: 30px;'>   <\/div>\n<\/p><\/div>\n<div style='margin-bottom: 30px;'>\n<h3 style='font-size: 22px; text-align: center; margin-bottom: 20px; color: inherit; opacity: 0.8;'>AcuSense Almacenes<\/h3>\n<div style='position: relative; padding-bottom: 56.25%; height: 0; overflow: hidden; margin-bottom: 30px;'>   <\/div>\n<\/p><\/div>\n<\/p><\/div>\n<p> <!-- Banner final --> <\/p>\n<div style='margin-bottom: 30px;'> <img style='width: 100%; height: auto; border: 1px solid rgba(150&comma;150&comma;150&comma;0.3); border-radius: 8px;' src='https:\/\/ftp3.syscom.mx\/usuarios\/fcarrillo\/Hikvision\/Imagenes\/solution-banner-2021.png' alt=''> <\/div>\n<p> <!-- Separador final --> <\/p>\n<hr style='border: 0; border-top: 1px solid rgba(150&comma; 150&comma; 150&comma; 0.3); margin: 30px 0;'> <\/div>\n","protected":false},"excerpt":{"rendered":"<p>[Dual Light + ColorVu] Bala IP 4 Megapixel \/ Lente 2.8 &#8211; 12 mm \/60 mts IR + 60 mts Luz Blanca \/ WDR 130 dB \/ Exterior IP67 \/ Captura Facial \/ Videoanaliticos (Filtro de Falsas Alarmas) \/ MicroSD \/ ACUSEARCH<\/p>\n","protected":false},"featured_media":96201,"comment_status":"open","ping_status":"closed","template":"","meta":[],"product_brand":[],"product_cat":[438],"product_tag":[439,122,54],"class_list":{"0":"post-96202","1":"product","2":"type-product","3":"status-publish","4":"has-post-thumbnail","6":"product_cat-bala","7":"product_tag-bala","8":"product_tag-camaras-ip-y-nvrs","9":"product_tag-hikvision","11":"first","12":"outofstock","13":"sale","14":"shipping-taxable","15":"purchasable","16":"product-type-simple"},"_links":{"self":[{"href":"https:\/\/soydeaqui.ddns.net\/pachuca\/index.php\/wp-json\/wp\/v2\/product\/96202","targetHints":{"allow":["GET"]}}],"collection":[{"href":"https:\/\/soydeaqui.ddns.net\/pachuca\/index.php\/wp-json\/wp\/v2\/product"}],"about":[{"href":"https:\/\/soydeaqui.ddns.net\/pachuca\/index.php\/wp-json\/wp\/v2\/types\/product"}],"replies":[{"embeddable":true,"href":"https:\/\/soydeaqui.ddns.net\/pachuca\/index.php\/wp-json\/wp\/v2\/comments?post=96202"}],"wp:featuredmedia":[{"embeddable":true,"href":"https:\/\/soydeaqui.ddns.net\/pachuca\/index.php\/wp-json\/wp\/v2\/media\/96201"}],"wp:attachment":[{"href":"https:\/\/soydeaqui.ddns.net\/pachuca\/index.php\/wp-json\/wp\/v2\/media?parent=96202"}],"wp:term":[{"taxonomy":"product_brand","embeddable":true,"href":"https:\/\/soydeaqui.ddns.net\/pachuca\/index.php\/wp-json\/wp\/v2\/product_brand?post=96202"},{"taxonomy":"product_cat","embeddable":true,"href":"https:\/\/soydeaqui.ddns.net\/pachuca\/index.php\/wp-json\/wp\/v2\/product_cat?post=96202"},{"taxonomy":"product_tag","embeddable":true,"href":"https:\/\/soydeaqui.ddns.net\/pachuca\/index.php\/wp-json\/wp\/v2\/product_tag?post=96202"}],"curies":[{"name":"wp","href":"https:\/\/api.w.org\/{rel}","templated":true}]}}