{"id":96160,"date":"2026-03-20T08:00:54","date_gmt":"2026-03-20T08:00:54","guid":{"rendered":"https:\/\/soydeaqui.ddns.net\/pachuca\/index.php\/producto\/fisheye-ip-12-megapixel-180-360-dewarping-lente-inmervision-heat-map-heop-2-0-conteo-de-personas-ip67-ik10-15-mts-ir-entrada-y-salida-de-audio-y-alarma-multiples-vi\/"},"modified":"2026-03-20T08:00:54","modified_gmt":"2026-03-20T08:00:54","slug":"fisheye-ip-12-megapixel-180-360-dewarping-lente-inmervision-heat-map-heop-2-0-conteo-de-personas-ip67-ik10-15-mts-ir-entrada-y-salida-de-audio-y-alarma-multiples-vi","status":"publish","type":"product","link":"https:\/\/soydeaqui.ddns.net\/pachuca\/index.php\/producto\/fisheye-ip-12-megapixel-180-360-dewarping-lente-inmervision-heat-map-heop-2-0-conteo-de-personas-ip67-ik10-15-mts-ir-entrada-y-salida-de-audio-y-alarma-multiples-vi\/","title":{"rendered":"Fisheye IP 12 Megapixel \/ 180\u00b0 &#8211; 360\u00b0 \/ Dewarping \/ Lente Inmervision \/ Heat Map \/ HEOP 2.0 \/ Conteo de Personas \/ IP67 \/ IK10 \/ 15 mts IR \/ Entrada y Salida de Audio y Alarma \/ M\u00faltiples Vistas \/ Micr\u00f3fono Integrado"},"content":{"rendered":"<div style='width: 100%; max-width: 1200px; margin: 0 auto; font-family: sans-serif; line-height: 1.6; color: inherit; background-color: transparent;'>\n<p style='text-align: center;'><img style='width: 45%; height: auto; border: 1px solid rgba(150&comma;150&comma;150&comma;0.3); border-radius: 8px;' src='https:\/\/ftp3.syscom.mx\/usuarios\/jsosa\/HIKVISION\/imagenes\/logo\/hikvision%20see%20far.png' alt=''><\/p>\n<div style='display: flex; flex-wrap: wrap; gap: 30px; margin-bottom: 30px;'>\n<div style='flex: 1 1 300px; min-width: 280px;'>\n<h3 style='font-size: 22px; border-bottom: 2px solid currentColor; padding-bottom: 5px; margin-top: 0; color: inherit; opacity: 0.8;'>Caracter\u00edsticas principales<\/h3>\n<ul style='padding-left: 20px; font-size: 15px; color: inherit;'>\n<li style='margin-bottom: 5px;'><strong>Resoluci\u00f3n m\u00e1xima:<\/strong> 12 Megapixel (3504 \u00d7 3504)<\/li>\n<li style='margin-bottom: 5px;'><strong>Lente fijo:<\/strong> 1.29 mm (180\u00b0 en pared \/ 360\u00b0 en techo)<\/li>\n<li style='margin-bottom: 5px;'><strong>Micr\u00f3fono y bocina integrado<\/strong><\/li>\n<li style='margin-bottom: 5px;'><strong>15 mts IR:<\/strong> (visi\u00f3n nocturna)<\/li>\n<li style='margin-bottom: 5px;'><strong>Compresi\u00f3n:<\/strong> H.265+ \/ H.265 \/ H.264+ \/ H.264<\/li>\n<li style='margin-bottom: 5px;'><strong>dWDR \/ 3D DNR \/ BLC \/ HLC \/ Defog<\/strong><\/li>\n<li style='margin-bottom: 5px;'><strong>Entrada y salida de audio y alarma<\/strong><\/li>\n<li style='margin-bottom: 5px;'><strong>Soporta memoria micro SD:<\/strong> hasta 256 GB (no incluida)<\/li>\n<\/ul><\/div>\n<div style='flex: 1 1 300px; min-width: 280px;'>\n<h3 style='font-size: 22px; border-bottom: 2px solid currentColor; padding-bottom: 5px; margin-top: 0; color: inherit; opacity: 0.8;'>Caracter\u00edsticas F\u00edsicas y El\u00e9ctricas<\/h3>\n<ul style='padding-left: 20px; font-size: 15px; color: inherit;'>\n<li style='margin-bottom: 5px;'><strong>Alimentaci\u00f3n:<\/strong> 12 Vcc \/ PoE (802.3 af) \/ 12.5 Watts<\/li>\n<li style='margin-bottom: 5px;'><strong>Protecci\u00f3n:<\/strong> IP67 (interior \/ exterior)<\/li>\n<li style='margin-bottom: 5px;'><strong>Antivandalismo:<\/strong> IK10<\/li>\n<li style='margin-bottom: 5px;'><strong>Material:<\/strong> metal<\/li>\n<li style='margin-bottom: 5px;'><strong>Dimensiones:<\/strong> 140.3 mm \u00d7 59.4 mm<\/li>\n<li style='margin-bottom: 5px;'><strong>Peso:<\/strong> 750 gr<\/li>\n<\/ul><\/div>\n<\/p><\/div>\n<div style='display: flex; flex-wrap: wrap; gap: 20px; margin-bottom: 30px;'>\n<div style='flex: 1 1 250px; border: 1px solid rgba(150&comma; 150&comma; 150&comma; 0.4); border-radius: 8px; overflow: hidden; display: flex; flex-direction: column;'>\n<div style='padding: 15px; border-bottom: 1px solid rgba(150&comma; 150&comma; 150&comma; 0.2); font-weight: bold; font-size: 18px; color: inherit;'>20 modos de Display<\/div>\n<div style='padding: 15px; color: inherit;'>\n<ul style='padding-left: 20px; margin: 0; font-size: 14px; list-style-type: disc;'>\n<li style='margin-bottom: 5px;'><strong>Software decoding:<\/strong> fisheye view&comma; 180 panorama view&comma; 360 panorama view&comma; 360 panorama + PTZ&comma; 360 panorama + 3PTZ&comma; 360 panorama + 6PTZ&comma; 360 panorama + 8PTZ&comma; 2PTZ&comma; 4PTZ&comma; fisheye + 3PTZ&comma; fisheye + 8PTZ&comma; hemisphere&comma; AR hemisphere&comma; cylinder<\/li>\n<li style='margin-bottom: 5px;'><strong>Hardware decoding:<\/strong> fisheye view&comma; 180 panorama view&comma; 180 dual channel panorama&comma; panorama view&comma; 4PTZ&comma; fisheye + 3PTZ&comma; 4PTZ fusion<\/li>\n<\/ul><\/div>\n<\/p><\/div>\n<div style='flex: 1 1 250px; border: 1px solid rgba(150&comma; 150&comma; 150&comma; 0.4); border-radius: 8px; overflow: hidden; display: flex; flex-direction: column;'>\n<div style='padding: 15px; border-bottom: 1px solid rgba(150&comma; 150&comma; 150&comma; 0.2); font-weight: bold; font-size: 18px; color: inherit;'>Caracter\u00edsticas Destacadas<\/div>\n<div style='padding: 15px; color: inherit;'>\n<ul style='padding-left: 20px; margin: 0; font-size: 14px; list-style-type: disc;'>\n<li style='margin-bottom: 5px;'>Cuenta con videoanal\u00edticos integrados: cruce de l\u00ednea&comma; intrusi\u00f3n de \u00e1rea&comma; regi\u00f3n de entrada&comma; regi\u00f3n de salida&comma; objeto olvidado y objeto removido<\/li>\n<li style='margin-bottom: 5px;'>Soporta ONVIF (PROFILE S&comma; PROFILE G) \/ ISAPI<\/li>\n<\/ul><\/div>\n<\/p><\/div>\n<\/p><\/div>\n<hr style='border: 0; border-top: 1px solid rgba(150&comma; 150&comma; 150&comma; 0.3); margin: 30px 0;'>\n<p><img style='width: 100%; height: auto; border: 1px solid rgba(150&comma;150&comma;150&comma;0.3); border-radius: 8px;' src='https:\/\/ftp3.syscom.mx\/usuarios\/jsosa\/HIKVISION\/imagenes\/banners\/solution%20complete.png' alt=''><\/p>\n<\/p><\/div>\n","protected":false},"excerpt":{"rendered":"<p>Fisheye IP 12 Megapixel \/ 180\u00b0 &#8211; 360\u00b0 \/ Dewarping \/ Lente Inmervision \/ Heat Map \/ HEOP 2.0 \/ Conteo de Personas \/ IP67 \/ IK10 \/ 15 mts IR \/ Entrada y Salida de Audio y Alarma \/ M\u00faltiples Vistas \/ Micr\u00f3fono Integrado<\/p>\n","protected":false},"featured_media":96159,"comment_status":"open","ping_status":"closed","template":"","meta":[],"product_brand":[],"product_cat":[2248],"product_tag":[122,2249,54],"class_list":{"0":"post-96160","1":"product","2":"type-product","3":"status-publish","4":"has-post-thumbnail","6":"product_cat-fisheye-y-hemisfericas","7":"product_tag-camaras-ip-y-nvrs","8":"product_tag-fisheye-y-hemisfericas","9":"product_tag-hikvision","11":"first","12":"instock","13":"sale","14":"shipping-taxable","15":"purchasable","16":"product-type-simple"},"_links":{"self":[{"href":"https:\/\/soydeaqui.ddns.net\/pachuca\/index.php\/wp-json\/wp\/v2\/product\/96160","targetHints":{"allow":["GET"]}}],"collection":[{"href":"https:\/\/soydeaqui.ddns.net\/pachuca\/index.php\/wp-json\/wp\/v2\/product"}],"about":[{"href":"https:\/\/soydeaqui.ddns.net\/pachuca\/index.php\/wp-json\/wp\/v2\/types\/product"}],"replies":[{"embeddable":true,"href":"https:\/\/soydeaqui.ddns.net\/pachuca\/index.php\/wp-json\/wp\/v2\/comments?post=96160"}],"wp:featuredmedia":[{"embeddable":true,"href":"https:\/\/soydeaqui.ddns.net\/pachuca\/index.php\/wp-json\/wp\/v2\/media\/96159"}],"wp:attachment":[{"href":"https:\/\/soydeaqui.ddns.net\/pachuca\/index.php\/wp-json\/wp\/v2\/media?parent=96160"}],"wp:term":[{"taxonomy":"product_brand","embeddable":true,"href":"https:\/\/soydeaqui.ddns.net\/pachuca\/index.php\/wp-json\/wp\/v2\/product_brand?post=96160"},{"taxonomy":"product_cat","embeddable":true,"href":"https:\/\/soydeaqui.ddns.net\/pachuca\/index.php\/wp-json\/wp\/v2\/product_cat?post=96160"},{"taxonomy":"product_tag","embeddable":true,"href":"https:\/\/soydeaqui.ddns.net\/pachuca\/index.php\/wp-json\/wp\/v2\/product_tag?post=96160"}],"curies":[{"name":"wp","href":"https:\/\/api.w.org\/{rel}","templated":true}]}}