{"id":9616,"date":"2026-03-18T07:24:45","date_gmt":"2026-03-18T07:24:45","guid":{"rendered":"https:\/\/soydeaqui.ddns.net\/pachuca\/index.php\/producto\/jumper-de-fibra-optica-monomodo-9-125-os2-lc-sc-duplex-ofnr-riser-color-amarillo-1-metro-3-28-pies\/"},"modified":"2026-03-18T07:24:45","modified_gmt":"2026-03-18T07:24:45","slug":"jumper-de-fibra-optica-monomodo-9-125-os2-lc-sc-duplex-ofnr-riser-color-amarillo-1-metro-3-28-pies","status":"publish","type":"product","link":"https:\/\/soydeaqui.ddns.net\/pachuca\/index.php\/producto\/jumper-de-fibra-optica-monomodo-9-125-os2-lc-sc-duplex-ofnr-riser-color-amarillo-1-metro-3-28-pies\/","title":{"rendered":"Jumper de Fibra Optica Monomodo 9\/125 OS2, LC-SC Duplex, OFNR (Riser), Color Amarillo, 1 Metro (3.28 Pies)"},"content":{"rendered":"<div style='width: 100%; max-width: 1200px; margin: 0 auto; font-family: sans-serif; line-height: 1.6; color: inherit; background-color: transparent;'> <!-- Secci\u00f3n de descripci\u00f3n --> <\/p>\n<div style='margin-bottom: 30px; font-size: 15px;'>\n<p>Los Jumpers de conexi\u00f3n de fibra \u00f3ptica y los Pigtails proporcionan interconexi\u00f3n y conexi\u00f3n cruzada de aplicaciones a trav\u00e9s de instalaciones en instalaciones de entrada&comma; salas de telecomunicaciones&comma; centros de datos y en el escritorio. Los cables de conexi\u00f3n admiten aplicaciones de red en \u00e1reas principales&comma; horizontales y de distribuci\u00f3n de equipos y est\u00e1n disponibles en materiales de revestimiento con clasificaci\u00f3n vertical (OFNR) y con bajo contenido de humo y cero hal\u00f3genos (LSZH) para cumplir con las normas locales de cableado. Los pigtails de fibra \u00f3ptica preterminados admiten aplicaciones de terminaci\u00f3n en campo con empalme de fusi\u00f3n. Los cables de conexi\u00f3n de fibra \u00f3ptica y los pigtails est\u00e1n disponibles en los tipos de fibra OM4&comma; OM3&comma; OM2&comma; OM1 u OS1 \/ OS2 para satisfacer las demandas de Gigabit Ethernet&comma; 10 Gigabit Ethernet y Fibre Channel de alta velocidad.<\/p>\n<\/p><\/div>\n<p> <!-- Secci\u00f3n de especificaciones --> <\/p>\n<div style='display: flex; flex-wrap: wrap; gap: 20px; margin-bottom: 30px;'>\n<div style='flex: 1 1 250px; border: 1px solid rgba(150&comma; 150&comma; 150&comma; 0.4); border-radius: 8px; overflow: hidden; display: flex; flex-direction: column;'>\n<div style='padding: 15px; border-bottom: 1px solid rgba(150&comma; 150&comma; 150&comma; 0.2); font-weight: bold; font-size: 18px; color: inherit;'>Especificaciones T\u00e9cnicas<\/div>\n<div style='padding: 15px; color: inherit;'>\n<ul style='padding-left: 20px; margin: 0; font-size: 14px; list-style-type: disc;'>\n<li style='margin-bottom: 5px;'><strong>Clasificaci\u00f3n:<\/strong> Riser (OFNR)<\/li>\n<li style='margin-bottom: 5px;'><strong>Tipo de Fibra:<\/strong> Monomodo OS1\/OS2 9\/125<\/li>\n<li style='margin-bottom: 5px;'><strong>Tipo de Conectores:<\/strong> LC-SC Duplex<\/li>\n<li style='margin-bottom: 5px;'><strong>Color:<\/strong> Amarillo<\/li>\n<li style='margin-bottom: 5px;'><strong>Di\u00e1metro:<\/strong> 1.6 mm<\/li>\n<li style='margin-bottom: 5px;'><strong>Durabilidad:<\/strong> 500 ciclos<\/li>\n<li style='margin-bottom: 5px;'><strong>Temperatura de almacenamiento:<\/strong> -40 a 70\u00baC<\/li>\n<li style='margin-bottom: 5px;'><strong>Temperatura de operaci\u00f3n:<\/strong> -20 a 70\u00baC<\/li>\n<\/ul><\/div>\n<\/p><\/div>\n<\/p><\/div>\n<p> <!-- Separador --> <\/p>\n<hr style='border: 0; border-top: 1px solid rgba(150&comma; 150&comma; 150&comma; 0.3); margin: 30px 0;'> <\/div>\n","protected":false},"excerpt":{"rendered":"<p>Jumper de Fibra Optica Monomodo 9\/125 OS2, LC-SC Duplex, OFNR (Riser), Color Amarillo, 1 Metro (3.28 Pies)<\/p>\n","protected":false},"featured_media":9615,"comment_status":"open","ping_status":"closed","template":"","meta":[],"product_brand":[],"product_cat":[617],"product_tag":[611,618,445],"class_list":{"0":"post-9616","1":"product","2":"type-product","3":"status-publish","4":"has-post-thumbnail","6":"product_cat-jumpers-y-pigtails","7":"product_tag-fibra-optica","8":"product_tag-jumpers-y-pigtails","9":"product_tag-panduit","11":"first","12":"instock","13":"sale","14":"shipping-taxable","15":"purchasable","16":"product-type-simple"},"_links":{"self":[{"href":"https:\/\/soydeaqui.ddns.net\/pachuca\/index.php\/wp-json\/wp\/v2\/product\/9616","targetHints":{"allow":["GET"]}}],"collection":[{"href":"https:\/\/soydeaqui.ddns.net\/pachuca\/index.php\/wp-json\/wp\/v2\/product"}],"about":[{"href":"https:\/\/soydeaqui.ddns.net\/pachuca\/index.php\/wp-json\/wp\/v2\/types\/product"}],"replies":[{"embeddable":true,"href":"https:\/\/soydeaqui.ddns.net\/pachuca\/index.php\/wp-json\/wp\/v2\/comments?post=9616"}],"wp:featuredmedia":[{"embeddable":true,"href":"https:\/\/soydeaqui.ddns.net\/pachuca\/index.php\/wp-json\/wp\/v2\/media\/9615"}],"wp:attachment":[{"href":"https:\/\/soydeaqui.ddns.net\/pachuca\/index.php\/wp-json\/wp\/v2\/media?parent=9616"}],"wp:term":[{"taxonomy":"product_brand","embeddable":true,"href":"https:\/\/soydeaqui.ddns.net\/pachuca\/index.php\/wp-json\/wp\/v2\/product_brand?post=9616"},{"taxonomy":"product_cat","embeddable":true,"href":"https:\/\/soydeaqui.ddns.net\/pachuca\/index.php\/wp-json\/wp\/v2\/product_cat?post=9616"},{"taxonomy":"product_tag","embeddable":true,"href":"https:\/\/soydeaqui.ddns.net\/pachuca\/index.php\/wp-json\/wp\/v2\/product_tag?post=9616"}],"curies":[{"name":"wp","href":"https:\/\/api.w.org\/{rel}","templated":true}]}}