{"id":96098,"date":"2026-03-20T07:58:07","date_gmt":"2026-03-20T07:58:07","guid":{"rendered":"https:\/\/soydeaqui.ddns.net\/pachuca\/index.php\/producto\/controlador-para-videowall-resolucion-maxima-4k-4-salidas-de-video-compatible-con-pantallas-led-para-interior-samsung\/"},"modified":"2026-03-20T07:58:11","modified_gmt":"2026-03-20T07:58:11","slug":"controlador-para-videowall-resolucion-maxima-4k-4-salidas-de-video-compatible-con-pantallas-led-para-interior-samsung","status":"publish","type":"product","link":"https:\/\/soydeaqui.ddns.net\/pachuca\/index.php\/producto\/controlador-para-videowall-resolucion-maxima-4k-4-salidas-de-video-compatible-con-pantallas-led-para-interior-samsung\/","title":{"rendered":"Controlador para Videowall \/ Resoluci\u00f3n M\u00e1xima 4K \/ 4 Salidas de Video \/ Compatible con Pantallas LED para Interior Samsung"},"content":{"rendered":"<div style='width: 100%; max-width: 1200px; margin: 0 auto; font-family: sans-serif; line-height: 1.6; color: inherit; background-color: transparent;'> <!-- Secci\u00f3n de caracter\u00edsticas con grid --> <\/p>\n<div style='display: grid; grid-template-columns: repeat(auto-fit&comma; minmax(280px&comma; 1fr)); gap: 30px; margin-bottom: 30px;'>\n<div style='flex: 1 1 300px; min-width: 280px;'>\n<h3 style='font-size: 22px; border-bottom: 2px solid currentColor; padding-bottom: 5px; margin-top: 0; color: inherit; opacity: 0.8;'>Caracter\u00edsticas principales<\/h3>\n<ul style='padding-left: 20px; font-size: 15px; color: inherit;'>\n<li style='margin-bottom: 5px;'>Entrada de se\u00f1al max. 3840 X 2160<\/li>\n<li style='margin-bottom: 5px;'>Interfaces de entrada: DP1.2a&comma; HDMI 2.0&comma; USB<\/li>\n<li style='margin-bottom: 5px;'>4 Puertos de salida RJ45<\/li>\n<li style='margin-bottom: 5px;'>Resoluci\u00f3n M\u00e1xima 4K<\/li>\n<li style='margin-bottom: 5px;'>LED HDR (inverse tone Mapping&comma; Dynamic Peaking&comma; Color Mapping)&comma; HDR10\/10+&comma; ECO Image Enhancer&comma; Low latency&comma; Dimming<\/li>\n<li style='margin-bottom: 5px;'>Control de multi difusion<\/li>\n<li style='margin-bottom: 5px;'>Compatible con MagicInfo<\/li>\n<\/ul><\/div>\n<div style='flex: 1 1 300px; min-width: 280px;'>\n<h3 style='font-size: 22px; border-bottom: 2px solid currentColor; padding-bottom: 5px; margin-top: 0; color: inherit; opacity: 0.8;'>Caracter\u00edsticas F\u00edsicas y El\u00e9ctricas<\/h3>\n<ul style='padding-left: 20px; font-size: 15px; color: inherit;'>\n<li style='margin-bottom: 5px;'>Alimentaci\u00f3n: 100 a 240 VAC&comma; 50\/60 Hz<\/li>\n<li style='margin-bottom: 5px;'>Consumo: M\u00e1ximo 66 Watts<\/li>\n<li style='margin-bottom: 5px;'>Temperatura de operaci\u00f3n: 0\u00b0 a 40\u00b0<\/li>\n<li style='margin-bottom: 5px;'>Dimensiones: 440 mm x 46 mm x 271.8 mm<\/li>\n<li style='margin-bottom: 5px;'><strong>Garant\u00eda: 3 a\u00f1os<\/strong><\/li>\n<\/ul><\/div>\n<\/p><\/div>\n<p> <!-- Separador --> <\/p>\n<hr style='border: 0; border-top: 1px solid rgba(150&comma; 150&comma; 150&comma; 0.3); margin: 30px 0;'> <!-- Secci\u00f3n de compatibilidad MagicInfo --> <\/p>\n<div style='text-align: center; margin: 30px 0;'>\n<h3 style='font-size: 20px; margin-bottom: 20px; color: inherit; opacity: 0.8;'><strong>Compatible con la plataforma Magic Info<\/strong><\/h3>\n<p> <img style='width: 100%; max-width: 960px; height: auto; border: 1px solid rgba(150&comma;150&comma;150&comma;0.3); border-radius: 8px;' src='https:\/\/displaysolutions.samsung.com\/static\/images\/feature_new\/led\/indoor\/PC_IEA-Series_08.jpg' alt=''> <\/div>\n<\/p><\/div>\n","protected":false},"excerpt":{"rendered":"<p>Controlador para Videowall \/ Resoluci\u00f3n M\u00e1xima 4K \/ 4 Salidas de Video \/ Compatible con Pantallas LED para Interior Samsung<\/p>\n","protected":false},"featured_media":96097,"comment_status":"open","ping_status":"closed","template":"","meta":[],"product_brand":[],"product_cat":[2303],"product_tag":[2304,2193,2242],"class_list":{"0":"post-96098","1":"product","2":"type-product","3":"status-publish","4":"has-post-thumbnail","6":"product_cat-controladores-led","7":"product_tag-controladores-led","8":"product_tag-samsung-electronics","9":"product_tag-videowalls","11":"first","12":"outofstock","13":"sale","14":"shipping-taxable","15":"purchasable","16":"product-type-simple"},"_links":{"self":[{"href":"https:\/\/soydeaqui.ddns.net\/pachuca\/index.php\/wp-json\/wp\/v2\/product\/96098","targetHints":{"allow":["GET"]}}],"collection":[{"href":"https:\/\/soydeaqui.ddns.net\/pachuca\/index.php\/wp-json\/wp\/v2\/product"}],"about":[{"href":"https:\/\/soydeaqui.ddns.net\/pachuca\/index.php\/wp-json\/wp\/v2\/types\/product"}],"replies":[{"embeddable":true,"href":"https:\/\/soydeaqui.ddns.net\/pachuca\/index.php\/wp-json\/wp\/v2\/comments?post=96098"}],"wp:featuredmedia":[{"embeddable":true,"href":"https:\/\/soydeaqui.ddns.net\/pachuca\/index.php\/wp-json\/wp\/v2\/media\/96097"}],"wp:attachment":[{"href":"https:\/\/soydeaqui.ddns.net\/pachuca\/index.php\/wp-json\/wp\/v2\/media?parent=96098"}],"wp:term":[{"taxonomy":"product_brand","embeddable":true,"href":"https:\/\/soydeaqui.ddns.net\/pachuca\/index.php\/wp-json\/wp\/v2\/product_brand?post=96098"},{"taxonomy":"product_cat","embeddable":true,"href":"https:\/\/soydeaqui.ddns.net\/pachuca\/index.php\/wp-json\/wp\/v2\/product_cat?post=96098"},{"taxonomy":"product_tag","embeddable":true,"href":"https:\/\/soydeaqui.ddns.net\/pachuca\/index.php\/wp-json\/wp\/v2\/product_tag?post=96098"}],"curies":[{"name":"wp","href":"https:\/\/api.w.org\/{rel}","templated":true}]}}