{"id":96082,"date":"2026-03-20T07:57:21","date_gmt":"2026-03-20T07:57:21","guid":{"rendered":"https:\/\/soydeaqui.ddns.net\/pachuca\/index.php\/producto\/switch-semi-industrial-no-administrable-8-puertos-10-100-poe-af-at-bt-1-puerto-gigabit-rj45-uplink-1-puerto-sfp-uplink-presupuesto-poe-110-watts\/"},"modified":"2026-03-20T07:57:30","modified_gmt":"2026-03-20T07:57:30","slug":"switch-semi-industrial-no-administrable-8-puertos-10-100-poe-af-at-bt-1-puerto-gigabit-rj45-uplink-1-puerto-sfp-uplink-presupuesto-poe-110-watts","status":"publish","type":"product","link":"https:\/\/soydeaqui.ddns.net\/pachuca\/index.php\/producto\/switch-semi-industrial-no-administrable-8-puertos-10-100-poe-af-at-bt-1-puerto-gigabit-rj45-uplink-1-puerto-sfp-uplink-presupuesto-poe-110-watts\/","title":{"rendered":"Switch Semi-Industrial \/ No administrable \/ 8 puertos 10\/100 PoE af\/at\/bt \/ 1 puerto Gigabit RJ45 Uplink \/ 1 puerto SFP Uplink \/ Presupuesto PoE 110 Watts \/"},"content":{"rendered":"<div style='width: 100%; max-width: 1200px; margin: 0 auto; font-family: sans-serif; line-height: 1.6; color: inherit; background-color: transparent;'>\n<div style='display: flex; flex-wrap: wrap; gap: 30px; margin-bottom: 30px;'>\n<div style='flex: 1 1 300px; min-width: 280px;'>\n<h3 style='font-size: 22px; border-bottom: 2px solid currentColor; padding-bottom: 5px; margin-top: 0; color: inherit; opacity: 0.8;'>Switch PoE de largo alcance hasta 250 m<\/h3>\n<p style='font-size: 18px; color: inherit; opacity: 0.8;'>PoE de largo alcance con tecnolog\u00eda de extensi\u00f3n de red de patente exclusiva&comma; utiliza el par trenzado existente com\u00fan&comma; puede soportar la transmisi\u00f3n de datos de hasta 250 metros&comma; rompe el l\u00edmite de transmisi\u00f3n de cien metros. <strong>Reduciendo su velocidad a 10 Mbps y un PoE m\u00e1ximo de 7 W.<\/strong><\/p>\n<p> <img style='width: 100%; height: auto; border: 1px solid rgba(150&comma;150&comma;150&comma;0.3); border-radius: 8px;' src='https:\/\/ftp3.syscom.mx\/usuarios\/fotos\/WIPS212GFIV2\/218595-image_(62).png' alt=''> <\/div>\n<\/p><\/div>\n<div style='display: flex; flex-wrap: wrap; gap: 30px; margin-bottom: 30px;'>\n<div style='flex: 1 1 300px; min-width: 280px;'>\n<h3 style='font-size: 22px; border-bottom: 2px solid currentColor; padding-bottom: 5px; margin-top: 0; color: inherit; opacity: 0.8;'>Capacidad para conectar equipos con alta demanda de Watts&comma; Puertos 1 y 2&comma; con PoE hasta 90W<\/h3>\n<p> <img style='width: 100%; height: auto; border: 1px solid rgba(150&comma;150&comma;150&comma;0.3); border-radius: 8px;' src='https:\/\/ftp3.syscom.mx\/usuarios\/fotos\/WIPS212GFIV2\/218595-image_(63).png' alt=''> <\/div>\n<\/p><\/div>\n<div style='display: flex; flex-wrap: wrap; gap: 30px; margin-bottom: 30px;'>\n<div style='flex: 1 1 300px; min-width: 280px;'>\n<h3 style='font-size: 22px; border-bottom: 2px solid currentColor; padding-bottom: 5px; margin-top: 0; color: inherit; opacity: 0.8;'>Equipo No administrable&comma; cuenta con un DIP Switch para poder activar o desactivar funciones.<\/h3>\n<p> <img style='width: 100%; height: auto; border: 1px solid rgba(150&comma;150&comma;150&comma;0.3); border-radius: 8px;' src='https:\/\/ftp3.syscom.mx\/usuarios\/fotos\/WIPS212GFIV2\/218595-image_(64).png' alt=''> <\/div>\n<\/p><\/div>\n<hr style='border: 0; border-top: 1px solid rgba(150&comma; 150&comma; 150&comma; 0.3); margin: 30px 0;'>\n<div style='display: flex; flex-wrap: wrap; gap: 20px; margin-bottom: 30px;'>\n<div style='flex: 1 1 250px; border: 1px solid rgba(150&comma; 150&comma; 150&comma; 0.4); border-radius: 8px; overflow: hidden; display: flex; flex-direction: column;'>\n<div style='padding: 15px; border-bottom: 1px solid rgba(150&comma; 150&comma; 150&comma; 0.2); font-weight: bold; font-size: 18px; color: inherit;'>Especificaciones<\/div>\n<div style='padding: 15px; color: inherit;'>\n<ul style='padding-left: 20px; margin: 0; font-size: 14px; list-style-type: disc;'>\n<li style='margin-bottom: 5px;'><strong>Dimensiones:<\/strong> 149 x 118 x 44 mm<\/li>\n<li style='margin-bottom: 5px;'><strong>Interfaces de Red:<\/strong> (8) 10\/100 Mbps&comma; (1) SFP Gigabit&comma; (1) Uplink Gigabit<\/li>\n<li style='margin-bottom: 5px;'><strong>Alimentaci\u00f3n:<\/strong> 52 Vcc \/ 2.5A 130W (cuando la temperatura el superior a 45\u00b0 C&comma; la fuente de poder mandar\u00e1 menos de 96W)<\/li>\n<li style='margin-bottom: 5px;'><strong>Alimentaci\u00f3n:<\/strong> 10W<\/li>\n<li style='margin-bottom: 5px;'><strong>Tipo de PoE:<\/strong> 802.3 af\/at\/bt: Hasta 90W<\/li>\n<li style='margin-bottom: 5px;'><strong>Tipo fuente de PoE:<\/strong> Mid-span y End-span<\/li>\n<li style='margin-bottom: 5px;'><strong>Puertos PoE(RJ45):<\/strong> Puertos: 1-2 802.3 af\/at\/bt Hasta 90W&comma; Puestos: 3-8 PoE 802.3 af\/at Hasta 30W&comma; Presupuesto de PoE: 110W<\/li>\n<li style='margin-bottom: 5px;'><strong>Bandwidth:<\/strong> 5.6 Gbps<\/li>\n<li style='margin-bottom: 5px;'><strong>Mac Address Table:<\/strong> 8K<\/li>\n<li style='margin-bottom: 5px;'><strong>Packet Forwarding Rate:<\/strong> 14.9 Mpps<\/li>\n<li style='margin-bottom: 5px;'><strong>Montaje:<\/strong> Pared \/ Riel DIN<\/li>\n<li style='margin-bottom: 5px;'><strong>Nivel de protecci\u00f3n:<\/strong> Lightning protection 6KV&comma; 6KV ESD Contact discharge<\/li>\n<li style='margin-bottom: 5px;'><strong>Temperatura de operaci\u00f3n:<\/strong> -30\u00b0 C to 65\u00b0 C<\/li>\n<li style='margin-bottom: 5px;'><strong>Certificaciones:<\/strong> CE&comma; FCC&comma; RoHS&comma; UKCA&comma; RCM<\/li>\n<\/ul><\/div>\n<\/p><\/div>\n<div style='flex: 1 1 250px; border: 1px solid rgba(150&comma; 150&comma; 150&comma; 0.4); border-radius: 8px; overflow: hidden; display: flex; flex-direction: column;'>\n<div style='padding: 15px; border-bottom: 1px solid rgba(150&comma; 150&comma; 150&comma; 0.2); font-weight: bold; font-size: 18px; color: inherit;'>Caracter\u00edsticas<\/div>\n<div style='padding: 15px; color: inherit;'>\n<ul style='padding-left: 20px; margin: 0; font-size: 14px; list-style-type: disc;'>\n<li style='margin-bottom: 5px;'><strong>M\u00e9todo de Transmisi\u00f3n:<\/strong> Store-And-Forward<\/li>\n<li style='margin-bottom: 5px;'><strong>Botones:<\/strong> Al activar VLAN&comma; los puertos PoE no cuentan con comunicaci\u00f3n entre s\u00ed&comma; pero con los puertos Uplink si. Watchdog: Cuando no detecta un dispositivo PoE&comma; reinicia el PoE para evitar un bloqueo. Extend: La transmisi\u00f3n llega hasta 250 metros&comma; pero la velocidad se reduce a 10 Mbps<\/li>\n<\/ul><\/div>\n<\/p><\/div>\n<div style='flex: 1 1 250px; border: 1px solid rgba(150&comma; 150&comma; 150&comma; 0.4); border-radius: 8px; overflow: hidden; display: flex; flex-direction: column;'>\n<div style='padding: 15px; border-bottom: 1px solid rgba(150&comma; 150&comma; 150&comma; 0.2); font-weight: bold; font-size: 18px; color: inherit;'>Otros<\/div>\n<div style='padding: 15px; color: inherit;'>\n<ul style='padding-left: 20px; margin: 0; font-size: 14px; list-style-type: disc;'>\n<li style='margin-bottom: 5px;'><strong>Contenido del Paquete:<\/strong> Switch PoE WI-PS212GF-I-V2&comma; Kit de Montaje&comma; Fuente de alimentaci\u00f3n&comma; Gu\u00eda de Usuario\/Garant\u00eda<\/li>\n<\/ul><\/div>\n<\/p><\/div>\n<\/p><\/div>\n<hr style='border: 0; border-top: 1px solid rgba(150&comma; 150&comma; 150&comma; 0.3); margin: 30px 0;'> <\/div>\n","protected":false},"excerpt":{"rendered":"<p>Switch Semi-Industrial \/ No administrable \/ 8 puertos 10\/100 PoE af\/at\/bt \/ 1 puerto Gigabit RJ45 Uplink \/ 1 puerto SFP Uplink \/ Presupuesto PoE 110 Watts \/<\/p>\n","protected":false},"featured_media":96081,"comment_status":"open","ping_status":"closed","template":"","meta":[],"product_brand":[],"product_cat":[1984],"product_tag":[1985,664,1262],"class_list":{"0":"post-96082","1":"product","2":"type-product","3":"status-publish","4":"has-post-thumbnail","6":"product_cat-industrial","7":"product_tag-industrial","8":"product_tag-networking","9":"product_tag-wi-tek","11":"first","12":"outofstock","13":"sale","14":"shipping-taxable","15":"purchasable","16":"product-type-simple"},"_links":{"self":[{"href":"https:\/\/soydeaqui.ddns.net\/pachuca\/index.php\/wp-json\/wp\/v2\/product\/96082","targetHints":{"allow":["GET"]}}],"collection":[{"href":"https:\/\/soydeaqui.ddns.net\/pachuca\/index.php\/wp-json\/wp\/v2\/product"}],"about":[{"href":"https:\/\/soydeaqui.ddns.net\/pachuca\/index.php\/wp-json\/wp\/v2\/types\/product"}],"replies":[{"embeddable":true,"href":"https:\/\/soydeaqui.ddns.net\/pachuca\/index.php\/wp-json\/wp\/v2\/comments?post=96082"}],"wp:featuredmedia":[{"embeddable":true,"href":"https:\/\/soydeaqui.ddns.net\/pachuca\/index.php\/wp-json\/wp\/v2\/media\/96081"}],"wp:attachment":[{"href":"https:\/\/soydeaqui.ddns.net\/pachuca\/index.php\/wp-json\/wp\/v2\/media?parent=96082"}],"wp:term":[{"taxonomy":"product_brand","embeddable":true,"href":"https:\/\/soydeaqui.ddns.net\/pachuca\/index.php\/wp-json\/wp\/v2\/product_brand?post=96082"},{"taxonomy":"product_cat","embeddable":true,"href":"https:\/\/soydeaqui.ddns.net\/pachuca\/index.php\/wp-json\/wp\/v2\/product_cat?post=96082"},{"taxonomy":"product_tag","embeddable":true,"href":"https:\/\/soydeaqui.ddns.net\/pachuca\/index.php\/wp-json\/wp\/v2\/product_tag?post=96082"}],"curies":[{"name":"wp","href":"https:\/\/api.w.org\/{rel}","templated":true}]}}