{"id":96073,"date":"2026-03-20T07:56:55","date_gmt":"2026-03-20T07:56:55","guid":{"rendered":"https:\/\/soydeaqui.ddns.net\/pachuca\/index.php\/producto\/kit-4x4-de-montaje-p-paneles-led-uso-en-interior-compatible-con-lineas-ier-ifr\/"},"modified":"2026-03-20T07:57:02","modified_gmt":"2026-03-20T07:57:02","slug":"kit-4x4-de-montaje-p-paneles-led-uso-en-interior-compatible-con-lineas-ier-ifr","status":"publish","type":"product","link":"https:\/\/soydeaqui.ddns.net\/pachuca\/index.php\/producto\/kit-4x4-de-montaje-p-paneles-led-uso-en-interior-compatible-con-lineas-ier-ifr\/","title":{"rendered":"KIT 4&#215;4 DE MONTAJE P\/PANELES LED USO EN INTERIOR COMPATIBLE CON LINEAS IER\/IFR"},"content":{"rendered":"<div style='width: 100%; max-width: 1200px; margin: 0 auto; font-family: sans-serif; line-height: 1.6; color: inherit; background-color: transparent;'> <!-- Secci\u00f3n de caracter\u00edsticas principales --> <\/p>\n<div style='display: flex; flex-wrap: wrap; gap: 30px; margin-bottom: 30px;'>\n<div style='flex: 1 1 300px; min-width: 280px;'>\n<h3 style='font-size: 22px; border-bottom: 2px solid currentColor; padding-bottom: 5px; margin-top: 0; color: inherit; opacity: 0.8;'>Caracter\u00edsticas principales<\/h3>\n<ul style='padding-left: 20px; font-size: 15px; color: inherit;'>\n<li style='margin-bottom: 5px;'>Kit 4&#215;4 de montaje para paneles LED Samsung<\/li>\n<li style='margin-bottom: 5px;'>Compatible con los paneles LH015IEACLS \/ LH020IEACLS \/ LH025IEACLS \/ IER \/ IFR<\/li>\n<li style='margin-bottom: 5px;'>Dise\u00f1ado espec\u00edficamente para uso en interior<\/li>\n<li style='margin-bottom: 5px;'>Permite la instalaci\u00f3n de hasta 4&#215;4 paneles LED<\/li>\n<\/ul><\/div>\n<\/p><\/div>\n<p> <!-- Secci\u00f3n de especificaciones t\u00e9cnicas --> <\/p>\n<div style='display: flex; flex-wrap: wrap; gap: 20px; margin-bottom: 30px;'>\n<div style='flex: 1 1 250px; border: 1px solid rgba(150&comma; 150&comma; 150&comma; 0.4); border-radius: 8px; overflow: hidden; display: flex; flex-direction: column;'>\n<div style='padding: 15px; border-bottom: 1px solid rgba(150&comma; 150&comma; 150&comma; 0.2); font-weight: bold; font-size: 18px; color: inherit;'>Especificaciones t\u00e9cnicas<\/div>\n<div style='padding: 15px; color: inherit;'>\n<ul style='padding-left: 20px; margin: 0; font-size: 14px; list-style-type: disc;'>\n<li style='margin-bottom: 5px;'><strong>Dimensi\u00f3n total:<\/strong> 3826.0 mm<\/li>\n<li style='margin-bottom: 5px;'><strong>Altura:<\/strong> 942.0 mm<\/li>\n<li style='margin-bottom: 5px;'><strong>Ancho:<\/strong> 960.0 mm<\/li>\n<li style='margin-bottom: 5px;'><strong>Profundidad:<\/strong> 942.0 mm<\/li>\n<li style='margin-bottom: 5px;'><strong>Distancia del marco al borde de pantalla:<\/strong> 901.0 mm<\/li>\n<li style='margin-bottom: 5px;'><strong>Distancia del marco a la cubierta PCB:<\/strong> 900.0 mm<\/li>\n<li style='margin-bottom: 5px;'><strong>Distancia de la pared al frente de la pantalla:<\/strong> 60.0 mm<\/li>\n<li style='margin-bottom: 5px;'><strong>Profundidad del marco:<\/strong> 22.0 mm<\/li>\n<li style='margin-bottom: 5px;'><strong>Espesor del marco:<\/strong> 8.0 mm<\/li>\n<li style='margin-bottom: 5px;'><strong>Distancia entre marco y centro:<\/strong> 3.3 mm<\/li>\n<li style='margin-bottom: 5px;'><strong>Di\u00e1metro del orificio de montaje:<\/strong> 7.0 mm<\/li>\n<li style='margin-bottom: 5px;'><strong>Radio de esquina:<\/strong> 9.5 mm<\/li>\n<li style='margin-bottom: 5px;'><strong>Radio interno:<\/strong> 8.45 mm<\/li>\n<li style='margin-bottom: 5px;'><strong>Radio externo:<\/strong> 5.99 mm<\/li>\n<li style='margin-bottom: 5px;'><strong>Distancia de ajuste:<\/strong> 9.2 mm<\/li>\n<li style='margin-bottom: 5px;'><strong>Tolerancia:<\/strong> 0.59 mm<\/li>\n<li style='margin-bottom: 5px;'><strong>Tolerancia de alineaci\u00f3n:<\/strong> 0.002 mm<\/li>\n<\/ul><\/div>\n<\/p><\/div>\n<p> <!-- Secci\u00f3n de aplicaciones y notas --> <\/p>\n<div style='flex: 1 1 250px; border: 1px solid rgba(150&comma; 150&comma; 150&comma; 0.4); border-radius: 8px; overflow: hidden; display: flex; flex-direction: column;'>\n<div style='padding: 15px; border-bottom: 1px solid rgba(150&comma; 150&comma; 150&comma; 0.2); font-weight: bold; font-size: 18px; color: inherit;'>Aplicaciones y notas<\/div>\n<div style='padding: 15px; color: inherit;'>\n<ul style='padding-left: 20px; margin: 0; font-size: 14px; list-style-type: disc;'>\n<li style='margin-bottom: 5px;'>Dise\u00f1ado espec\u00edficamente para la l\u00ednea de paneles IER\/IFR de Samsung<\/li>\n<li style='margin-bottom: 5px;'>El kit permite la instalaci\u00f3n modular de paneles LED en configuraci\u00f3n 4&#215;4<\/li>\n<li style='margin-bottom: 5px;'>Se pueden utilizar m\u00faltiples kits para la formaci\u00f3n de video walls de diferentes tama\u00f1os<\/li>\n<li style='margin-bottom: 5px;'>Las im\u00e1genes mostradas pueden variar del producto final<\/li>\n<li style='margin-bottom: 5px;'>Cumple con los est\u00e1ndares de sustancias especificados en 0QA-2049<\/li>\n<\/ul><\/div>\n<\/p><\/div>\n<\/p><\/div>\n<p> <!-- Separador --> <\/p>\n<hr style='border: 0; border-top: 1px solid rgba(150&comma; 150&comma; 150&comma; 0.3); margin: 30px 0;'> <\/div>\n","protected":false},"excerpt":{"rendered":"<p>KIT 4&#215;4 DE MONTAJE P\/PANELES LED USO EN INTERIOR COMPATIBLE CON LINEAS IER\/IFR<\/p>\n","protected":false},"featured_media":96072,"comment_status":"open","ping_status":"closed","template":"","meta":[],"product_brand":[],"product_cat":[2312],"product_tag":[2193,2313,2242],"class_list":{"0":"post-96073","1":"product","2":"type-product","3":"status-publish","4":"has-post-thumbnail","6":"product_cat-videowall-led-interior-fijo","7":"product_tag-samsung-electronics","8":"product_tag-videowall-led-interior-fijo","9":"product_tag-videowalls","11":"first","12":"outofstock","13":"sale","14":"shipping-taxable","15":"purchasable","16":"product-type-simple"},"_links":{"self":[{"href":"https:\/\/soydeaqui.ddns.net\/pachuca\/index.php\/wp-json\/wp\/v2\/product\/96073","targetHints":{"allow":["GET"]}}],"collection":[{"href":"https:\/\/soydeaqui.ddns.net\/pachuca\/index.php\/wp-json\/wp\/v2\/product"}],"about":[{"href":"https:\/\/soydeaqui.ddns.net\/pachuca\/index.php\/wp-json\/wp\/v2\/types\/product"}],"replies":[{"embeddable":true,"href":"https:\/\/soydeaqui.ddns.net\/pachuca\/index.php\/wp-json\/wp\/v2\/comments?post=96073"}],"wp:featuredmedia":[{"embeddable":true,"href":"https:\/\/soydeaqui.ddns.net\/pachuca\/index.php\/wp-json\/wp\/v2\/media\/96072"}],"wp:attachment":[{"href":"https:\/\/soydeaqui.ddns.net\/pachuca\/index.php\/wp-json\/wp\/v2\/media?parent=96073"}],"wp:term":[{"taxonomy":"product_brand","embeddable":true,"href":"https:\/\/soydeaqui.ddns.net\/pachuca\/index.php\/wp-json\/wp\/v2\/product_brand?post=96073"},{"taxonomy":"product_cat","embeddable":true,"href":"https:\/\/soydeaqui.ddns.net\/pachuca\/index.php\/wp-json\/wp\/v2\/product_cat?post=96073"},{"taxonomy":"product_tag","embeddable":true,"href":"https:\/\/soydeaqui.ddns.net\/pachuca\/index.php\/wp-json\/wp\/v2\/product_tag?post=96073"}],"curies":[{"name":"wp","href":"https:\/\/api.w.org\/{rel}","templated":true}]}}