{"id":96023,"date":"2026-03-20T07:54:44","date_gmt":"2026-03-20T07:54:44","guid":{"rendered":"https:\/\/soydeaqui.ddns.net\/pachuca\/index.php\/producto\/camara-para-deteccion-de-espacios-de-estacionamiento-4-mp-anpr-2-lentes-ia-avanzada-led-integrado-ibeacon-6-espacios-ocupados-o-libres-alimentacion-poe\/"},"modified":"2026-03-20T07:54:50","modified_gmt":"2026-03-20T07:54:50","slug":"camara-para-deteccion-de-espacios-de-estacionamiento-4-mp-anpr-2-lentes-ia-avanzada-led-integrado-ibeacon-6-espacios-ocupados-o-libres-alimentacion-poe","status":"publish","type":"product","link":"https:\/\/soydeaqui.ddns.net\/pachuca\/index.php\/producto\/camara-para-deteccion-de-espacios-de-estacionamiento-4-mp-anpr-2-lentes-ia-avanzada-led-integrado-ibeacon-6-espacios-ocupados-o-libres-alimentacion-poe\/","title":{"rendered":"C\u00e1mara Para Detecci\u00f3n de Espacios de Estacionamiento\/ 4 MP \/ ANPR \/ 2 Lentes \/ IA Avanzada \/ LED Integrado \/ iBeacon \/ 6 Espacios Ocupados o Libres \/ Alimentaci\u00f3n PoE"},"content":{"rendered":"<div style=\"width: 100%; max-width: 1200px; margin: 0 auto; font-family: sans-serif; line-height: 1.6; color: inherit; background-color: transparent;\"><!-- Banner inicio - Logo Hikvision --><\/p>\n<p style=\"text-align: center; margin: 0 0 20px 0;\"><img decoding=\"async\" style=\"width: 45%; height: auto; border: 1px solid rgba(150&comma; 150&comma; 150&comma; 0.3); border-radius: 8px;\" src=\"https:\/\/ftp3.syscom.mx\/usuarios\/jsosa\/HIKVISION\/imagenes\/logo\/hikvision%20see%20far.png\" alt=\"Logo Hikvision\" class=\"fr-fic fr-dii\"><\/p>\n<p><!-- T\u00edtulo del producto --><\/p>\n<h3 style=\"font-size: 22px; border-bottom: 2px solid currentColor; padding-bottom: 5px; margin-top: 0; margin-bottom: 20px; color: inherit; opacity: 0.8; text-align: center;\"><strong>C&Aacute;MARA PARA DETECCI&Oacute;N DE ESTACIONAMIENTO<\/strong><\/h3>\n<p><!-- Video YouTube --><\/p>\n<div style=\"position: relative; padding-bottom: 56.25%; height: 0; overflow: hidden; margin-bottom: 30px;\"> <\/div>\n<p><!-- Secci\u00f3n de caracter\u00edsticas en cajas rojas --><\/p>\n<div style=\"display: flex; flex-wrap: wrap; gap: 30px; margin: 30px 0;\"><!-- Caracter\u00edsticas Generales --><\/p>\n<div style=\"flex: 1 1 30%; min-width: 280px;\">\n<div style=\"border: 1px solid rgba(150&comma;150&comma;150&comma;0.4); border-radius: 8px; overflow: hidden;\">\n<div style=\"background: #df001e; color: #ffffff; padding: 15px; font-weight: bold; font-size: 18px; border-bottom: 2px solid #a80000;\">CARACTER&Iacute;STICAS GENERALES<\/div>\n<div style=\"padding: 15px; background-color: #f9f9f9;\">\n<ul style=\"padding-left: 20px; margin: 0; font-size: 14px; list-style-type: disc;\">\n<li style=\"margin-bottom: 8px;\">C&aacute;mara con 2 lentes para detecci&oacute;n de 6 espacios de estacionamiento<\/li>\n<li style=\"margin-bottom: 8px;\"><strong>Reconocimiento ANPR:<\/strong> Precisi&oacute;n &ge; 99.5%<\/li>\n<li style=\"margin-bottom: 8px;\"><strong>Resoluci&oacute;n m&aacute;xima:<\/strong> 4 megapixel (2560 &times; 1440)<\/li>\n<li style=\"margin-bottom: 8px;\"><strong>Sensor:<\/strong> CMOS 1\/1.8&#39; Scan Progresivo<\/li>\n<li style=\"margin-bottom: 8px;\"><strong>Lente:<\/strong> 2.8 mm<\/li>\n<li style=\"margin-bottom: 8px;\"><strong>Chip AI:<\/strong> Integrado para detecci&oacute;n inteligente<\/li>\n<li style=\"margin-bottom: 8px;\"><strong>Indicador de estado:<\/strong> Seis colores diferentes<\/li>\n<\/ul>\n<\/div>\n<\/div>\n<\/div>\n<p><!-- Iluminaci\u00f3n y \u00d3ptica --><\/p>\n<div style=\"flex: 1 1 30%; min-width: 280px;\">\n<div style=\"border: 1px solid rgba(150&comma;150&comma;150&comma;0.4); border-radius: 8px; overflow: hidden;\">\n<div style=\"background: #df001e; color: #ffffff; padding: 15px; font-weight: bold; font-size: 18px; border-bottom: 2px solid #a80000;\">ILUMINACI&Oacute;N Y &Oacute;PTICA<\/div>\n<div style=\"padding: 15px; background-color: #f9f9f9;\">\n<ul style=\"padding-left: 20px; margin: 0; font-size: 14px; list-style-type: disc;\">\n<li style=\"margin-bottom: 8px;\"><strong>Iluminaci&oacute;n m&iacute;nima a color:<\/strong> 0.012 Lux @(F2.0&comma; AGC ON)<\/li>\n<li style=\"margin-bottom: 8px;\"><strong>Iluminaci&oacute;n m&iacute;nima B\/N:<\/strong> 0.00062 Lux @(F2.0&comma; AGC ON)<\/li>\n<li style=\"margin-bottom: 8px;\"><strong>Relaci&oacute;n se&ntilde;al-ruido (SNR):<\/strong> &gt; 50 dB<\/li>\n<li style=\"margin-bottom: 8px;\"><strong>Balance de blancos:<\/strong> Autom&aacute;tico \/ Manual<\/li>\n<li style=\"margin-bottom: 8px;\"><strong>Control de exposici&oacute;n:<\/strong> Autom&aacute;tico \/ Manual<\/li>\n<\/ul>\n<\/div>\n<\/div>\n<\/div>\n<p><!-- Caracter\u00edsticas F\u00edsicas y El\u00e9ctricas --><\/p>\n<div style=\"flex: 1 1 30%; min-width: 280px;\">\n<div style=\"border: 1px solid rgba(150&comma;150&comma;150&comma;0.4); border-radius: 8px; overflow: hidden;\">\n<div style=\"background: #df001e; color: #ffffff; padding: 15px; font-weight: bold; font-size: 18px; border-bottom: 2px solid #a80000;\">CARACTER&Iacute;STICAS F&Iacute;SICAS Y EL&Eacute;CTRICAS<\/div>\n<div style=\"padding: 15px; background-color: #f9f9f9;\">\n<ul style=\"padding-left: 20px; margin: 0; font-size: 14px; list-style-type: disc;\">\n<li style=\"margin-bottom: 8px;\"><strong>Consumo \/ alimentaci&oacute;n:<\/strong> 10 a 24 VCD \/ 10 Watts<\/li>\n<li style=\"margin-bottom: 8px;\"><strong>Temperatura de funcionamiento:<\/strong> -20 &deg;C a 50 &deg;C (-4 &deg;F a 122 &deg;F)<\/li>\n<li style=\"margin-bottom: 8px;\"><strong>Humedad de operaci&oacute;n:<\/strong> 10% a 90% (sin condensaci&oacute;n)<\/li>\n<li style=\"margin-bottom: 8px;\"><strong>Nivel de protecci&oacute;n:<\/strong> IP54<\/li>\n<li style=\"margin-bottom: 8px;\"><strong>Material del gabinete:<\/strong> Aluminio \/ Pl&aacute;stico de alta resistencia<\/li>\n<li style=\"margin-bottom: 8px;\"><strong>Montaje:<\/strong> Techo \/ Pared \/ Poste<\/li>\n<\/ul>\n<\/div>\n<\/div>\n<\/div>\n<\/div>\n<p><!-- Segunda fila de caracter\u00edsticas --><\/p>\n<div style=\"display: flex; flex-wrap: wrap; gap: 30px; margin: 30px 0;\"><!-- Caracter\u00edsticas de Detecci\u00f3n --><\/p>\n<div style=\"flex: 1 1 45%; min-width: 300px;\">\n<div style=\"border: 1px solid rgba(150&comma;150&comma;150&comma;0.4); border-radius: 8px; overflow: hidden;\">\n<div style=\"background: #df001e; color: #ffffff; padding: 15px; font-weight: bold; font-size: 18px; border-bottom: 2px solid #a80000;\">CARACTER&Iacute;STICAS DE DETECCI&Oacute;N<\/div>\n<div style=\"padding: 15px; background-color: #f9f9f9;\">\n<ul style=\"padding-left: 20px; margin: 0; font-size: 14px; list-style-type: disc;\">\n<li style=\"margin-bottom: 8px;\"><strong>N&uacute;mero m&aacute;ximo de espacios detectados:<\/strong> 6 espacios (3 por lente)<\/li>\n<li style=\"margin-bottom: 8px;\"><strong>Precisi&oacute;n de detecci&oacute;n de ocupaci&oacute;n:<\/strong> &gt; 98%<\/li>\n<li style=\"margin-bottom: 8px;\"><strong>Tiempo de respuesta:<\/strong> &lt; 1 segundo<\/li>\n<li style=\"margin-bottom: 8px;\"><strong>Tecnolog&iacute;a de detecci&oacute;n:<\/strong> IA \/ An&aacute;lisis de video<\/li>\n<\/ul>\n<\/div>\n<\/div>\n<\/div>\n<p><!-- Indicadores LED --><\/p>\n<div style=\"flex: 1 1 45%; min-width: 300px;\">\n<div style=\"border: 1px solid rgba(150&comma;150&comma;150&comma;0.4); border-radius: 8px; overflow: hidden;\">\n<div style=\"background: #df001e; color: #ffffff; padding: 15px; font-weight: bold; font-size: 18px; border-bottom: 2px solid #a80000;\">INDICADORES LED<\/div>\n<div style=\"padding: 15px; background-color: #f9f9f9;\">\n<ul style=\"padding-left: 20px; margin: 0; font-size: 14px; list-style-type: disc;\">\n<li style=\"margin-bottom: 8px;\"><strong>Colores disponibles:<\/strong> Rojo&comma; Verde&comma; Amarillo&comma; Azul&comma; Cian&comma; Magenta<\/li>\n<li style=\"margin-bottom: 8px;\"><strong>Funci&oacute;n:<\/strong> Indicaci&oacute;n visual del estado del espacio de estacionamiento<\/li>\n<li style=\"margin-bottom: 8px;\"><strong>Visibilidad nocturna:<\/strong> S&iacute;&comma; con intensidad ajustable<\/li>\n<\/ul>\n<\/div>\n<\/div>\n<\/div>\n<\/div>\n<p><!-- Imagen principal --><\/p>\n<div style=\"margin: 30px 0;\"><img decoding=\"async\" style=\"width: 100%; height: auto; border: 1px solid rgba(150&comma; 150&comma; 150&comma; 0.3); border-radius: 8px;\" src=\"https:\/\/ftp3.syscom.mx\/usuarios\/smendoza\/smendozaro\/Estacionamiento\/Estructura%20parking.png\" alt=\"Estructura de estacionamiento\" class=\"fr-fic fr-dib\"><\/div>\n<p><!-- Banner final --><\/p>\n<hr style=\"border: 0; border-top: 1px solid rgba(150&comma; 150&comma; 150&comma; 0.3); margin: 30px 0;\">\n<div style=\"margin: 30px 0;\"><img decoding=\"async\" style=\"width: 100%; height: auto; border: 1px solid rgba(150&comma; 150&comma; 150&comma; 0.3); border-radius: 8px;\" src=\"https:\/\/ftp3.syscom.mx\/usuarios\/jsosa\/HIKVISION\/imagenes\/banners\/solution%20complete.png\" alt=\"Soluci\u00f3n completa\" class=\"fr-fic fr-dii\"><\/div>\n<\/div>\n","protected":false},"excerpt":{"rendered":"<p>C\u00e1mara Para Detecci\u00f3n de Espacios de Estacionamiento\/ 4 MP \/ ANPR \/ 2 Lentes \/ IA Avanzada \/ LED Integrado \/ iBeacon \/ 6 Espacios Ocupados o Libres \/ Alimentaci\u00f3n PoE<\/p>\n","protected":false},"featured_media":96022,"comment_status":"open","ping_status":"closed","template":"","meta":[],"product_brand":[],"product_cat":[2056],"product_tag":[122,2057,54],"class_list":{"0":"post-96023","1":"product","2":"type-product","3":"status-publish","4":"has-post-thumbnail","6":"product_cat-domo-eyeball-turret","7":"product_tag-camaras-ip-y-nvrs","8":"product_tag-domo-eyeball-turret","9":"product_tag-hikvision","11":"first","12":"instock","13":"sale","14":"shipping-taxable","15":"purchasable","16":"product-type-simple"},"_links":{"self":[{"href":"https:\/\/soydeaqui.ddns.net\/pachuca\/index.php\/wp-json\/wp\/v2\/product\/96023","targetHints":{"allow":["GET"]}}],"collection":[{"href":"https:\/\/soydeaqui.ddns.net\/pachuca\/index.php\/wp-json\/wp\/v2\/product"}],"about":[{"href":"https:\/\/soydeaqui.ddns.net\/pachuca\/index.php\/wp-json\/wp\/v2\/types\/product"}],"replies":[{"embeddable":true,"href":"https:\/\/soydeaqui.ddns.net\/pachuca\/index.php\/wp-json\/wp\/v2\/comments?post=96023"}],"wp:featuredmedia":[{"embeddable":true,"href":"https:\/\/soydeaqui.ddns.net\/pachuca\/index.php\/wp-json\/wp\/v2\/media\/96022"}],"wp:attachment":[{"href":"https:\/\/soydeaqui.ddns.net\/pachuca\/index.php\/wp-json\/wp\/v2\/media?parent=96023"}],"wp:term":[{"taxonomy":"product_brand","embeddable":true,"href":"https:\/\/soydeaqui.ddns.net\/pachuca\/index.php\/wp-json\/wp\/v2\/product_brand?post=96023"},{"taxonomy":"product_cat","embeddable":true,"href":"https:\/\/soydeaqui.ddns.net\/pachuca\/index.php\/wp-json\/wp\/v2\/product_cat?post=96023"},{"taxonomy":"product_tag","embeddable":true,"href":"https:\/\/soydeaqui.ddns.net\/pachuca\/index.php\/wp-json\/wp\/v2\/product_tag?post=96023"}],"curies":[{"name":"wp","href":"https:\/\/api.w.org\/{rel}","templated":true}]}}