{"id":96014,"date":"2026-03-20T07:54:18","date_gmt":"2026-03-20T07:54:18","guid":{"rendered":"https:\/\/soydeaqui.ddns.net\/pachuca\/index.php\/producto\/dual-light-colorvu-bala-turbohd-2-megapixel-1080p-lente-2-8-mm-60-mts-ir-60-mts-luz-blanca-gran-angular-101-exterior-ip67-microfono-integrado-dwdr-4-tecnologias\/"},"modified":"2026-03-20T07:54:39","modified_gmt":"2026-03-20T07:54:39","slug":"dual-light-colorvu-bala-turbohd-2-megapixel-1080p-lente-2-8-mm-60-mts-ir-60-mts-luz-blanca-gran-angular-101-exterior-ip67-microfono-integrado-dwdr-4-tecnologias","status":"publish","type":"product","link":"https:\/\/soydeaqui.ddns.net\/pachuca\/index.php\/producto\/dual-light-colorvu-bala-turbohd-2-megapixel-1080p-lente-2-8-mm-60-mts-ir-60-mts-luz-blanca-gran-angular-101-exterior-ip67-microfono-integrado-dwdr-4-tecnologias\/","title":{"rendered":"[Dual Light + ColorVu] Bala TURBOHD 2 Megap\u00edxel (1080p) \/ Lente 2.8 mm \/ 60 mts IR + 60 mts Luz Blanca \/ Gran Angular 101\u00b0 \/Exterior IP67 \/ Micr\u00f3fono Integrado \/ dWDR \/ 4 Tecnolog\u00edas"},"content":{"rendered":"<div style='width: 100%; max-width: 1200px; margin: 0 auto; font-family: sans-serif; line-height: 1.6; color: inherit; background-color: transparent;'>\n<p style='text-align: center;'><img style='width: 100%; max-width: 450px; height: auto; border: 1px solid rgba(150&comma;150&comma;150&comma;0.3); border-radius: 8px;' src='https:\/\/ftp3.syscom.mx\/usuarios\/jsosa\/HIKVISION\/imagenes\/logo\/hikvision%20see%20far.png' alt=''><\/p>\n<div style='margin: 30px 0;'><\/div>\n<p style='text-align: center;'><strong style='color: inherit;'><span style='font-family: verdana&comma; geneva&comma; sans-serif;'>Audio&comma; Video y Datos por el Mismo Cable<\/span><\/strong><\/p>\n<div style='margin: 20px 0;'><\/div>\n<p> <img style='width: 100%; height: auto; border: 1px solid rgba(150&comma;150&comma;150&comma;0.3); border-radius: 8px;' src='https:\/\/ftp3.syscom.mx\/usuarios\/jsosa\/HIKVISION\/imagenes\/coaxitron\/coaxitron.jpg' alt=''> <\/p>\n<div style='margin: 30px 0;'><\/div>\n<div style='display: flex; flex-wrap: wrap; justify-content: center; gap: 30px;'>\n<div style='position: relative; padding-bottom: 56.25%; height: 0; overflow: hidden; flex: 1 1 300px; max-width: 560px;'>   <\/div>\n<p> <img style='width: 100%; flex: 1 1 300px; max-width: 720px; height: auto; border: 1px solid rgba(150&comma;150&comma;150&comma;0.3); border-radius: 8px;' src='https:\/\/ftp3.syscom.mx\/usuarios\/fotos\/DS2CE76D0TLMFS\/207844-dual_light.png' alt=''> <\/div>\n<div style='margin: 30px 0;'><\/div>\n<p> <img style='width: 100%; height: auto; border: 1px solid rgba(150&comma;150&comma;150&comma;0.3); border-radius: 8px;' src='https:\/\/ftp3.syscom.mx\/usuarios\/fotos\/DS2CE16D0TLFS\/207843-dual_light2.png' alt=''> <\/p>\n<div style='margin: 40px 0;'><\/div>\n<div style='display: flex; flex-wrap: wrap; gap: 30px;'>\n<div style='flex: 1 1 300px; min-width: 280px;'>\n<h3 style='font-size: 22px; border-bottom: 2px solid currentColor; padding-bottom: 5px; margin-top: 0; color: inherit; opacity: 0.8;'>Caracter\u00edsticas principales:<\/h3>\n<ul style='padding-left: 20px; font-size: 15px; color: inherit;'>\n<li style='margin-bottom: 5px;'><strong>Resoluci\u00f3n m\u00e1xima:<\/strong> 2 Megapixel (1920 x 1080)<\/li>\n<li style='margin-bottom: 5px;'><strong>Lente fijo:<\/strong> 2.8 mm (\u00e1ngulo de visi\u00f3n 101\u00b0)<\/li>\n<li style='margin-bottom: 5px;'><strong>60 mts smart IR:<\/strong> (visi\u00f3n nocturna)<\/li>\n<li style='margin-bottom: 5px;'><strong>60 mts Luz Blanca<\/strong><\/li>\n<li style='margin-bottom: 5px;'><strong>Soporta las 4 tecnolog\u00edas:<\/strong> TVI \/ AHD \/ CVI \/ CVBS<\/li>\n<li style='margin-bottom: 5px;'><strong>dWDR<\/strong><\/li>\n<li style='margin-bottom: 5px;'><strong>Soporta coaxitron<\/strong><\/li>\n<li style='margin-bottom: 5px;'><strong>Nota:<\/strong> El audio por coaxitron se env\u00eda \u00fanicamente por tecnolog\u00eda TVI<\/li>\n<\/ul><\/div>\n<div style='flex: 1 1 300px; min-width: 280px;'>\n<h3 style='font-size: 22px; border-bottom: 2px solid currentColor; padding-bottom: 5px; margin-top: 0; color: inherit; opacity: 0.8;'>Caracter\u00edsticas F\u00edsicas y El\u00e9ctricas:<\/h3>\n<ul style='padding-left: 20px; font-size: 15px; color: inherit;'>\n<li style='margin-bottom: 5px;'><strong>Alimentaci\u00f3n \/ Consumo:<\/strong> 12 Vcc \/ 9.8 Watts<\/li>\n<li style='margin-bottom: 5px;'><strong>Protecci\u00f3n:<\/strong> IP67 (interior \/ exterior)<\/li>\n<li style='margin-bottom: 5px;'><strong>Fabricada en:<\/strong> policarbonato y metal<\/li>\n<li style='margin-bottom: 5px;'><strong>Peso:<\/strong> 738 gramos<\/li>\n<\/ul>\n<h4 style='font-size: 18px; margin-top: 20px; margin-bottom: 10px; color: inherit; opacity: 0.8;'><strong>Accesorios:<\/strong><\/h4>\n<ul style='padding-left: 20px; font-size: 15px; color: inherit;'>\n<li style='margin-bottom: 5px;'><strong>Caja de conexiones&comma; modelo:<\/strong> <a href='https:\/\/www.syscom.mx\/producto\/DS-1280ZJ-XS-HIKVISION-84491.html' target='_blank' rel='noopener' style='color: inherit; text-decoration: underline;'>DS-1280ZJ-XS<\/a><\/li>\n<\/ul><\/div>\n<div style='flex: 1 1 300px; min-width: 280px;'>\n<h3 style='font-size: 22px; border-bottom: 2px solid currentColor; padding-bottom: 5px; margin-top: 0; color: inherit; opacity: 0.8;'>Caracter\u00edsticas Destacadas:<\/h3>\n<p style='font-size: 15px; color: inherit;'>La c\u00e1mara cuenta con un micr\u00f3fono interconstruido&comma; el cual no requiere cables adicionales para poder transmitir el audio.<\/p>\n<p style='font-size: 15px; color: inherit;'>La funci\u00f3n de Luz Dual (Dual Light) permite que la c\u00e1mara cuando este en modo noche (con IR encendido) pueda activar su luz blanca para grabar a color cuando ocurra un evento (detecci\u00f3n de movimiento&comma; cruce de l\u00ednea&comma; entrada de \u00e1rea). La comunicaci\u00f3n de activar luz blanca \u00fanicamente funciona en modo TVI (TURBOHD) y con grabadores con versiones de firmware 4.26 o superior.<\/p>\n<\/p><\/div>\n<\/p><\/div>\n<div style='margin: 40px 0;'><\/div>\n<div style='display: flex; flex-wrap: wrap; gap: 20px;'>\n<div style='flex: 1 1 300px; border: 1px solid rgba(150&comma; 150&comma; 150&comma; 0.4); border-radius: 8px; overflow: hidden; display: flex; flex-direction: column;'>\n<div style='padding: 15px; border-bottom: 1px solid rgba(150&comma; 150&comma; 150&comma; 0.2); font-weight: bold; font-size: 18px; color: inherit;'>Consideraciones:<\/div>\n<div style='padding: 15px; color: inherit;'>\n<ul style='padding-left: 20px; margin: 0; font-size: 14px; list-style-type: disc;'>\n<li style='margin-bottom: 5px;'>Esta c\u00e1mara requiere grabador compatible con tecnolog\u00eda TVI (TURBOHD) para utilizar la funci\u00f3n de Luz Blanca<\/li>\n<li style='margin-bottom: 5px;'>Para activar la Luz Blanca se requiere firmware 4.26 o superior en el grabador<\/li>\n<li style='margin-bottom: 5px;'>El audio por coaxitron solo funciona en modo TVI<\/li>\n<\/ul><\/div>\n<\/p><\/div>\n<\/p><\/div>\n<div style='margin: 40px 0;'><\/div>\n<h2 style='text-align: center; font-size: 24px; color: inherit; margin-bottom: 30px;'>Recursos<\/h2>\n<div style='display: flex; flex-wrap: wrap; gap: 20px; justify-content: center;'>\n<div style='flex: 1 1 250px; max-width: 300px;'> <a href='https:\/\/www.hikvision.com\/es-la\/support\/download\/software\/ivms4200-series\/?q=serie%20ivms4200&#038;position=1' target='_blank' rel='noopener' style='text-decoration: none;'> <img style='width: 100%; height: auto; border: 1px solid rgba(150&comma;150&comma;150&comma;0.3); border-radius: 8px;' src='https:\/\/ftp3.syscom.mx\/usuarios\/gmagos\/HIK\/IP\/IPC\/Imagenes%20pagina\/Descargas%20IVMS4200.jpg' alt='IVMS 4200'> <\/a> <\/div>\n<div style='flex: 1 1 250px; max-width: 300px;'> <a href='https:\/\/appstore.hikvision.com\/' target='_blank' rel='noopener' style='text-decoration: none;'> <img style='width: 100%; height: auto; border: 1px solid rgba(150&comma;150&comma;150&comma;0.3); border-radius: 8px;' src='https:\/\/ftp3.syscom.mx\/usuarios\/gmagos\/HIK\/IP\/IPC\/Imagenes%20pagina\/Descargas%20de%20app.jpg' alt='App Store Hikvision'> <\/a> <\/div>\n<div style='flex: 1 1 250px; max-width: 300px;'> <a href='https:\/\/ftp3.syscom.mx\/usuarios\/aberumen\/Turbo%20Hikvision\/Specs\/DS2CE16D0TLFS%20\/Datasheet%2Bof%2BDS-2CE16D0T-LFS_20220414.pdf' target='_blank' rel='noopener' style='text-decoration: none;'> <img style='width: 100%; height: auto; border: 1px solid rgba(150&comma;150&comma;150&comma;0.3); border-radius: 8px;' src='https:\/\/ftp3.syscom.mx\/usuarios\/gmagos\/HIK\/IP\/IPC\/Imagenes%20pagina\/Descarga%20de%20PDF.jpg' alt='Ficha t\u00e9cnica PDF'> <\/a> <\/div>\n<\/p><\/div>\n<div style='margin: 40px 0;'><\/div>\n<p> <img style='width: 100%; height: auto; border: 1px solid rgba(150&comma;150&comma;150&comma;0.3); border-radius: 8px;' src='https:\/\/ftp3.syscom.mx\/usuarios\/jsosa\/HIKVISION\/imagenes\/banners\/solution%20complete.png' alt=''> <\/div>\n","protected":false},"excerpt":{"rendered":"<p>[Dual Light + ColorVu] Bala TURBOHD 2 Megap\u00edxel (1080p) \/ Lente 2.8 mm \/ 60 mts IR + 60 mts Luz Blanca \/ Gran Angular 101\u00b0 \/Exterior IP67 \/ Micr\u00f3fono Integrado \/ dWDR \/ 4 Tecnolog\u00edas<\/p>\n","protected":false},"featured_media":96013,"comment_status":"open","ping_status":"closed","template":"","meta":[],"product_brand":[],"product_cat":[2268],"product_tag":[439,2255,54],"class_list":{"0":"post-96014","1":"product","2":"type-product","3":"status-publish","4":"has-post-thumbnail","6":"product_cat-bala-camaras-y-dvrs-hd-turbohd-ahd-hd-tvi","7":"product_tag-bala","8":"product_tag-camaras-y-dvrs-hd-turbohd-ahd-hd-tvi","9":"product_tag-hikvision","11":"first","12":"instock","13":"sale","14":"shipping-taxable","15":"purchasable","16":"product-type-simple"},"_links":{"self":[{"href":"https:\/\/soydeaqui.ddns.net\/pachuca\/index.php\/wp-json\/wp\/v2\/product\/96014","targetHints":{"allow":["GET"]}}],"collection":[{"href":"https:\/\/soydeaqui.ddns.net\/pachuca\/index.php\/wp-json\/wp\/v2\/product"}],"about":[{"href":"https:\/\/soydeaqui.ddns.net\/pachuca\/index.php\/wp-json\/wp\/v2\/types\/product"}],"replies":[{"embeddable":true,"href":"https:\/\/soydeaqui.ddns.net\/pachuca\/index.php\/wp-json\/wp\/v2\/comments?post=96014"}],"wp:featuredmedia":[{"embeddable":true,"href":"https:\/\/soydeaqui.ddns.net\/pachuca\/index.php\/wp-json\/wp\/v2\/media\/96013"}],"wp:attachment":[{"href":"https:\/\/soydeaqui.ddns.net\/pachuca\/index.php\/wp-json\/wp\/v2\/media?parent=96014"}],"wp:term":[{"taxonomy":"product_brand","embeddable":true,"href":"https:\/\/soydeaqui.ddns.net\/pachuca\/index.php\/wp-json\/wp\/v2\/product_brand?post=96014"},{"taxonomy":"product_cat","embeddable":true,"href":"https:\/\/soydeaqui.ddns.net\/pachuca\/index.php\/wp-json\/wp\/v2\/product_cat?post=96014"},{"taxonomy":"product_tag","embeddable":true,"href":"https:\/\/soydeaqui.ddns.net\/pachuca\/index.php\/wp-json\/wp\/v2\/product_tag?post=96014"}],"curies":[{"name":"wp","href":"https:\/\/api.w.org\/{rel}","templated":true}]}}