{"id":95980,"date":"2026-03-20T07:52:46","date_gmt":"2026-03-20T07:52:46","guid":{"rendered":"https:\/\/soydeaqui.ddns.net\/pachuca\/index.php\/producto\/panel-led-full-color-para-videowall-pixel-pitch-1-5-mm-resolucion-640-x-360-uso-en-interior\/"},"modified":"2026-03-20T07:53:01","modified_gmt":"2026-03-20T07:53:01","slug":"panel-led-full-color-para-videowall-pixel-pitch-1-5-mm-resolucion-640-x-360-uso-en-interior","status":"publish","type":"product","link":"https:\/\/soydeaqui.ddns.net\/pachuca\/index.php\/producto\/panel-led-full-color-para-videowall-pixel-pitch-1-5-mm-resolucion-640-x-360-uso-en-interior\/","title":{"rendered":"Panel LED Full Color para Videowall \/ Pixel Pitch 1.5 mm \/ Resoluci\u00f3n 640 X 360 \/ Uso en Interior"},"content":{"rendered":"<div style='width: 100%; max-width: 1200px; margin: 0 auto; font-family: sans-serif; line-height: 1.6; color: inherit; background-color: transparent;'> <!-- Secci\u00f3n de caracter\u00edsticas --> <\/p>\n<div style='display: flex; flex-wrap: wrap; gap: 30px; margin-bottom: 30px;'>\n<div style='flex: 1 1 300px; min-width: 280px;'>\n<h3 style='font-size: 22px; border-bottom: 2px solid currentColor; padding-bottom: 5px; margin-top: 0; color: inherit; opacity: 0.8;'>Caracter\u00edsticas principales<\/h3>\n<ul style='padding-left: 20px; font-size: 15px; color: inherit;'>\n<li style='margin-bottom: 5px;'>Resoluci\u00f3n: 640 X 360 pixeles \/ 60 Hz<\/li>\n<li style='margin-bottom: 5px;'>Angulo de visi\u00f3n: Horizontal: 150\u00b0&comma; vertical: 150\u00b0<\/li>\n<li style='margin-bottom: 5px;'>Tiempo de respuesta en nanosegundos<\/li>\n<li style='margin-bottom: 5px;'>Distancia de visualizacion recomendada \u2265 5 m<\/li>\n<li style='margin-bottom: 5px;'>Tiempo de vida util: 100&comma;000 horas<\/li>\n<li style='margin-bottom: 5px;'>Brillo: 500 nits<\/li>\n<li style='margin-bottom: 5px;'>Contraste 6000 : 1<\/li>\n<li style='margin-bottom: 5px;'>HDR: LED HDR \/ HDR10+ \/ Multi-link HDR<\/li>\n<\/ul><\/div>\n<div style='flex: 1 1 300px; min-width: 280px;'>\n<h3 style='font-size: 22px; border-bottom: 2px solid currentColor; padding-bottom: 5px; margin-top: 0; color: inherit; opacity: 0.8;'>Caracter\u00edsticas F\u00edsicas y El\u00e9ctricas<\/h3>\n<ul style='padding-left: 20px; font-size: 15px; color: inherit;'>\n<li style='margin-bottom: 5px;'>Alimentacion: 100 &#8211; 240 VAC 50 \/ 60 Hz<\/li>\n<li style='margin-bottom: 5px;'>Consumo: M\u00e1ximo 190 Watts por gabinete<\/li>\n<li style='margin-bottom: 5px;'>Generacion de calor: 648 BTU por gabinete<\/li>\n<li style='margin-bottom: 5px;'>Temperatura de operacion: 0\u00b0 a 40\u00b0 C<\/li>\n<li style='margin-bottom: 5px;'>Dimensiones: 960 x 540 x 79.5 mm<\/li>\n<li style='margin-bottom: 5px;'>Uso en interior<\/li>\n<li style='margin-bottom: 5px;'><strong>Garantia: 3 a\u00f1os.<\/strong><\/li>\n<\/ul><\/div>\n<\/p><\/div>\n<p> <!-- Secci\u00f3n de im\u00e1genes --> <\/p>\n<div style='display: flex; flex-direction: column; gap: 30px; margin-bottom: 30px;'>\n<div style='width: 100%; text-align: center;'>\n<h3 style='font-size: 18px; margin: 0 0 15px; color: inherit; opacity: 0.9;'>La tecnologia LED HDR nos permite tener imagenes mas refinadas y tener una presentacion de imagen real.<\/h3>\n<p> <img style='width: 100%; height: auto; border: 1px solid rgba(150&comma;150&comma;150&comma;0.3); border-radius: 8px;' src='https:\/\/displaysolutions.samsung.com\/static\/images\/feature_new\/led\/indoor\/PC_IEA_Series_04_01.jpg' alt=''> <\/div>\n<div style='width: 100%; text-align: center;'>\n<h3 style='font-size: 18px; margin: 0 0 15px; color: inherit; opacity: 0.9;'>Color mas real en baja iluminacion<\/h3>\n<p> <img style='width: 100%; height: auto; border: 1px solid rgba(150&comma;150&comma;150&comma;0.3); border-radius: 8px;' src='https:\/\/displaysolutions.samsung.com\/static\/images\/feature_new\/led\/indoor\/PC_IEA_Series_05.jpg' alt=''> <\/div>\n<div style='width: 100%; text-align: center;'>\n<h3 style='font-size: 18px; margin: 0 0 15px; color: inherit; opacity: 0.9;'>Compatible con la plataforma Magic Info<\/h3>\n<p> <img style='width: 100%; height: auto; border: 1px solid rgba(150&comma;150&comma;150&comma;0.3); border-radius: 8px;' src='https:\/\/displaysolutions.samsung.com\/static\/images\/feature_new\/led\/indoor\/PC_IEA-Series_08.jpg' alt=''> <\/div>\n<\/p><\/div>\n<p> <!-- Separador --> <\/p>\n<hr style='border: 0; border-top: 1px solid rgba(150&comma; 150&comma; 150&comma; 0.3); margin: 30px 0;'> <\/div>\n","protected":false},"excerpt":{"rendered":"<p>Panel LED Full Color para Videowall \/ Pixel Pitch 1.5 mm \/ Resoluci\u00f3n 640 X 360 \/ Uso en Interior<\/p>\n","protected":false},"featured_media":95979,"comment_status":"open","ping_status":"closed","template":"","meta":[],"product_brand":[],"product_cat":[2312],"product_tag":[2193,2313,2242],"class_list":{"0":"post-95980","1":"product","2":"type-product","3":"status-publish","4":"has-post-thumbnail","6":"product_cat-videowall-led-interior-fijo","7":"product_tag-samsung-electronics","8":"product_tag-videowall-led-interior-fijo","9":"product_tag-videowalls","11":"first","12":"outofstock","13":"sale","14":"shipping-taxable","15":"purchasable","16":"product-type-simple"},"_links":{"self":[{"href":"https:\/\/soydeaqui.ddns.net\/pachuca\/index.php\/wp-json\/wp\/v2\/product\/95980","targetHints":{"allow":["GET"]}}],"collection":[{"href":"https:\/\/soydeaqui.ddns.net\/pachuca\/index.php\/wp-json\/wp\/v2\/product"}],"about":[{"href":"https:\/\/soydeaqui.ddns.net\/pachuca\/index.php\/wp-json\/wp\/v2\/types\/product"}],"replies":[{"embeddable":true,"href":"https:\/\/soydeaqui.ddns.net\/pachuca\/index.php\/wp-json\/wp\/v2\/comments?post=95980"}],"wp:featuredmedia":[{"embeddable":true,"href":"https:\/\/soydeaqui.ddns.net\/pachuca\/index.php\/wp-json\/wp\/v2\/media\/95979"}],"wp:attachment":[{"href":"https:\/\/soydeaqui.ddns.net\/pachuca\/index.php\/wp-json\/wp\/v2\/media?parent=95980"}],"wp:term":[{"taxonomy":"product_brand","embeddable":true,"href":"https:\/\/soydeaqui.ddns.net\/pachuca\/index.php\/wp-json\/wp\/v2\/product_brand?post=95980"},{"taxonomy":"product_cat","embeddable":true,"href":"https:\/\/soydeaqui.ddns.net\/pachuca\/index.php\/wp-json\/wp\/v2\/product_cat?post=95980"},{"taxonomy":"product_tag","embeddable":true,"href":"https:\/\/soydeaqui.ddns.net\/pachuca\/index.php\/wp-json\/wp\/v2\/product_tag?post=95980"}],"curies":[{"name":"wp","href":"https:\/\/api.w.org\/{rel}","templated":true}]}}