{"id":95976,"date":"2026-03-20T07:52:35","date_gmt":"2026-03-20T07:52:35","guid":{"rendered":"https:\/\/soydeaqui.ddns.net\/pachuca\/index.php\/producto\/guia-de-estacionamiento-interior-ideal-para-pasillos-y-areas-de-control-de-estacionamientos-rs485-rj45-indicador-numerico-flecha-dinamica-9-digitos-2-direcciones\/"},"modified":"2026-03-20T07:52:38","modified_gmt":"2026-03-20T07:52:38","slug":"guia-de-estacionamiento-interior-ideal-para-pasillos-y-areas-de-control-de-estacionamientos-rs485-rj45-indicador-numerico-flecha-dinamica-9-digitos-2-direcciones","status":"publish","type":"product","link":"https:\/\/soydeaqui.ddns.net\/pachuca\/index.php\/producto\/guia-de-estacionamiento-interior-ideal-para-pasillos-y-areas-de-control-de-estacionamientos-rs485-rj45-indicador-numerico-flecha-dinamica-9-digitos-2-direcciones\/","title":{"rendered":"Gu\u00eda de Estacionamiento Interior \/ Ideal para Pasillos y \u00c1reas de Control de Estacionamientos \/ RS485- RJ45 \/ Indicador Num\u00e9rico \/ Flecha Din\u00e1mica \/ 9 D\u00edgitos \/ 2 Direcciones"},"content":{"rendered":"<div style='width: 100%; max-width: 1200px; margin: 0 auto; font-family: sans-serif; line-height: 1.6; color: inherit;'>\n<p style='text-align: center; margin: 20px 0;'><img style='width: 100%; max-width: 300px; height: auto; border: 1px solid rgba(150&comma;150&comma;150&comma;0.3); border-radius: 8px;' src='https:\/\/ftp3.syscom.mx\/usuarios\/jsosa\/HIKVISION\/imagenes\/logo\/hikvision%20see%20far.png' alt='Logo Hikvision'><\/p>\n<div style='display: flex; flex-wrap: wrap; gap: 30px; margin: 30px 0;'>\n<div style='flex: 1 1 300px; min-width: 280px;'>\n<h3 style='font-size: 22px; border-bottom: 2px solid currentColor; padding-bottom: 5px; margin-top: 0; color: inherit; opacity: 0.8;'>Caracter\u00edsticas principales<\/h3>\n<ul style='padding-left: 20px; font-size: 15px; color: inherit;'>\n<li style='margin-bottom: 5px;'>Display para sistema de Estacionamientos en Interior<\/li>\n<li style='margin-bottom: 5px;'>Comunicaci\u00f3n RS485&comma; TCP\/IP<\/li>\n<li style='margin-bottom: 5px;'>Soporta visualizaci\u00f3n de 9 N\u00fameros y 2 Direcciones<\/li>\n<li style='margin-bottom: 5px;'>Color de pantalla: rojo&comma; verde&comma; amarillo&comma; azul&comma; cian&comma; magenta&comma; blanco<\/li>\n<li style='margin-bottom: 5px;'>Iconos de pantalla: Mujeres embarazadas&comma; discapacitados&comma; mujeres&comma; carga<\/li>\n<\/ul><\/div>\n<div style='flex: 1 1 300px; min-width: 280px;'>\n<h3 style='font-size: 22px; border-bottom: 2px solid currentColor; padding-bottom: 5px; margin-top: 0; color: inherit; opacity: 0.8;'>Caracter\u00edsticas F\u00edsicas y El\u00e9ctricas<\/h3>\n<ul style='padding-left: 20px; font-size: 15px; color: inherit;'>\n<li style='margin-bottom: 5px;'>Voltaje de operaci\u00f3n: 110-220 VCA&comma; 50W<\/li>\n<li style='margin-bottom: 5px;'>Dimensiones: 1682 \u00d7 224 \u00d7 66 (ver ficha t\u00e9cnica)<\/li>\n<\/ul><\/div>\n<div style='flex: 1 1 300px; min-width: 280px;'>\n<h3 style='font-size: 22px; border-bottom: 2px solid currentColor; padding-bottom: 5px; margin-top: 0; color: inherit; opacity: 0.8;'>Caracter\u00edsticas Destacadas<\/h3>\n<p style='font-size: 15px; color: inherit;'>Muestra en tiempo real los lugares disponibles para proporcionar un servicio r\u00e1pido y preciso a los conductores que buscan estacionamiento.<\/p>\n<\/p><\/div>\n<\/p><\/div>\n<hr style='border: 0; border-top: 1px solid rgba(150&comma; 150&comma; 150&comma; 0.3); margin: 30px 0;'>\n<h2 style='text-align: center; font-size: 20px; margin: 20px 0; color: inherit; opacity: 0.9;'>Pantalla de Gu\u00eda Unidireccional<\/h2>\n<p style='margin: 20px 0;'><img style='width: 100%; height: auto; border: 1px solid rgba(150&comma;150&comma;150&comma;0.3); border-radius: 8px;' src='https:\/\/ftp3.syscom.mx\/usuarios\/rcovarrubias\/Imagenes\/dstvl12165d%20unid.png' alt='Pantalla de Gu\u00eda Unidireccional'><\/p>\n<h2 style='text-align: center; font-size: 20px; margin: 20px 0; color: inherit; opacity: 0.9;'>Pantalla de Gu\u00eda Bidireccional<\/h2>\n<p style='margin: 20px 0;'><img style='width: 100%; height: auto; border: 1px solid rgba(150&comma;150&comma;150&comma;0.3); border-radius: 8px;' src='https:\/\/ftp3.syscom.mx\/usuarios\/rcovarrubias\/Imagenes\/dstvl12165d%20bid.png' alt='Pantalla de Gu\u00eda Bidireccional'><\/p>\n<p style='margin: 20px 0;'><img style='width: 100%; height: auto; border: 1px solid rgba(150&comma;150&comma;150&comma;0.3); border-radius: 8px;' src='https:\/\/ftp3.syscom.mx\/usuarios\/rcovarrubias\/Imagenes\/DSTVL121-6-5D%20foto%202.png' alt='Vista adicional de la pantalla'><\/p>\n<hr style='border: 0; border-top: 1px solid rgba(150&comma;150&comma;150&comma;0.3); margin: 30px 0;'>\n<h2 style='text-align: center; font-size: 20px; margin: 20px 0; color: inherit; opacity: 0.9;'>Escenario de aplicaci\u00f3n<\/h2>\n<p style='margin: 20px 0;'><img style='width: 100%; height: auto; border: 1px solid rgba(150&comma;150&comma;150&comma;0.3); border-radius: 8px;' src='https:\/\/ftp3.syscom.mx\/usuarios\/rcovarrubias\/Imagenes\/Diagrama%20de%20DSTVL.png' alt='Escenario de aplicaci\u00f3n'><\/p>\n<\/p><\/div>\n","protected":false},"excerpt":{"rendered":"<p>Gu\u00eda de Estacionamiento Interior \/ Ideal para Pasillos y \u00c1reas de Control de Estacionamientos \/ RS485- RJ45 \/ Indicador Num\u00e9rico \/ Flecha Din\u00e1mica \/ 9 D\u00edgitos \/ 2 Direcciones<\/p>\n","protected":false},"featured_media":95975,"comment_status":"open","ping_status":"closed","template":"","meta":[],"product_brand":[],"product_cat":[777],"product_tag":[401,93,54],"class_list":{"0":"post-95976","1":"product","2":"type-product","3":"status-publish","4":"has-post-thumbnail","6":"product_cat-accesorios-acceso-vehicular","7":"product_tag-acceso-vehicular","8":"product_tag-accesorios","9":"product_tag-hikvision","11":"first","12":"outofstock","13":"sale","14":"shipping-taxable","15":"purchasable","16":"product-type-simple"},"_links":{"self":[{"href":"https:\/\/soydeaqui.ddns.net\/pachuca\/index.php\/wp-json\/wp\/v2\/product\/95976","targetHints":{"allow":["GET"]}}],"collection":[{"href":"https:\/\/soydeaqui.ddns.net\/pachuca\/index.php\/wp-json\/wp\/v2\/product"}],"about":[{"href":"https:\/\/soydeaqui.ddns.net\/pachuca\/index.php\/wp-json\/wp\/v2\/types\/product"}],"replies":[{"embeddable":true,"href":"https:\/\/soydeaqui.ddns.net\/pachuca\/index.php\/wp-json\/wp\/v2\/comments?post=95976"}],"wp:featuredmedia":[{"embeddable":true,"href":"https:\/\/soydeaqui.ddns.net\/pachuca\/index.php\/wp-json\/wp\/v2\/media\/95975"}],"wp:attachment":[{"href":"https:\/\/soydeaqui.ddns.net\/pachuca\/index.php\/wp-json\/wp\/v2\/media?parent=95976"}],"wp:term":[{"taxonomy":"product_brand","embeddable":true,"href":"https:\/\/soydeaqui.ddns.net\/pachuca\/index.php\/wp-json\/wp\/v2\/product_brand?post=95976"},{"taxonomy":"product_cat","embeddable":true,"href":"https:\/\/soydeaqui.ddns.net\/pachuca\/index.php\/wp-json\/wp\/v2\/product_cat?post=95976"},{"taxonomy":"product_tag","embeddable":true,"href":"https:\/\/soydeaqui.ddns.net\/pachuca\/index.php\/wp-json\/wp\/v2\/product_tag?post=95976"}],"curies":[{"name":"wp","href":"https:\/\/api.w.org\/{rel}","templated":true}]}}