{"id":95972,"date":"2026-03-20T07:52:26","date_gmt":"2026-03-20T07:52:26","guid":{"rendered":"https:\/\/soydeaqui.ddns.net\/pachuca\/index.php\/producto\/controlador-de-videowall-2x2-multiples-modos-de-vista-audio-3-5mm-control-rs232\/"},"modified":"2026-03-20T07:52:32","modified_gmt":"2026-03-20T07:52:32","slug":"controlador-de-videowall-2x2-multiples-modos-de-vista-audio-3-5mm-control-rs232","status":"publish","type":"product","link":"https:\/\/soydeaqui.ddns.net\/pachuca\/index.php\/producto\/controlador-de-videowall-2x2-multiples-modos-de-vista-audio-3-5mm-control-rs232\/","title":{"rendered":"Controlador de VideoWall 2&#215;2 | Multiples Modos de Vista | Audio 3.5mm | Control RS232"},"content":{"rendered":"<div style='width: 100%; max-width: 1200px; margin: 0 auto; font-family: sans-serif; line-height: 1.6; color: inherit; background-color: transparent;'> <!-- Imagen 1 --> <\/p>\n<div style='width: 100%; margin-bottom: 30px;'> <img style='width: 100%; height: auto; border: 1px solid rgba(150&comma;150&comma;150&comma;0.3); border-radius: 8px;' src='https:\/\/ftp3.syscom.mx\/usuarios\/luis.vargas\/EpcomTitanium\/titaniumup.jpg' alt='Controlador de VideoWall 2x2 TT104VW'> <\/div>\n<p> <!-- Descripci\u00f3n --> <\/p>\n<div style='width: 100%; margin-bottom: 30px;'>\n<h1 style='font-size: 28px; text-align: center; margin: 0 0 10px 0; color: inherit;'>TT-104-VW<\/h1>\n<p style='text-align: center; margin: 0 70px 50px 70px; font-size: 16px; color: inherit;'>Este producto es un procesador de empalme con una entrada de fuente HDMI y cuatro salidas HDMI para conectar con cuatro monitores. Cuenta con cinco modos de empalme (1 x 1&comma; 1 x 2&comma; 1 x 3&comma; 1 x 4&comma; 2 x 2)&comma; los cuales se pueden configurar mediante RS-232 o Dipswitch. Esto permite una adaptaci\u00f3n flexible a diferentes requisitos de instalaci\u00f3n. El producto es ampliamente utilizado en \u00e1reas como monitoreo de seguridad&comma; tr\u00e1nsito ferroviario&comma; radiodifusi\u00f3n&comma; ciudades inteligentes&comma; cine en casa&comma; capacitaci\u00f3n y otros campos.<\/p>\n<\/p><\/div>\n<p> <!-- Caracter\u00edsticas --> <\/p>\n<div style='width: 100%; margin-bottom: 30px;'>\n<h2 style='text-align: center; font-size: 22px; border-bottom: 2px solid currentColor; padding-bottom: 5px; margin: 0 0 20px 0; color: inherit; opacity: 0.8;'>Caracter\u00edsticas<\/h2>\n<div style='display: flex; flex-wrap: wrap; gap: 20px;'> <!-- Columna 1 --> <\/p>\n<div style='flex: 1 1 300px; min-width: 280px;'>\n<div style='border: 1px solid rgba(150&comma;150&comma;150&comma;0.4); border-radius: 8px; padding: 15px; margin-bottom: 20px;'>\n<h3 style='font-size: 18px; margin-top: 0; margin-bottom: 15px; color: inherit;'>Especificaciones de Video<\/h3>\n<ul style='padding-left: 20px; font-size: 14px; color: inherit;'>\n<li style='margin-bottom: 5px;'><strong>HDMI:<\/strong> 1.4<\/li>\n<li style='margin-bottom: 5px;'><strong>HDCP:<\/strong> 1.4<\/li>\n<li style='margin-bottom: 5px;'><strong>Ancho de banda:<\/strong> 18Mbps<\/li>\n<li style='margin-bottom: 5px;'><strong>Resoluciones:<\/strong> 1080p@50\/60Hz&comma; 720p@50\/60Hz&comma; 576p@50Hz&comma; 480p@60Hz&comma; 1920&#215;1200&comma; 1280&#215;960&comma; 1280&#215;800&comma; 1280&#215;768&comma; 1680&#215;1050&comma; 1360&#215;768&comma; 1366&#215;768&comma; 1600&#215;900&comma; 1024&#215;768&comma; 800&#215;600<\/li>\n<li style='margin-bottom: 5px;'><strong>Formato de audio:<\/strong> PCM<\/li>\n<\/ul><\/div>\n<\/p><\/div>\n<p> <!-- Columna 2 --> <\/p>\n<div style='flex: 1 1 300px; min-width: 280px;'>\n<div style='border: 1px solid rgba(150&comma;150&comma;150&comma;0.4); border-radius: 8px; padding: 15px; margin-bottom: 20px;'>\n<h3 style='font-size: 18px; margin-top: 0; margin-bottom: 15px; color: inherit;'>Conectividad<\/h3>\n<ul style='padding-left: 20px; font-size: 14px; color: inherit;'>\n<li style='margin-bottom: 5px;'><strong>Entrada:<\/strong> HDMIx1 (TipoA&comma; 19 pin hembra)<\/li>\n<li style='margin-bottom: 5px;'><strong>Salida:<\/strong> HDMIx4 (TipoA&comma; 19 pin hembra)<\/li>\n<li style='margin-bottom: 5px;'><strong>Longitud de cable de Entrada:<\/strong> \u22645 m (est\u00e1ndares de cable AWG26 HDMI2.0)&comma; \u226410 m (est\u00e1ndares de cable AWG23 HDMI2.0)<\/li>\n<li style='margin-bottom: 5px;'><strong>Longitud de cable de Salida:<\/strong> \u22645 m (est\u00e1ndares de cable AWG26 HDMI2.0)&comma; \u226410 m (est\u00e1ndares de cable AWG23 HDMI2.0)<\/li>\n<li style='margin-bottom: 5px;'><strong>Modo:<\/strong> 1&#215;1 \/ 2&#215;1 \/ 1&#215;2 \/ 2&#215;2 \/ 3&#215;1 \/ 1&#215;3 \/ 4&#215;1 \/ 1&#215;4<\/li>\n<\/ul><\/div>\n<\/p><\/div>\n<p> <!-- Columna 3 --> <\/p>\n<div style='flex: 1 1 300px; min-width: 280px;'>\n<div style='border: 1px solid rgba(150&comma;150&comma;150&comma;0.4); border-radius: 8px; padding: 15px; margin-bottom: 20px;'>\n<h3 style='font-size: 18px; margin-top: 0; margin-bottom: 15px; color: inherit;'>Caracter\u00edsticas F\u00edsicas<\/h3>\n<ul style='padding-left: 20px; font-size: 14px; color: inherit;'>\n<li style='margin-bottom: 5px;'><strong>Dimensiones:<\/strong> 151.5(L)*86.5(W)*20.0(H)mm<\/li>\n<li style='margin-bottom: 5px;'><strong>Peso neto:<\/strong> 140g<\/li>\n<li style='margin-bottom: 5px;'><strong>Fuente de alimentaci\u00f3n:<\/strong> 5V\/1A<\/li>\n<li style='margin-bottom: 5px;'><strong>Consumo:<\/strong> 4W<\/li>\n<li style='margin-bottom: 5px;'><strong>Temperatura de operaci\u00f3n:<\/strong> 0-60\u00ba<\/li>\n<li style='margin-bottom: 5px;'><strong>Incluye:<\/strong><\/li>\n<ul style='padding-left: 40px; font-size: 14px; color: inherit;'>\n<li style='margin-bottom: 5px;'>1x Control Videowall<\/li>\n<li style='margin-bottom: 5px;'>1x Fuente de 5V\/1A<\/li>\n<li style='margin-bottom: 5px;'>1x Bloque de terminales<\/li>\n<li style='margin-bottom: 5px;'>1x Manual de usuario<\/li>\n<\/ul>\n<\/ul><\/div>\n<\/p><\/div>\n<\/p><\/div>\n<\/p><\/div>\n<p> <!-- Imagen 2 --> <\/p>\n<div style='width: 100%; margin-bottom: 30px;'> <img style='width: 100%; height: auto; border: 1px solid rgba(150&comma;150&comma;150&comma;0.3); border-radius: 8px;' src='https:\/\/ftp3.syscom.mx\/usuarios\/luis.vargas\/EpcomTitanium\/TT114VW\/TT104VW.jpg' alt='Controlador de VideoWall 2x2 TT104VW'> <\/div>\n<p> <!-- PDF --> <\/p>\n<div style='width: 100%; margin-bottom: 30px;'>\n<div style='position: relative; padding-bottom: 120%; height: 0; overflow: hidden;'>   <\/div>\n<\/p><\/div>\n<\/p><\/div>\n","protected":false},"excerpt":{"rendered":"<p>Controlador de VideoWall 2&#215;2 | Multiples Modos de Vista | Audio 3.5mm | Control RS232<\/p>\n","protected":false},"featured_media":95971,"comment_status":"open","ping_status":"closed","template":"","meta":[],"product_brand":[],"product_cat":[2088],"product_tag":[507,2089,2090],"class_list":{"0":"post-95972","1":"product","2":"type-product","3":"status-publish","4":"has-post-thumbnail","6":"product_cat-videowall-seguridad","7":"product_tag-epcom-titanium","8":"product_tag-monitores-pantallas-y-mobiliario","9":"product_tag-videowall-seguridad","11":"first","12":"instock","13":"sale","14":"shipping-taxable","15":"purchasable","16":"product-type-simple"},"_links":{"self":[{"href":"https:\/\/soydeaqui.ddns.net\/pachuca\/index.php\/wp-json\/wp\/v2\/product\/95972","targetHints":{"allow":["GET"]}}],"collection":[{"href":"https:\/\/soydeaqui.ddns.net\/pachuca\/index.php\/wp-json\/wp\/v2\/product"}],"about":[{"href":"https:\/\/soydeaqui.ddns.net\/pachuca\/index.php\/wp-json\/wp\/v2\/types\/product"}],"replies":[{"embeddable":true,"href":"https:\/\/soydeaqui.ddns.net\/pachuca\/index.php\/wp-json\/wp\/v2\/comments?post=95972"}],"wp:featuredmedia":[{"embeddable":true,"href":"https:\/\/soydeaqui.ddns.net\/pachuca\/index.php\/wp-json\/wp\/v2\/media\/95971"}],"wp:attachment":[{"href":"https:\/\/soydeaqui.ddns.net\/pachuca\/index.php\/wp-json\/wp\/v2\/media?parent=95972"}],"wp:term":[{"taxonomy":"product_brand","embeddable":true,"href":"https:\/\/soydeaqui.ddns.net\/pachuca\/index.php\/wp-json\/wp\/v2\/product_brand?post=95972"},{"taxonomy":"product_cat","embeddable":true,"href":"https:\/\/soydeaqui.ddns.net\/pachuca\/index.php\/wp-json\/wp\/v2\/product_cat?post=95972"},{"taxonomy":"product_tag","embeddable":true,"href":"https:\/\/soydeaqui.ddns.net\/pachuca\/index.php\/wp-json\/wp\/v2\/product_tag?post=95972"}],"curies":[{"name":"wp","href":"https:\/\/api.w.org\/{rel}","templated":true}]}}