{"id":95964,"date":"2026-03-20T07:52:07","date_gmt":"2026-03-20T07:52:07","guid":{"rendered":"https:\/\/soydeaqui.ddns.net\/pachuca\/index.php\/producto\/mini-domo-ip-ptz-4-megapixel-25x-zoom-50-mts-luz-infrarroja-inteligente-vision-nocturna-autoseguimiento-wdr-120-db-poe-ip66-ultra-baja-iluminacion-microsd\/"},"modified":"2026-03-20T07:52:08","modified_gmt":"2026-03-20T07:52:08","slug":"mini-domo-ip-ptz-4-megapixel-25x-zoom-50-mts-luz-infrarroja-inteligente-vision-nocturna-autoseguimiento-wdr-120-db-poe-ip66-ultra-baja-iluminacion-microsd","status":"publish","type":"product","link":"https:\/\/soydeaqui.ddns.net\/pachuca\/index.php\/producto\/mini-domo-ip-ptz-4-megapixel-25x-zoom-50-mts-luz-infrarroja-inteligente-vision-nocturna-autoseguimiento-wdr-120-db-poe-ip66-ultra-baja-iluminacion-microsd\/","title":{"rendered":"Mini Domo IP PTZ 4 Megapixel \/ 25X Zoom \/ 50 mts Luz Infrarroja Inteligente (Visi\u00f3n Nocturna) \/ Autoseguimiento \/ WDR 120 dB \/ PoE+ \/ IP66 \/ Ultra Baja Iluminaci\u00f3n \/ MicroSD"},"content":{"rendered":"<div style='width: 100%; max-width: 1200px; margin: 0 auto; font-family: sans-serif; line-height: 1.6; color: inherit; background-color: transparent;'> <!-- Logo --> <\/p>\n<div style='width: 100%; text-align: center; margin: 20px 0;'> <img style='width: 100%; max-width: 583px; height: auto; border: 1px solid rgba(150&comma;150&comma;150&comma;0.3); border-radius: 8px;' src='https:\/\/ftp3.syscom.mx\/usuarios\/jsosa\/HIKVISION\/imagenes\/logo\/hikvision%20see%20far.png' alt='Logo Hikvision'> <\/div>\n<p> <!-- Contenido principal --> <\/p>\n<div style='display: flex; flex-wrap: wrap; gap: 30px; margin-top: 30px;'> <!-- Columna izquierda --> <\/p>\n<div style='flex: 1 1 300px; min-width: 280px;'> <!-- Caracter\u00edsticas Principales --> <\/p>\n<div style='border: 1px solid rgba(150&comma; 150&comma; 150&comma; 0.4); border-radius: 8px; overflow: hidden; margin-bottom: 20px;'>\n<div style='padding: 15px; border-bottom: 1px solid rgba(150&comma; 150&comma; 150&comma; 0.2); font-weight: bold; font-size: 18px; background-color: #df001e; color: white; border-bottom: 2px solid #a80000;'>Caracter\u00edsticas Principales:<\/div>\n<div style='padding: 15px; color: inherit;'>\n<ul style='padding-left: 20px; margin: 0; font-size: 14px; list-style-type: disc;'>\n<li style='margin-bottom: 5px;'><strong>Resoluci\u00f3n m\u00e1xima:<\/strong> 4 Megapixel (2560 x 1440)<\/li>\n<li style='margin-bottom: 5px;'><strong>Iluminaci\u00f3n m\u00ednima:<\/strong> color 0.005 Lux @ (F1.6&comma; AGC ON)<\/li>\n<li style='margin-bottom: 5px;'><strong>Iluminaci\u00f3n m\u00ednima:<\/strong> B\/N 0.001 Lux @ (F1.6&comma; AGC ON)<\/li>\n<li style='margin-bottom: 5px;'><strong>Distancia focal:<\/strong> 4.8 a 120 mm (25X zoom \u00f3ptico \/ 16X zoom digital)<\/li>\n<li style='margin-bottom: 5px;'><strong>Distancia de infrarrojo:<\/strong> 50 mts infrarrojos Smart (visi\u00f3n nocturna)<\/li>\n<li style='margin-bottom: 5px;'><strong>Funciones normales:<\/strong> WDR real 120 dB \/ HLC \/ BLC \/ 3D DNR \/ Defog \/ EIS<\/li>\n<li style='margin-bottom: 5px;'><strong>Funciones especiales:<\/strong> Detecci\u00f3n de rostro \/ Intrusi\u00f3n de \u00e1rea \/ Cruce de l\u00ednea \/ Objeto olvidado \/ Objeto removido<\/li>\n<li style='margin-bottom: 5px;'><strong>Compresi\u00f3n:<\/strong> H.265+ \/ H.265 \/ H.264+ \/ H.264<\/li>\n<li style='margin-bottom: 5px;'><strong>Compatible con:<\/strong> Plataforma Hik-Connect<\/li>\n<li style='margin-bottom: 5px;'><strong>Autoseguimiento inteligente:<\/strong> Smart tracking<\/li>\n<\/ul><\/div>\n<\/p><\/div>\n<p> <!-- Entradas y Salidas --> <\/p>\n<div style='border: 1px solid rgba(150&comma; 150&comma; 150&comma; 0.4); border-radius: 8px; overflow: hidden; margin-bottom: 20px;'>\n<div style='padding: 15px; border-bottom: 1px solid rgba(150&comma; 150&comma; 150&comma; 0.2); font-weight: bold; font-size: 18px; background-color: #df001e; color: white; border-bottom: 2px solid #a80000;'>Entradas y Salidas de Audio \/ Alarmas \/ Red \/ Almacenamiento:<\/div>\n<div style='padding: 15px; color: inherit;'>\n<ul style='padding-left: 20px; margin: 0; font-size: 14px; list-style-type: disc;'>\n<li style='margin-bottom: 5px;'><strong>Entradas de alarma:<\/strong> 2<\/li>\n<li style='margin-bottom: 5px;'><strong>Salidas de alarma:<\/strong> 2<\/li>\n<li style='margin-bottom: 5px;'><strong>Entradas de audio:<\/strong> 1<\/li>\n<li style='margin-bottom: 5px;'><strong>Salidas de audio:<\/strong> 1<\/li>\n<li style='margin-bottom: 5px;'><strong>Puerto de red:<\/strong> 1 (10 \/ 100 Mbps \/ PoE+ )<\/li>\n<li style='margin-bottom: 5px;'><strong>Almacenamiento:<\/strong> micro SD de hasta 256 GB \/ ANR (Automatic Network Recovery)<\/li>\n<li style='margin-bottom: 5px;'><strong>Soporta:<\/strong> ONVIF (Profile S&comma; Profile G&comma; Profile T) \/ ISAPI \/ SDK<\/li>\n<\/ul><\/div>\n<\/p><\/div>\n<\/p><\/div>\n<p> <!-- Columna derecha --> <\/p>\n<div style='flex: 1 1 300px; min-width: 280px;'> <!-- Caracter\u00edsticas F\u00edsicas --> <\/p>\n<div style='border: 1px solid rgba(150&comma; 150&comma; 150&comma; 0.4); border-radius: 8px; overflow: hidden; margin-bottom: 20px;'>\n<div style='padding: 15px; border-bottom: 1px solid rgba(150&comma; 150&comma; 150&comma; 0.2); font-weight: bold; font-size: 18px; background-color: #df001e; color: white; border-bottom: 2px solid #a80000;'>Caracter\u00edsticas F\u00edsicas y El\u00e9ctricas:<\/div>\n<div style='padding: 15px; color: inherit;'>\n<ul style='padding-left: 20px; margin: 0; font-size: 14px; list-style-type: disc;'>\n<li style='margin-bottom: 5px;'><strong>Alimentaci\u00f3n:<\/strong> 12 Vcc \/ 24 W \/ PoE+ 802.3at<\/li>\n<li style='margin-bottom: 5px;'><strong>Temperatura de operaci\u00f3n:<\/strong> -30\u00b0C a 65\u00b0C \/ Humedad al 90% m\u00e1ximo<\/li>\n<li style='margin-bottom: 5px;'><strong>Uso:<\/strong> Exterior \/ IP66<\/li>\n<li style='margin-bottom: 5px;'><strong>Protecci\u00f3n:<\/strong> Contra sobretensiones y protecci\u00f3n contra voltajes transitorios<\/li>\n<li style='margin-bottom: 5px;'><strong>Dimensiones:<\/strong> 169 x 161 mm<\/li>\n<li style='margin-bottom: 5px;'><strong>Peso:<\/strong> 2.45 kgs<\/li>\n<li style='margin-bottom: 5px;'><strong>Nota:<\/strong> No incluye fuente de alimentaci\u00f3n<\/li>\n<\/ul><\/div>\n<\/p><\/div>\n<p> <!-- Caracter\u00edsticas Generales --> <\/p>\n<div style='border: 1px solid rgba(150&comma; 150&comma; 150&comma; 0.4); border-radius: 8px; overflow: hidden; margin-bottom: 20px;'>\n<div style='padding: 15px; border-bottom: 1px solid rgba(150&comma; 150&comma; 150&comma; 0.2); font-weight: bold; font-size: 18px; background-color: #df001e; color: white; border-bottom: 2px solid #a80000;'>Caracter\u00edsticas Generales<\/div>\n<div style='padding: 15px; color: inherit;'>\n<ul style='padding-left: 20px; margin: 0; font-size: 14px; list-style-type: disc;'>\n<li style='margin-bottom: 5px;'><strong>Pan:<\/strong> 360\u00b0<\/li>\n<li style='margin-bottom: 5px;'><strong>Tilt:<\/strong> -5\u00b0 a 90\u00b0<\/li>\n<li style='margin-bottom: 5px;'><strong>Presets:<\/strong> 300<\/li>\n<li style='margin-bottom: 5px;'><strong>Patrol:<\/strong> 8 (hasta 32 presets por patrol)<\/li>\n<li style='margin-bottom: 5px;'><strong>Pattern:<\/strong> 4 (hasta 10 minutos por pattern)<\/li>\n<li style='margin-bottom: 5px;'><strong>Tareas:<\/strong> Calendarizadas<\/li>\n<li style='margin-bottom: 5px;'><strong>Main Stream:<\/strong> 30 fps (1920 \u00d7 1080&comma; 1280 \u00d7 960&comma; 1280 \u00d7 720)<\/li>\n<li style='margin-bottom: 5px;'><strong>Sub Steam:<\/strong> 30 fps (704 \u00d7 480&comma; 640 \u00d7 480&comma; 352 \u00d7 240)<\/li>\n<li style='margin-bottom: 5px;'><strong>Usuarios simult\u00e1neos:<\/strong> Hasta 20<\/li>\n<\/ul><\/div>\n<\/p><\/div>\n<p> <!-- Accesorios Opcionales --> <\/p>\n<div style='border: 1px solid rgba(150&comma; 150&comma; 150&comma; 0.4); border-radius: 8px; overflow: hidden; margin-bottom: 20px;'>\n<div style='padding: 15px; border-bottom: 1px solid rgba(150&comma; 150&comma; 150&comma; 0.2); font-weight: bold; font-size: 18px; background-color: #df001e; color: white; border-bottom: 2px solid #a80000;'>Accesorios Opcionales:<\/div>\n<div style='padding: 15px; color: inherit;'>\n<ul style='padding-left: 20px; margin: 0; font-size: 14px; list-style-type: disc;'>\n<li style='margin-bottom: 5px;'><strong>Caja de conexiones:<\/strong> <a href='https:\/\/www.syscom.mx\/producto\/DS-1280ZJ-SD11-HIKVISION-137469.html' target='_blank' rel='noopener'>DS-1280ZJ-SD11<\/a><\/li>\n<li style='margin-bottom: 5px;'><strong>Montaje de pared de brazo corto:<\/strong> <a href='https:\/\/www.syscom.mx\/producto\/DS-1605ZJ-HIKVISION-137530.html' target='_blank' rel='noopener'>DS-1605ZJ<\/a><\/li>\n<li style='margin-bottom: 5px;'><strong>Montaje de plaf\u00f3n:<\/strong> <a href='https:\/\/www.syscom.mx\/producto\/DS-1671ZJ-SD11-HIKVISION-185682.html' target='_blank' rel='noopener'>DS-1671ZJ-SD11<\/a><\/li>\n<\/ul><\/div>\n<\/p><\/div>\n<\/p><\/div>\n<\/p><\/div>\n<p> <!-- Caracter\u00edsticas Destacadas --> <\/p>\n<div style='border: 1px solid rgba(150&comma; 150&comma; 150&comma; 0.4); border-radius: 8px; overflow: hidden; margin: 30px 0;'>\n<div style='padding: 15px; border-bottom: 1px solid rgba(150&comma; 150&comma; 150&comma; 0.2); font-weight: bold; font-size: 18px; background-color: #df001e; color: white; border-bottom: 2px solid #a80000;'>Caracter\u00edsticas Destacadas:<\/div>\n<div style='padding: 15px; color: inherit;'>\n<p style='margin: 0; font-size: 14px;'>No se especifican caracter\u00edsticas adicionales en este apartado.<\/p>\n<\/p><\/div>\n<\/p><\/div>\n<p> <!-- Imagen final --> <\/p>\n<div style='width: 100%; text-align: center; margin: 30px 0;'> <img style='width: 100%; max-width: 1200px; height: auto; border: 1px solid rgba(150&comma;150&comma;150&comma;0.3); border-radius: 8px;' src='https:\/\/ftp3.syscom.mx\/usuarios\/jsosa\/HIKVISION\/imagenes\/banners\/solution%20complete.png' alt='Soluci\u00f3n completa'> <\/div>\n<\/p><\/div>\n","protected":false},"excerpt":{"rendered":"<p>Mini Domo IP PTZ 4 Megapixel \/ 25X Zoom \/ 50 mts Luz Infrarroja Inteligente (Visi\u00f3n Nocturna) \/ Autoseguimiento \/ WDR 120 dB \/ PoE+ \/ IP66 \/ Ultra Baja Iluminaci\u00f3n \/ MicroSD<\/p>\n","protected":false},"featured_media":95963,"comment_status":"open","ping_status":"closed","template":"","meta":[],"product_brand":[],"product_cat":[1224],"product_tag":[122,54,1225],"class_list":{"0":"post-95964","1":"product","2":"type-product","3":"status-publish","4":"has-post-thumbnail","6":"product_cat-ptz","7":"product_tag-camaras-ip-y-nvrs","8":"product_tag-hikvision","9":"product_tag-ptz","11":"first","12":"instock","13":"sale","14":"shipping-taxable","15":"purchasable","16":"product-type-simple"},"_links":{"self":[{"href":"https:\/\/soydeaqui.ddns.net\/pachuca\/index.php\/wp-json\/wp\/v2\/product\/95964","targetHints":{"allow":["GET"]}}],"collection":[{"href":"https:\/\/soydeaqui.ddns.net\/pachuca\/index.php\/wp-json\/wp\/v2\/product"}],"about":[{"href":"https:\/\/soydeaqui.ddns.net\/pachuca\/index.php\/wp-json\/wp\/v2\/types\/product"}],"replies":[{"embeddable":true,"href":"https:\/\/soydeaqui.ddns.net\/pachuca\/index.php\/wp-json\/wp\/v2\/comments?post=95964"}],"wp:featuredmedia":[{"embeddable":true,"href":"https:\/\/soydeaqui.ddns.net\/pachuca\/index.php\/wp-json\/wp\/v2\/media\/95963"}],"wp:attachment":[{"href":"https:\/\/soydeaqui.ddns.net\/pachuca\/index.php\/wp-json\/wp\/v2\/media?parent=95964"}],"wp:term":[{"taxonomy":"product_brand","embeddable":true,"href":"https:\/\/soydeaqui.ddns.net\/pachuca\/index.php\/wp-json\/wp\/v2\/product_brand?post=95964"},{"taxonomy":"product_cat","embeddable":true,"href":"https:\/\/soydeaqui.ddns.net\/pachuca\/index.php\/wp-json\/wp\/v2\/product_cat?post=95964"},{"taxonomy":"product_tag","embeddable":true,"href":"https:\/\/soydeaqui.ddns.net\/pachuca\/index.php\/wp-json\/wp\/v2\/product_tag?post=95964"}],"curies":[{"name":"wp","href":"https:\/\/api.w.org\/{rel}","templated":true}]}}