{"id":95902,"date":"2026-03-20T07:49:08","date_gmt":"2026-03-20T07:49:08","guid":{"rendered":"https:\/\/soydeaqui.ddns.net\/pachuca\/index.php\/producto\/ups-de-1000-va-600-w-proteccion-contra-sobrecarga-y-descarga-entrada-y-salida-120-vca-6-tomas-nema-5-15r-4-con-respaldo-y-2-sin-respaldo-2\/"},"modified":"2026-03-20T07:49:21","modified_gmt":"2026-03-20T07:49:21","slug":"ups-de-1000-va-600-w-proteccion-contra-sobrecarga-y-descarga-entrada-y-salida-120-vca-6-tomas-nema-5-15r-4-con-respaldo-y-2-sin-respaldo-2","status":"publish","type":"product","link":"https:\/\/soydeaqui.ddns.net\/pachuca\/index.php\/producto\/ups-de-1000-va-600-w-proteccion-contra-sobrecarga-y-descarga-entrada-y-salida-120-vca-6-tomas-nema-5-15r-4-con-respaldo-y-2-sin-respaldo-2\/","title":{"rendered":"UPS de 1000 VA \/ 600 W \/ Protecci\u00f3n Contra Sobrecarga y Descarga \/ Entrada y Salida 120 VCA \/ 6 Tomas NEMA 5-15R (4 con Respaldo y 2 sin Respaldo)"},"content":{"rendered":"<div style='width: 100%; max-width: 1200px; margin: 0 auto; font-family: sans-serif; line-height: 1.6; color: inherit; background-color: transparent;'> <!-- Logo HIKVISION --> <\/p>\n<div style='text-align: center; margin-bottom: 30px;'> <img style='width: 45%; height: auto; border: 1px solid rgba(150&comma;150&comma;150&comma;0.3); border-radius: 8px;' src='https:\/\/ftp3.syscom.mx\/usuarios\/jsosa\/HIKVISION\/imagenes\/logo\/hikvision%20see%20far.png' alt='Logo HIKVISION'> <\/div>\n<p> <!-- Secci\u00f3n de caracter\u00edsticas --> <\/p>\n<div style='display: flex; flex-wrap: wrap; gap: 30px; margin-bottom: 30px;'>\n<div style='flex: 1 1 300px; min-width: 280px;'>\n<h3 style='font-size: 22px; border-bottom: 2px solid currentColor; padding-bottom: 5px; margin-top: 0; color: inherit; opacity: 0.8;'>Caracter\u00edsticas principales<\/h3>\n<ul style='padding-left: 20px; font-size: 15px; color: inherit;'>\n<li style='margin-bottom: 5px;'><strong>Capacidad:<\/strong> 1000 VA \/ 600 W<\/li>\n<li style='margin-bottom: 5px;'><strong>Bater\u00eda:<\/strong> 12 V \/ 9 Ah<\/li>\n<li style='margin-bottom: 5px;'><strong>Salidas:<\/strong> 6 Salidas totales (4 con respaldo y 2 sin respaldo)<\/li>\n<li style='margin-bottom: 5px;'><strong>Peso:<\/strong> 5.4 Kg<\/li>\n<li style='margin-bottom: 5px;'><strong>Voltaje de entrada:<\/strong> 85 &#8211; 150 V ~ 50\/60 Hz<\/li>\n<li style='margin-bottom: 5px;'><strong>Voltaje de salida:<\/strong> 102 &#8211; 132 V<\/li>\n<li style='margin-bottom: 5px;'><strong>Dimensiones:<\/strong> 274 x 95 x 139 mm<\/li>\n<li style='margin-bottom: 5px;'><strong>Garant\u00eda:<\/strong> 5 a\u00f1os (en la bater\u00eda aplica 1 a\u00f1o)<\/li>\n<li style='margin-bottom: 5px;'><strong>Nota:<\/strong> incluye puerto USB para el monitoreo del propio dispositivo (no se integra con otros softwares)<\/li>\n<li style='margin-bottom: 5px;'><strong>Bater\u00eda de respaldo sugerida:<\/strong> <a href='https:\/\/www.syscom.mx\/products\/196555' style='color: inherit; text-decoration: underline;'>PS-1290-F2<\/a><\/li>\n<\/ul><\/div>\n<\/p><\/div>\n<p> <!-- Separador --> <\/p>\n<hr style='border: 0; border-top: 1px solid rgba(150&comma; 150&comma; 150&comma; 0.3); margin: 30px 0;'> <!-- Secci\u00f3n de tiempo de respaldo --> <\/p>\n<div style='display: flex; flex-wrap: wrap; gap: 30px; margin-bottom: 30px;'>\n<div style='flex: 1 1 300px; min-width: 280px;'>\n<h3 style='font-size: 22px; border-bottom: 2px solid currentColor; padding-bottom: 5px; margin-top: 0; color: inherit; opacity: 0.8;'>Tiempo de respaldo<\/h3>\n<ul style='padding-left: 20px; font-size: 15px; color: inherit;'>\n<li style='margin-bottom: 5px;'>15 Watts = 280 minutos<\/li>\n<li style='margin-bottom: 5px;'>32 Watts = 110 minutos<\/li>\n<li style='margin-bottom: 5px;'>42 Watts = 90 minutos<\/li>\n<li style='margin-bottom: 5px;'>55 Watts = 65 minutos<\/li>\n<li style='margin-bottom: 5px;'>65 Watts = 50 minutos<\/li>\n<\/ul><\/div>\n<\/p><\/div>\n<p> <!-- Separador --> <\/p>\n<hr style='border: 0; border-top: 1px solid rgba(150&comma; 150&comma; 150&comma; 0.3); margin: 30px 0;'> <!-- Imagen final --> <\/p>\n<div style='margin-top: 30px; text-align: center;'> <img style='width: 100%; height: auto; border: 1px solid rgba(150&comma;150&comma;150&comma;0.3); border-radius: 8px;' src='https:\/\/ftp3.syscom.mx\/usuarios\/jsosa\/HIKVISION\/imagenes\/banners\/solution%20complete.png' alt='Soluci\u00f3n completa HIKVISION'> <\/div>\n<\/p><\/div>\n","protected":false},"excerpt":{"rendered":"<p>UPS de 1000 VA \/ 600 W \/ Protecci\u00f3n Contra Sobrecarga y Descarga \/ Entrada y Salida 120 VCA \/ 6 Tomas NEMA 5-15R (4 con Respaldo y 2 sin Respaldo)<\/p>\n","protected":false},"featured_media":95901,"comment_status":"open","ping_status":"closed","template":"","meta":[],"product_brand":[],"product_cat":[1231],"product_tag":[142,54,1232],"class_list":{"0":"post-95902","1":"product","2":"type-product","3":"status-publish","4":"has-post-thumbnail","6":"product_cat-ups-no-break-energia-videovigilancia","7":"product_tag-energia","8":"product_tag-hikvision","9":"product_tag-ups-no-break-2","11":"first","12":"instock","13":"sale","14":"shipping-taxable","15":"purchasable","16":"product-type-simple"},"_links":{"self":[{"href":"https:\/\/soydeaqui.ddns.net\/pachuca\/index.php\/wp-json\/wp\/v2\/product\/95902","targetHints":{"allow":["GET"]}}],"collection":[{"href":"https:\/\/soydeaqui.ddns.net\/pachuca\/index.php\/wp-json\/wp\/v2\/product"}],"about":[{"href":"https:\/\/soydeaqui.ddns.net\/pachuca\/index.php\/wp-json\/wp\/v2\/types\/product"}],"replies":[{"embeddable":true,"href":"https:\/\/soydeaqui.ddns.net\/pachuca\/index.php\/wp-json\/wp\/v2\/comments?post=95902"}],"wp:featuredmedia":[{"embeddable":true,"href":"https:\/\/soydeaqui.ddns.net\/pachuca\/index.php\/wp-json\/wp\/v2\/media\/95901"}],"wp:attachment":[{"href":"https:\/\/soydeaqui.ddns.net\/pachuca\/index.php\/wp-json\/wp\/v2\/media?parent=95902"}],"wp:term":[{"taxonomy":"product_brand","embeddable":true,"href":"https:\/\/soydeaqui.ddns.net\/pachuca\/index.php\/wp-json\/wp\/v2\/product_brand?post=95902"},{"taxonomy":"product_cat","embeddable":true,"href":"https:\/\/soydeaqui.ddns.net\/pachuca\/index.php\/wp-json\/wp\/v2\/product_cat?post=95902"},{"taxonomy":"product_tag","embeddable":true,"href":"https:\/\/soydeaqui.ddns.net\/pachuca\/index.php\/wp-json\/wp\/v2\/product_tag?post=95902"}],"curies":[{"name":"wp","href":"https:\/\/api.w.org\/{rel}","templated":true}]}}