{"id":95866,"date":"2026-03-20T07:47:35","date_gmt":"2026-03-20T07:47:35","guid":{"rendered":"https:\/\/soydeaqui.ddns.net\/pachuca\/index.php\/producto\/tandemvu-domo-ptz-ip-4-megapixel-con-camara-panoramica-180o-de-6-megapixel-42x-zoom-300-mts-ir-y-30-mts-luz-blanca-ip67-ik10-autoseguimiento-wiper-deep-learning-entrada-salida-de-au\/"},"modified":"2026-03-20T07:47:47","modified_gmt":"2026-03-20T07:47:47","slug":"tandemvu-domo-ptz-ip-4-megapixel-con-camara-panoramica-180o-de-6-megapixel-42x-zoom-300-mts-ir-y-30-mts-luz-blanca-ip67-ik10-autoseguimiento-wiper-deep-learning-entrada-salida-de-au","status":"publish","type":"product","link":"https:\/\/soydeaqui.ddns.net\/pachuca\/index.php\/producto\/tandemvu-domo-ptz-ip-4-megapixel-con-camara-panoramica-180o-de-6-megapixel-42x-zoom-300-mts-ir-y-30-mts-luz-blanca-ip67-ik10-autoseguimiento-wiper-deep-learning-entrada-salida-de-au\/","title":{"rendered":"[TandemVu] Domo PTZ IP 4 Megapixel con C\u00e1mara Panoramica 180\u00ba de 6 Megapixel \/ 42X Zoom \/ 300 mts IR y 30 mts Luz Blanca \/ IP67 \/ IK10  \/ Autoseguimiento \/ Wiper \/ Deep learning \/ Entrada-Salida de Audio y Alarma \/ Ultra Baja Iluminaci\u00f3"},"content":{"rendered":"<div style='width: 100%; max-width: 1200px; margin: 0 auto; font-family: sans-serif; line-height: 1.6; color: inherit; background-color: transparent;'> <!-- Logo Hikvision --> <\/p>\n<div style='text-align: center; margin-bottom: 30px;'> <img style='width: 45%; height: auto; border: 1px solid rgba(150&comma;150&comma;150&comma;0.3); border-radius: 8px; max-width: 300px;' src='https:\/\/ftp3.syscom.mx\/usuarios\/jsosa\/HIKVISION\/imagenes\/logo\/hikvision%20see%20far.png' alt='Logo Hikvision'> <\/div>\n<p> <!-- Video principal --> <\/p>\n<div style='position: relative; padding-bottom: 56.25%; height: 0; overflow: hidden; margin-bottom: 30px;'> <video style='position: absolute; top: 0; left: 0; width: 100%; height: 100%; border: none; border-radius: 8px;' loop muted controls><source src='https:\/\/ftp3.syscom.mx\/usuarios\/fcarrillo\/Hikvision\/videos\/Intelligent%20Applications%20TandemVu.mp4' type='video\/mp4'>Tu navegador no soporta el elemento de video.<\/video> <\/div>\n<p> <!-- Secci\u00f3n de caracter\u00edsticas con grid --> <\/p>\n<div style='display: grid; grid-template-columns: repeat(auto-fill&comma; minmax(300px&comma; 1fr)); gap: 30px; margin-bottom: 30px;'> <!-- Caracter\u00edsticas principales --> <\/p>\n<div style='border: 1px solid rgba(150&comma;150&comma;150&comma;0.4); border-radius: 8px; overflow: hidden; display: flex; flex-direction: column;'>\n<div style='padding: 15px; border-bottom: 1px solid rgba(150&comma;150&comma;150&comma;0.2); font-weight: bold; font-size: 18px; color: inherit; background-color: rgba(255&comma; 0&comma; 0&comma; 0.05);'>Caracter\u00edsticas principales<\/div>\n<div style='padding: 15px; color: inherit;'>\n<ul style='padding-left: 20px; margin: 0; font-size: 14px; list-style-type: disc;'>\n<li style='margin-bottom: 10px;'><strong>C\u00e1mara PTZ<\/strong>\n<ul style='padding-left: 20px; margin-top: 5px; margin-bottom: 0;'>\n<li style='margin-bottom: 5px;'>Resoluci\u00f3n m\u00e1xima: 4 Megapixel (2560 \u00d7 1440)<\/li>\n<li style='margin-bottom: 5px;'>Iluminaci\u00f3n m\u00ednima: color 0.005 Lux @ (F1.6&comma; AGC ON)<\/li>\n<li style='margin-bottom: 5px;'>Iluminaci\u00f3n m\u00ednima: B\/N 0.001 Lux @ (F1.6&comma; AGC ON)<\/li>\n<li style='margin-bottom: 5px;'>D\u00eda \/ Noche Real (filtro ICR)<\/li>\n<li style='margin-bottom: 5px;'>Distancia focal: 6 a 252 mm (42X zoom \u00f3ptico \/ 16X zoom digital)<\/li>\n<li style='margin-bottom: 5px;'>Funciones normales: HLC \/ ROI \/ WDR 120dB \/ BLC<\/li>\n<li style='margin-bottom: 5px;'>Distancia de infrarrojo: 300 mts Smart IR<\/li>\n<\/ul>\n<\/li>\n<li style='margin-bottom: 10px;'><strong>C\u00e1mara Panor\u00e1mica<\/strong>\n<ul style='padding-left: 20px; margin-top: 5px; margin-bottom: 0;'>\n<li style='margin-bottom: 5px;'>Resoluci\u00f3n m\u00e1xima: 6 Megapixel (3680 \u00d7 1656)<\/li>\n<li style='margin-bottom: 5px;'>Iluminaci\u00f3n m\u00ednima: color 0.005 Lux @ (F1.6&comma; AGC ON)<\/li>\n<li style='margin-bottom: 5px;'>Iluminaci\u00f3n m\u00ednima: 0 Lux con IR<\/li>\n<li style='margin-bottom: 5px;'>D\u00eda \/ Noche Real (filtro ICR)<\/li>\n<\/ul>\n<\/li>\n<li style='margin-bottom: 5px;'>Funciones normales: HLC \/ ROI \/ WDR 120dB \/ BLC<\/li>\n<li style='margin-bottom: 5px;'>Detecci\u00f3n de Rostro \/ Detecci\u00f3n de Intrusi\u00f3n \/ Cruce de l\u00ednea \/ Entrada-Salida de Regi\u00f3n \/ Objeto Removido \/ Equipaje Desatendido<\/li>\n<li style='margin-bottom: 5px;'>Compresi\u00f3n: H.265+ \/ H.265 \/ H.264+ \/ H.264<\/li>\n<li style='margin-bottom: 5px;'>Compatible con la plataforma de Hik-Connect<\/li>\n<li style='margin-bottom: 5px;'>Soporta autoseguimiento (seguimiento inteligente)<\/li>\n<\/ul><\/div>\n<\/p><\/div>\n<p> <!-- Caracter\u00edsticas F\u00edsicas y El\u00e9ctricas --> <\/p>\n<div style='border: 1px solid rgba(150&comma;150&comma;150&comma;0.4); border-radius: 8px; overflow: hidden; display: flex; flex-direction: column;'>\n<div style='padding: 15px; border-bottom: 1px solid rgba(150&comma;150&comma;150&comma;0.2); font-weight: bold; font-size: 18px; color: inherit; background-color: rgba(255&comma; 0&comma; 0&comma; 0.05);'>Caracter\u00edsticas F\u00edsicas y El\u00e9ctricas<\/div>\n<div style='padding: 15px; color: inherit;'>\n<ul style='padding-left: 20px; margin: 0; font-size: 14px; list-style-type: disc;'>\n<li style='margin-bottom: 5px;'>Alimentaci\u00f3n: 36 Vcc<\/li>\n<li style='margin-bottom: 5px;'>Temperatura de operaci\u00f3n: -30\u00b0C a 65\u00b0C \/ Humedad al 90% m\u00e1ximo<\/li>\n<li style='margin-bottom: 5px;'>Uso en exterior IP66 \/ IK10<\/li>\n<li style='margin-bottom: 5px;'>Protecci\u00f3n contra sobretensiones y protecci\u00f3n contra voltajes transistorios<\/li>\n<li style='margin-bottom: 5px;'>Dimensiones: 290 mm \u00d7 453.2 mm<\/li>\n<li style='margin-bottom: 5px;'>Peso: 11.5 Kgs<\/li>\n<li style='margin-bottom: 5px; font-weight: bold;'>No incluye fuente de alimentaci\u00f3n<\/li>\n<li style='margin-bottom: 5px; font-weight: bold;'>No incluye brazo<\/li>\n<\/ul>\n<div style='margin-top: 20px;'>\n<h4 style='font-size: 16px; margin-top: 0; margin-bottom: 10px; color: inherit;'>Accesorios<\/h4>\n<ul style='padding-left: 20px; margin: 0; font-size: 14px; list-style-type: disc;'>\n<li style='margin-bottom: 5px;'>Montaje Vertical de Pared \/ Color Plata \/ Exterior: <a href='https:\/\/www.syscom.mx\/producto\/DS-1603ZJ-P-HIKVISION-184691.html' style='color: inherit; text-decoration: underline;' target='_blank' rel='noopener'>DS-1603ZJ-P<\/a><\/li>\n<li style='margin-bottom: 5px;'>Montaje Vertical con Montaje de Poste: <a href='https:\/\/www.syscom.mx\/producto\/DS-1603ZJ-POLE-P-HIKVISION-175436.html' style='color: inherit; text-decoration: underline;' target='_blank' rel='noopener'>DS-1603ZJ-POLE-P<\/a><\/li>\n<\/ul><\/div>\n<\/p><\/div>\n<\/p><\/div>\n<p> <!-- Caracter\u00edsticas Generales --> <\/p>\n<div style='border: 1px solid rgba(150&comma;150&comma;150&comma;0.4); border-radius: 8px; overflow: hidden; display: flex; flex-direction: column;'>\n<div style='padding: 15px; border-bottom: 1px solid rgba(150&comma;150&comma;150&comma;0.2); font-weight: bold; font-size: 18px; color: inherit; background-color: rgba(255&comma; 0&comma; 0&comma; 0.05);'>Caracter\u00edsticas Generales<\/div>\n<div style='padding: 15px; color: inherit;'>\n<ul style='padding-left: 20px; margin: 0; font-size: 14px; list-style-type: disc;'>\n<li style='margin-bottom: 5px;'>Paneo: 360\u00b0<\/li>\n<li style='margin-bottom: 5px;'>Tilt: -15\u00b0 a 90\u00ba<\/li>\n<li style='margin-bottom: 5px;'>Presets: 300<\/li>\n<li style='margin-bottom: 5px;'>Patrol: 8 (hasta 32 presets por patrol)<\/li>\n<li style='margin-bottom: 5px;'>Pattern: 4 (hasta 10 minutos por pattern)<\/li>\n<li style='margin-bottom: 5px;'>Tareas calendarizadas<\/li>\n<li style='margin-bottom: 5px;'>Soporta hasta 20 usuarios simult\u00e1neos<\/li>\n<\/ul>\n<div style='margin-top: 20px;'>\n<h4 style='font-size: 16px; margin-top: 0; margin-bottom: 10px; color: inherit;'>Entradas y Salidas de Audio \/ Alarmas \/ Red<\/h4>\n<ul style='padding-left: 20px; margin: 0; font-size: 14px; list-style-type: disc;'>\n<li style='margin-bottom: 5px;'>Entradas de alarma: 7<\/li>\n<li style='margin-bottom: 5px;'>Salidas de alarma: 2<\/li>\n<li style='margin-bottom: 5px;'>Entradas de audio: 1<\/li>\n<li style='margin-bottom: 5px;'>Salidas de audio: 1<\/li>\n<li style='margin-bottom: 5px;'>Puerto de red: 1 (10 \/ 100 Mbps)<\/li>\n<li style='margin-bottom: 5px;'>Almacenamiento micro SD de hasta 256 GB \/ ANR (Automatic Network Recovery)<\/li>\n<li style='margin-bottom: 5px;'>Soporta ONVIF (Profile S&comma; Profile G&comma; Profile T) \/ ISAPI \/ SDK<\/li>\n<\/ul><\/div>\n<\/p><\/div>\n<\/p><\/div>\n<\/p><\/div>\n<p> <!-- Video secundario --> <\/p>\n<div style='position: relative; padding-bottom: 56.25%; height: 0; overflow: hidden; margin-bottom: 30px;'> <video style='position: absolute; top: 0; left: 0; width: 100%; height: 100%; border: none; border-radius: 8px;' loop muted controls><source src='https:\/\/ftp3.syscom.mx\/usuarios\/fcarrillo\/Hikvision\/videos\/DS-2SF8C442MXS-DLW(24F0)(P3).mp4' type='video\/mp4'>Tu navegador no soporta el elemento de video.<\/video> <\/div>\n<p> <!-- Banner soluci\u00f3n completa --> <\/p>\n<div style='margin-top: 30px;'> <img style='width: 100%; height: auto; border: 1px solid rgba(150&comma;150&comma;150&comma;0.3); border-radius: 8px;' src='https:\/\/ftp3.syscom.mx\/usuarios\/jsosa\/HIKVISION\/imagenes\/banners\/solution%20complete.png' alt='Banner soluci\u00f3n completa'> <\/div>\n<\/p><\/div>\n","protected":false},"excerpt":{"rendered":"<p>[TandemVu] Domo PTZ IP 4 Megapixel con C\u00e1mara Panoramica 180\u00ba de 6 Megapixel \/ 42X Zoom \/ 300 mts IR y 30 mts Luz Blanca \/ IP67 \/ IK10  \/ Autoseguimiento \/ Wiper \/ Deep learning \/ Entrada-Salida de Audio y Alarma \/ Ultra Baja Iluminaci\u00f3<\/p>\n","protected":false},"featured_media":95865,"comment_status":"open","ping_status":"closed","template":"","meta":[],"product_brand":[],"product_cat":[1224],"product_tag":[122,54,1225],"class_list":{"0":"post-95866","1":"product","2":"type-product","3":"status-publish","4":"has-post-thumbnail","6":"product_cat-ptz","7":"product_tag-camaras-ip-y-nvrs","8":"product_tag-hikvision","9":"product_tag-ptz","11":"first","12":"instock","13":"sale","14":"shipping-taxable","15":"purchasable","16":"product-type-simple"},"_links":{"self":[{"href":"https:\/\/soydeaqui.ddns.net\/pachuca\/index.php\/wp-json\/wp\/v2\/product\/95866","targetHints":{"allow":["GET"]}}],"collection":[{"href":"https:\/\/soydeaqui.ddns.net\/pachuca\/index.php\/wp-json\/wp\/v2\/product"}],"about":[{"href":"https:\/\/soydeaqui.ddns.net\/pachuca\/index.php\/wp-json\/wp\/v2\/types\/product"}],"replies":[{"embeddable":true,"href":"https:\/\/soydeaqui.ddns.net\/pachuca\/index.php\/wp-json\/wp\/v2\/comments?post=95866"}],"wp:featuredmedia":[{"embeddable":true,"href":"https:\/\/soydeaqui.ddns.net\/pachuca\/index.php\/wp-json\/wp\/v2\/media\/95865"}],"wp:attachment":[{"href":"https:\/\/soydeaqui.ddns.net\/pachuca\/index.php\/wp-json\/wp\/v2\/media?parent=95866"}],"wp:term":[{"taxonomy":"product_brand","embeddable":true,"href":"https:\/\/soydeaqui.ddns.net\/pachuca\/index.php\/wp-json\/wp\/v2\/product_brand?post=95866"},{"taxonomy":"product_cat","embeddable":true,"href":"https:\/\/soydeaqui.ddns.net\/pachuca\/index.php\/wp-json\/wp\/v2\/product_cat?post=95866"},{"taxonomy":"product_tag","embeddable":true,"href":"https:\/\/soydeaqui.ddns.net\/pachuca\/index.php\/wp-json\/wp\/v2\/product_tag?post=95866"}],"curies":[{"name":"wp","href":"https:\/\/api.w.org\/{rel}","templated":true}]}}