{"id":95852,"date":"2026-03-20T07:47:03","date_gmt":"2026-03-20T07:47:03","guid":{"rendered":"https:\/\/soydeaqui.ddns.net\/pachuca\/index.php\/producto\/servidor-de-almacenamiento-en-red-soporta-24-discos-duros-no-incluye-discos-duros-raid-graba-600-canales-ip-doble-procesador\/"},"modified":"2026-03-20T07:47:04","modified_gmt":"2026-03-20T07:47:04","slug":"servidor-de-almacenamiento-en-red-soporta-24-discos-duros-no-incluye-discos-duros-raid-graba-600-canales-ip-doble-procesador","status":"publish","type":"product","link":"https:\/\/soydeaqui.ddns.net\/pachuca\/index.php\/producto\/servidor-de-almacenamiento-en-red-soporta-24-discos-duros-no-incluye-discos-duros-raid-graba-600-canales-ip-doble-procesador\/","title":{"rendered":"Servidor de Almacenamiento en Red \/  Soporta 24 Discos Duros (No incluye Discos Duros) \/ RAID \/ Graba 600 canales IP \/ Doble procesador"},"content":{"rendered":"<div style='width: 100%; max-width: 1200px; margin: 0 auto; font-family: sans-serif; line-height: 1.6; color: inherit; background-color: transparent;'>\n<p style='text-align: center; margin: 0 0 20px;'> <img style='width: 100%; max-width: 540px; height: auto; border: 1px solid rgba(150&comma;150&comma;150&comma;0.3); border-radius: 8px;' src='https:\/\/ftp3.syscom.mx\/usuarios\/jsosa\/HIKVISION\/imagenes\/logo\/hikvision%20see%20far.png' alt='Logo Hikvision'> <\/p>\n<div style='display: flex; flex-wrap: wrap; gap: 30px; margin-bottom: 30px;'>\n<div style='flex: 1 1 300px; min-width: 280px;'>\n<h3 style='font-size: 22px; border-bottom: 2px solid currentColor; padding-bottom: 5px; margin-top: 0; color: inherit; opacity: 0.8;'>Caracter\u00edsticas principales<\/h3>\n<ul style='padding-left: 20px; font-size: 15px; color: inherit; list-style-type: disc;'>\n<li style='margin-bottom: 5px;'>Compatible con sistemas de Hik-Central Professional (no requiere licencias adicionales para grabar)<\/li>\n<li style='margin-bottom: 5px;'>Soporta compresi\u00f3n H.265+ \/ H.265 \/ H.264<\/li>\n<li style='margin-bottom: 5px;'>Soporta hasta 24 HDD internos de hasta 16 TB c\/u SSD\/SAS\/SATA<\/li>\n<li style='margin-bottom: 5px;'>Soporta Hot Swap<\/li>\n<li style='margin-bottom: 5px;'>Doble procesador Xeon 64 bits 6 core<\/li>\n<li style='margin-bottom: 5px;'>Cuenta con fuente de alimentaci\u00f3n redundante<\/li>\n<li style='margin-bottom: 5px;'>Puede grabar hasta 600 c\u00e1maras IP (usando 2 Mbps por c\u00e1mara)<\/li>\n<li style='margin-bottom: 5px;'>Sistema CentOS<\/li>\n<li style='margin-bottom: 5px;'>Soporta arreglo network RAID: N + M: K&comma; N + M \u2264 16&comma; M \u2265 K&comma; N\u2208[1&comma; 15]&comma; M\u2208[1&comma; 4]&comma; K\u2208[1&comma; 4]<\/li>\n<\/ul><\/div>\n<div style='flex: 1 1 300px; min-width: 280px;'>\n<h3 style='font-size: 22px; border-bottom: 2px solid currentColor; padding-bottom: 5px; margin-top: 0; color: inherit; opacity: 0.8;'>Caracter\u00edsticas F\u00edsicas y El\u00e9ctricas<\/h3>\n<ul style='padding-left: 20px; font-size: 15px; color: inherit; list-style-type: disc;'>\n<li style='margin-bottom: 5px;'>Dimensiones: 484 mm x 174 mm x 760 mm<\/li>\n<li style='margin-bottom: 5px;'>Peso: 43 Kg (sin HDD)<\/li>\n<li style='margin-bottom: 5px;'>Alimentaci\u00f3n: 484 W<\/li>\n<\/ul><\/div>\n<\/p><\/div>\n<div style='margin-bottom: 30px;'>\n<p style='text-align: justify; margin-bottom: 15px;'>La serie ICVS es un producto de almacenamiento de alta gama de Hikvision. La arquitectura del controlador garantiza la estabilidad del sistema. El dise\u00f1o del hardware de gama alta adopta 2 procesadores Xeon de 64 bits y 6 n\u00facleos para cada controlador. La plataforma adopta bus PCI-E 3.0 y el canal E\/S de alta velocidad SAS 3.0.<\/p>\n<p style='text-align: justify; margin-bottom: 0;'>Un sistema cluster soporta hasta 300 dispositivos de almacenamiento y la capacidad total puede ser escalable hasta 300PB.<\/p>\n<\/p><\/div>\n<div style='margin-bottom: 30px;'> <img style='width: 100%; height: auto; border: 1px solid rgba(150&comma;150&comma;150&comma;0.3); border-radius: 8px;' src='http:\/\/ftp3.syscom.mx\/usuarios\/yalvarado\/hikvision\/CVR\/CVR.PNG' alt='Diagrama del sistema'> <\/div>\n<\/p><\/div>\n","protected":false},"excerpt":{"rendered":"<p>Servidor de Almacenamiento en Red \/  Soporta 24 Discos Duros (No incluye Discos Duros) \/ RAID \/ Graba 600 canales IP \/ Doble procesador<\/p>\n","protected":false},"featured_media":95851,"comment_status":"open","ping_status":"closed","template":"","meta":[],"product_brand":[],"product_cat":[2064],"product_tag":[2066,54,2065],"class_list":{"0":"post-95852","1":"product","2":"type-product","3":"status-publish","4":"has-post-thumbnail","6":"product_cat-almacenamiento-nas-san-esata","7":"product_tag-almacenamiento-nas-san-esata","8":"product_tag-hikvision","9":"product_tag-servidores-almacenamiento","11":"first","12":"outofstock","13":"sale","14":"shipping-taxable","15":"purchasable","16":"product-type-simple"},"_links":{"self":[{"href":"https:\/\/soydeaqui.ddns.net\/pachuca\/index.php\/wp-json\/wp\/v2\/product\/95852","targetHints":{"allow":["GET"]}}],"collection":[{"href":"https:\/\/soydeaqui.ddns.net\/pachuca\/index.php\/wp-json\/wp\/v2\/product"}],"about":[{"href":"https:\/\/soydeaqui.ddns.net\/pachuca\/index.php\/wp-json\/wp\/v2\/types\/product"}],"replies":[{"embeddable":true,"href":"https:\/\/soydeaqui.ddns.net\/pachuca\/index.php\/wp-json\/wp\/v2\/comments?post=95852"}],"wp:featuredmedia":[{"embeddable":true,"href":"https:\/\/soydeaqui.ddns.net\/pachuca\/index.php\/wp-json\/wp\/v2\/media\/95851"}],"wp:attachment":[{"href":"https:\/\/soydeaqui.ddns.net\/pachuca\/index.php\/wp-json\/wp\/v2\/media?parent=95852"}],"wp:term":[{"taxonomy":"product_brand","embeddable":true,"href":"https:\/\/soydeaqui.ddns.net\/pachuca\/index.php\/wp-json\/wp\/v2\/product_brand?post=95852"},{"taxonomy":"product_cat","embeddable":true,"href":"https:\/\/soydeaqui.ddns.net\/pachuca\/index.php\/wp-json\/wp\/v2\/product_cat?post=95852"},{"taxonomy":"product_tag","embeddable":true,"href":"https:\/\/soydeaqui.ddns.net\/pachuca\/index.php\/wp-json\/wp\/v2\/product_tag?post=95852"}],"curies":[{"name":"wp","href":"https:\/\/api.w.org\/{rel}","templated":true}]}}