{"id":95848,"date":"2026-03-20T07:46:51","date_gmt":"2026-03-20T07:46:51","guid":{"rendered":"https:\/\/soydeaqui.ddns.net\/pachuca\/index.php\/producto\/domo-ptz-ip-8-megapixeles-31x-zoom-wdr-real-microsd-entrada-y-salida-de-alarma-lente-6-5mm-202mm-ir-300-ndaa\/"},"modified":"2026-03-20T07:46:57","modified_gmt":"2026-03-20T07:46:57","slug":"domo-ptz-ip-8-megapixeles-31x-zoom-wdr-real-microsd-entrada-y-salida-de-alarma-lente-6-5mm-202mm-ir-300-ndaa","status":"publish","type":"product","link":"https:\/\/soydeaqui.ddns.net\/pachuca\/index.php\/producto\/domo-ptz-ip-8-megapixeles-31x-zoom-wdr-real-microsd-entrada-y-salida-de-alarma-lente-6-5mm-202mm-ir-300-ndaa\/","title":{"rendered":"DOMO PTZ IP | 8 MEGAPIXELES | 31X ZOOM | WDR REAL | MICROSD  | ENTRADA Y SALIDA DE ALARMA | LENTE 6.5MM &#8211; 202MM | IR 300| NDAA"},"content":{"rendered":"<div style='width: 100%; max-width: 1200px; margin: 0 auto; font-family: sans-serif; line-height: 1.6; color: inherit; background-color: transparent;'> <!-- Banner principal --> <\/p>\n<div style='width: 100%; margin-bottom: 30px;'> <img style='width: 100%; height: auto; border: 1px solid rgba(150&comma;150&comma;150&comma;0.3); border-radius: 8px;' src='https:\/\/ftp3.syscom.mx\/usuarios\/fotos\/DCT4831HRXA\/196150-baner-proyectos.jpg' alt='Banner principal'> <\/div>\n<p> <!-- Logos --> <\/p>\n<div style='width: 100%; display: flex; justify-content: center; margin-bottom: 30px;'> <img style='width: 30%; max-width: 300px; height: auto; border: 1px solid rgba(150&comma;150&comma;150&comma;0.3); border-radius: 8px;' src='https:\/\/ftp3.syscom.mx\/usuarios\/luis.vargas\/IDIS\/Imagenes\/logo.png' alt='Logo IDIS'> <\/div>\n<p> <!-- Contenido principal --> <\/p>\n<div style='display: flex; flex-wrap: wrap; gap: 30px; margin-bottom: 30px;'> <!-- Columna izquierda - Imagen y caracter\u00edsticas t\u00e9cnicas --> <\/p>\n<div style='flex: 1 1 300px; min-width: 280px;'>\n<div style='width: 100%; margin-bottom: 20px;'> <img style='width: 100%; height: auto; border: 1px solid rgba(150&comma;150&comma;150&comma;0.3); border-radius: 8px;' src='https:\/\/ftp3.syscom.mx\/usuarios\/albamaria\/albamaria\/IDIS\/camaras\/DC-S6881HRX.png' alt='Camara PTZ IDIS DCS6881HRX'> <\/div>\n<div style='width: 100%; margin-bottom: 20px;'> <img style='width: 100%; height: auto; border: 1px solid rgba(150&comma;150&comma;150&comma;0.3); border-radius: 8px;' src='https:\/\/www.idisglobal.com\/\/uploads\/product\/3fdd6cbc022e6b2938eaf6445f7d9076.png' alt='Caracter\u00edsticas de la c\u00e1mara'> <\/div>\n<div style='border: 1px solid rgba(150&comma;150&comma;150&comma;0.3); border-radius: 8px; overflow: hidden; margin-bottom: 30px;'>\n<div style='padding: 15px; border-bottom: 1px solid rgba(150&comma;150&comma;150&comma;0.2); font-weight: bold; font-size: 18px; color: inherit;'>Caracter\u00edsticas<\/div>\n<div style='padding: 15px; color: inherit;'>\n<ul style='padding-left: 20px; margin: 0; font-size: 14px; list-style-type: disc;'>\n<li style='margin-bottom: 5px;'>Resoluci\u00f3n 4K UHD (3840 x 2160)<\/li>\n<li style='margin-bottom: 5px;'>Lente de zoom \u00f3ptico AF (f = 6&comma;5 &#8211; 202 mm)&comma; zoom de 31x<\/li>\n<li style='margin-bottom: 5px;'>micro SD \/ SDHC \/ SDXC&comma; Smart Failover (hasta 512 GB)<\/li>\n<li style='margin-bottom: 5px;'>Soporta audio bidireccional<\/li>\n<li style='margin-bottom: 5px;'>Entrada y Salida de alarma<\/li>\n<li style='margin-bottom: 5px;'>Soporta IK10 \/ IP66<\/li>\n<li style='margin-bottom: 5px;'>Calefactor incorporado<\/li>\n<li style='margin-bottom: 5px;'>Soporta ICR D\u00eda y noche<\/li>\n<li style='margin-bottom: 5px;'>Soporta WDR Verdadero amplio rango din\u00e1mico<\/li>\n<li style='margin-bottom: 5px;'>Estabilizaci\u00f3n Electronica de imagen (IES)<\/li>\n<li style='margin-bottom: 5px;'>LED de infrarrojos distancia: 300 m<\/li>\n<li style='margin-bottom: 5px;'>Soporta ONVIF<\/li>\n<li style='margin-bottom: 5px;'><strong>Cumple con NDAA.<\/strong><\/li>\n<\/ul><\/div>\n<\/p><\/div>\n<\/p><\/div>\n<p> <!-- Columna central - Caracter\u00edsticas f\u00edsicas --> <\/p>\n<div style='flex: 1 1 300px; min-width: 280px;'>\n<div style='width: 100%; margin-bottom: 20px;'> <img style='width: 100%; height: auto; border: 1px solid rgba(150&comma;150&comma;150&comma;0.3); border-radius: 8px;' src='https:\/\/ftp3.syscom.mx\/usuarios\/albamaria\/albamaria\/IDIS\/camaras\/DC-S6881HRX%20-%20dimensiones1.png' alt='Dimensiones de la c\u00e1mara'> <\/div>\n<div style='border: 1px solid rgba(150&comma;150&comma;150&comma;0.3); border-radius: 8px; overflow: hidden; margin-bottom: 30px;'>\n<div style='padding: 15px; border-bottom: 1px solid rgba(150&comma;150&comma;150&comma;0.2); font-weight: bold; font-size: 18px; color: inherit;'>Caracter\u00edsticas F\u00edsicas y El\u00e9ctricas<\/div>\n<div style='padding: 15px; color: inherit;'>\n<ul style='padding-left: 20px; margin: 0; font-size: 14px; list-style-type: disc;'>\n<li style='margin-bottom: 5px;'>Alimentacion: Hi PoE (75W)&comma; 24 VCA<\/li>\n<li style='margin-bottom: 5px;'>Certificacion: FCC&comma; CE&comma; KC<\/li>\n<li style='margin-bottom: 5px;'>Temperatura: -40\u00b0C ~ +60\u00b0C *Puesto en marcha por encima de -20\u00b0C<\/li>\n<li style='margin-bottom: 5px;'>Humedad Ambiental: 0% &#8211; 90%<\/li>\n<li style='margin-bottom: 5px;'>Dimensiones: \u00d824.2cm x 40.18cm<\/li>\n<li style='margin-bottom: 5px;'>Peso: 7.4 Kg<\/li>\n<li style='margin-bottom: 5px;'>Soporta IK10 \/ IP66<\/li>\n<\/ul><\/div>\n<\/p><\/div>\n<\/p><\/div>\n<p> <!-- Columna derecha - Caracter\u00edsticas generales --> <\/p>\n<div style='flex: 1 1 300px; min-width: 280px;'>\n<div style='width: 100%; margin-bottom: 20px;'> <img style='width: 100%; height: auto; border: 1px solid rgba(150&comma;150&comma;150&comma;0.3); border-radius: 8px;' src='https:\/\/ftp3.syscom.mx\/usuarios\/albamaria\/albamaria\/IDIS\/camaras\/DC-S6881HRX%20-%20LATERAL.jpg' alt='Vista lateral de la c\u00e1mara'> <\/div>\n<div style='border: 1px solid rgba(150&comma;150&comma;150&comma;0.3); border-radius: 8px; overflow: hidden; margin-bottom: 30px;'>\n<div style='padding: 15px; border-bottom: 1px solid rgba(150&comma;150&comma;150&comma;0.2); font-weight: bold; font-size: 18px; color: inherit;'>Caracter\u00edsticas Generales<\/div>\n<div style='padding: 15px; color: inherit;'>\n<ul style='padding-left: 20px; margin: 0; font-size: 14px; list-style-type: disc;'>\n<li style='margin-bottom: 5px;'>Compresi\u00f3n: H.265&comma; H.264 (MP)&comma; M-JPEG<\/li>\n<li style='margin-bottom: 5px;'>Calefactor Interconstruido<\/li>\n<li style='margin-bottom: 5px;'>Buffer de grabaci\u00f3n: 60MB<\/li>\n<li style='margin-bottom: 5px;'>Alarma Entrada (8) \/ Salida (2)<\/li>\n<li style='margin-bottom: 5px;'>Audio Entrada (1) \/ Salida (1)<\/li>\n<li style='margin-bottom: 5px;'>Protocolos de red: DirectIP 2.0 Protocol&comma; IPv4&comma; IPv6&comma; RTP\/RTSP\/TCP&comma; RTP\/RTSP\/HTTP\/TCP&comma; RTP\/UDP RTSP\/TCP&comma; HTTP&comma; HTTPS&comma; FTP&comma; SNTP&comma; SMTP&comma; FEN&comma; mDNS&comma; uPNP&comma; SNMPv2<\/li>\n<li style='margin-bottom: 5px;'>Seguridad: Encriptaci\u00f3n SSL&comma; Autoridad multiusuario&comma; Filtrado de IP IEEE 802.1x&comma; HTTPS<\/li>\n<li style='margin-bottom: 5px;'>Acceso remoto: Conexi\u00f3n Direct IP NVR&comma; IDIS Web&comma; IDIS Mobile&comma; IDIS Solution Suite.<\/li>\n<\/ul><\/div>\n<\/p><\/div>\n<\/p><\/div>\n<\/p><\/div>\n<p> <!-- Imagen de montaje --> <\/p>\n<div style='width: 100%; margin: 30px 0;'> <img style='width: 100%; height: auto; border: 1px solid rgba(150&comma;150&comma;150&comma;0.3); border-radius: 8px;' src='https:\/\/ftp3.syscom.mx\/usuarios\/pnunez\/IDIS\/Imagenes%20ERP\/DC-S3883hrxmontajes1.PNG' alt='Montaje de la c\u00e1mara'> <\/div>\n<p> <!-- Videos de YouTube --> <\/p>\n<div style='display: flex; flex-wrap: wrap; gap: 20px; margin-top: 30px;'>\n<div style='flex: 1 1 300px; min-width: 280px;'>\n<div style='position: relative; padding-bottom: 56.25%; height: 0; overflow: hidden; margin-bottom: 30px;'>   <\/div>\n<\/p><\/div>\n<div style='flex: 1 1 300px; min-width: 280px;'>\n<div style='position: relative; padding-bottom: 56.25%; height: 0; overflow: hidden; margin-bottom: 30px;'>   <\/div>\n<\/p><\/div>\n<div style='flex: 1 1 300px; min-width: 280px;'>\n<div style='position: relative; padding-bottom: 56.25%; height: 0; overflow: hidden; margin-bottom: 30px;'>   <\/div>\n<\/p><\/div>\n<\/p><\/div>\n<p> <!-- Descripci\u00f3n general --> <\/p>\n<div style='width: 100%; margin-top: 30px; padding: 20px; border: 1px solid rgba(150&comma;150&comma;150&comma;0.3); border-radius: 8px;'>\n<h3 style='font-size: 22px; border-bottom: 2px solid currentColor; padding-bottom: 5px; margin-top: 0; color: inherit; opacity: 0.8;'>Descripci\u00f3n General<\/h3>\n<p style='font-size: 15px; margin-bottom: 0;'>Las c\u00e1maras PTZ son c\u00e1maras que se caracteriza porque tiene movimiento y vista panor\u00e1mica&comma; de tal manera que puede rotar&comma; inclinarse y acercar o alejar la imagen&comma; pudiendo ser operada a distancia y controlada de manera remota. Son configurables&comma; el significado de sus siglas identifican los movimientos que pueden realizar&comma; como son movimientos horizontales (Pan)&comma; verticales (Tilt) y acercamientos (Zoom) se manipula por las funciones de control PTZ&comma; incluyendo los puntos preestablecidos&comma; tours&comma; patrones y exploraci\u00f3n.<\/p>\n<\/p><\/div>\n<\/p><\/div>\n","protected":false},"excerpt":{"rendered":"<p>DOMO PTZ IP | 8 MEGAPIXELES | 31X ZOOM | WDR REAL | MICROSD  | ENTRADA Y SALIDA DE ALARMA | LENTE 6.5MM &#8211; 202MM | IR 300| NDAA<\/p>\n","protected":false},"featured_media":95847,"comment_status":"open","ping_status":"closed","template":"","meta":[],"product_brand":[],"product_cat":[1224],"product_tag":[122,2276,1225],"class_list":{"0":"post-95848","1":"product","2":"type-product","3":"status-publish","4":"has-post-thumbnail","6":"product_cat-ptz","7":"product_tag-camaras-ip-y-nvrs","8":"product_tag-idis","9":"product_tag-ptz","11":"first","12":"instock","13":"sale","14":"shipping-taxable","15":"purchasable","16":"product-type-simple"},"_links":{"self":[{"href":"https:\/\/soydeaqui.ddns.net\/pachuca\/index.php\/wp-json\/wp\/v2\/product\/95848","targetHints":{"allow":["GET"]}}],"collection":[{"href":"https:\/\/soydeaqui.ddns.net\/pachuca\/index.php\/wp-json\/wp\/v2\/product"}],"about":[{"href":"https:\/\/soydeaqui.ddns.net\/pachuca\/index.php\/wp-json\/wp\/v2\/types\/product"}],"replies":[{"embeddable":true,"href":"https:\/\/soydeaqui.ddns.net\/pachuca\/index.php\/wp-json\/wp\/v2\/comments?post=95848"}],"wp:featuredmedia":[{"embeddable":true,"href":"https:\/\/soydeaqui.ddns.net\/pachuca\/index.php\/wp-json\/wp\/v2\/media\/95847"}],"wp:attachment":[{"href":"https:\/\/soydeaqui.ddns.net\/pachuca\/index.php\/wp-json\/wp\/v2\/media?parent=95848"}],"wp:term":[{"taxonomy":"product_brand","embeddable":true,"href":"https:\/\/soydeaqui.ddns.net\/pachuca\/index.php\/wp-json\/wp\/v2\/product_brand?post=95848"},{"taxonomy":"product_cat","embeddable":true,"href":"https:\/\/soydeaqui.ddns.net\/pachuca\/index.php\/wp-json\/wp\/v2\/product_cat?post=95848"},{"taxonomy":"product_tag","embeddable":true,"href":"https:\/\/soydeaqui.ddns.net\/pachuca\/index.php\/wp-json\/wp\/v2\/product_tag?post=95848"}],"curies":[{"name":"wp","href":"https:\/\/api.w.org\/{rel}","templated":true}]}}