{"id":95843,"date":"2026-03-20T07:46:38","date_gmt":"2026-03-20T07:46:38","guid":{"rendered":"https:\/\/soydeaqui.ddns.net\/pachuca\/index.php\/producto\/kit-solar-ip-all-in-one-doble-deteccion-radar-pir-bala-ip-4-megapixel-lente-4-mm-panel-solar-bateria-de-respaldo-de-litio-10ah-hasta-11-dias-conexion-4g-audio-de-dos-vias-accesor\/"},"modified":"2026-03-20T07:46:45","modified_gmt":"2026-03-20T07:46:45","slug":"kit-solar-ip-all-in-one-doble-deteccion-radar-pir-bala-ip-4-megapixel-lente-4-mm-panel-solar-bateria-de-respaldo-de-litio-10ah-hasta-11-dias-conexion-4g-audio-de-dos-vias-accesor","status":"publish","type":"product","link":"https:\/\/soydeaqui.ddns.net\/pachuca\/index.php\/producto\/kit-solar-ip-all-in-one-doble-deteccion-radar-pir-bala-ip-4-megapixel-lente-4-mm-panel-solar-bateria-de-respaldo-de-litio-10ah-hasta-11-dias-conexion-4g-audio-de-dos-vias-accesor\/","title":{"rendered":"Kit Solar IP All in One \/ Doble Detecci\u00f3n (Radar + PIR) \/ Bala IP 4 Megapixel \/ Lente 4 mm \/ Panel Solar \/ Bater\u00eda de Respaldo de Litio 10Ah (Hasta 11 D\u00edas) \/ Conexi\u00f3n 4G \/ Audio de Dos V\u00edas \/ Accesorios de Inst. \/ Direc"},"content":{"rendered":"<div style='width: 100%; max-width: 1200px; margin: 0 auto; font-family: sans-serif; line-height: 1.6; color: inherit; background-color: transparent;'>\n<div style='display: flex; flex-wrap: wrap; gap: 30px; margin-bottom: 30px;'>\n<div style='flex: 1 1 300px; min-width: 280px;'> <img style='width: 100%; height: auto; border: 1px solid rgba(150&comma;150&comma;150&comma;0.3); border-radius: 8px;' src='https:\/\/ftp3.syscom.mx\/usuarios\/jsosa\/HIKVISION\/imagenes\/logo\/hikvision%20see%20far.png' alt='Logo Hikvision'> <\/div>\n<\/p><\/div>\n<div style='position: relative; padding-bottom: 56.25%; height: 0; overflow: hidden; margin-bottom: 30px;'>   <\/div>\n<div style='display: flex; flex-wrap: wrap; gap: 30px; margin-bottom: 30px;'>\n<div style='flex: 1 1 300px; min-width: 280px;'> <img style='width: 100%; height: auto; border: 1px solid rgba(150&comma;150&comma;150&comma;0.3); border-radius: 8px;' src='https:\/\/ftp3.syscom.mx\/usuarios\/fotos\/DS2XS2T41G1ID\/4G\/C05S07\/217756-sin_t\u00edtulo.png' alt='Imagen del producto'> <\/div>\n<\/p><\/div>\n<div style='display: flex; flex-wrap: wrap; gap: 20px; margin-bottom: 30px;'>\n<div style='flex: 1 1 250px; border: 1px solid rgba(150&comma; 150&comma; 150&comma; 0.4); border-radius: 8px; overflow: hidden; display: flex; flex-direction: column;'>\n<div style='padding: 15px; border-bottom: 1px solid rgba(150&comma; 150&comma; 150&comma; 0.2); font-weight: bold; font-size: 18px; color: inherit; background: #df001e; border-bottom: #a80000; color: white;'>Caracter\u00edsticas Principales:<\/div>\n<div style='padding: 15px; color: inherit;'>\n<ul style='padding-left: 20px; margin: 0; font-size: 14px; list-style-type: disc;'>\n<li style='margin-bottom: 5px;'><span style='color: inherit; font-family: sans-serif;'>Sensor de imagen: 1\/3&#8242; CMOS Scan Progresivo.<\/span><\/li>\n<li style='margin-bottom: 5px;'><span style='color: inherit; font-family: sans-serif;'>Iluminaci\u00f3n m\u00ednima: Color: 0.01 Lux @ (F1.6&comma; AGC ON).<\/span><\/li>\n<li style='margin-bottom: 5px;'><span style='color: inherit; font-family: sans-serif;'>Distancia focal: 4 mm.<\/span><\/li>\n<li style='margin-bottom: 5px;'><span style='color: inherit; font-family: sans-serif;'>Distancia de IR: 10 m IR EXIR inteligente (modo Proactivo).<\/span><\/li>\n<li style='margin-bottom: 5px;'><span style='color: inherit; font-family: sans-serif;'>Dia \/ Noche real (filtro ICR).<\/span><\/li>\n<li style='margin-bottom: 5px;'><span style='color: inherit; font-family: sans-serif;'>Funciones: WDR 120 dB&comma; 3D-DNR \/ EIS \/ HLC \/ BLC<\/span><\/li>\n<li style='margin-bottom: 5px;'><span style='color: inherit; font-family: sans-serif;'>Ranura para SIM de datos (4G)<\/span><\/li>\n<li style='margin-bottom: 5px;'><span style='color: inherit; font-family: sans-serif;'>Rango de detecci\u00f3n de radar: 12 m.<\/span><\/li>\n<\/ul><\/div>\n<\/p><\/div>\n<div style='flex: 1 1 250px; border: 1px solid rgba(150&comma; 150&comma; 150&comma; 0.4); border-radius: 8px; overflow: hidden; display: flex; flex-direction: column;'>\n<div style='padding: 15px; border-bottom: 1px solid rgba(150&comma; 150&comma; 150&comma; 0.2); font-weight: bold; font-size: 18px; color: inherit; background: #df001e; border-bottom: #a80000; color: white;'>Entradas y Salidas de Audio \/ Alarmas \/ Red \/ Almacenamiento:<\/div>\n<div style='padding: 15px; color: inherit;'>\n<ul style='padding-left: 20px; margin: 0; font-size: 14px; list-style-type: disc;'>\n<li style='margin-bottom: 5px;'><span style='color: inherit; font-family: sans-serif;'>Soporta Micro SD de hasta 256 GB (no incluida).<\/span><\/li>\n<li style='margin-bottom: 5px;'><span style='color: inherit; font-family: sans-serif;'>Red: 1 puerto RJ45 (10 \/ 100 Mbps) para configuraci\u00f3n.<\/span><\/li>\n<li style='margin-bottom: 5px;'><span style='color: inherit; font-family: sans-serif;'>Micr\u00f3fono y Altavoz integrados.<\/span><\/li>\n<\/ul><\/div>\n<\/p><\/div>\n<div style='flex: 1 1 250px; border: 1px solid rgba(150&comma; 150&comma; 150&comma; 0.4); border-radius: 8px; overflow: hidden; display: flex; flex-direction: column;'>\n<div style='padding: 15px; border-bottom: 1px solid rgba(150&comma; 150&comma; 150&comma; 0.2); font-weight: bold; font-size: 18px; color: inherit; background: #df001e; border-bottom: #a80000; color: white;'>Caracter\u00edsticas F\u00edsicas y El\u00e9ctricas:<\/div>\n<div style='padding: 15px; color: inherit;'>\n<ul style='padding-left: 20px; margin: 0; font-size: 14px; list-style-type: disc;'>\n<li style='margin-bottom: 5px;'><span style='color: inherit; font-family: sans-serif;'>Aplicaci\u00f3n: Exterior.<\/span><\/li>\n<li style='margin-bottom: 5px;'><span style='color: inherit; font-family: sans-serif;'>Protecci\u00f3n: IP67.<\/span><\/li>\n<li style='margin-bottom: 5px;'><span style='color: inherit; font-family: sans-serif;'>Temperatura de operaci\u00f3n: 0\u00b0C a 50\u00b0C.<\/span><\/li>\n<li style='margin-bottom: 5px;'><span style='color: inherit; font-family: sans-serif;'>Alimentaci\u00f3n \/ Consumo: 12 Vcc \/ 7W (no incluido)<\/span><\/li>\n<li style='margin-bottom: 5px;'><span style='color: inherit; font-family: sans-serif;'>Dimensiones: 213.7 mm \u00d7 292.4 mm \u00d7 188.7 mm<\/span><\/li>\n<li style='margin-bottom: 5px;'><span style='color: inherit; font-family: sans-serif;'>Peso: 1.42 kgs.<\/span><\/li>\n<li style='margin-bottom: 5px;'><span style='color: inherit; font-family: sans-serif; font-weight: bold;'>Incluye:<\/span> c\u00e1mara&comma; panel solar&comma; bater\u00eda de respaldo&comma; montaje de pared y poste.<\/li>\n<\/ul><\/div>\n<\/p><\/div>\n<div style='flex: 1 1 250px; border: 1px solid rgba(150&comma; 150&comma; 150&comma; 0.4); border-radius: 8px; overflow: hidden; display: flex; flex-direction: column;'>\n<div style='padding: 15px; border-bottom: 1px solid rgba(150&comma; 150&comma; 150&comma; 0.2); font-weight: bold; font-size: 18px; color: inherit; background: #df001e; border-bottom: #a80000; color: white;'>Consideraciones:<\/div>\n<div style='padding: 15px; color: inherit;'>\n<ul style='padding-left: 20px; margin: 0; font-size: 14px; list-style-type: disc;'>\n<li style='margin-bottom: 5px;'><span style='color: inherit; font-family: sans-serif;'>El <span style='font-weight: bold;'>SIM<\/span> no est\u00e1 incluido en el kit&comma; debe ser adquirido por separado.<\/span><\/li>\n<li style='margin-bottom: 5px;'><span style='color: inherit; font-family: sans-serif;'>Este kit solar es aut\u00f3nomo&comma; se puede conectar directo a la App de Hik-Connect (escaneando el c\u00f3digo QR)&comma; s\u00f3lo es necesario agregar el SIM de datos para que consuma internet y visualizarlo de manera remota.<\/span><\/li>\n<li style='margin-bottom: 5px;'><span style='color: inherit; font-family: sans-serif;'>No requiere alimentaci\u00f3n adicional&comma; el mismo equipo cuenta con un panel solar y banco de bater\u00edas para tener autonom\u00eda.<\/span><\/li>\n<li style='margin-bottom: 5px;'><span style='color: inherit; font-family: sans-serif;'>Si necesitamos tener grabaci\u00f3n requiere una memoria micro SD para su grabaci\u00f3n local.<\/span><\/li>\n<li style='margin-bottom: 5px;'><span style='color: inherit; font-family: sans-serif;'>Podemos tener audio de dos v\u00edas (audio bidireccional) desde la App Hik-Connect.<\/span><\/li>\n<\/ul><\/div>\n<\/p><\/div>\n<\/p><\/div>\n<hr style='border: 0; border-top: 1px solid rgba(150&comma; 150&comma; 150&comma; 0.3); margin: 30px 0;'>\n<div style='display: flex; flex-wrap: wrap; gap: 30px; margin-bottom: 30px;'>\n<div style='flex: 1 1 300px; min-width: 280px;'> <img style='width: 100%; height: auto; border: 1px solid rgba(150&comma;150&comma;150&comma;0.3); border-radius: 8px;' src='https:\/\/ftp3.syscom.mx\/usuarios\/jsosa\/HIKVISION\/imagenes\/banners\/solution%20complete.png' alt='Banner soluci\u00f3n completa'> <\/div>\n<\/p><\/div>\n<\/p><\/div>\n","protected":false},"excerpt":{"rendered":"<p>Kit Solar IP All in One \/ Doble Detecci\u00f3n (Radar + PIR) \/ Bala IP 4 Megapixel \/ Lente 4 mm \/ Panel Solar \/ Bater\u00eda de Respaldo de Litio 10Ah (Hasta 11 D\u00edas) \/ Conexi\u00f3n 4G \/ Audio de Dos V\u00edas \/ Accesorios de Inst. \/ Direc<\/p>\n","protected":false},"featured_media":95842,"comment_status":"open","ping_status":"closed","template":"","meta":[],"product_brand":[],"product_cat":[438],"product_tag":[439,122,54],"class_list":{"0":"post-95843","1":"product","2":"type-product","3":"status-publish","4":"has-post-thumbnail","6":"product_cat-bala","7":"product_tag-bala","8":"product_tag-camaras-ip-y-nvrs","9":"product_tag-hikvision","11":"first","12":"outofstock","13":"sale","14":"shipping-taxable","15":"purchasable","16":"product-type-simple"},"_links":{"self":[{"href":"https:\/\/soydeaqui.ddns.net\/pachuca\/index.php\/wp-json\/wp\/v2\/product\/95843","targetHints":{"allow":["GET"]}}],"collection":[{"href":"https:\/\/soydeaqui.ddns.net\/pachuca\/index.php\/wp-json\/wp\/v2\/product"}],"about":[{"href":"https:\/\/soydeaqui.ddns.net\/pachuca\/index.php\/wp-json\/wp\/v2\/types\/product"}],"replies":[{"embeddable":true,"href":"https:\/\/soydeaqui.ddns.net\/pachuca\/index.php\/wp-json\/wp\/v2\/comments?post=95843"}],"wp:featuredmedia":[{"embeddable":true,"href":"https:\/\/soydeaqui.ddns.net\/pachuca\/index.php\/wp-json\/wp\/v2\/media\/95842"}],"wp:attachment":[{"href":"https:\/\/soydeaqui.ddns.net\/pachuca\/index.php\/wp-json\/wp\/v2\/media?parent=95843"}],"wp:term":[{"taxonomy":"product_brand","embeddable":true,"href":"https:\/\/soydeaqui.ddns.net\/pachuca\/index.php\/wp-json\/wp\/v2\/product_brand?post=95843"},{"taxonomy":"product_cat","embeddable":true,"href":"https:\/\/soydeaqui.ddns.net\/pachuca\/index.php\/wp-json\/wp\/v2\/product_cat?post=95843"},{"taxonomy":"product_tag","embeddable":true,"href":"https:\/\/soydeaqui.ddns.net\/pachuca\/index.php\/wp-json\/wp\/v2\/product_tag?post=95843"}],"curies":[{"name":"wp","href":"https:\/\/api.w.org\/{rel}","templated":true}]}}