{"id":95832,"date":"2026-03-20T07:46:12","date_gmt":"2026-03-20T07:46:12","guid":{"rendered":"https:\/\/soydeaqui.ddns.net\/pachuca\/index.php\/producto\/hilook-series-bala-ip-2-megapixel-1080p-lente-2-8-mm-20-mts-ir-exterior-ip67-poe-dwdr-h-265-onvif\/"},"modified":"2026-03-20T07:46:21","modified_gmt":"2026-03-20T07:46:21","slug":"hilook-series-bala-ip-2-megapixel-1080p-lente-2-8-mm-20-mts-ir-exterior-ip67-poe-dwdr-h-265-onvif","status":"publish","type":"product","link":"https:\/\/soydeaqui.ddns.net\/pachuca\/index.php\/producto\/hilook-series-bala-ip-2-megapixel-1080p-lente-2-8-mm-20-mts-ir-exterior-ip67-poe-dwdr-h-265-onvif\/","title":{"rendered":"HiLook Series \/ Bala IP 2 Megapixel (1080p) \/ Lente 2.8 mm \/ 20 mts IR \/ Exterior IP67 \/ PoE \/ dWDR \/ H.265+ \/ ONVIF"},"content":{"rendered":"<div style='width: 100%; max-width: 1200px; margin: 0 auto; font-family: sans-serif; line-height: 1.6; color: inherit; background-color: transparent;'> <!-- Imagen principal --> <\/p>\n<div style='width: 100%; text-align: center; margin-bottom: 20px;'> <img style='width: 45%; max-width: 100%; height: auto; border: 1px solid rgba(150&comma;150&comma;150&comma;0.3); border-radius: 8px;' src='https:\/\/ftp3.syscom.mx\/usuarios\/fotos\/IPCB120\/143291-hilook.png' alt='Producto'> <\/div>\n<p> <!-- Secci\u00f3n de videos --> <\/p>\n<div style='display: flex; flex-wrap: wrap; gap: 20px; margin-bottom: 30px;'>\n<div style='flex: 1 1 400px; min-width: 300px;'>\n<div style='position: relative; padding-bottom: 56.25%; height: 0; overflow: hidden;'>   <\/div>\n<\/p><\/div>\n<div style='flex: 1 1 400px; min-width: 300px;'>\n<div style='position: relative; padding-bottom: 56.25%; height: 0; overflow: hidden;'>   <\/div>\n<\/p><\/div>\n<div style='flex: 1 1 400px; min-width: 300px;'>\n<div style='position: relative; padding-bottom: 56.25%; height: 0; overflow: hidden;'>   <\/div>\n<\/p><\/div>\n<div style='flex: 1 1 400px; min-width: 300px;'>\n<div style='position: relative; padding-bottom: 56.25%; height: 0; overflow: hidden;'>   <\/div>\n<\/p><\/div>\n<\/p><\/div>\n<p> <!-- Tarjetas de especificaciones --> <\/p>\n<div style='display: flex; flex-wrap: wrap; gap: 20px; margin-bottom: 30px;'> <!-- Caracter\u00edsticas Principales --> <\/p>\n<div style='flex: 1 1 300px; min-width: 280px; border: 1px solid rgba(150&comma; 150&comma; 150&comma; 0.4); border-radius: 8px; overflow: hidden; display: flex; flex-direction: column;'>\n<div style='padding: 15px; border-bottom: 1px solid rgba(150&comma; 150&comma; 150&comma; 0.2); font-weight: bold; font-size: 18px; background-color: #266ca9; color: white;'>Caracter\u00edsticas Principales<\/div>\n<div style='padding: 15px; color: inherit; flex-grow: 1;'>\n<ul style='padding-left: 20px; margin: 0; font-size: 14px; list-style-type: disc; color: inherit;'>\n<li style='margin-bottom: 5px; color: inherit;'>Resoluci\u00f3n m\u00e1xima: 1920 x 1080 (2 Megapixel).<\/li>\n<li style='margin-bottom: 5px; color: inherit;'>Iluminaci\u00f3n m\u00ednima: color 0.01 Lux @ (F2.0&comma; AGC ON).<\/li>\n<li style='margin-bottom: 5px; color: inherit;'>Iluminaci\u00f3n m\u00ednima: B\/N 0.028 Lux con IR.<\/li>\n<li style='margin-bottom: 5px; color: inherit;'>D\u00eda \/ Noche Real (filtro ICR).<\/li>\n<li style='margin-bottom: 5px; color: inherit;'>Distancia focal: 2.8 mm (\u00e1ngulo de visi\u00f3n 94\u00ba ).<\/li>\n<li style='margin-bottom: 5px; color: inherit;'>Distancia de infrarrojo: 20 mts Smart IR.<\/li>\n<li style='margin-bottom: 5px; color: inherit;'>Funciones normales: dWDR \/ BLC \/ 3D-DNR.<\/li>\n<li style='margin-bottom: 5px; color: inherit;'>Compresi\u00f3n: H.265+ \/ H.265 \/ H.264+ \/ H.264.<\/li>\n<li style='margin-bottom: 5px; color: inherit;'>Compatible con HiLook (P2P).<\/li>\n<\/ul><\/div>\n<\/p><\/div>\n<p> <!-- Caracter\u00edsticas F\u00edsicas y El\u00e9ctricas --> <\/p>\n<div style='flex: 1 1 300px; min-width: 280px; border: 1px solid rgba(150&comma; 150&comma; 150&comma; 0.4); border-radius: 8px; overflow: hidden; display: flex; flex-direction: column;'>\n<div style='padding: 15px; border-bottom: 1px solid rgba(150&comma; 150&comma; 150&comma; 0.2); font-weight: bold; font-size: 18px; background-color: #266ca9; color: white;'>Caracter\u00edsticas F\u00edsicas y El\u00e9ctricas<\/div>\n<div style='padding: 15px; color: inherit; flex-grow: 1;'>\n<ul style='padding-left: 20px; margin: 0; font-size: 14px; list-style-type: disc; color: inherit;'>\n<li style='margin-bottom: 5px; color: inherit;'>Alimentaci\u00f3n: 12 Vcc \/ 6.5 W \/ PoE (802.3 af).<\/li>\n<li style='margin-bottom: 5px; color: inherit;'>Temperatura de operaci\u00f3n: -30\u00b0C a 60\u00b0C \/ Humedad al 95% m\u00e1ximo.<\/li>\n<li style='margin-bottom: 5px; color: inherit;'>Uso en Exterior \/ IP67.<\/li>\n<li style='margin-bottom: 5px; color: inherit;'>Protecci\u00f3n contra sobretensiones y protecci\u00f3n contra voltajes transitorios.<\/li>\n<li style='margin-bottom: 5px; color: inherit;'>Dimensiones: 70 x 181.6 mm<\/li>\n<li style='margin-bottom: 5px; color: inherit;'>Fabricado en material de metal y policarbonato.<\/li>\n<li style='margin-bottom: 5px; color: inherit;'>Peso: 390 grs.<\/li>\n<\/ul><\/div>\n<p> <!-- Accesorios --> <\/p>\n<div style='padding: 15px; border-top: 1px solid rgba(150&comma; 150&comma; 150&comma; 0.2); font-weight: bold; font-size: 18px; background-color: #266ca9; color: white;'>Accesorios<\/div>\n<div style='padding: 15px; color: inherit;'>\n<ul style='padding-left: 20px; margin: 0; font-size: 14px; list-style-type: disc; color: inherit;'>\n<li style='margin-bottom: 5px; color: inherit;'>Caja de conexiones: <a href='https:\/\/www.syscom.mx\/producto\/DS-1280ZJ-XS-HIKVISION-84491.html' style='color: #266ca9; text-decoration: none;'>DS-1280ZJ-XS<\/a><\/li>\n<\/ul><\/div>\n<\/p><\/div>\n<\/p><\/div>\n<p> <!-- Caracter\u00edsticas Destacadas --> <\/p>\n<div style='margin-bottom: 30px;'>\n<div style='border: 1px solid rgba(150&comma; 150&comma; 150&comma; 0.4); border-radius: 8px; overflow: hidden;'>\n<div style='padding: 15px; border-bottom: 1px solid rgba(150&comma; 150&comma; 150&comma; 0.2); font-weight: bold; font-size: 18px; background-color: #266ca9; color: white;'>Caracter\u00edsticas Destacadas<\/div>\n<div style='padding: 15px; color: inherit;'>\n<ul style='padding-left: 20px; margin: 0; font-size: 14px; list-style-type: disc; color: inherit;'>\n<li style='margin-bottom: 5px; color: inherit;'>Main Stream: 30 fps (1920 \u00d7 1080&comma; 1280 \u00d7 960&comma; 1280 \u00d7 720).<\/li>\n<li style='margin-bottom: 5px; color: inherit;'>Sub Steam: 30 fps (640 \u00d7 480&comma; 640 x 360&comma; 352 \u00d7 240).<\/li>\n<li style='margin-bottom: 5px; color: inherit;'>Soporta hasta 6 usuarios simult\u00e1neos.<\/li>\n<li style='margin-bottom: 5px; color: inherit;'>Entradas de alarma: N\/A.<\/li>\n<li style='margin-bottom: 5px; color: inherit;'>Salidas de alarma: N\/A.<\/li>\n<li style='margin-bottom: 5px; color: inherit;'>Entradas de audio: N\/A.<\/li>\n<li style='margin-bottom: 5px; color: inherit;'>Salidas de audio: N\/A.<\/li>\n<li style='margin-bottom: 5px; color: inherit;'>Puerto de red: 1 ( 10 \/ 100 Mbps ).<\/li>\n<li style='margin-bottom: 5px; color: inherit;'>Soporta Onvif Profile S &#8211; G \/ ISAPI.<\/li>\n<\/ul><\/div>\n<\/p><\/div>\n<\/p><\/div>\n<p> <!-- Imagen final --> <\/p>\n<div style='width: 100%; text-align: center; margin-top: 20px;'> <img style='width: 100%; max-width: 100%; height: auto; border: 1px solid rgba(150&comma;150&comma;150&comma;0.3); border-radius: 8px;' src='https:\/\/ftp3.syscom.mx\/usuarios\/yvalenzuela\/Hilook\/hiklook.jpg' alt='Caracter\u00edsticas adicionales'> <\/div>\n<p> <!-- Separador final --> <\/p>\n<hr style='border: 0; border-top: 1px solid rgba(150&comma; 150&comma; 150&comma; 0.3); margin: 30px 0;'> <\/div>\n","protected":false},"excerpt":{"rendered":"<p>HiLook Series \/ Bala IP 2 Megapixel (1080p) \/ Lente 2.8 mm \/ 20 mts IR \/ Exterior IP67 \/ PoE \/ dWDR \/ H.265+ \/ ONVIF<\/p>\n","protected":false},"featured_media":95831,"comment_status":"open","ping_status":"closed","template":"","meta":[],"product_brand":[],"product_cat":[438],"product_tag":[439,122,715],"class_list":{"0":"post-95832","1":"product","2":"type-product","3":"status-publish","4":"has-post-thumbnail","6":"product_cat-bala","7":"product_tag-bala","8":"product_tag-camaras-ip-y-nvrs","9":"product_tag-hilook-by-hikvision","11":"first","12":"instock","13":"sale","14":"shipping-taxable","15":"purchasable","16":"product-type-simple"},"_links":{"self":[{"href":"https:\/\/soydeaqui.ddns.net\/pachuca\/index.php\/wp-json\/wp\/v2\/product\/95832","targetHints":{"allow":["GET"]}}],"collection":[{"href":"https:\/\/soydeaqui.ddns.net\/pachuca\/index.php\/wp-json\/wp\/v2\/product"}],"about":[{"href":"https:\/\/soydeaqui.ddns.net\/pachuca\/index.php\/wp-json\/wp\/v2\/types\/product"}],"replies":[{"embeddable":true,"href":"https:\/\/soydeaqui.ddns.net\/pachuca\/index.php\/wp-json\/wp\/v2\/comments?post=95832"}],"wp:featuredmedia":[{"embeddable":true,"href":"https:\/\/soydeaqui.ddns.net\/pachuca\/index.php\/wp-json\/wp\/v2\/media\/95831"}],"wp:attachment":[{"href":"https:\/\/soydeaqui.ddns.net\/pachuca\/index.php\/wp-json\/wp\/v2\/media?parent=95832"}],"wp:term":[{"taxonomy":"product_brand","embeddable":true,"href":"https:\/\/soydeaqui.ddns.net\/pachuca\/index.php\/wp-json\/wp\/v2\/product_brand?post=95832"},{"taxonomy":"product_cat","embeddable":true,"href":"https:\/\/soydeaqui.ddns.net\/pachuca\/index.php\/wp-json\/wp\/v2\/product_cat?post=95832"},{"taxonomy":"product_tag","embeddable":true,"href":"https:\/\/soydeaqui.ddns.net\/pachuca\/index.php\/wp-json\/wp\/v2\/product_tag?post=95832"}],"curies":[{"name":"wp","href":"https:\/\/api.w.org\/{rel}","templated":true}]}}