{"id":95819,"date":"2026-03-20T07:45:41","date_gmt":"2026-03-20T07:45:41","guid":{"rendered":"https:\/\/soydeaqui.ddns.net\/pachuca\/index.php\/producto\/cable-usb-a-a-usb-c-1-metro-3-28-pies-transferencia-de-datos-de-480-mbps-carga-rpida-qc-4-0-3-0-2-0-fpc-afc-proteccin-integrada-caja-de-aluminio-nylon-trenzado-color-negro\/"},"modified":"2026-03-20T07:45:43","modified_gmt":"2026-03-20T07:45:43","slug":"cable-usb-a-a-usb-c-1-metro-3-28-pies-transferencia-de-datos-de-480-mbps-carga-rpida-qc-4-0-3-0-2-0-fpc-afc-proteccin-integrada-caja-de-aluminio-nylon-trenzado-color-negro","status":"publish","type":"product","link":"https:\/\/soydeaqui.ddns.net\/pachuca\/index.php\/producto\/cable-usb-a-a-usb-c-1-metro-3-28-pies-transferencia-de-datos-de-480-mbps-carga-rpida-qc-4-0-3-0-2-0-fpc-afc-proteccin-integrada-caja-de-aluminio-nylon-trenzado-color-negro\/","title":{"rendered":"Cable USB-A a USB-C | 1 Metro (3.28 Pies) | Transferencia de Datos de 480 Mbps | Carga R?pida | QC 4.0\/3.0\/2.0 | FPC | AFC | Protecci?n Integrada | Caja de Aluminio | Nylon Trenzado | Color Negro"},"content":{"rendered":"<div style='width: 100%; max-width: 1200px; margin: 0 auto; font-family: sans-serif; line-height: 1.6; color: inherit; background-color: transparent;'>\n<div style='display: flex; flex-wrap: wrap; gap: 30px; margin-bottom: 30px;'>\n<div style='flex: 1 1 300px; min-width: 280px;'>\n<h3 style='font-size: 22px; border-bottom: 2px solid currentColor; padding-bottom: 5px; margin-top: 0; color: inherit; opacity: 0.8;'>Caracter\u00edsticas Principales<\/h3>\n<ul style='padding-left: 20px; font-size: 15px; color: inherit;'>\n<li style='margin-bottom: 5px;'>Transferencia de datos hasta 480 Mbps<\/li>\n<li style='margin-bottom: 5px;'>Carga r\u00e1pida con salida m\u00e1xima de 18W (3A)<\/li>\n<li style='margin-bottom: 5px;'>Resistencia incorporada de 56k\u03a9 para protecci\u00f3n<\/li>\n<li style='margin-bottom: 5px;'>Compatible con Quick Charge 3.0\/2.0<\/li>\n<li style='margin-bottom: 5px;'>Protecci\u00f3n contra sobrecorriente y cortocircuito<\/li>\n<\/ul><\/div>\n<div style='flex: 1 1 300px; min-width: 280px;'>\n<h3 style='font-size: 22px; border-bottom: 2px solid currentColor; padding-bottom: 5px; margin-top: 0; color: inherit; opacity: 0.8;'>Especificaciones T\u00e9cnicas<\/h3>\n<ul style='padding-left: 20px; font-size: 15px; color: inherit;'>\n<li style='margin-bottom: 5px;'><strong>Funci\u00f3n:<\/strong> Carga y sincronizaci\u00f3n de datos<\/li>\n<li style='margin-bottom: 5px;'><strong>Velocidad:<\/strong> Hasta 480Mbps<\/li>\n<li style='margin-bottom: 5px;'><strong>Carga r\u00e1pida:<\/strong> 3A<\/li>\n<li style='margin-bottom: 5px;'><strong>Compatibilidad:<\/strong> QC3.0\/AFC\/FCP<\/li>\n<li style='margin-bottom: 5px;'><strong>N\u00facleo:<\/strong> Cobre libre de ox\u00edgeno esta\u00f1ado<\/li>\n<li style='margin-bottom: 5px;'><strong>Blindaje:<\/strong> M\u00faltiples blindajes internos<\/li>\n<li style='margin-bottom: 5px;'><strong>Protecci\u00f3n:<\/strong> Resistencia pull-up de 56k\u03a9<\/li>\n<li style='margin-bottom: 5px;'><strong>Material:<\/strong> Carcasa de aleaci\u00f3n de aluminio + nailon trenzado<\/li>\n<\/ul><\/div>\n<\/p><\/div>\n<div style='display: flex; flex-wrap: wrap; gap: 20px; margin-bottom: 30px;'>\n<div style='flex: 1 1 250px; border: 1px solid rgba(150&comma; 150&comma; 150&comma; 0.4); border-radius: 8px; overflow: hidden; display: flex; flex-direction: column;'>\n<div style='padding: 15px; border-bottom: 1px solid rgba(150&comma; 150&comma; 150&comma; 0.2); font-weight: bold; font-size: 18px; color: inherit;'>Carga R\u00e1pida<\/div>\n<div style='padding: 15px; color: inherit;'>\n<ul style='padding-left: 20px; margin: 0; font-size: 14px; list-style-type: disc;'>\n<li style='margin-bottom: 5px;'>Salida m\u00e1xima de 18W (3A)<\/li>\n<li style='margin-bottom: 5px;'>Compatible con QC 3.0\/2.0<\/li>\n<li style='margin-bottom: 5px;'>Soporta tecnolog\u00edas AFC y FCP<\/li>\n<li style='margin-bottom: 5px;'>Carga tan r\u00e1pido como el cable original<\/li>\n<\/ul><\/div>\n<\/p><\/div>\n<div style='flex: 1 1 250px; border: 1px solid rgba(150&comma; 150&comma; 150&comma; 0.4); border-radius: 8px; overflow: hidden; display: flex; flex-direction: column;'>\n<div style='padding: 15px; border-bottom: 1px solid rgba(150&comma; 150&comma; 150&comma; 0.2); font-weight: bold; font-size: 18px; color: inherit;'>Transferencia de Datos<\/div>\n<div style='padding: 15px; color: inherit;'>\n<ul style='padding-left: 20px; margin: 0; font-size: 14px; list-style-type: disc;'>\n<li style='margin-bottom: 5px;'>Interfaz USB 2.0<\/li>\n<li style='margin-bottom: 5px;'>Velocidad de hasta 480Mbps<\/li>\n<li style='margin-bottom: 5px;'>Transferencia simult\u00e1nea de carga y datos<\/li>\n<li style='margin-bottom: 5px;'>1GB de datos en segundos<\/li>\n<\/ul><\/div>\n<\/p><\/div>\n<div style='flex: 1 1 250px; border: 1px solid rgba(150&comma; 150&comma; 150&comma; 0.4); border-radius: 8px; overflow: hidden; display: flex; flex-direction: column;'>\n<div style='padding: 15px; border-bottom: 1px solid rgba(150&comma; 150&comma; 150&comma; 0.2); font-weight: bold; font-size: 18px; color: inherit;'>Protecci\u00f3n Integrada<\/div>\n<div style='padding: 15px; color: inherit;'>\n<ul style='padding-left: 20px; margin: 0; font-size: 14px; list-style-type: disc;'>\n<li style='margin-bottom: 5px;'>Resistencia de 56k\u03a9 para protecci\u00f3n<\/li>\n<li style='margin-bottom: 5px;'>Protecci\u00f3n contra sobre corriente<\/li>\n<li style='margin-bottom: 5px;'>Protecci\u00f3n contra sobretensi\u00f3n<\/li>\n<li style='margin-bottom: 5px;'>Protecci\u00f3n contra sobrecalentamiento<\/li>\n<li style='margin-bottom: 5px;'>Protecci\u00f3n contra cortocircuito<\/li>\n<li style='margin-bottom: 5px;'>Reducci\u00f3n de p\u00e9rdida de se\u00f1al<\/li>\n<\/ul><\/div>\n<\/p><\/div>\n<div style='flex: 1 1 250px; border: 1px solid rgba(150&comma; 150&comma; 150&comma; 0.4); border-radius: 8px; overflow: hidden; display: flex; flex-direction: column;'>\n<div style='padding: 15px; border-bottom: 1px solid rgba(150&comma; 150&comma; 150&comma; 0.2); font-weight: bold; font-size: 18px; color: inherit;'>Durabilidad<\/div>\n<div style='padding: 15px; color: inherit;'>\n<ul style='padding-left: 20px; margin: 0; font-size: 14px; list-style-type: disc;'>\n<li style='margin-bottom: 5px;'>Cubierta de nylon trenzado<\/li>\n<li style='margin-bottom: 5px;'>Carcasa de aleaci\u00f3n de aluminio<\/li>\n<li style='margin-bottom: 5px;'>M\u00e1s de 10&comma;000 pruebas de flexi\u00f3n<\/li>\n<li style='margin-bottom: 5px;'>Dise\u00f1o resistente a la rotura<\/li>\n<li style='margin-bottom: 5px;'>Vida \u00fatil prolongada<\/li>\n<\/ul><\/div>\n<\/p><\/div>\n<div style='flex: 1 1 250px; border: 1px solid rgba(150&comma; 150&comma; 150&comma; 0.4); border-radius: 8px; overflow: hidden; display: flex; flex-direction: column;'>\n<div style='padding: 15px; border-bottom: 1px solid rgba(150&comma; 150&comma; 150&comma; 0.2); font-weight: bold; font-size: 18px; color: inherit;'>Compatibilidad<\/div>\n<div style='padding: 15px; color: inherit;'>\n<ul style='padding-left: 20px; margin: 0; font-size: 14px; list-style-type: disc;'>\n<li style='margin-bottom: 5px;'>iPhone 15 Pro Max<\/li>\n<li style='margin-bottom: 5px;'>Galaxy S23&comma; S22&comma; S21&comma; S20&comma; S10&comma; S9&comma; S8<\/li>\n<li style='margin-bottom: 5px;'>Z Flip3&comma; A51&comma; A50&comma; A20e&comma; A21s&comma; A12&comma; A32&comma; A22&comma; M12&comma; M10<\/li>\n<li style='margin-bottom: 5px;'>Xcover 5&comma; A03s&comma; Tab A8&comma; Tab A7 Lite&comma; Tab S6<\/li>\n<li style='margin-bottom: 5px;'>P.30 Lite&comma; P20 Lite<\/li>\n<li style='margin-bottom: 5px;'>LG V60 ThinQ 5G&comma; G5&comma; G6&comma; V20&comma; V30<\/li>\n<li style='margin-bottom: 5px;'>HTC Desire 21 Pro 5G&comma; U11&comma; U12 plus<\/li>\n<li style='margin-bottom: 5px;'>Xperia Pro&comma; Xperia 5 II&comma; Xperia 10 II&comma; Xperia 1 II<\/li>\n<li style='margin-bottom: 5px;'>Xperia 5&comma; Xperia 1&comma; Xiaomi 10S<\/li>\n<\/ul><\/div>\n<\/p><\/div>\n<\/p><\/div>\n<hr style='border: 0; border-top: 1px solid rgba(150&comma; 150&comma; 150&comma; 0.3); margin: 30px 0;'> <\/div>\n","protected":false},"excerpt":{"rendered":"<p>Cable USB-A a USB-C | 1 Metro (3.28 Pies) | Transferencia de Datos de 480 Mbps | Carga R?pida | QC 4.0\/3.0\/2.0 | FPC | AFC | Protecci?n Integrada | Caja de Aluminio | Nylon Trenzado | Color Negro<\/p>\n","protected":false},"featured_media":95818,"comment_status":"open","ping_status":"closed","template":"","meta":[],"product_brand":[],"product_cat":[2171],"product_tag":[2173,2172,650],"class_list":{"0":"post-95819","1":"product","2":"type-product","3":"status-publish","4":"has-post-thumbnail","6":"product_cat-cables-usb-y-cargadores","7":"product_tag-cables-usb-y-cargadores","8":"product_tag-conectividad-y-cables","9":"product_tag-ugreen","11":"first","12":"instock","13":"sale","14":"shipping-taxable","15":"purchasable","16":"product-type-simple"},"_links":{"self":[{"href":"https:\/\/soydeaqui.ddns.net\/pachuca\/index.php\/wp-json\/wp\/v2\/product\/95819","targetHints":{"allow":["GET"]}}],"collection":[{"href":"https:\/\/soydeaqui.ddns.net\/pachuca\/index.php\/wp-json\/wp\/v2\/product"}],"about":[{"href":"https:\/\/soydeaqui.ddns.net\/pachuca\/index.php\/wp-json\/wp\/v2\/types\/product"}],"replies":[{"embeddable":true,"href":"https:\/\/soydeaqui.ddns.net\/pachuca\/index.php\/wp-json\/wp\/v2\/comments?post=95819"}],"wp:featuredmedia":[{"embeddable":true,"href":"https:\/\/soydeaqui.ddns.net\/pachuca\/index.php\/wp-json\/wp\/v2\/media\/95818"}],"wp:attachment":[{"href":"https:\/\/soydeaqui.ddns.net\/pachuca\/index.php\/wp-json\/wp\/v2\/media?parent=95819"}],"wp:term":[{"taxonomy":"product_brand","embeddable":true,"href":"https:\/\/soydeaqui.ddns.net\/pachuca\/index.php\/wp-json\/wp\/v2\/product_brand?post=95819"},{"taxonomy":"product_cat","embeddable":true,"href":"https:\/\/soydeaqui.ddns.net\/pachuca\/index.php\/wp-json\/wp\/v2\/product_cat?post=95819"},{"taxonomy":"product_tag","embeddable":true,"href":"https:\/\/soydeaqui.ddns.net\/pachuca\/index.php\/wp-json\/wp\/v2\/product_tag?post=95819"}],"curies":[{"name":"wp","href":"https:\/\/api.w.org\/{rel}","templated":true}]}}