{"id":95801,"date":"2026-03-20T07:44:52","date_gmt":"2026-03-20T07:44:52","guid":{"rendered":"https:\/\/soydeaqui.ddns.net\/pachuca\/index.php\/producto\/dvr-2-megapixel-1080p-lite-8-canales-turbohd-acusenselite-busqueda-inteligente-personas-vehiculos-1-bahia-de-disco-duro-h-265-audio-por-coaxitrion-deteccion-de-movimiento-2-0-salida\/"},"modified":"2026-03-20T07:45:08","modified_gmt":"2026-03-20T07:45:08","slug":"dvr-2-megapixel-1080p-lite-8-canales-turbohd-acusenselite-busqueda-inteligente-personas-vehiculos-1-bahia-de-disco-duro-h-265-audio-por-coaxitrion-deteccion-de-movimiento-2-0-salida","status":"publish","type":"product","link":"https:\/\/soydeaqui.ddns.net\/pachuca\/index.php\/producto\/dvr-2-megapixel-1080p-lite-8-canales-turbohd-acusenselite-busqueda-inteligente-personas-vehiculos-1-bahia-de-disco-duro-h-265-audio-por-coaxitrion-deteccion-de-movimiento-2-0-salida\/","title":{"rendered":"DVR 2 Megapixel (1080P) lite \/ 8 Canales TURBOHD \/ AcuSenseLite (Busqueda Inteligente Personas Vehiculos) \/ 1 Bah\u00eda de Disco Duro \/ H.265+ \/ Audio por Coaxitrion\/ Detecci\u00f3n de movimiento 2.0 \/ Salida de v\u00eddeo Full HD"},"content":{"rendered":"<div style='width: 100%; max-width: 1200px; margin: 0 auto; font-family: sans-serif; line-height: 1.6; color: inherit; background-color: transparent;'>\n<div style='text-align: center; margin-bottom: 20px;'> <img style='width: 45%; height: auto; border: 1px solid rgba(150&comma;150&comma;150&comma;0.3); border-radius: 8px;' src='https:\/\/ftp3.syscom.mx\/usuarios\/jsosa\/HIKVISION\/imagenes\/logo\/hikvision%20see%20far.png' alt='Logo Hikvision'> <\/div>\n<div style='text-align: center; margin-bottom: 30px;'>\n<h3 style='font-size: 22px; border-bottom: 2px solid currentColor; padding-bottom: 5px; margin-top: 0; color: inherit; opacity: 0.8;'> <strong>Crear Cuenta Hik-Connect<\/strong> <\/h3>\n<div style='position: relative; padding-bottom: 56.25%; height: 0; overflow: hidden; margin-bottom: 30px;'>   <\/div>\n<\/p><\/div>\n<div style='display: flex; flex-wrap: wrap; gap: 30px; margin-bottom: 30px;'>\n<div style='flex: 1 1 300px; min-width: 280px;'> <img style='width: 100%; height: auto; border: 1px solid rgba(150&comma;150&comma;150&comma;0.3); border-radius: 8px;' src='https:\/\/ftp3.syscom.mx\/usuarios\/fotos\/IDS7208HQHIM1\/S(C)\/192927-untitled.png' alt='Imagen 1'> <\/div>\n<div style='flex: 1 1 300px; min-width: 280px;'> <img style='width: 100%; height: auto; border: 1px solid rgba(150&comma;150&comma;150&comma;0.3); border-radius: 8px;' src='https:\/\/ftp3.syscom.mx\/usuarios\/fotos\/IDS7208HQHIM1\/S(C)\/192927-untitled_(2).png' alt='Imagen 2'> <\/div>\n<\/p><\/div>\n<div style='display: flex; flex-wrap: wrap; gap: 20px; margin-bottom: 30px;'>\n<div style='flex: 1 1 250px; border: 1px solid rgba(150&comma; 150&comma; 150&comma; 0.4); border-radius: 8px; overflow: hidden; display: flex; flex-direction: column;'>\n<div style='padding: 15px; border-bottom: 1px solid rgba(150&comma; 150&comma; 150&comma; 0.2); font-weight: bold; font-size: 18px; color: inherit; background-color: rgba(255&comma; 0&comma; 0&comma; 0.05);'>Caracter\u00edsticas principales:<\/div>\n<div style='padding: 15px; color: inherit;'>\n<ul style='padding-left: 20px; margin: 0; font-size: 14px; list-style-type: disc;'>\n<li style='margin-bottom: 5px;'><span style='color: inherit;'>Cuenta con audio por coaxitron en todos los canales.<\/span><\/li>\n<li style='margin-bottom: 5px;'><span style='color: inherit;'>Soporta busqueda inteligente por humanos \/ vehiculos.<\/span><\/li>\n<li style='margin-bottom: 5px;'><span style='color: inherit;'>Soporte de tecnolog\u00edas: HD-TVI \/ HD-CVI \/ AHD \/ Anal\u00f3gico (CVBS) \/ IP.<\/span><\/li>\n<li style='margin-bottom: 5px;'><span style='color: inherit;'>Compatible con Hik-Connect P2P \/ HikPartnerPro \/ HikConnect Teams<\/span><\/li>\n<li style='margin-bottom: 5px;'><span style='color: inherit;'>Soporta 8 canales TURBOHD \/ anal\u00f3gicos + 2 canal IP = 10 canales en total.<\/span><\/li>\n<\/ul><\/div>\n<\/p><\/div>\n<div style='flex: 1 1 250px; border: 1px solid rgba(150&comma; 150&comma; 150&comma; 0.4); border-radius: 8px; overflow: hidden; display: flex; flex-direction: column;'>\n<div style='padding: 15px; border-bottom: 1px solid rgba(150&comma; 150&comma; 150&comma; 0.2); font-weight: bold; font-size: 18px; color: inherit; background-color: rgba(255&comma; 0&comma; 0&comma; 0.05);'>Caracter\u00edsticas F\u00edsicas y El\u00e9ctricas:<\/div>\n<div style='padding: 15px; color: inherit;'>\n<ul style='padding-left: 20px; margin: 0; font-size: 14px; list-style-type: disc;'>\n<li style='margin-bottom: 5px;'><span style='color: inherit;'>Alimentaci\u00f3n: 12 Vcc \/ 1.5 A.<\/span><\/li>\n<li style='margin-bottom: 5px;'><span style='color: inherit;'>Consumo sin disco duro: 17 W.<\/span><\/li>\n<li style='margin-bottom: 5px;'><span style='color: inherit;'>Temperatura de operaci\u00f3n: -10 \u00baC hasta 55 \u00baC<\/span><\/li>\n<li style='margin-bottom: 5px;'><span style='color: inherit;'>Dimensiones: 200 \u00d7 200 \u00d7 45 mm (W \u00d7 D \u00d7 H)<\/span><\/li>\n<li style='margin-bottom: 5px;'><span style='color: inherit;'>Peso: 1 Kg sin disco duro.<\/span><\/li>\n<\/ul>\n<div style='margin-top: 15px; margin-bottom: 10px; font-weight: bold; font-size: 16px; color: inherit;'>Compresi\u00f3n y resoluci\u00f3n:<\/div>\n<ul style='padding-left: 20px; margin: 0; font-size: 14px; list-style-type: disc;'>\n<li style='margin-bottom: 5px;'><span style='color: inherit;'>H.265+ \/ H.265 \/ H.264+ \/ H.264.<\/span><\/li>\n<li style='margin-bottom: 5px;'><span style='color: inherit;'>HD-TVI: 1080P Lite @ 30 IPS.<\/span><\/li>\n<li style='margin-bottom: 5px;'><span style='color: inherit;'>HD-CVI: 1080P Lite @ 30 IPS.<\/span><\/li>\n<li style='margin-bottom: 5px;'><span style='color: inherit;'>CVBS: WD1 @ 30 IPS.<\/span><\/li>\n<li style='margin-bottom: 5px;'><span style='color: inherit;'>AHD: 1080P Lite @ 30 IPS.<\/span><\/li>\n<li style='margin-bottom: 5px;'><span style='color: inherit;'>IP: 2 Megapixel (1080p).<\/span><\/li>\n<\/ul><\/div>\n<\/p><\/div>\n<div style='flex: 1 1 250px; border: 1px solid rgba(150&comma; 150&comma; 150&comma; 0.4); border-radius: 8px; overflow: hidden; display: flex; flex-direction: column;'>\n<div style='padding: 15px; border-bottom: 1px solid rgba(150&comma; 150&comma; 150&comma; 0.2); font-weight: bold; font-size: 18px; color: inherit; background-color: rgba(255&comma; 0&comma; 0&comma; 0.05);'>Interfaces Entradas \/ Salidas:<\/div>\n<div style='padding: 15px; color: inherit;'>\n<ul style='padding-left: 20px; margin: 0; font-size: 14px; list-style-type: disc;'>\n<li style='margin-bottom: 5px;'><span style='color: inherit;'>Salida de video:<\/span>\n<ul style='padding-left: 20px; margin-top: 5px; margin-bottom: 5px;'>\n<li style='margin-bottom: 5px;'><span style='color: inherit;'>HDMI y VGA Simultaneas.<\/span><\/li>\n<\/ul>\n<\/li>\n<li style='margin-bottom: 5px;'><span style='color: inherit;'>Entrada audio: 1 (RCA&comma; 2.0 Vp-p&comma; 1K\u03a9).<\/span><\/li>\n<li style='margin-bottom: 5px;'><span style='color: inherit;'>8 Entradas de audio por coaxitron.<\/span><\/li>\n<li style='margin-bottom: 5px;'><span style='color: inherit;'>Salida audio: 1 (RCA&comma; 2.0 Vp-p&comma; 1K\u03a9).<\/span><\/li>\n<li style='margin-bottom: 5px;'><span style='color: inherit;'>Entrada alarma: N\/A<\/span><\/li>\n<li style='margin-bottom: 5px;'><span style='color: inherit;'>Salida alarma: N\/A<\/span><\/li>\n<li style='margin-bottom: 5px;'><span style='color: inherit;'>Interfaz red: 1 puetos (RJ-45 10\/100 Mbps).<\/span><\/li>\n<li style='margin-bottom: 5px;'><span style='color: inherit;'>Capacidad HDD: 1 @ 4 TB.<\/span><\/li>\n<\/ul><\/div>\n<\/p><\/div>\n<\/p><\/div>\n<div style='margin-bottom: 30px;'>\n<div style='border: 1px solid rgba(150&comma; 150&comma; 150&comma; 0.4); border-radius: 8px; overflow: hidden;'>\n<div style='padding: 15px; border-bottom: 1px solid rgba(150&comma; 150&comma; 150&comma; 0.2); font-weight: bold; font-size: 18px; color: inherit; background-color: rgba(255&comma; 0&comma; 0&comma; 0.05);'>Consideraci\u00f3nes:<\/div>\n<div style='padding: 15px; color: inherit;'>\n<ul style='padding-left: 20px; margin: 0; font-size: 14px; list-style-type: disc;'>\n<li style='margin-bottom: 5px;'><span style='color: inherit;'>Para conectar los canales IP requiere utilizar un switch \/ switch PoE (no incluido)<\/span><\/li>\n<li style='margin-bottom: 5px;'><span style='color: inherit;'>El audio por coaxitron se recibe \u00fanicamente por la se\u00f1al TVI.<\/span><\/li>\n<li style='margin-bottom: 5px;'><span style='color: inherit;'>No soporta canal cero.<\/span><\/li>\n<li style='margin-bottom: 5px;'><span style='color: inherit;'>No es compatible con control remoto.<\/span><\/li>\n<li style='margin-bottom: 5px;'><span style='color: inherit; font-weight: bold;'>Permite apagar canales an\u00e1logos para agregar canales IP.<\/span><\/li>\n<li style='margin-bottom: 5px;'><span style='color: inherit; font-weight: bold; background-color: rgba(255&comma; 255&comma; 0&comma; 0.3);'>Cuenta con AcuSense para filtrar humanos y veh\u00edculos por detecci\u00f3n de movimiento (No cuenta con videoanal\u00edticos como cruces de l\u00ednea \/ entrada de \u00e1rea)<\/span><\/li>\n<\/ul><\/div>\n<\/p><\/div>\n<\/p><\/div>\n<div style='margin-bottom: 30px;'> <img style='width: 100%; height: auto; border: 1px solid rgba(150&comma;150&comma;150&comma;0.3); border-radius: 8px;' src='https:\/\/ftp3.syscom.mx\/usuarios\/jsosa\/HIKVISION\/imagenes\/banners\/solution%20complete.png' alt='Banner Soluci\u00f3n Completa'> <\/div>\n<\/p><\/div>\n","protected":false},"excerpt":{"rendered":"<p>DVR 2 Megapixel (1080P) lite \/ 8 Canales TURBOHD \/ AcuSenseLite (Busqueda Inteligente Personas Vehiculos) \/ 1 Bah\u00eda de Disco Duro \/ H.265+ \/ Audio por Coaxitrion\/ Detecci\u00f3n de movimiento 2.0 \/ Salida de v\u00eddeo Full HD<\/p>\n","protected":false},"featured_media":95800,"comment_status":"open","ping_status":"closed","template":"","meta":[],"product_brand":[],"product_cat":[2254],"product_tag":[2255,54,2256],"class_list":{"0":"post-95801","1":"product","2":"type-product","3":"status-publish","4":"has-post-thumbnail","6":"product_cat-videograbadoras-analogicas-turbohd-tvi-ahd-cvi","7":"product_tag-camaras-y-dvrs-hd-turbohd-ahd-hd-tvi","8":"product_tag-hikvision","9":"product_tag-videograbadoras-analogicas-turbohd-tvi-ahd-cvi","11":"first","12":"outofstock","13":"sale","14":"shipping-taxable","15":"purchasable","16":"product-type-simple"},"_links":{"self":[{"href":"https:\/\/soydeaqui.ddns.net\/pachuca\/index.php\/wp-json\/wp\/v2\/product\/95801","targetHints":{"allow":["GET"]}}],"collection":[{"href":"https:\/\/soydeaqui.ddns.net\/pachuca\/index.php\/wp-json\/wp\/v2\/product"}],"about":[{"href":"https:\/\/soydeaqui.ddns.net\/pachuca\/index.php\/wp-json\/wp\/v2\/types\/product"}],"replies":[{"embeddable":true,"href":"https:\/\/soydeaqui.ddns.net\/pachuca\/index.php\/wp-json\/wp\/v2\/comments?post=95801"}],"wp:featuredmedia":[{"embeddable":true,"href":"https:\/\/soydeaqui.ddns.net\/pachuca\/index.php\/wp-json\/wp\/v2\/media\/95800"}],"wp:attachment":[{"href":"https:\/\/soydeaqui.ddns.net\/pachuca\/index.php\/wp-json\/wp\/v2\/media?parent=95801"}],"wp:term":[{"taxonomy":"product_brand","embeddable":true,"href":"https:\/\/soydeaqui.ddns.net\/pachuca\/index.php\/wp-json\/wp\/v2\/product_brand?post=95801"},{"taxonomy":"product_cat","embeddable":true,"href":"https:\/\/soydeaqui.ddns.net\/pachuca\/index.php\/wp-json\/wp\/v2\/product_cat?post=95801"},{"taxonomy":"product_tag","embeddable":true,"href":"https:\/\/soydeaqui.ddns.net\/pachuca\/index.php\/wp-json\/wp\/v2\/product_tag?post=95801"}],"curies":[{"name":"wp","href":"https:\/\/api.w.org\/{rel}","templated":true}]}}