{"id":95792,"date":"2026-03-20T07:44:26","date_gmt":"2026-03-20T07:44:26","guid":{"rendered":"https:\/\/soydeaqui.ddns.net\/pachuca\/index.php\/producto\/pantalla-led-the-wall-146-2k-micro-led-1-68mm-pixel-pitch-500-nits-iluminacion\/"},"modified":"2026-03-20T07:44:34","modified_gmt":"2026-03-20T07:44:34","slug":"pantalla-led-the-wall-146-2k-micro-led-1-68mm-pixel-pitch-500-nits-iluminacion","status":"publish","type":"product","link":"https:\/\/soydeaqui.ddns.net\/pachuca\/index.php\/producto\/pantalla-led-the-wall-146-2k-micro-led-1-68mm-pixel-pitch-500-nits-iluminacion\/","title":{"rendered":"Pantalla LED THE WALL 146&#8243; 2K Micro Led 1.68mm pixel pitch, 500 nits iluminacion"},"content":{"rendered":"<div style='width: 100%; max-width: 1200px; margin: 0 auto; font-family: sans-serif; line-height: 1.6; color: inherit; background-color: transparent;'> <!-- Garant\u00eda --> <\/p>\n<div style='margin-bottom: 30px;'>\n<h3 style='font-size: 22px; border-bottom: 2px solid currentColor; padding-bottom: 5px; margin-top: 0; color: inherit; opacity: 0.8;'>Pol\u00edtica de Garant\u00eda<\/h3>\n<p style='font-size: 15px; margin-top: 15px; margin-bottom: 10px; color: inherit;'>SYSCOM se apega a las pol\u00edticas de garant\u00eda de cada proveedor de la marca y\/o f\u00e1brica.<\/p>\n<p style='font-size: 15px; margin-top: 10px; margin-bottom: 10px; color: inherit;'>La cobertura de garant\u00eda por defecto de f\u00e1brica y\/o mal funcionamiento es de 30 d\u00edas con Syscom. Posterior a este periodo&comma; la garant\u00eda es directa con el fabricante. En quebraduras&comma; da\u00f1os f\u00edsicos de equipo y\/o empaque da\u00f1ado&comma; reportarlo dentro de las 24 horas posteriores a la fecha de recepci\u00f3n para el reclamo a paqueter\u00eda.<\/p>\n<p style='font-size: 15px; margin-top: 10px; margin-bottom: 0; color: inherit;'><strong style='color: inherit;'>3 A\u00f1os de garant\u00eda con fabricante<\/strong><\/p>\n<p style='font-size: 15px; margin-top: 10px; margin-bottom: 0; color: inherit;'><strong style='color: inherit;'>Informaci\u00f3n de soporte y garant\u00eda: <\/strong><a href='https:\/\/www.samsung.com\/mx\/support\/warranty\/' style='color: #007bff; text-decoration: none;' target='_blank'>GARANT\u00cdA<\/a><\/p>\n<\/p><\/div>\n<p> <!-- Secci\u00f3n de caracter\u00edsticas --> <\/p>\n<div style='display: flex; flex-wrap: wrap; gap: 30px; margin-bottom: 30px;'>\n<div style='flex: 1 1 300px; min-width: 280px;'>\n<h3 style='font-size: 22px; border-bottom: 2px solid currentColor; padding-bottom: 5px; margin-top: 0; color: inherit; opacity: 0.8;'>Caracter\u00edsticas principales<\/h3>\n<ul style='padding-left: 20px; font-size: 15px; color: inherit; list-style-type: disc;'>\n<li style='margin-bottom: 5px; color: inherit;'>Tama\u00f1o diagonal 146&#8242;<\/li>\n<li style='margin-bottom: 5px; color: inherit;'>Pixel Pitch 1.68mm<\/li>\n<li style='margin-bottom: 5px; color: inherit;'>Resoluci\u00f3n 2K (1920 x 1080)<\/li>\n<li style='margin-bottom: 5px; color: inherit;'>Relaci\u00f3n de aspecto 16:9<\/li>\n<li style='margin-bottom: 5px; color: inherit;'>Brillo 500 nit Max<\/li>\n<li style='margin-bottom: 5px; color: inherit;'>Relaci\u00f3n de contraste 22&comma;000:1<\/li>\n<li style='margin-bottom: 5px; color: inherit;'>Bocinas integradas 2 CH 10 W<\/li>\n<li style='margin-bottom: 5px; color: inherit;'>Compatible con Magicinfo<\/li>\n<li style='margin-bottom: 5px; color: inherit;'>Tiempo de vida del led: 150&comma;000 horas<\/li>\n<\/ul><\/div>\n<div style='flex: 1 1 300px; min-width: 280px;'>\n<h3 style='font-size: 22px; border-bottom: 2px solid currentColor; padding-bottom: 5px; margin-top: 0; color: inherit; opacity: 0.8;'>Conectividad<\/h3>\n<ul style='padding-left: 20px; font-size: 15px; color: inherit; list-style-type: disc;'>\n<li style='margin-bottom: 5px; color: inherit;'>Entradas de Video Display port 1.2 (1)&comma; HDMI 2.0 (3)<\/li>\n<li style='margin-bottom: 5px; color: inherit;'>Entrada de Audio mini Jack Estereo \/ eARC<\/li>\n<li style='margin-bottom: 5px; color: inherit;'>Puerto x2 USB 2.0<\/li>\n<li style='margin-bottom: 5px; color: inherit;'>Puerto LAN RJ45 10\/100 Mbps<\/li>\n<\/ul>\n<h3 style='font-size: 22px; border-bottom: 2px solid currentColor; padding-bottom: 5px; margin-top: 20px; margin-bottom: 15px; color: inherit; opacity: 0.8;'>Funciones especiales<\/h3>\n<ul style='padding-left: 20px; font-size: 15px; color: inherit; list-style-type: disc;'>\n<li style='margin-bottom: 5px; color: inherit;'>Compatible con MagicINFO<\/li>\n<li style='margin-bottom: 5px; color: inherit;'>Temperature&comma; Eco Sensor<\/li>\n<li style='margin-bottom: 5px; color: inherit;'>AI Picture&comma; LED HDR&comma; HDR10&comma; Dinamic Peaking<\/li>\n<li style='margin-bottom: 5px; color: inherit;'>DICOM Simulation<\/li>\n<li style='margin-bottom: 5px; color: inherit;'>Sistema operativo Tizen 6.5<\/li>\n<\/ul><\/div>\n<div style='flex: 1 1 300px; min-width: 280px;'>\n<h3 style='font-size: 22px; border-bottom: 2px solid currentColor; padding-bottom: 5px; margin-top: 0; color: inherit; opacity: 0.8;'>Control externo<\/h3>\n<ul style='padding-left: 20px; font-size: 15px; color: inherit; list-style-type: disc;'>\n<li style='margin-bottom: 5px; color: inherit;'>Puerto RS-232C<\/li>\n<li style='margin-bottom: 5px; color: inherit;'>Puerto RJ45<\/li>\n<li style='margin-bottom: 5px; color: inherit;'>Control remoto incluido<\/li>\n<\/ul>\n<h3 style='font-size: 22px; border-bottom: 2px solid currentColor; padding-bottom: 5px; margin-top: 20px; margin-bottom: 15px; color: inherit; opacity: 0.8;'>Caracter\u00edsticas f\u00edsicas y el\u00e9ctricas<\/h3>\n<ul style='padding-left: 20px; font-size: 15px; color: inherit; list-style-type: disc;'>\n<li style='margin-bottom: 5px; color: inherit;'>Temperatura de operaci\u00f3n: 0 a 40 \u00b0C<\/li>\n<li style='margin-bottom: 5px; color: inherit;'>Alimentaci\u00f3n: 100-240 Vca&comma; 1240 W Max<\/li>\n<li style='margin-bottom: 5px; color: inherit;'>Incluye montaje para instalaci\u00f3n en pared<\/li>\n<li style='margin-bottom: 5px; color: inherit;'>Generaci\u00f3n de calor: 4231(BTU \/ Screen)<\/li>\n<li style='margin-bottom: 5px; color: inherit;'>Dimensiones: 3&comma;225.6 x 814.4 x 49 mm<\/li>\n<li style='margin-bottom: 5px; color: inherit;'>Peso: 160 Kg<\/li>\n<li style='margin-bottom: 5px; color: inherit;'>Dimensiones de Empaque: 2&comma;000 x 1&comma;000 x 2&comma;162 mm<\/li>\n<li style='margin-bottom: 5px; color: inherit;'>Peso del empaque: 301 Kg<\/li>\n<\/ul><\/div>\n<\/p><\/div>\n<p> <!-- Tecnolog\u00edas --> <\/p>\n<div style='margin-bottom: 30px;'>\n<h3 style='font-size: 20px; margin-top: 30px; margin-bottom: 15px; color: inherit;'>Tecnolog\u00eda Black Seal<\/h3>\n<p> <img style='width: 100%; height: auto; border: 1px solid rgba(150&comma;150&comma;150&comma;0.3); border-radius: 8px;' src='https:\/\/images.samsung.com\/is\/image\/samsung\/p6pim\/latin\/feature\/165129853\/latin-feature-an-abyss-of-depth-540660950?$FB_TYPE_K_JPG$' alt=''> <\/div>\n<div style='margin-bottom: 30px;'>\n<h3 style='font-size: 20px; margin-top: 30px; margin-bottom: 15px; color: inherit;'>Tecnolog\u00eda Ultra Chroma&comma; Pureza de color superior<\/h3>\n<p> <img style='width: 100%; height: auto; border: 1px solid rgba(150&comma;150&comma;150&comma;0.3); border-radius: 8px;' src='https:\/\/images.samsung.com\/is\/image\/samsung\/p6pim\/latin\/feature\/165129848\/latin-feature-superior-color-purity-540660932?$FB_TYPE_K_JPG$' alt=''> <\/div>\n<\/p><\/div>\n","protected":false},"excerpt":{"rendered":"<p>Pantalla LED THE WALL 146&#8243; 2K Micro Led 1.68mm pixel pitch, 500 nits iluminacion<\/p>\n","protected":false},"featured_media":95791,"comment_status":"open","ping_status":"closed","template":"","meta":[],"product_brand":[],"product_cat":[2191],"product_tag":[2089,2192,2193],"class_list":{"0":"post-95792","1":"product","2":"type-product","3":"status-publish","4":"has-post-thumbnail","6":"product_cat-pantallas-monitores-monitores-pantallas-y-mobiliario","7":"product_tag-monitores-pantallas-y-mobiliario","8":"product_tag-pantallas-monitores-2","9":"product_tag-samsung-electronics","11":"first","12":"outofstock","13":"sale","14":"shipping-taxable","15":"purchasable","16":"product-type-simple"},"_links":{"self":[{"href":"https:\/\/soydeaqui.ddns.net\/pachuca\/index.php\/wp-json\/wp\/v2\/product\/95792","targetHints":{"allow":["GET"]}}],"collection":[{"href":"https:\/\/soydeaqui.ddns.net\/pachuca\/index.php\/wp-json\/wp\/v2\/product"}],"about":[{"href":"https:\/\/soydeaqui.ddns.net\/pachuca\/index.php\/wp-json\/wp\/v2\/types\/product"}],"replies":[{"embeddable":true,"href":"https:\/\/soydeaqui.ddns.net\/pachuca\/index.php\/wp-json\/wp\/v2\/comments?post=95792"}],"wp:featuredmedia":[{"embeddable":true,"href":"https:\/\/soydeaqui.ddns.net\/pachuca\/index.php\/wp-json\/wp\/v2\/media\/95791"}],"wp:attachment":[{"href":"https:\/\/soydeaqui.ddns.net\/pachuca\/index.php\/wp-json\/wp\/v2\/media?parent=95792"}],"wp:term":[{"taxonomy":"product_brand","embeddable":true,"href":"https:\/\/soydeaqui.ddns.net\/pachuca\/index.php\/wp-json\/wp\/v2\/product_brand?post=95792"},{"taxonomy":"product_cat","embeddable":true,"href":"https:\/\/soydeaqui.ddns.net\/pachuca\/index.php\/wp-json\/wp\/v2\/product_cat?post=95792"},{"taxonomy":"product_tag","embeddable":true,"href":"https:\/\/soydeaqui.ddns.net\/pachuca\/index.php\/wp-json\/wp\/v2\/product_tag?post=95792"}],"curies":[{"name":"wp","href":"https:\/\/api.w.org\/{rel}","templated":true}]}}