{"id":95762,"date":"2026-03-20T07:43:04","date_gmt":"2026-03-20T07:43:04","guid":{"rendered":"https:\/\/soydeaqui.ddns.net\/pachuca\/index.php\/producto\/mouse-inalambrico-2-4g-800-1200-1600-2400-dpi-funcion-de-3-botones-alcance-10m-silencioso-ergonomico-anti-caida-y-anti-interferencias-bateria-alcalina-aa-incluida-midnight-blue\/"},"modified":"2026-03-20T07:43:23","modified_gmt":"2026-03-20T07:43:23","slug":"mouse-inalambrico-2-4g-800-1200-1600-2400-dpi-funcion-de-3-botones-alcance-10m-silencioso-ergonomico-anti-caida-y-anti-interferencias-bateria-alcalina-aa-incluida-midnight-blue","status":"publish","type":"product","link":"https:\/\/soydeaqui.ddns.net\/pachuca\/index.php\/producto\/mouse-inalambrico-2-4g-800-1200-1600-2400-dpi-funcion-de-3-botones-alcance-10m-silencioso-ergonomico-anti-caida-y-anti-interferencias-bateria-alcalina-aa-incluida-midnight-blue\/","title":{"rendered":"Mouse Inal\u00e1mbrico 2.4G 800\/1200\/1600\/2400 DPI | Funci\u00f3n de 3 botones | Alcance 10m | Silencioso |  Ergon\u00f3mico | Anti-ca\u00edda y Anti-interferencias | Bater\u00eda Alcalina AA incluida  | Midnight Blue."},"content":{"rendered":"<div style='width: 100%; max-width: 1200px; margin: 0 auto; font-family: sans-serif; line-height: 1.6; color: inherit; background-color: transparent;'> <!-- Im\u00e1genes --> <\/p>\n<div style='display: flex; flex-wrap: wrap; gap: 15px; margin-bottom: 30px;'>\n<div style='flex: 1 1 300px; min-width: 280px;'> <img style='width: 100%; height: auto; border: 1px solid rgba(150&comma;150&comma;150&comma;0.3); border-radius: 8px;' src='http:\/\/ftp3.syscom.mx\/usuarios\/hallende\/UGREEN2\/Mouse\/90550\/90550-1.jpg' alt=''> <\/div>\n<div style='flex: 1 1 300px; min-width: 280px;'> <img style='width: 100%; height: auto; border: 1px solid rgba(150&comma;150&comma;150&comma;0.3); border-radius: 8px;' src='http:\/\/ftp3.syscom.mx\/usuarios\/hallende\/UGREEN2\/Mouse\/90550\/90550-2.jpg' alt=''> <\/div>\n<div style='flex: 1 1 300px; min-width: 280px;'> <img style='width: 100%; height: auto; border: 1px solid rgba(150&comma;150&comma;150&comma;0.3); border-radius: 8px;' src='http:\/\/ftp3.syscom.mx\/usuarios\/hallende\/UGREEN2\/Mouse\/90550\/90550-3.jpg' alt=''> <\/div>\n<div style='flex: 1 1 300px; min-width: 280px;'> <img style='width: 100%; height: auto; border: 1px solid rgba(150&comma;150&comma;150&comma;0.3); border-radius: 8px;' src='http:\/\/ftp3.syscom.mx\/usuarios\/hallende\/UGREEN2\/Mouse\/90550\/90550-4.jpg' alt=''> <\/div>\n<\/p><\/div>\n<p> <!-- Caracter\u00edsticas principales --> <\/p>\n<div style='margin-bottom: 30px;'>\n<h3 style='font-size: 22px; border-bottom: 2px solid currentColor; padding-bottom: 5px; margin-top: 0; color: inherit; opacity: 0.8;'>Caracter\u00edsticas Principales<\/h3>\n<ul style='padding-left: 20px; font-size: 15px; color: inherit;'>\n<li style='margin-bottom: 5px;'>Dise\u00f1o ergon\u00f3mico con contornos suaves y redondeados que se ajustan al arco de la palma de la mano<\/li>\n<li style='margin-bottom: 5px;'>Experiencia de control suave y fluida<\/li>\n<li style='margin-bottom: 5px;'>Compatibilidad multiplataforma: Windows&comma; macOS&comma; Linux&comma; Chrome OS y Android<\/li>\n<\/ul><\/div>\n<p> <!-- Especificaciones t\u00e9cnicas --> <\/p>\n<div style='display: flex; flex-wrap: wrap; gap: 20px; margin-bottom: 30px;'>\n<div style='flex: 1 1 250px; border: 1px solid rgba(150&comma; 150&comma; 150&comma; 0.4); border-radius: 8px; overflow: hidden; display: flex; flex-direction: column;'>\n<div style='padding: 15px; border-bottom: 1px solid rgba(150&comma; 150&comma; 150&comma; 0.2); font-weight: bold; font-size: 18px; color: inherit;'>Especificaciones T\u00e9cnicas<\/div>\n<div style='padding: 15px; color: inherit;'>\n<ul style='padding-left: 20px; margin: 0; font-size: 14px; list-style-type: disc;'>\n<li style='margin-bottom: 5px;'><strong>Conectividad:<\/strong> Inal\u00e1mbrico 2.4 GHz<\/li>\n<li style='margin-bottom: 5px;'><strong>Alcance:<\/strong> 10 m \/ 32.8 pies<\/li>\n<li style='margin-bottom: 5px;'><strong>Resoluci\u00f3n DPI:<\/strong> 800\/1200\/1600\/2400 DPI<\/li>\n<li style='margin-bottom: 5px;'><strong>Botones:<\/strong> 3 botones (incluye bot\u00f3n de silencio)<\/li>\n<li style='margin-bottom: 5px;'><strong>Vida \u00fatil bot\u00f3n:<\/strong> 3 millones de ciclos<\/li>\n<li style='margin-bottom: 5px;'><strong>Vida \u00fatil codificador:<\/strong> 300&comma;000 ciclos<\/li>\n<\/ul><\/div>\n<\/p><\/div>\n<div style='flex: 1 1 250px; border: 1px solid rgba(150&comma; 150&comma; 150&comma; 0.4); border-radius: 8px; overflow: hidden; display: flex; flex-direction: column;'>\n<div style='padding: 15px; border-bottom: 1px solid rgba(150&comma; 150&comma; 150&comma; 0.2); font-weight: bold; font-size: 18px; color: inherit;'>Especificaciones Adicionales<\/div>\n<div style='padding: 15px; color: inherit;'>\n<ul style='padding-left: 20px; margin: 0; font-size: 14px; list-style-type: disc;'>\n<li style='margin-bottom: 5px;'><strong>Voltaje:<\/strong> 1.5 V<\/li>\n<li style='margin-bottom: 5px;'><strong>Corriente:<\/strong> 10 mA<\/li>\n<li style='margin-bottom: 5px;'><strong>Frecuencia:<\/strong> 250 Hz<\/li>\n<li style='margin-bottom: 5px;'><strong>Temperatura operaci\u00f3n:<\/strong> -5\u00b0C a 40\u00b0C (23\u00b0F a 104\u00b0F)<\/li>\n<li style='margin-bottom: 5px;'><strong>Temperatura almacenamiento:<\/strong> -10\u00b0C a 60\u00b0C (14\u00b0F a 140\u00b0F)<\/li>\n<li style='margin-bottom: 5px;'><strong>Dimensiones:<\/strong> 25 x 12 x 4 cm<\/li>\n<li style='margin-bottom: 5px;'><strong>Peso:<\/strong> 248 gramos<\/li>\n<\/ul><\/div>\n<\/p><\/div>\n<\/p><\/div>\n<p> <!-- Compatibilidad --> <\/p>\n<div style='margin-bottom: 30px;'>\n<h3 style='font-size: 22px; border-bottom: 2px solid currentColor; padding-bottom: 5px; margin-top: 0; color: inherit; opacity: 0.8;'>Sistemas Compatibles<\/h3>\n<ul style='padding-left: 20px; font-size: 15px; color: inherit;'>\n<li style='margin-bottom: 5px;'>Windows 7\/8.1\/10\/11<\/li>\n<li style='margin-bottom: 5px;'>macOS 10.5 o posterior<\/li>\n<li style='margin-bottom: 5px;'>Linux<\/li>\n<li style='margin-bottom: 5px;'>Chrome OS<\/li>\n<li style='margin-bottom: 5px;'>Android<\/li>\n<\/ul><\/div>\n<p> <!-- Caracter\u00edsticas adicionales --> <\/p>\n<div style='margin-bottom: 30px;'>\n<h3 style='font-size: 22px; border-bottom: 2px solid currentColor; padding-bottom: 5px; margin-top: 0; color: inherit; opacity: 0.8;'>Caracter\u00edsticas Adicionales<\/h3>\n<ul style='padding-left: 20px; font-size: 15px; color: inherit;'>\n<li style='margin-bottom: 5px;'>Dise\u00f1o silencioso con botones y codificador especialmente dise\u00f1ados para minimizar el ruido<\/li>\n<li style='margin-bottom: 5px;'>Material resistente a ca\u00eddas y anti-interferencias<\/li>\n<li style='margin-bottom: 5px;'>Incluye bater\u00eda alcalina AA<\/li>\n<\/ul><\/div>\n<p> <!-- Separador final --> <\/p>\n<hr style='border: 0; border-top: 1px solid rgba(150&comma; 150&comma; 150&comma; 0.3); margin: 30px 0;'> <\/div>\n","protected":false},"excerpt":{"rendered":"<p>Mouse Inal\u00e1mbrico 2.4G 800\/1200\/1600\/2400 DPI | Funci\u00f3n de 3 botones | Alcance 10m | Silencioso |  Ergon\u00f3mico | Anti-ca\u00edda y Anti-interferencias | Bater\u00eda Alcalina AA incluida  | Midnight Blue.<\/p>\n","protected":false},"featured_media":95761,"comment_status":"open","ping_status":"closed","template":"","meta":[],"product_brand":[],"product_cat":[1235],"product_tag":[417,1236,650],"class_list":{"0":"post-95762","1":"product","2":"type-product","3":"status-publish","4":"has-post-thumbnail","6":"product_cat-accesorios-para-computadora-y-smartphones","7":"product_tag-accesorios-generales","8":"product_tag-accesorios-para-computadora-y-smartphones","9":"product_tag-ugreen","11":"first","12":"instock","13":"sale","14":"shipping-taxable","15":"purchasable","16":"product-type-simple"},"_links":{"self":[{"href":"https:\/\/soydeaqui.ddns.net\/pachuca\/index.php\/wp-json\/wp\/v2\/product\/95762","targetHints":{"allow":["GET"]}}],"collection":[{"href":"https:\/\/soydeaqui.ddns.net\/pachuca\/index.php\/wp-json\/wp\/v2\/product"}],"about":[{"href":"https:\/\/soydeaqui.ddns.net\/pachuca\/index.php\/wp-json\/wp\/v2\/types\/product"}],"replies":[{"embeddable":true,"href":"https:\/\/soydeaqui.ddns.net\/pachuca\/index.php\/wp-json\/wp\/v2\/comments?post=95762"}],"wp:featuredmedia":[{"embeddable":true,"href":"https:\/\/soydeaqui.ddns.net\/pachuca\/index.php\/wp-json\/wp\/v2\/media\/95761"}],"wp:attachment":[{"href":"https:\/\/soydeaqui.ddns.net\/pachuca\/index.php\/wp-json\/wp\/v2\/media?parent=95762"}],"wp:term":[{"taxonomy":"product_brand","embeddable":true,"href":"https:\/\/soydeaqui.ddns.net\/pachuca\/index.php\/wp-json\/wp\/v2\/product_brand?post=95762"},{"taxonomy":"product_cat","embeddable":true,"href":"https:\/\/soydeaqui.ddns.net\/pachuca\/index.php\/wp-json\/wp\/v2\/product_cat?post=95762"},{"taxonomy":"product_tag","embeddable":true,"href":"https:\/\/soydeaqui.ddns.net\/pachuca\/index.php\/wp-json\/wp\/v2\/product_tag?post=95762"}],"curies":[{"name":"wp","href":"https:\/\/api.w.org\/{rel}","templated":true}]}}