{"id":95759,"date":"2026-03-20T07:42:56","date_gmt":"2026-03-20T07:42:56","guid":{"rendered":"https:\/\/soydeaqui.ddns.net\/pachuca\/index.php\/producto\/base-para-kiosco-inteligente-samsung-necesario-para-pantalla-km24a-o-km24c\/"},"modified":"2026-03-20T07:43:01","modified_gmt":"2026-03-20T07:43:01","slug":"base-para-kiosco-inteligente-samsung-necesario-para-pantalla-km24a-o-km24c","status":"publish","type":"product","link":"https:\/\/soydeaqui.ddns.net\/pachuca\/index.php\/producto\/base-para-kiosco-inteligente-samsung-necesario-para-pantalla-km24a-o-km24c\/","title":{"rendered":"Base para Kiosco Inteligente Samsung necesario para pantalla KM24A o KM24C"},"content":{"rendered":"<div style='width: 100%; max-width: 1200px; margin: 0 auto; font-family: sans-serif; line-height: 1.6; color: inherit; background-color: transparent;'>\n<h3 style='font-size: 22px; border-bottom: 2px solid currentColor; padding-bottom: 5px; margin-top: 0; color: inherit; opacity: 0.8;'><strong>Base para Kiosco inteligente KM24A\/C<\/strong><\/h3>\n<div style='display: flex; flex-wrap: wrap; gap: 30px; margin-bottom: 30px;'>\n<div style='flex: 1 1 300px; min-width: 280px;'>\n<div style='border-left: 5px solid #0411FA; border-radius: 5px; padding: 15px; background-color: rgba(255&comma; 255&comma; 255&comma; 0.05);'>\n<h4 style='margin-top: 0; margin-bottom: 15px; font-size: 18px; color: inherit; opacity: 0.9;'><strong>Caracter\u00edsticas principales:<\/strong><\/h4>\n<ul style='padding-left: 20px; font-size: 15px; color: inherit;'>\n<li style='margin-bottom: 10px;'>Impresora de recibos: Tipo T\u00e9rmica<\/li>\n<li style='margin-bottom: 10px;'>Incluye c\u00e1mara configurable como lector QR.<\/li>\n<li style='margin-bottom: 10px;'>Compatible con terminal bancaria: (No incluida)<\/li>\n<\/ul><\/div>\n<\/p><\/div>\n<div style='flex: 1 1 300px; min-width: 280px;'>\n<div style='border-left: 5px solid #0411FA; border-radius: 5px; padding: 15px; background-color: rgba(255&comma; 255&comma; 255&comma; 0.05);'>\n<h4 style='margin-top: 0; margin-bottom: 15px; font-size: 18px; color: inherit; opacity: 0.9;'><strong>Conectividad:<\/strong><\/h4>\n<ul style='padding-left: 20px; font-size: 15px; color: inherit;'>\n<li style='margin-bottom: 10px;'>Puerto de conexi\u00f3n: Conector de 44 pines<\/li>\n<li style='margin-bottom: 10px;'>Entrada y Salida: 3 puertos USB<\/li>\n<li style='margin-bottom: 10px;'>Control Externo: 3 x RS232C&comma; 1 x RJ45 (Terminal EFT)<\/li>\n<\/ul><\/div>\n<\/p><\/div>\n<div style='flex: 1 1 300px; min-width: 280px;'>\n<div style='border-left: 5px solid #0411FA; border-radius: 5px; padding: 15px; background-color: rgba(255&comma; 255&comma; 255&comma; 0.05);'>\n<h4 style='margin-top: 0; margin-bottom: 15px; font-size: 18px; color: inherit; opacity: 0.9;'><strong>Caracter\u00edsticas f\u00edsicas y el\u00e9ctricas:<\/strong><\/h4>\n<ul style='padding-left: 20px; font-size: 15px; color: inherit;'>\n<li style='margin-bottom: 10px;'>Temperatura de operaci\u00f3n: 0 a 40 \u00b0C<\/li>\n<li style='margin-bottom: 10px;'>Alimentaci\u00f3n: 100-240 Vca&comma; 25W.<\/li>\n<li style='margin-bottom: 10px;'>Dimensiones: 334.4 x 733 x 236.5 mm.<\/li>\n<li style='margin-bottom: 10px;'>Peso: 12.5 Kg.<\/li>\n<li style='margin-bottom: 10px;'>No incluye pantalla&comma; se cotiza por separado KM24A \/ KM24C<\/li>\n<\/ul><\/div>\n<\/p><\/div>\n<\/p><\/div>\n<div style='margin-top: 25px; padding: 15px; border-left: 5px solid #e74c3c; background-color: rgba(231&comma; 76&comma; 60&comma; 0.05);'>\n<p style='margin: 0; font-weight: bold; color: #e74c3c;'><strong>Nota importante:<\/strong><\/p>\n<p style='margin: 5px 0 0 0; color: inherit;'>La pantalla que se utiliza para el Kiosco es independiente&comma; se cotiza por separado KM24A o KM24C<\/p>\n<\/p><\/div>\n<\/p><\/div>\n","protected":false},"excerpt":{"rendered":"<p>Base para Kiosco Inteligente Samsung necesario para pantalla KM24A o KM24C<\/p>\n","protected":false},"featured_media":95758,"comment_status":"open","ping_status":"closed","template":"","meta":[],"product_brand":[],"product_cat":[2115],"product_tag":[93,2089,2193],"class_list":{"0":"post-95759","1":"product","2":"type-product","3":"status-publish","4":"has-post-thumbnail","6":"product_cat-accesorios-monitores-pantallas-y-mobiliario","7":"product_tag-accesorios","8":"product_tag-monitores-pantallas-y-mobiliario","9":"product_tag-samsung-electronics","11":"first","12":"outofstock","13":"sale","14":"shipping-taxable","15":"purchasable","16":"product-type-simple"},"_links":{"self":[{"href":"https:\/\/soydeaqui.ddns.net\/pachuca\/index.php\/wp-json\/wp\/v2\/product\/95759","targetHints":{"allow":["GET"]}}],"collection":[{"href":"https:\/\/soydeaqui.ddns.net\/pachuca\/index.php\/wp-json\/wp\/v2\/product"}],"about":[{"href":"https:\/\/soydeaqui.ddns.net\/pachuca\/index.php\/wp-json\/wp\/v2\/types\/product"}],"replies":[{"embeddable":true,"href":"https:\/\/soydeaqui.ddns.net\/pachuca\/index.php\/wp-json\/wp\/v2\/comments?post=95759"}],"wp:featuredmedia":[{"embeddable":true,"href":"https:\/\/soydeaqui.ddns.net\/pachuca\/index.php\/wp-json\/wp\/v2\/media\/95758"}],"wp:attachment":[{"href":"https:\/\/soydeaqui.ddns.net\/pachuca\/index.php\/wp-json\/wp\/v2\/media?parent=95759"}],"wp:term":[{"taxonomy":"product_brand","embeddable":true,"href":"https:\/\/soydeaqui.ddns.net\/pachuca\/index.php\/wp-json\/wp\/v2\/product_brand?post=95759"},{"taxonomy":"product_cat","embeddable":true,"href":"https:\/\/soydeaqui.ddns.net\/pachuca\/index.php\/wp-json\/wp\/v2\/product_cat?post=95759"},{"taxonomy":"product_tag","embeddable":true,"href":"https:\/\/soydeaqui.ddns.net\/pachuca\/index.php\/wp-json\/wp\/v2\/product_tag?post=95759"}],"curies":[{"name":"wp","href":"https:\/\/api.w.org\/{rel}","templated":true}]}}